{"id":3507,"date":"2015-01-06T11:28:26","date_gmt":"2015-01-06T11:28:26","guid":{"rendered":"https:\/\/www.dutchpedelectours.com\/?page_id=3507"},"modified":"2020-06-18T21:40:45","modified_gmt":"2020-06-18T19:40:45","slug":"beverwijk","status":"publish","type":"page","link":"https:\/\/www.dutchpedelectours.com\/de\/bereich\/beverwijk\/","title":{"rendered":"Beverwijk"},"content":{"rendered":"\n<figure class=\"wp-block-image size-large\"><img fetchpriority=\"high\" decoding=\"async\" width=\"550\" height=\"412\" src=\"https:\/\/www.dutchpedelectours.com\/wp-content\/uploads\/2014\/09\/getlstd-property-photo.jpg\" alt=\"beverwijk fahrradverleih\" class=\"wp-image-3267\" srcset=\"https:\/\/www.dutchpedelectours.com\/wp-content\/uploads\/2014\/09\/getlstd-property-photo.jpg 550w, https:\/\/www.dutchpedelectours.com\/wp-content\/uploads\/2014\/09\/getlstd-property-photo-300x224.jpg 300w\" sizes=\"(max-width: 550px) 100vw, 550px\" \/><\/figure>\n\n\n\n<p>Die Gemeinde Beverwijk liegt im Norden von IJmond. Dieses vielseitige Viertel ist ein idealer Ort f\u00fcr Radtouren an die K\u00fcste. Aber auch f\u00fcr die Schleusen von IJmuiden, durch die Noord-IJmond, Kennemerduinen oder die Zaanstreek. Ihre Fahrr\u00e4der k\u00f6nnen am Bahnhof geliefert und abgeholt werden. Von hier aus k\u00f6nnen Sie Ihre eigene Route bestimmen, wohin Sie m\u00f6chten.<\/p>\n\n\n\n<p>Beverwijk ist f\u00fcr den Basar, der gr\u00f6\u00dfte Innenmarkt von Europa weithin bekannt. Die Stadtr\u00e4nde von Beverwijk sind l\u00e4ndlich und Ideal f\u00fcr einen Fahrradausflug.<\/p>\n\n\n\n<p>Bitten Sie uns um die speziellen Wege oder \u00fcberpr\u00fcfen Sie <a href=\"https:\/\/www.dutchpedelectours.com\/de\/?p=3798\">diese Seite<\/a> uber ein Fahrrad mieten in Beverwijk.<\/p>\n\n\n\n<figure class=\"wp-block-image\"><a href=\"https:\/\/www.tripadvisor.de\/\" target=\"_blank\" rel=\"noreferrer noopener\"><img decoding=\"async\" data-src=\"https:\/\/www.tripadvisor.de\/img\/cdsi\/img2\/sprites\/cdsWdgtV8-13344-2.png\" alt=\"TripAdvisor\" src=\"data:image\/svg+xml;base64,PHN2ZyB3aWR0aD0iMSIgaGVpZ2h0PSIxIiB4bWxucz0iaHR0cDovL3d3dy53My5vcmcvMjAwMC9zdmciPjwvc3ZnPg==\" class=\"lazyload\" \/><\/a><\/figure>\n\n\n\n<div class=\"wp-block-yoast-seo-local-address\"><div id=\"wpseo_location-\" class=\"wpseo-location\"><h3><span class=\"wpseo-business-name\">Dutch Pedelec Tours<\/span><\/h3><div class=\"wpseo-address-wrapper\"><div class=\"street-address\">Flevoland 11<\/div><span class=\"postal-code\">1948RH<\/span><span class=\"locality\"> Beverwijk<\/span>, <span  class=\"region\">Noord-Holland<\/span><\/div><span class=\"wpseo-phone\">Telefon: <a href=\"tel:+310621591870\" class=\"tel\"><span>+31 (0)621591870<\/span><\/a><\/span><br\/><span class=\"wpseo-email\">E-Mail: <a href=\"mailto:&#105;&#110;&#102;&#111;&#064;d&#117;tchpede&#108;&#101;&#099;&#116;our&#115;&#046;com\">&#105;n&#102;o&#64;dut&#99;hped&#101;lecto&#117;&#114;&#115;.&#99;&#111;m<\/a><\/span><br\/><\/div><\/div>\n\n\n\n<div class=\"wp-block-yoast-seo-local-map\"><div id=\"map_canvas\" class=\"wpseo-map-canvas\" style=\"max-width: 100%; width: 400px; height: 300px;\"><ul><li><a href=\"https:\/\/www.dutchpedelectours.com\/\">Dutch Pedelec Tours<\/a><\/li><\/ul><\/div><\/div>\n","protected":false},"excerpt":{"rendered":"<p>Die Gemeinde Beverwijk liegt im Norden von IJmond. Dieses vielseitige Viertel ist ein idealer Ort f\u00fcr Radtouren an die K\u00fcste.<\/p>\n<div class=\"read-button read_more_btn_text\"><a class=\"read_more\" href=\"https:\/\/www.dutchpedelectours.com\/de\/bereich\/beverwijk\/\">Read more<span class=\"arrow_readm\"> &#x25BA;<\/span><\/a><\/div>\n","protected":false},"author":3,"featured_media":0,"parent":3470,"menu_order":0,"comment_status":"closed","ping_status":"open","template":"","meta":{"footnotes":""},"class_list":["post-3507","page","type-page","status-publish","hentry"],"yoast_head":"<!-- This site is optimized with the Yoast SEO Premium plugin v27.4 (Yoast SEO v27.4) - https:\/\/yoast.com\/product\/yoast-seo-premium-wordpress\/ -->\n<title>beverwijk fahrradverleih - Dutch Pedelec Tours<\/title>\n<meta name=\"description\" content=\"Pedelec fahrradverleih in Beverwijk, Dieser Vielzweckstadtbezirk ist eine ideale Ort f\u00fcr Fahrradexkursionen zur K\u00fcste. Pedelec mieten in Beverwijk\" \/>\n<meta name=\"robots\" content=\"index, follow, max-snippet:-1, max-image-preview:large, max-video-preview:-1\" \/>\n<link rel=\"canonical\" href=\"https:\/\/www.dutchpedelectours.com\/de\/bereich\/beverwijk\/\" \/>\n<meta property=\"og:locale\" content=\"de_DE\" \/>\n<meta property=\"og:type\" content=\"article\" \/>\n<meta property=\"og:title\" content=\"Beverwijk\" \/>\n<meta property=\"og:description\" content=\"Pedelec fahrradverleih in Beverwijk, Dieser Vielzweckstadtbezirk ist eine ideale Ort f\u00fcr Fahrradexkursionen zur K\u00fcste. Pedelec mieten in Beverwijk\" \/>\n<meta property=\"og:url\" content=\"https:\/\/www.dutchpedelectours.com\/de\/bereich\/beverwijk\/\" \/>\n<meta property=\"og:site_name\" content=\"Dutch Pedelec Tours\" \/>\n<meta property=\"article:publisher\" content=\"https:\/\/www.facebook.com\/dutchpedelec\" \/>\n<meta property=\"article:modified_time\" content=\"2020-06-18T19:40:45+00:00\" \/>\n<meta property=\"og:image\" content=\"https:\/\/www.dutchpedelectours.com\/wp-content\/uploads\/2014\/09\/getlstd-property-photo.jpg\" \/>\n<meta name=\"twitter:card\" content=\"summary_large_image\" \/>\n<meta name=\"twitter:site\" content=\"@dutchpedelec\" \/>\n<meta name=\"twitter:label1\" content=\"Gesch\u00e4tzte Lesezeit\" \/>\n\t<meta name=\"twitter:data1\" content=\"1 minute\" \/>\n<script type=\"application\/ld+json\" class=\"yoast-schema-graph\">{\"@context\":\"https:\\\/\\\/schema.org\",\"@graph\":[{\"@type\":\"WebPage\",\"@id\":\"https:\\\/\\\/www.dutchpedelectours.com\\\/de\\\/bereich\\\/beverwijk\\\/\",\"url\":\"https:\\\/\\\/www.dutchpedelectours.com\\\/de\\\/bereich\\\/beverwijk\\\/\",\"name\":\"beverwijk fahrradverleih - Dutch Pedelec Tours\",\"isPartOf\":{\"@id\":\"https:\\\/\\\/www.dutchpedelectours.com\\\/de\\\/#website\"},\"primaryImageOfPage\":{\"@id\":\"https:\\\/\\\/www.dutchpedelectours.com\\\/de\\\/bereich\\\/beverwijk\\\/#primaryimage\"},\"image\":{\"@id\":\"https:\\\/\\\/www.dutchpedelectours.com\\\/de\\\/bereich\\\/beverwijk\\\/#primaryimage\"},\"thumbnailUrl\":\"https:\\\/\\\/www.dutchpedelectours.com\\\/wp-content\\\/uploads\\\/2014\\\/09\\\/getlstd-property-photo.jpg\",\"datePublished\":\"2015-01-06T11:28:26+00:00\",\"dateModified\":\"2020-06-18T19:40:45+00:00\",\"description\":\"Pedelec fahrradverleih in Beverwijk, Dieser Vielzweckstadtbezirk ist eine ideale Ort f\u00fcr Fahrradexkursionen zur K\u00fcste. Pedelec mieten in Beverwijk\",\"breadcrumb\":{\"@id\":\"https:\\\/\\\/www.dutchpedelectours.com\\\/de\\\/bereich\\\/beverwijk\\\/#breadcrumb\"},\"inLanguage\":\"de-DE\",\"potentialAction\":[{\"@type\":\"ReadAction\",\"target\":[\"https:\\\/\\\/www.dutchpedelectours.com\\\/de\\\/bereich\\\/beverwijk\\\/\"]}]},{\"@type\":\"ImageObject\",\"inLanguage\":\"de-DE\",\"@id\":\"https:\\\/\\\/www.dutchpedelectours.com\\\/de\\\/bereich\\\/beverwijk\\\/#primaryimage\",\"url\":\"https:\\\/\\\/www.dutchpedelectours.com\\\/wp-content\\\/uploads\\\/2014\\\/09\\\/getlstd-property-photo.jpg\",\"contentUrl\":\"https:\\\/\\\/www.dutchpedelectours.com\\\/wp-content\\\/uploads\\\/2014\\\/09\\\/getlstd-property-photo.jpg\"},{\"@type\":\"BreadcrumbList\",\"@id\":\"https:\\\/\\\/www.dutchpedelectours.com\\\/de\\\/bereich\\\/beverwijk\\\/#breadcrumb\",\"itemListElement\":[{\"@type\":\"ListItem\",\"position\":1,\"name\":\"Home\",\"item\":\"https:\\\/\\\/www.dutchpedelectours.com\\\/de\\\/\"},{\"@type\":\"ListItem\",\"position\":2,\"name\":\"Bereich\",\"item\":\"https:\\\/\\\/www.dutchpedelectours.com\\\/de\\\/bereich\\\/\"},{\"@type\":\"ListItem\",\"position\":3,\"name\":\"Beverwijk\"}]},{\"@type\":\"WebSite\",\"@id\":\"https:\\\/\\\/www.dutchpedelectours.com\\\/de\\\/#website\",\"url\":\"https:\\\/\\\/www.dutchpedelectours.com\\\/de\\\/\",\"name\":\"Dutch Pedelec Tours\",\"description\":\"Pedelec rental in IJmuiden and Haarlem, E-bike fietsverhuur in omgeving van IJmuiden, Elektrofahrradverleih in IJmuiden und Haarlem\",\"publisher\":{\"@id\":\"https:\\\/\\\/www.dutchpedelectours.com\\\/de\\\/#organization\"},\"potentialAction\":[{\"@type\":\"SearchAction\",\"target\":{\"@type\":\"EntryPoint\",\"urlTemplate\":\"https:\\\/\\\/www.dutchpedelectours.com\\\/de\\\/?s={search_term_string}\"},\"query-input\":{\"@type\":\"PropertyValueSpecification\",\"valueRequired\":true,\"valueName\":\"search_term_string\"}}],\"inLanguage\":\"de-DE\"},{\"@type\":[\"Organization\",\"Place\",\"TravelAgency\"],\"@id\":\"https:\\\/\\\/www.dutchpedelectours.com\\\/de\\\/#organization\",\"name\":\"Dutch Pedelec Tours\",\"url\":\"https:\\\/\\\/www.dutchpedelectours.com\\\/de\\\/\",\"logo\":{\"@id\":\"https:\\\/\\\/www.dutchpedelectours.com\\\/de\\\/bereich\\\/beverwijk\\\/#local-main-organization-logo\"},\"image\":{\"@id\":\"https:\\\/\\\/www.dutchpedelectours.com\\\/de\\\/bereich\\\/beverwijk\\\/#local-main-organization-logo\"},\"sameAs\":[\"https:\\\/\\\/www.facebook.com\\\/dutchpedelec\",\"https:\\\/\\\/x.com\\\/dutchpedelec\",\"https:\\\/\\\/www.instagram.com\\\/dutchpedelec\\\/\",\"https:\\\/\\\/www.pinterest.com\\\/dutchpedelec\\\/\"],\"address\":{\"@id\":\"https:\\\/\\\/www.dutchpedelectours.com\\\/de\\\/bereich\\\/beverwijk\\\/#local-main-place-address\"},\"geo\":{\"@type\":\"GeoCoordinates\",\"latitude\":\"52.473070\",\"longitude\":\"4.674476\"},\"telephone\":[\"+31 (0)621591870\"],\"openingHoursSpecification\":[{\"@type\":\"OpeningHoursSpecification\",\"dayOfWeek\":[\"Monday\",\"Tuesday\",\"Wednesday\",\"Thursday\",\"Friday\",\"Saturday\",\"Sunday\"],\"opens\":\"09:00\",\"closes\":\"18:00\"}],\"email\":\"info@dutchpedelectours.com\",\"areaServed\":\"the Netherlands\",\"vatID\":\"NL001509724B26\",\"priceRange\":\"$$\",\"currenciesAccepted\":\"Euros\",\"paymentAccepted\":\"cash, creditcard, debetcard\"},{\"@type\":\"PostalAddress\",\"@id\":\"https:\\\/\\\/www.dutchpedelectours.com\\\/de\\\/bereich\\\/beverwijk\\\/#local-main-place-address\",\"streetAddress\":\"Flevoland 11\",\"addressLocality\":\"Beverwijk\",\"postalCode\":\"1948RH\",\"addressRegion\":\"Noord-Holland\",\"addressCountry\":\"NL\"},{\"@type\":\"ImageObject\",\"inLanguage\":\"de-DE\",\"@id\":\"https:\\\/\\\/www.dutchpedelectours.com\\\/de\\\/bereich\\\/beverwijk\\\/#local-main-organization-logo\",\"url\":\"https:\\\/\\\/www.dutchpedelectours.com\\\/wp-content\\\/uploads\\\/2015\\\/03\\\/DPT-FACEBOOK-WIT.jpg\",\"contentUrl\":\"https:\\\/\\\/www.dutchpedelectours.com\\\/wp-content\\\/uploads\\\/2015\\\/03\\\/DPT-FACEBOOK-WIT.jpg\",\"width\":180,\"height\":180,\"caption\":\"Dutch Pedelec Tours\"}]}<\/script>\n<meta name=\"geo.placename\" content=\"Beverwijk\" \/>\n<meta name=\"geo.position\" content=\"52.473070;4.674476\" \/>\n<meta name=\"geo.region\" content=\"Niederlande\" \/>\n<!-- \/ Yoast SEO Premium plugin. -->","yoast_head_json":{"title":"beverwijk fahrradverleih - Dutch Pedelec Tours","description":"Pedelec fahrradverleih in Beverwijk, Dieser Vielzweckstadtbezirk ist eine ideale Ort f\u00fcr Fahrradexkursionen zur K\u00fcste. Pedelec mieten in Beverwijk","robots":{"index":"index","follow":"follow","max-snippet":"max-snippet:-1","max-image-preview":"max-image-preview:large","max-video-preview":"max-video-preview:-1"},"canonical":"https:\/\/www.dutchpedelectours.com\/de\/bereich\/beverwijk\/","og_locale":"de_DE","og_type":"article","og_title":"Beverwijk","og_description":"Pedelec fahrradverleih in Beverwijk, Dieser Vielzweckstadtbezirk ist eine ideale Ort f\u00fcr Fahrradexkursionen zur K\u00fcste. Pedelec mieten in Beverwijk","og_url":"https:\/\/www.dutchpedelectours.com\/de\/bereich\/beverwijk\/","og_site_name":"Dutch Pedelec Tours","article_publisher":"https:\/\/www.facebook.com\/dutchpedelec","article_modified_time":"2020-06-18T19:40:45+00:00","og_image":[{"url":"https:\/\/www.dutchpedelectours.com\/wp-content\/uploads\/2014\/09\/getlstd-property-photo.jpg","type":"","width":"","height":""}],"twitter_card":"summary_large_image","twitter_site":"@dutchpedelec","twitter_misc":{"Gesch\u00e4tzte Lesezeit":"1 minute"},"schema":{"@context":"https:\/\/schema.org","@graph":[{"@type":"WebPage","@id":"https:\/\/www.dutchpedelectours.com\/de\/bereich\/beverwijk\/","url":"https:\/\/www.dutchpedelectours.com\/de\/bereich\/beverwijk\/","name":"beverwijk fahrradverleih - Dutch Pedelec Tours","isPartOf":{"@id":"https:\/\/www.dutchpedelectours.com\/de\/#website"},"primaryImageOfPage":{"@id":"https:\/\/www.dutchpedelectours.com\/de\/bereich\/beverwijk\/#primaryimage"},"image":{"@id":"https:\/\/www.dutchpedelectours.com\/de\/bereich\/beverwijk\/#primaryimage"},"thumbnailUrl":"https:\/\/www.dutchpedelectours.com\/wp-content\/uploads\/2014\/09\/getlstd-property-photo.jpg","datePublished":"2015-01-06T11:28:26+00:00","dateModified":"2020-06-18T19:40:45+00:00","description":"Pedelec fahrradverleih in Beverwijk, Dieser Vielzweckstadtbezirk ist eine ideale Ort f\u00fcr Fahrradexkursionen zur K\u00fcste. Pedelec mieten in Beverwijk","breadcrumb":{"@id":"https:\/\/www.dutchpedelectours.com\/de\/bereich\/beverwijk\/#breadcrumb"},"inLanguage":"de-DE","potentialAction":[{"@type":"ReadAction","target":["https:\/\/www.dutchpedelectours.com\/de\/bereich\/beverwijk\/"]}]},{"@type":"ImageObject","inLanguage":"de-DE","@id":"https:\/\/www.dutchpedelectours.com\/de\/bereich\/beverwijk\/#primaryimage","url":"https:\/\/www.dutchpedelectours.com\/wp-content\/uploads\/2014\/09\/getlstd-property-photo.jpg","contentUrl":"https:\/\/www.dutchpedelectours.com\/wp-content\/uploads\/2014\/09\/getlstd-property-photo.jpg"},{"@type":"BreadcrumbList","@id":"https:\/\/www.dutchpedelectours.com\/de\/bereich\/beverwijk\/#breadcrumb","itemListElement":[{"@type":"ListItem","position":1,"name":"Home","item":"https:\/\/www.dutchpedelectours.com\/de\/"},{"@type":"ListItem","position":2,"name":"Bereich","item":"https:\/\/www.dutchpedelectours.com\/de\/bereich\/"},{"@type":"ListItem","position":3,"name":"Beverwijk"}]},{"@type":"WebSite","@id":"https:\/\/www.dutchpedelectours.com\/de\/#website","url":"https:\/\/www.dutchpedelectours.com\/de\/","name":"Dutch Pedelec Tours","description":"Pedelec rental in IJmuiden and Haarlem, E-bike fietsverhuur in omgeving van IJmuiden, Elektrofahrradverleih in IJmuiden und Haarlem","publisher":{"@id":"https:\/\/www.dutchpedelectours.com\/de\/#organization"},"potentialAction":[{"@type":"SearchAction","target":{"@type":"EntryPoint","urlTemplate":"https:\/\/www.dutchpedelectours.com\/de\/?s={search_term_string}"},"query-input":{"@type":"PropertyValueSpecification","valueRequired":true,"valueName":"search_term_string"}}],"inLanguage":"de-DE"},{"@type":["Organization","Place","TravelAgency"],"@id":"https:\/\/www.dutchpedelectours.com\/de\/#organization","name":"Dutch Pedelec Tours","url":"https:\/\/www.dutchpedelectours.com\/de\/","logo":{"@id":"https:\/\/www.dutchpedelectours.com\/de\/bereich\/beverwijk\/#local-main-organization-logo"},"image":{"@id":"https:\/\/www.dutchpedelectours.com\/de\/bereich\/beverwijk\/#local-main-organization-logo"},"sameAs":["https:\/\/www.facebook.com\/dutchpedelec","https:\/\/x.com\/dutchpedelec","https:\/\/www.instagram.com\/dutchpedelec\/","https:\/\/www.pinterest.com\/dutchpedelec\/"],"address":{"@id":"https:\/\/www.dutchpedelectours.com\/de\/bereich\/beverwijk\/#local-main-place-address"},"geo":{"@type":"GeoCoordinates","latitude":"52.473070","longitude":"4.674476"},"telephone":["+31 (0)621591870"],"openingHoursSpecification":[{"@type":"OpeningHoursSpecification","dayOfWeek":["Monday","Tuesday","Wednesday","Thursday","Friday","Saturday","Sunday"],"opens":"09:00","closes":"18:00"}],"email":"info@dutchpedelectours.com","areaServed":"the Netherlands","vatID":"NL001509724B26","priceRange":"$$","currenciesAccepted":"Euros","paymentAccepted":"cash, creditcard, debetcard"},{"@type":"PostalAddress","@id":"https:\/\/www.dutchpedelectours.com\/de\/bereich\/beverwijk\/#local-main-place-address","streetAddress":"Flevoland 11","addressLocality":"Beverwijk","postalCode":"1948RH","addressRegion":"Noord-Holland","addressCountry":"NL"},{"@type":"ImageObject","inLanguage":"de-DE","@id":"https:\/\/www.dutchpedelectours.com\/de\/bereich\/beverwijk\/#local-main-organization-logo","url":"https:\/\/www.dutchpedelectours.com\/wp-content\/uploads\/2015\/03\/DPT-FACEBOOK-WIT.jpg","contentUrl":"https:\/\/www.dutchpedelectours.com\/wp-content\/uploads\/2015\/03\/DPT-FACEBOOK-WIT.jpg","width":180,"height":180,"caption":"Dutch Pedelec Tours"}]},"geo.placename":"Beverwijk","geo.position":{"lat":"52.473070","long":"4.674476"},"geo.region":"Niederlande"},"_links":{"self":[{"href":"https:\/\/www.dutchpedelectours.com\/de\/wp-json\/wp\/v2\/pages\/3507","targetHints":{"allow":["GET"]}}],"collection":[{"href":"https:\/\/www.dutchpedelectours.com\/de\/wp-json\/wp\/v2\/pages"}],"about":[{"href":"https:\/\/www.dutchpedelectours.com\/de\/wp-json\/wp\/v2\/types\/page"}],"author":[{"embeddable":true,"href":"https:\/\/www.dutchpedelectours.com\/de\/wp-json\/wp\/v2\/users\/3"}],"replies":[{"embeddable":true,"href":"https:\/\/www.dutchpedelectours.com\/de\/wp-json\/wp\/v2\/comments?post=3507"}],"version-history":[{"count":0,"href":"https:\/\/www.dutchpedelectours.com\/de\/wp-json\/wp\/v2\/pages\/3507\/revisions"}],"up":[{"embeddable":true,"href":"https:\/\/www.dutchpedelectours.com\/de\/wp-json\/wp\/v2\/pages\/3470"}],"wp:attachment":[{"href":"https:\/\/www.dutchpedelectours.com\/de\/wp-json\/wp\/v2\/media?parent=3507"}],"curies":[{"name":"wp","href":"https:\/\/api.w.org\/{rel}","templated":true}]}}