{"id":3542,"date":"2015-01-06T12:15:04","date_gmt":"2015-01-06T12:15:04","guid":{"rendered":"https:\/\/www.dutchpedelectours.com\/?page_id=3542"},"modified":"2024-03-01T09:00:28","modified_gmt":"2024-03-01T08:00:28","slug":"wijk-aan-zee","status":"publish","type":"page","link":"https:\/\/www.dutchpedelectours.com\/de\/bereich\/wijk-aan-zee\/","title":{"rendered":"Wijk aan Zee"},"content":{"rendered":"\n<figure class=\"wp-block-image\"><a href=\"https:\/\/www.dutchpedelectours.com\/wp-content\/uploads\/2014\/09\/WAZ_800x200.jpg\"><img fetchpriority=\"high\" decoding=\"async\" width=\"800\" height=\"200\" src=\"https:\/\/www.dutchpedelectours.com\/wp-content\/uploads\/2014\/09\/WAZ_800x200.jpg\" alt=\"Wijk aan Zee\" class=\"wp-image-5051\" srcset=\"https:\/\/www.dutchpedelectours.com\/wp-content\/uploads\/2014\/09\/WAZ_800x200.jpg 800w, https:\/\/www.dutchpedelectours.com\/wp-content\/uploads\/2014\/09\/WAZ_800x200-600x150.jpg 600w, https:\/\/www.dutchpedelectours.com\/wp-content\/uploads\/2014\/09\/WAZ_800x200-300x75.jpg 300w, https:\/\/www.dutchpedelectours.com\/wp-content\/uploads\/2014\/09\/WAZ_800x200-250x63.jpg 250w\" sizes=\"(max-width: 800px) 100vw, 800px\" \/><\/a><\/figure>\n\n\n\n<p>Wijk aan Zee ist das gesellige Dorf zur Nordseek\u00fcste nah an Beverwijk und IJmuiden. Von diesem Dorf ist es f\u00fcr einen Fahrradausflug durch das Kennemerduinen oder zu Egmond\/Alkmaar ideal. Fahrradverleih wijk aan zee.<\/p>\n\n\n\n<p>Wijk aan Zee wird oft das am besten geh\u00fctete Geheimnis der Nordsee genannt. Dieses besondere Familien-Resort bietet den breitesten Sandstrand der Niederlande und liegt wundersch\u00f6n am nordholl\u00e4ndischen D\u00fcnenreservat. Er gilt als einer der besten Surfspots an der Nordsee. Der Strand ist voll von Annehmlichkeiten und bietet einige hervorragende Restaurants.<\/p>\n\n\n\n<p>In diesem Bereich finden Sie nat\u00fcrlich viele M\u00f6glichkeiten zur Erholung und Entspannung. Die offenen D\u00fcnen mit sch\u00f6nen W\u00e4ldern laden Sie zu wunderbaren Wander-und Radtouren ein. Kurz gesagt ist Wijk aan Zee ein Ort, wo man sich vom Alltag entspannen kann. Obwohl die K\u00fcstenstadt Wijk aan Zee klein ist, bietet sie mehr als genug f\u00fcr einen vergn\u00fcglichen Tag am Strand.<\/p>\n\n\n\n<h2 class=\"wp-block-heading\" id=\"h-sehens-wurdig-keiten\">Sehens<span style=\"color: #ff6600;\">w\u00fcrdig<\/span>keiten<\/h2>\n\n\n\n<p>Wijk aan Zee liegt an einem offenen D\u00fcnengebiet mit hier und dort einem fabelhaften Wald. Es hat viele sch\u00f6ne Wander- und Radwege. Von mehreren D\u00fcnen k\u00f6nnen Sie den herrlichen Blick auf die Umgebung werfen. Die Paasduin ist etwa 30 Meter hoch und bietet einen Panoramablick auf das Meer und die Schiffe, wie sie hinausfahren.<\/p>\n\n\n\n<h2 class=\"wp-block-heading\" id=\"h-um-welt\"><span style=\"color: #ff6600;\">Um<\/span>welt<\/h2>\n\n\n\n<p>Wijk aan Zee ist ein lebendiger Badeort. Im Laufe der Jahre hat sich Wijk aan Zee zu einem vielseitigen Ort entwickelt. Hier finden Sie Ruhe, Natur und Gem\u00fctlichkeit. Auf dem breitesten Strand an der holl\u00e4ndischen K\u00fcste findet man viele, sehr sch\u00f6ne Muscheln. Das Dorf strahlt etwas Vertr\u00e4umtes aus, als ob es st\u00e4ndig auf jemand wartet.<\/p>\n\n\n\n<h2 class=\"wp-block-heading\" id=\"h-noord-kennemer-land\">Noord-<span style=\"color: #ff6600;\">Kennemer<\/span>land<\/h2>\n\n\n\n<p>Bekannte Bade\u00f6rter und Strand markieren die K\u00fcstelinie der Region Noord-Kennemerland. Landeinw\u00e4rts finden Sie ein historisches und wasserreiches Hinterland mit der Denkm\u00e4ler Stadt Alkmaar wie gro\u00dfste Attraktion. Die gr\u00fcne Polder mit Windm\u00fchlen, sehr freundlichen D\u00f6rfer und die Festungen von die Stelling van Amsterdam sin dein Eldorado f\u00fcr Spazierg\u00e4nger, Radfahrer und Kanufahrer.<\/p>\n\n\n\n<figure class=\"wp-block-image\"><img decoding=\"async\" data-src=\"https:\/\/egmondaanzee.org\/photos\/kennemerland_1307-03.jpg\" alt=\"Kennemerland\" src=\"data:image\/svg+xml;base64,PHN2ZyB3aWR0aD0iMSIgaGVpZ2h0PSIxIiB4bWxucz0iaHR0cDovL3d3dy53My5vcmcvMjAwMC9zdmciPjwvc3ZnPg==\" class=\"lazyload\" \/><\/figure>\n\n\n\n<p>Das Teil von Kennemerland n\u00f6rdlich von dem Nordseekanal kennt zwei Gesichter. Einerseits gibt es da die Nordseek\u00fcste mit seinen ausreichenden Stranden, baumreichen D\u00fcnen und bekannten Bade\u00f6rter wie Wijk aan Zee, <a href=\"https:\/\/egmondaanzee.org\/de\/\" target=\"_blank\" rel=\"noopener noreferrer\">Egmond aan Zee<\/a> und <a href=\"https:\/\/bergenaanzee.org\/de\/\" target=\"_blank\" rel=\"noopener noreferrer\">Bergen aan Zee<\/a>. Gegen\u00fcber wartet das alte Torfgebiet mit hervorragenden Vergangenheit des gro\u00dfen Polders. Hier befinden sich einzigartige alt-Holl\u00e4ndische D\u00f6rfer wie De Rijp und Groot-Schermer, umgeben von riesigen Poldern. Auch befinden sich hier das Alkmaarder- und Uitgeestermeer &#8211; ein geliebtes Wassersportgebiet &#8211; und viele alte Festungen von die Stelling van Amsterdam. Das Herz von Noord-Kennemerland wird gebildet durch Alkmaar, die \u2018Stadt der Viktoria\u2019.<\/p>\n\n\n\n<h2 class=\"wp-block-heading\" id=\"h-wijk-aan-zee-fahrradverleih\">Wijk aan <span style=\"color: #ff6600;\">Zee<\/span> fahrradverleih<\/h2>\n\n\n\n<p>Wenn Sie ein Pedelec in Wijk aan Zee mieten m\u00f6chten, treten Sie mit uns einfach in <span style=\"color: #ff6600;\"><a style=\"color: #ff6600;\" title=\"Kontakt\" href=\"https:\/\/www.dutchpedelectours.com\/de\/kontakt-2\/\">Verbindung<\/a><\/span> und wir liefern die Elektrofahrr\u00e4der an Ihrem Hotel oder an Wohnung.<br>Bitten Sie uns um die speziellen Wege, die verf\u00fcgbar sind oder \u00fcberpr\u00fcfen Sie diese Seite \u00fcber <a title=\"Fahrradverleih Wijk aan Zee\" href=\"https:\/\/www.dutchpedelectours.com\/de\/fahrradverleih-wijk-aan-zee\/\"><span style=\"color: #ff6600;\">Fahrrad mieten in Wijk aan Zee<\/span>.<\/a><\/p>\n\n\n\n<div id=\"TA_selfserveprop600\" class=\"TA_selfserveprop\"><ul id=\"tM5C3P5hCP2\" class=\"TA_links 8YGPXO25yb\"><li id=\"yIiklbcLP\" class=\"JKXbNpUcVYo\"><a target=\"_blank\" href=\"https:\/\/www.tripadvisor.de\/Attraction_Review-g652313-d11797786-Reviews-Dutch_Pedelec_Tours-Wijk_aan_Zee_North_Holland_Province.html\" rel=\"noopener\"><img decoding=\"async\" data-src=\"https:\/\/www.tripadvisor.de\/img\/cdsi\/img2\/branding\/v2\/Tripadvisor_lockup_horizontal_secondary_registered-11900-2.svg\" alt=\"TripAdvisor\" src=\"data:image\/svg+xml;base64,PHN2ZyB3aWR0aD0iMSIgaGVpZ2h0PSIxIiB4bWxucz0iaHR0cDovL3d3dy53My5vcmcvMjAwMC9zdmciPjwvc3ZnPg==\" class=\"lazyload\" \/><\/a><\/li><\/ul><\/div><script async src=\"https:\/\/www.jscache.com\/wejs?wtype=selfserveprop&amp;uniq=600&amp;locationId=11797786&amp;lang=de&amp;rating=true&amp;nreviews=4&amp;writereviewlink=true&amp;popIdx=true&amp;iswide=true&amp;border=true&amp;display_version=2\" data-loadtrk onload=\"this.loadtrk=true\"><\/script>\n","protected":false},"excerpt":{"rendered":"<p>Wijk aan Zee ist das gesellige Dorf zur Nordseek\u00fcste nah an Beverwijk und IJmuiden. Von diesem Dorf ist es f\u00fcr<\/p>\n<div class=\"read-button read_more_btn_text\"><a class=\"read_more\" href=\"https:\/\/www.dutchpedelectours.com\/de\/bereich\/wijk-aan-zee\/\">Read more<span class=\"arrow_readm\"> &#x25BA;<\/span><\/a><\/div>\n","protected":false},"author":3,"featured_media":0,"parent":3470,"menu_order":0,"comment_status":"closed","ping_status":"open","template":"","meta":{"footnotes":""},"class_list":["post-3542","page","type-page","status-publish","hentry"],"yoast_head":"<!-- This site is optimized with the Yoast SEO Premium plugin v27.4 (Yoast SEO v27.4) - https:\/\/yoast.com\/product\/yoast-seo-premium-wordpress\/ -->\n<title>wijk aan zee fahrradverleih - e-bike von Dutch Pedelec Tours<\/title>\n<meta name=\"description\" content=\"wijk aan zee fahrradverleih. Mieten Sie ein pedelec. Von diesem Dorf ist es f\u00fcr ein Fahrradausflug zu Egmond\/Alkmaar oder durch das Kennemerduinen ideal\" \/>\n<meta name=\"robots\" content=\"index, follow, max-snippet:-1, max-image-preview:large, max-video-preview:-1\" \/>\n<link rel=\"canonical\" href=\"https:\/\/www.dutchpedelectours.com\/de\/bereich\/wijk-aan-zee\/\" \/>\n<meta property=\"og:locale\" content=\"de_DE\" \/>\n<meta property=\"og:type\" content=\"article\" \/>\n<meta property=\"og:title\" content=\"Wijk aan Zee\" \/>\n<meta property=\"og:description\" content=\"wijk aan zee fahrradverleih. Mieten Sie ein pedelec. Von diesem Dorf ist es f\u00fcr ein Fahrradausflug zu Egmond\/Alkmaar oder durch das Kennemerduinen ideal\" \/>\n<meta property=\"og:url\" content=\"https:\/\/www.dutchpedelectours.com\/de\/bereich\/wijk-aan-zee\/\" \/>\n<meta property=\"og:site_name\" content=\"Dutch Pedelec Tours\" \/>\n<meta property=\"article:publisher\" content=\"https:\/\/www.facebook.com\/dutchpedelec\" \/>\n<meta property=\"article:modified_time\" content=\"2024-03-01T08:00:28+00:00\" \/>\n<meta property=\"og:image\" content=\"https:\/\/www.dutchpedelectours.com\/wp-content\/uploads\/2014\/09\/WAZ_800x200.jpg\" \/>\n<meta name=\"twitter:card\" content=\"summary_large_image\" \/>\n<meta name=\"twitter:site\" content=\"@dutchpedelec\" \/>\n<meta name=\"twitter:label1\" content=\"Gesch\u00e4tzte Lesezeit\" \/>\n\t<meta name=\"twitter:data1\" content=\"3 minutes\" \/>\n<script type=\"application\/ld+json\" class=\"yoast-schema-graph\">{\"@context\":\"https:\\\/\\\/schema.org\",\"@graph\":[{\"@type\":\"WebPage\",\"@id\":\"https:\\\/\\\/www.dutchpedelectours.com\\\/de\\\/bereich\\\/wijk-aan-zee\\\/\",\"url\":\"https:\\\/\\\/www.dutchpedelectours.com\\\/de\\\/bereich\\\/wijk-aan-zee\\\/\",\"name\":\"wijk aan zee fahrradverleih - e-bike von Dutch Pedelec Tours\",\"isPartOf\":{\"@id\":\"https:\\\/\\\/www.dutchpedelectours.com\\\/de\\\/#website\"},\"primaryImageOfPage\":{\"@id\":\"https:\\\/\\\/www.dutchpedelectours.com\\\/de\\\/bereich\\\/wijk-aan-zee\\\/#primaryimage\"},\"image\":{\"@id\":\"https:\\\/\\\/www.dutchpedelectours.com\\\/de\\\/bereich\\\/wijk-aan-zee\\\/#primaryimage\"},\"thumbnailUrl\":\"https:\\\/\\\/www.dutchpedelectours.com\\\/wp-content\\\/uploads\\\/2014\\\/09\\\/WAZ_800x200.jpg\",\"datePublished\":\"2015-01-06T12:15:04+00:00\",\"dateModified\":\"2024-03-01T08:00:28+00:00\",\"description\":\"wijk aan zee fahrradverleih. Mieten Sie ein pedelec. Von diesem Dorf ist es f\u00fcr ein Fahrradausflug zu Egmond\\\/Alkmaar oder durch das Kennemerduinen ideal\",\"breadcrumb\":{\"@id\":\"https:\\\/\\\/www.dutchpedelectours.com\\\/de\\\/bereich\\\/wijk-aan-zee\\\/#breadcrumb\"},\"inLanguage\":\"de-DE\",\"potentialAction\":[{\"@type\":\"ReadAction\",\"target\":[\"https:\\\/\\\/www.dutchpedelectours.com\\\/de\\\/bereich\\\/wijk-aan-zee\\\/\"]}]},{\"@type\":\"ImageObject\",\"inLanguage\":\"de-DE\",\"@id\":\"https:\\\/\\\/www.dutchpedelectours.com\\\/de\\\/bereich\\\/wijk-aan-zee\\\/#primaryimage\",\"url\":\"https:\\\/\\\/www.dutchpedelectours.com\\\/wp-content\\\/uploads\\\/2014\\\/09\\\/WAZ_800x200.jpg\",\"contentUrl\":\"https:\\\/\\\/www.dutchpedelectours.com\\\/wp-content\\\/uploads\\\/2014\\\/09\\\/WAZ_800x200.jpg\"},{\"@type\":\"BreadcrumbList\",\"@id\":\"https:\\\/\\\/www.dutchpedelectours.com\\\/de\\\/bereich\\\/wijk-aan-zee\\\/#breadcrumb\",\"itemListElement\":[{\"@type\":\"ListItem\",\"position\":1,\"name\":\"Home\",\"item\":\"https:\\\/\\\/www.dutchpedelectours.com\\\/de\\\/\"},{\"@type\":\"ListItem\",\"position\":2,\"name\":\"Bereich\",\"item\":\"https:\\\/\\\/www.dutchpedelectours.com\\\/de\\\/bereich\\\/\"},{\"@type\":\"ListItem\",\"position\":3,\"name\":\"Wijk aan Zee\"}]},{\"@type\":\"WebSite\",\"@id\":\"https:\\\/\\\/www.dutchpedelectours.com\\\/de\\\/#website\",\"url\":\"https:\\\/\\\/www.dutchpedelectours.com\\\/de\\\/\",\"name\":\"Dutch Pedelec Tours\",\"description\":\"Pedelec rental in IJmuiden and Haarlem, E-bike fietsverhuur in omgeving van IJmuiden, Elektrofahrradverleih in IJmuiden und Haarlem\",\"publisher\":{\"@id\":\"https:\\\/\\\/www.dutchpedelectours.com\\\/de\\\/#organization\"},\"potentialAction\":[{\"@type\":\"SearchAction\",\"target\":{\"@type\":\"EntryPoint\",\"urlTemplate\":\"https:\\\/\\\/www.dutchpedelectours.com\\\/de\\\/?s={search_term_string}\"},\"query-input\":{\"@type\":\"PropertyValueSpecification\",\"valueRequired\":true,\"valueName\":\"search_term_string\"}}],\"inLanguage\":\"de-DE\"},{\"@type\":[\"Organization\",\"Place\",\"TravelAgency\"],\"@id\":\"https:\\\/\\\/www.dutchpedelectours.com\\\/de\\\/#organization\",\"name\":\"Dutch Pedelec Tours\",\"url\":\"https:\\\/\\\/www.dutchpedelectours.com\\\/de\\\/\",\"logo\":{\"@id\":\"https:\\\/\\\/www.dutchpedelectours.com\\\/de\\\/bereich\\\/wijk-aan-zee\\\/#local-main-organization-logo\"},\"image\":{\"@id\":\"https:\\\/\\\/www.dutchpedelectours.com\\\/de\\\/bereich\\\/wijk-aan-zee\\\/#local-main-organization-logo\"},\"sameAs\":[\"https:\\\/\\\/www.facebook.com\\\/dutchpedelec\",\"https:\\\/\\\/x.com\\\/dutchpedelec\",\"https:\\\/\\\/www.instagram.com\\\/dutchpedelec\\\/\",\"https:\\\/\\\/www.pinterest.com\\\/dutchpedelec\\\/\"],\"address\":{\"@id\":\"https:\\\/\\\/www.dutchpedelectours.com\\\/de\\\/bereich\\\/wijk-aan-zee\\\/#local-main-place-address\"},\"geo\":{\"@type\":\"GeoCoordinates\",\"latitude\":\"52.473070\",\"longitude\":\"4.674476\"},\"telephone\":[\"+31 (0)621591870\"],\"openingHoursSpecification\":[{\"@type\":\"OpeningHoursSpecification\",\"dayOfWeek\":[\"Monday\",\"Tuesday\",\"Wednesday\",\"Thursday\",\"Friday\",\"Saturday\",\"Sunday\"],\"opens\":\"09:00\",\"closes\":\"18:00\"}],\"email\":\"info@dutchpedelectours.com\",\"areaServed\":\"the Netherlands\",\"vatID\":\"NL001509724B26\",\"priceRange\":\"$$\",\"currenciesAccepted\":\"Euros\",\"paymentAccepted\":\"cash, creditcard, debetcard\"},{\"@type\":\"PostalAddress\",\"@id\":\"https:\\\/\\\/www.dutchpedelectours.com\\\/de\\\/bereich\\\/wijk-aan-zee\\\/#local-main-place-address\",\"streetAddress\":\"Flevoland 11\",\"addressLocality\":\"Beverwijk\",\"postalCode\":\"1948RH\",\"addressRegion\":\"Noord-Holland\",\"addressCountry\":\"NL\"},{\"@type\":\"ImageObject\",\"inLanguage\":\"de-DE\",\"@id\":\"https:\\\/\\\/www.dutchpedelectours.com\\\/de\\\/bereich\\\/wijk-aan-zee\\\/#local-main-organization-logo\",\"url\":\"https:\\\/\\\/www.dutchpedelectours.com\\\/wp-content\\\/uploads\\\/2015\\\/03\\\/DPT-FACEBOOK-WIT.jpg\",\"contentUrl\":\"https:\\\/\\\/www.dutchpedelectours.com\\\/wp-content\\\/uploads\\\/2015\\\/03\\\/DPT-FACEBOOK-WIT.jpg\",\"width\":180,\"height\":180,\"caption\":\"Dutch Pedelec Tours\"}]}<\/script>\n<meta name=\"geo.placename\" content=\"Beverwijk\" \/>\n<meta name=\"geo.position\" content=\"52.473070;4.674476\" \/>\n<meta name=\"geo.region\" content=\"Niederlande\" \/>\n<!-- \/ Yoast SEO Premium plugin. -->","yoast_head_json":{"title":"wijk aan zee fahrradverleih - e-bike von Dutch Pedelec Tours","description":"wijk aan zee fahrradverleih. Mieten Sie ein pedelec. Von diesem Dorf ist es f\u00fcr ein Fahrradausflug zu Egmond\/Alkmaar oder durch das Kennemerduinen ideal","robots":{"index":"index","follow":"follow","max-snippet":"max-snippet:-1","max-image-preview":"max-image-preview:large","max-video-preview":"max-video-preview:-1"},"canonical":"https:\/\/www.dutchpedelectours.com\/de\/bereich\/wijk-aan-zee\/","og_locale":"de_DE","og_type":"article","og_title":"Wijk aan Zee","og_description":"wijk aan zee fahrradverleih. Mieten Sie ein pedelec. Von diesem Dorf ist es f\u00fcr ein Fahrradausflug zu Egmond\/Alkmaar oder durch das Kennemerduinen ideal","og_url":"https:\/\/www.dutchpedelectours.com\/de\/bereich\/wijk-aan-zee\/","og_site_name":"Dutch Pedelec Tours","article_publisher":"https:\/\/www.facebook.com\/dutchpedelec","article_modified_time":"2024-03-01T08:00:28+00:00","og_image":[{"url":"https:\/\/www.dutchpedelectours.com\/wp-content\/uploads\/2014\/09\/WAZ_800x200.jpg","type":"","width":"","height":""}],"twitter_card":"summary_large_image","twitter_site":"@dutchpedelec","twitter_misc":{"Gesch\u00e4tzte Lesezeit":"3 minutes"},"schema":{"@context":"https:\/\/schema.org","@graph":[{"@type":"WebPage","@id":"https:\/\/www.dutchpedelectours.com\/de\/bereich\/wijk-aan-zee\/","url":"https:\/\/www.dutchpedelectours.com\/de\/bereich\/wijk-aan-zee\/","name":"wijk aan zee fahrradverleih - e-bike von Dutch Pedelec Tours","isPartOf":{"@id":"https:\/\/www.dutchpedelectours.com\/de\/#website"},"primaryImageOfPage":{"@id":"https:\/\/www.dutchpedelectours.com\/de\/bereich\/wijk-aan-zee\/#primaryimage"},"image":{"@id":"https:\/\/www.dutchpedelectours.com\/de\/bereich\/wijk-aan-zee\/#primaryimage"},"thumbnailUrl":"https:\/\/www.dutchpedelectours.com\/wp-content\/uploads\/2014\/09\/WAZ_800x200.jpg","datePublished":"2015-01-06T12:15:04+00:00","dateModified":"2024-03-01T08:00:28+00:00","description":"wijk aan zee fahrradverleih. Mieten Sie ein pedelec. Von diesem Dorf ist es f\u00fcr ein Fahrradausflug zu Egmond\/Alkmaar oder durch das Kennemerduinen ideal","breadcrumb":{"@id":"https:\/\/www.dutchpedelectours.com\/de\/bereich\/wijk-aan-zee\/#breadcrumb"},"inLanguage":"de-DE","potentialAction":[{"@type":"ReadAction","target":["https:\/\/www.dutchpedelectours.com\/de\/bereich\/wijk-aan-zee\/"]}]},{"@type":"ImageObject","inLanguage":"de-DE","@id":"https:\/\/www.dutchpedelectours.com\/de\/bereich\/wijk-aan-zee\/#primaryimage","url":"https:\/\/www.dutchpedelectours.com\/wp-content\/uploads\/2014\/09\/WAZ_800x200.jpg","contentUrl":"https:\/\/www.dutchpedelectours.com\/wp-content\/uploads\/2014\/09\/WAZ_800x200.jpg"},{"@type":"BreadcrumbList","@id":"https:\/\/www.dutchpedelectours.com\/de\/bereich\/wijk-aan-zee\/#breadcrumb","itemListElement":[{"@type":"ListItem","position":1,"name":"Home","item":"https:\/\/www.dutchpedelectours.com\/de\/"},{"@type":"ListItem","position":2,"name":"Bereich","item":"https:\/\/www.dutchpedelectours.com\/de\/bereich\/"},{"@type":"ListItem","position":3,"name":"Wijk aan Zee"}]},{"@type":"WebSite","@id":"https:\/\/www.dutchpedelectours.com\/de\/#website","url":"https:\/\/www.dutchpedelectours.com\/de\/","name":"Dutch Pedelec Tours","description":"Pedelec rental in IJmuiden and Haarlem, E-bike fietsverhuur in omgeving van IJmuiden, Elektrofahrradverleih in IJmuiden und Haarlem","publisher":{"@id":"https:\/\/www.dutchpedelectours.com\/de\/#organization"},"potentialAction":[{"@type":"SearchAction","target":{"@type":"EntryPoint","urlTemplate":"https:\/\/www.dutchpedelectours.com\/de\/?s={search_term_string}"},"query-input":{"@type":"PropertyValueSpecification","valueRequired":true,"valueName":"search_term_string"}}],"inLanguage":"de-DE"},{"@type":["Organization","Place","TravelAgency"],"@id":"https:\/\/www.dutchpedelectours.com\/de\/#organization","name":"Dutch Pedelec Tours","url":"https:\/\/www.dutchpedelectours.com\/de\/","logo":{"@id":"https:\/\/www.dutchpedelectours.com\/de\/bereich\/wijk-aan-zee\/#local-main-organization-logo"},"image":{"@id":"https:\/\/www.dutchpedelectours.com\/de\/bereich\/wijk-aan-zee\/#local-main-organization-logo"},"sameAs":["https:\/\/www.facebook.com\/dutchpedelec","https:\/\/x.com\/dutchpedelec","https:\/\/www.instagram.com\/dutchpedelec\/","https:\/\/www.pinterest.com\/dutchpedelec\/"],"address":{"@id":"https:\/\/www.dutchpedelectours.com\/de\/bereich\/wijk-aan-zee\/#local-main-place-address"},"geo":{"@type":"GeoCoordinates","latitude":"52.473070","longitude":"4.674476"},"telephone":["+31 (0)621591870"],"openingHoursSpecification":[{"@type":"OpeningHoursSpecification","dayOfWeek":["Monday","Tuesday","Wednesday","Thursday","Friday","Saturday","Sunday"],"opens":"09:00","closes":"18:00"}],"email":"info@dutchpedelectours.com","areaServed":"the Netherlands","vatID":"NL001509724B26","priceRange":"$$","currenciesAccepted":"Euros","paymentAccepted":"cash, creditcard, debetcard"},{"@type":"PostalAddress","@id":"https:\/\/www.dutchpedelectours.com\/de\/bereich\/wijk-aan-zee\/#local-main-place-address","streetAddress":"Flevoland 11","addressLocality":"Beverwijk","postalCode":"1948RH","addressRegion":"Noord-Holland","addressCountry":"NL"},{"@type":"ImageObject","inLanguage":"de-DE","@id":"https:\/\/www.dutchpedelectours.com\/de\/bereich\/wijk-aan-zee\/#local-main-organization-logo","url":"https:\/\/www.dutchpedelectours.com\/wp-content\/uploads\/2015\/03\/DPT-FACEBOOK-WIT.jpg","contentUrl":"https:\/\/www.dutchpedelectours.com\/wp-content\/uploads\/2015\/03\/DPT-FACEBOOK-WIT.jpg","width":180,"height":180,"caption":"Dutch Pedelec Tours"}]},"geo.placename":"Beverwijk","geo.position":{"lat":"52.473070","long":"4.674476"},"geo.region":"Niederlande"},"_links":{"self":[{"href":"https:\/\/www.dutchpedelectours.com\/de\/wp-json\/wp\/v2\/pages\/3542","targetHints":{"allow":["GET"]}}],"collection":[{"href":"https:\/\/www.dutchpedelectours.com\/de\/wp-json\/wp\/v2\/pages"}],"about":[{"href":"https:\/\/www.dutchpedelectours.com\/de\/wp-json\/wp\/v2\/types\/page"}],"author":[{"embeddable":true,"href":"https:\/\/www.dutchpedelectours.com\/de\/wp-json\/wp\/v2\/users\/3"}],"replies":[{"embeddable":true,"href":"https:\/\/www.dutchpedelectours.com\/de\/wp-json\/wp\/v2\/comments?post=3542"}],"version-history":[{"count":0,"href":"https:\/\/www.dutchpedelectours.com\/de\/wp-json\/wp\/v2\/pages\/3542\/revisions"}],"up":[{"embeddable":true,"href":"https:\/\/www.dutchpedelectours.com\/de\/wp-json\/wp\/v2\/pages\/3470"}],"wp:attachment":[{"href":"https:\/\/www.dutchpedelectours.com\/de\/wp-json\/wp\/v2\/media?parent=3542"}],"curies":[{"name":"wp","href":"https:\/\/api.w.org\/{rel}","templated":true}]}}