{"id":3551,"date":"2015-01-06T12:23:09","date_gmt":"2015-01-06T12:23:09","guid":{"rendered":"https:\/\/www.dutchpedelectours.com\/?page_id=3551"},"modified":"2015-08-22T12:44:19","modified_gmt":"2015-08-22T12:44:19","slug":"tour-fur-naturfreunde","status":"publish","type":"page","link":"https:\/\/www.dutchpedelectours.com\/de\/cycletouring\/tour-fur-naturfreunde\/","title":{"rendered":"Tour f\u00fcr Naturfreunde"},"content":{"rendered":"<div id=\"TA_selfserveprop659\" class=\"TA_selfserveprop\">\n<p><a href=\"https:\/\/www.dutchpedelectours.com\/wp-content\/uploads\/2014\/10\/15044b9d-b99c-482a-a19f-d12ca46e56d0.jpg\"><img fetchpriority=\"high\" decoding=\"async\" class=\"alignnone wp-image-3399\" src=\"https:\/\/www.dutchpedelectours.com\/wp-content\/uploads\/2014\/10\/15044b9d-b99c-482a-a19f-d12ca46e56d0-300x199.jpg\" alt=\"Tour f\u00fcr Naturfreunde\" width=\"529\" height=\"351\" srcset=\"https:\/\/www.dutchpedelectours.com\/wp-content\/uploads\/2014\/10\/15044b9d-b99c-482a-a19f-d12ca46e56d0-300x199.jpg 300w, https:\/\/www.dutchpedelectours.com\/wp-content\/uploads\/2014\/10\/15044b9d-b99c-482a-a19f-d12ca46e56d0-250x166.jpg 250w, https:\/\/www.dutchpedelectours.com\/wp-content\/uploads\/2014\/10\/15044b9d-b99c-482a-a19f-d12ca46e56d0.jpg 468w\" sizes=\"(max-width: 529px) 100vw, 529px\" \/><\/a><\/p>\n<p>Diese Route\u00a0f\u00fcr Naturfreunde f\u00fchrt durch den Nationalpark Zuid-Kennemerland. Da die Bodenbeschaffenheit und der Grundwasserspiegel nicht \u00fcberall gleich sind, entstehen in Kombination mit der h\u00fcgeligen D\u00fcnenlandschaft auf diese Weise unterschiedliche Lebensr\u00e4ume f\u00fcr Pflanzen und Tiere. Hier kann man pl\u00f6tzlich Auge in Auge mit Wisenten, Damhirschen, Pferden, Ponys und Kaninchen stehen. In den sch\u00f6nen D\u00fcnent\u00e4lern wachsen besondere Pflanzenarten wie etwa das Fieberkraut, das Sumpf-Herzblatt und der bittere Fransenenzian.<\/p>\n<p><b>Weiterf\u00fchrende Links:<\/b> <span style=\"color: #ff6600;\"><a style=\"color: #ff6600;\" href=\"https:\/\/www.np-zuidkennemerland.nl\/297\/de\" target=\"_blank\">Nationalpark Zuid-Kennemerland<\/a><\/span><\/p>\n<p>L\u00e4nge: 40 km<\/p>\n<p><a title=\"Eine trip buchen\" href=\"https:\/\/www.dutchpedelectours.com\/de\/cycletouring\/\"><img decoding=\"async\" class=\"alignleft size-full wp-image-2704 lazyload\" data-src=\"https:\/\/www.dutchpedelectours.com\/wp-content\/uploads\/2014\/11\/bookthistrip_03.jpg\" alt=\"bookthistrip_03\" width=\"163\" height=\"30\" src=\"data:image\/svg+xml;base64,PHN2ZyB3aWR0aD0iMSIgaGVpZ2h0PSIxIiB4bWxucz0iaHR0cDovL3d3dy53My5vcmcvMjAwMC9zdmciPjwvc3ZnPg==\" style=\"--smush-placeholder-width: 163px; --smush-placeholder-aspect-ratio: 163\/30;\" \/><\/a><\/p>\n<p>&nbsp;<\/p>\n<p><iframe data-src=\"https:\/\/maps.google.nl\/maps\/ms?hl=nl&amp;gl=nl&amp;ie=UTF8&amp;oe=UTF8&amp;msa=0&amp;msid=202457936388051168685.0004f9434ece048a6e35d&amp;t=m&amp;ll=52.417286,4.602418&amp;spn=0.086937,0.072085&amp;output=embed\" width=\"425\" height=\"350\" frameborder=\"0\" marginwidth=\"0\" marginheight=\"0\" scrolling=\"no\" src=\"data:image\/svg+xml;base64,PHN2ZyB3aWR0aD0iMSIgaGVpZ2h0PSIxIiB4bWxucz0iaHR0cDovL3d3dy53My5vcmcvMjAwMC9zdmciPjwvc3ZnPg==\" class=\"lazyload\" data-load-mode=\"1\"><\/iframe><\/p>\n<\/div>\n<div><small><a style=\"color: #0000ff; text-align: left;\" href=\"https:\/\/maps.google.nl\/maps\/ms?hl=nl&amp;gl=nl&amp;ie=UTF8&amp;oe=UTF8&amp;msa=0&amp;msid=202457936388051168685.0004f9434ece048a6e35d&amp;t=m&amp;ll=52.417286,4.602418&amp;spn=0.086937,0.072085&amp;source=embed\">Naturfreunde tour durch Dutch Pedelec Tours<\/a> sehen Sie Karte auf einer gr\u00f6\u00dferen Skala<\/small><\/div>\n","protected":false},"excerpt":{"rendered":"<p>Diese Route\u00a0f\u00fcr Naturfreunde f\u00fchrt durch den Nationalpark Zuid-Kennemerland. Da die Bodenbeschaffenheit und der Grundwasserspiegel nicht \u00fcberall gleich sind, entstehen in<\/p>\n<div class=\"read-button read_more_btn_text\"><a class=\"read_more\" href=\"https:\/\/www.dutchpedelectours.com\/de\/cycletouring\/tour-fur-naturfreunde\/\">Read more<span class=\"arrow_readm\"> &#x25BA;<\/span><\/a><\/div>\n","protected":false},"author":3,"featured_media":0,"parent":3561,"menu_order":0,"comment_status":"open","ping_status":"open","template":"","meta":{"footnotes":""},"class_list":["post-3551","page","type-page","status-publish","hentry"],"yoast_head":"<!-- This site is optimized with the Yoast SEO Premium plugin v27.5 (Yoast SEO v27.5) - https:\/\/yoast.com\/product\/yoast-seo-premium-wordpress\/ -->\n<title>Tour f\u00fcr Naturfreunde - Dutch Pedelec Tours<\/title>\n<meta name=\"description\" content=\"Tour f\u00fcr Naturfreunde Diese Route f\u00fchrt durch den Nationalpark Zuid-Kennemerland\" \/>\n<meta name=\"robots\" content=\"index, follow, max-snippet:-1, max-image-preview:large, max-video-preview:-1\" \/>\n<link rel=\"canonical\" href=\"https:\/\/www.dutchpedelectours.com\/de\/cycletouring\/tour-fur-naturfreunde\/\" \/>\n<meta property=\"og:locale\" content=\"de_DE\" \/>\n<meta property=\"og:type\" content=\"article\" \/>\n<meta property=\"og:title\" content=\"Tour f\u00fcr Naturfreunde\" \/>\n<meta property=\"og:description\" content=\"Tour f\u00fcr Naturfreunde Diese Route f\u00fchrt durch den Nationalpark Zuid-Kennemerland\" \/>\n<meta property=\"og:url\" content=\"https:\/\/www.dutchpedelectours.com\/de\/cycletouring\/tour-fur-naturfreunde\/\" \/>\n<meta property=\"og:site_name\" content=\"Dutch Pedelec Tours\" \/>\n<meta property=\"article:publisher\" content=\"https:\/\/www.facebook.com\/dutchpedelec\" \/>\n<meta property=\"article:modified_time\" content=\"2015-08-22T12:44:19+00:00\" \/>\n<meta property=\"og:image\" content=\"https:\/\/www.dutchpedelectours.com\/wp-content\/uploads\/2014\/10\/15044b9d-b99c-482a-a19f-d12ca46e56d0-300x199.jpg\" \/>\n<meta name=\"twitter:card\" content=\"summary_large_image\" \/>\n<meta name=\"twitter:site\" content=\"@dutchpedelec\" \/>\n<meta name=\"twitter:label1\" content=\"Gesch\u00e4tzte Lesezeit\" \/>\n\t<meta name=\"twitter:data1\" content=\"1 minute\" \/>\n<script type=\"application\/ld+json\" class=\"yoast-schema-graph\">{\"@context\":\"https:\\\/\\\/schema.org\",\"@graph\":[{\"@type\":\"WebPage\",\"@id\":\"https:\\\/\\\/www.dutchpedelectours.com\\\/de\\\/cycletouring\\\/tour-fur-naturfreunde\\\/\",\"url\":\"https:\\\/\\\/www.dutchpedelectours.com\\\/de\\\/cycletouring\\\/tour-fur-naturfreunde\\\/\",\"name\":\"Tour f\u00fcr Naturfreunde - Dutch Pedelec Tours\",\"isPartOf\":{\"@id\":\"https:\\\/\\\/www.dutchpedelectours.com\\\/de\\\/#website\"},\"primaryImageOfPage\":{\"@id\":\"https:\\\/\\\/www.dutchpedelectours.com\\\/de\\\/cycletouring\\\/tour-fur-naturfreunde\\\/#primaryimage\"},\"image\":{\"@id\":\"https:\\\/\\\/www.dutchpedelectours.com\\\/de\\\/cycletouring\\\/tour-fur-naturfreunde\\\/#primaryimage\"},\"thumbnailUrl\":\"https:\\\/\\\/www.dutchpedelectours.com\\\/wp-content\\\/uploads\\\/2014\\\/10\\\/15044b9d-b99c-482a-a19f-d12ca46e56d0-300x199.jpg\",\"datePublished\":\"2015-01-06T12:23:09+00:00\",\"dateModified\":\"2015-08-22T12:44:19+00:00\",\"description\":\"Tour f\u00fcr Naturfreunde Diese Route f\u00fchrt durch den Nationalpark Zuid-Kennemerland\",\"breadcrumb\":{\"@id\":\"https:\\\/\\\/www.dutchpedelectours.com\\\/de\\\/cycletouring\\\/tour-fur-naturfreunde\\\/#breadcrumb\"},\"inLanguage\":\"de-DE\",\"potentialAction\":[{\"@type\":\"ReadAction\",\"target\":[\"https:\\\/\\\/www.dutchpedelectours.com\\\/de\\\/cycletouring\\\/tour-fur-naturfreunde\\\/\"]}]},{\"@type\":\"ImageObject\",\"inLanguage\":\"de-DE\",\"@id\":\"https:\\\/\\\/www.dutchpedelectours.com\\\/de\\\/cycletouring\\\/tour-fur-naturfreunde\\\/#primaryimage\",\"url\":\"https:\\\/\\\/www.dutchpedelectours.com\\\/wp-content\\\/uploads\\\/2014\\\/10\\\/15044b9d-b99c-482a-a19f-d12ca46e56d0-300x199.jpg\",\"contentUrl\":\"https:\\\/\\\/www.dutchpedelectours.com\\\/wp-content\\\/uploads\\\/2014\\\/10\\\/15044b9d-b99c-482a-a19f-d12ca46e56d0-300x199.jpg\"},{\"@type\":\"BreadcrumbList\",\"@id\":\"https:\\\/\\\/www.dutchpedelectours.com\\\/de\\\/cycletouring\\\/tour-fur-naturfreunde\\\/#breadcrumb\",\"itemListElement\":[{\"@type\":\"ListItem\",\"position\":1,\"name\":\"Home\",\"item\":\"https:\\\/\\\/www.dutchpedelectours.com\\\/de\\\/\"},{\"@type\":\"ListItem\",\"position\":2,\"name\":\"Eine trip buchen\",\"item\":\"https:\\\/\\\/www.dutchpedelectours.com\\\/de\\\/cycletouring\\\/\"},{\"@type\":\"ListItem\",\"position\":3,\"name\":\"Tour f\u00fcr Naturfreunde\"}]},{\"@type\":\"WebSite\",\"@id\":\"https:\\\/\\\/www.dutchpedelectours.com\\\/de\\\/#website\",\"url\":\"https:\\\/\\\/www.dutchpedelectours.com\\\/de\\\/\",\"name\":\"Dutch Pedelec Tours\",\"description\":\"Pedelec rental in IJmuiden and Haarlem, E-bike fietsverhuur in omgeving van IJmuiden, Elektrofahrradverleih in IJmuiden und Haarlem\",\"publisher\":{\"@id\":\"https:\\\/\\\/www.dutchpedelectours.com\\\/de\\\/#organization\"},\"potentialAction\":[{\"@type\":\"SearchAction\",\"target\":{\"@type\":\"EntryPoint\",\"urlTemplate\":\"https:\\\/\\\/www.dutchpedelectours.com\\\/de\\\/?s={search_term_string}\"},\"query-input\":{\"@type\":\"PropertyValueSpecification\",\"valueRequired\":true,\"valueName\":\"search_term_string\"}}],\"inLanguage\":\"de-DE\"},{\"@type\":[\"Organization\",\"Place\",\"TravelAgency\"],\"@id\":\"https:\\\/\\\/www.dutchpedelectours.com\\\/de\\\/#organization\",\"name\":\"Dutch Pedelec Tours\",\"url\":\"https:\\\/\\\/www.dutchpedelectours.com\\\/de\\\/\",\"logo\":{\"@id\":\"https:\\\/\\\/www.dutchpedelectours.com\\\/de\\\/cycletouring\\\/tour-fur-naturfreunde\\\/#local-main-organization-logo\"},\"image\":{\"@id\":\"https:\\\/\\\/www.dutchpedelectours.com\\\/de\\\/cycletouring\\\/tour-fur-naturfreunde\\\/#local-main-organization-logo\"},\"sameAs\":[\"https:\\\/\\\/www.facebook.com\\\/dutchpedelec\",\"https:\\\/\\\/x.com\\\/dutchpedelec\",\"https:\\\/\\\/www.instagram.com\\\/dutchpedelec\\\/\",\"https:\\\/\\\/www.pinterest.com\\\/dutchpedelec\\\/\"],\"address\":{\"@id\":\"https:\\\/\\\/www.dutchpedelectours.com\\\/de\\\/cycletouring\\\/tour-fur-naturfreunde\\\/#local-main-place-address\"},\"geo\":{\"@type\":\"GeoCoordinates\",\"latitude\":\"52.473070\",\"longitude\":\"4.674476\"},\"telephone\":[\"+31 (0)621591870\"],\"openingHoursSpecification\":[{\"@type\":\"OpeningHoursSpecification\",\"dayOfWeek\":[\"Monday\",\"Tuesday\",\"Wednesday\",\"Thursday\",\"Friday\",\"Saturday\",\"Sunday\"],\"opens\":\"09:00\",\"closes\":\"18:00\"}],\"email\":\"info@dutchpedelectours.com\",\"areaServed\":\"the Netherlands\",\"vatID\":\"NL001509724B26\",\"priceRange\":\"$$\",\"currenciesAccepted\":\"Euros\",\"paymentAccepted\":\"cash, creditcard, debetcard\"},{\"@type\":\"PostalAddress\",\"@id\":\"https:\\\/\\\/www.dutchpedelectours.com\\\/de\\\/cycletouring\\\/tour-fur-naturfreunde\\\/#local-main-place-address\",\"streetAddress\":\"Flevoland 11\",\"addressLocality\":\"Beverwijk\",\"postalCode\":\"1948RH\",\"addressRegion\":\"Noord-Holland\",\"addressCountry\":\"NL\"},{\"@type\":\"ImageObject\",\"inLanguage\":\"de-DE\",\"@id\":\"https:\\\/\\\/www.dutchpedelectours.com\\\/de\\\/cycletouring\\\/tour-fur-naturfreunde\\\/#local-main-organization-logo\",\"url\":\"https:\\\/\\\/www.dutchpedelectours.com\\\/wp-content\\\/uploads\\\/2015\\\/03\\\/DPT-FACEBOOK-WIT.jpg\",\"contentUrl\":\"https:\\\/\\\/www.dutchpedelectours.com\\\/wp-content\\\/uploads\\\/2015\\\/03\\\/DPT-FACEBOOK-WIT.jpg\",\"width\":180,\"height\":180,\"caption\":\"Dutch Pedelec Tours\"}]}<\/script>\n<meta name=\"geo.placename\" content=\"Beverwijk\" \/>\n<meta name=\"geo.position\" content=\"52.473070;4.674476\" \/>\n<meta name=\"geo.region\" content=\"Niederlande\" \/>\n<!-- \/ Yoast SEO Premium plugin. -->","yoast_head_json":{"title":"Tour f\u00fcr Naturfreunde - Dutch Pedelec Tours","description":"Tour f\u00fcr Naturfreunde Diese Route f\u00fchrt durch den Nationalpark Zuid-Kennemerland","robots":{"index":"index","follow":"follow","max-snippet":"max-snippet:-1","max-image-preview":"max-image-preview:large","max-video-preview":"max-video-preview:-1"},"canonical":"https:\/\/www.dutchpedelectours.com\/de\/cycletouring\/tour-fur-naturfreunde\/","og_locale":"de_DE","og_type":"article","og_title":"Tour f\u00fcr Naturfreunde","og_description":"Tour f\u00fcr Naturfreunde Diese Route f\u00fchrt durch den Nationalpark Zuid-Kennemerland","og_url":"https:\/\/www.dutchpedelectours.com\/de\/cycletouring\/tour-fur-naturfreunde\/","og_site_name":"Dutch Pedelec Tours","article_publisher":"https:\/\/www.facebook.com\/dutchpedelec","article_modified_time":"2015-08-22T12:44:19+00:00","og_image":[{"url":"https:\/\/www.dutchpedelectours.com\/wp-content\/uploads\/2014\/10\/15044b9d-b99c-482a-a19f-d12ca46e56d0-300x199.jpg","type":"","width":"","height":""}],"twitter_card":"summary_large_image","twitter_site":"@dutchpedelec","twitter_misc":{"Gesch\u00e4tzte Lesezeit":"1 minute"},"schema":{"@context":"https:\/\/schema.org","@graph":[{"@type":"WebPage","@id":"https:\/\/www.dutchpedelectours.com\/de\/cycletouring\/tour-fur-naturfreunde\/","url":"https:\/\/www.dutchpedelectours.com\/de\/cycletouring\/tour-fur-naturfreunde\/","name":"Tour f\u00fcr Naturfreunde - Dutch Pedelec Tours","isPartOf":{"@id":"https:\/\/www.dutchpedelectours.com\/de\/#website"},"primaryImageOfPage":{"@id":"https:\/\/www.dutchpedelectours.com\/de\/cycletouring\/tour-fur-naturfreunde\/#primaryimage"},"image":{"@id":"https:\/\/www.dutchpedelectours.com\/de\/cycletouring\/tour-fur-naturfreunde\/#primaryimage"},"thumbnailUrl":"https:\/\/www.dutchpedelectours.com\/wp-content\/uploads\/2014\/10\/15044b9d-b99c-482a-a19f-d12ca46e56d0-300x199.jpg","datePublished":"2015-01-06T12:23:09+00:00","dateModified":"2015-08-22T12:44:19+00:00","description":"Tour f\u00fcr Naturfreunde Diese Route f\u00fchrt durch den Nationalpark Zuid-Kennemerland","breadcrumb":{"@id":"https:\/\/www.dutchpedelectours.com\/de\/cycletouring\/tour-fur-naturfreunde\/#breadcrumb"},"inLanguage":"de-DE","potentialAction":[{"@type":"ReadAction","target":["https:\/\/www.dutchpedelectours.com\/de\/cycletouring\/tour-fur-naturfreunde\/"]}]},{"@type":"ImageObject","inLanguage":"de-DE","@id":"https:\/\/www.dutchpedelectours.com\/de\/cycletouring\/tour-fur-naturfreunde\/#primaryimage","url":"https:\/\/www.dutchpedelectours.com\/wp-content\/uploads\/2014\/10\/15044b9d-b99c-482a-a19f-d12ca46e56d0-300x199.jpg","contentUrl":"https:\/\/www.dutchpedelectours.com\/wp-content\/uploads\/2014\/10\/15044b9d-b99c-482a-a19f-d12ca46e56d0-300x199.jpg"},{"@type":"BreadcrumbList","@id":"https:\/\/www.dutchpedelectours.com\/de\/cycletouring\/tour-fur-naturfreunde\/#breadcrumb","itemListElement":[{"@type":"ListItem","position":1,"name":"Home","item":"https:\/\/www.dutchpedelectours.com\/de\/"},{"@type":"ListItem","position":2,"name":"Eine trip buchen","item":"https:\/\/www.dutchpedelectours.com\/de\/cycletouring\/"},{"@type":"ListItem","position":3,"name":"Tour f\u00fcr Naturfreunde"}]},{"@type":"WebSite","@id":"https:\/\/www.dutchpedelectours.com\/de\/#website","url":"https:\/\/www.dutchpedelectours.com\/de\/","name":"Dutch Pedelec Tours","description":"Pedelec rental in IJmuiden and Haarlem, E-bike fietsverhuur in omgeving van IJmuiden, Elektrofahrradverleih in IJmuiden und Haarlem","publisher":{"@id":"https:\/\/www.dutchpedelectours.com\/de\/#organization"},"potentialAction":[{"@type":"SearchAction","target":{"@type":"EntryPoint","urlTemplate":"https:\/\/www.dutchpedelectours.com\/de\/?s={search_term_string}"},"query-input":{"@type":"PropertyValueSpecification","valueRequired":true,"valueName":"search_term_string"}}],"inLanguage":"de-DE"},{"@type":["Organization","Place","TravelAgency"],"@id":"https:\/\/www.dutchpedelectours.com\/de\/#organization","name":"Dutch Pedelec Tours","url":"https:\/\/www.dutchpedelectours.com\/de\/","logo":{"@id":"https:\/\/www.dutchpedelectours.com\/de\/cycletouring\/tour-fur-naturfreunde\/#local-main-organization-logo"},"image":{"@id":"https:\/\/www.dutchpedelectours.com\/de\/cycletouring\/tour-fur-naturfreunde\/#local-main-organization-logo"},"sameAs":["https:\/\/www.facebook.com\/dutchpedelec","https:\/\/x.com\/dutchpedelec","https:\/\/www.instagram.com\/dutchpedelec\/","https:\/\/www.pinterest.com\/dutchpedelec\/"],"address":{"@id":"https:\/\/www.dutchpedelectours.com\/de\/cycletouring\/tour-fur-naturfreunde\/#local-main-place-address"},"geo":{"@type":"GeoCoordinates","latitude":"52.473070","longitude":"4.674476"},"telephone":["+31 (0)621591870"],"openingHoursSpecification":[{"@type":"OpeningHoursSpecification","dayOfWeek":["Monday","Tuesday","Wednesday","Thursday","Friday","Saturday","Sunday"],"opens":"09:00","closes":"18:00"}],"email":"info@dutchpedelectours.com","areaServed":"the Netherlands","vatID":"NL001509724B26","priceRange":"$$","currenciesAccepted":"Euros","paymentAccepted":"cash, creditcard, debetcard"},{"@type":"PostalAddress","@id":"https:\/\/www.dutchpedelectours.com\/de\/cycletouring\/tour-fur-naturfreunde\/#local-main-place-address","streetAddress":"Flevoland 11","addressLocality":"Beverwijk","postalCode":"1948RH","addressRegion":"Noord-Holland","addressCountry":"NL"},{"@type":"ImageObject","inLanguage":"de-DE","@id":"https:\/\/www.dutchpedelectours.com\/de\/cycletouring\/tour-fur-naturfreunde\/#local-main-organization-logo","url":"https:\/\/www.dutchpedelectours.com\/wp-content\/uploads\/2015\/03\/DPT-FACEBOOK-WIT.jpg","contentUrl":"https:\/\/www.dutchpedelectours.com\/wp-content\/uploads\/2015\/03\/DPT-FACEBOOK-WIT.jpg","width":180,"height":180,"caption":"Dutch Pedelec Tours"}]},"geo.placename":"Beverwijk","geo.position":{"lat":"52.473070","long":"4.674476"},"geo.region":"Niederlande"},"_links":{"self":[{"href":"https:\/\/www.dutchpedelectours.com\/de\/wp-json\/wp\/v2\/pages\/3551","targetHints":{"allow":["GET"]}}],"collection":[{"href":"https:\/\/www.dutchpedelectours.com\/de\/wp-json\/wp\/v2\/pages"}],"about":[{"href":"https:\/\/www.dutchpedelectours.com\/de\/wp-json\/wp\/v2\/types\/page"}],"author":[{"embeddable":true,"href":"https:\/\/www.dutchpedelectours.com\/de\/wp-json\/wp\/v2\/users\/3"}],"replies":[{"embeddable":true,"href":"https:\/\/www.dutchpedelectours.com\/de\/wp-json\/wp\/v2\/comments?post=3551"}],"version-history":[{"count":0,"href":"https:\/\/www.dutchpedelectours.com\/de\/wp-json\/wp\/v2\/pages\/3551\/revisions"}],"up":[{"embeddable":true,"href":"https:\/\/www.dutchpedelectours.com\/de\/wp-json\/wp\/v2\/pages\/3561"}],"wp:attachment":[{"href":"https:\/\/www.dutchpedelectours.com\/de\/wp-json\/wp\/v2\/media?parent=3551"}],"curies":[{"name":"wp","href":"https:\/\/api.w.org\/{rel}","templated":true}]}}