{"id":3571,"date":"2015-01-06T12:43:06","date_gmt":"2015-01-06T12:43:06","guid":{"rendered":"https:\/\/www.dutchpedelectours.com\/?page_id=3571"},"modified":"2025-11-16T10:24:39","modified_gmt":"2025-11-16T09:24:39","slug":"fahrradverleih-beverwijk","status":"publish","type":"page","link":"https:\/\/www.dutchpedelectours.com\/de\/fahrradverleih-beverwijk\/","title":{"rendered":"Fahrradverleih Beverwijk"},"content":{"rendered":"<p><a href=\"https:\/\/www.dutchpedelectours.com\/wp-content\/uploads\/2014\/10\/GroteKerkBeverwijk.jpg\"><img fetchpriority=\"high\" decoding=\"async\" class=\"alignleft size-medium wp-image-2521\" src=\"https:\/\/www.dutchpedelectours.com\/wp-content\/uploads\/2014\/10\/GroteKerkBeverwijk-300x200.jpg\" alt=\"Fahrradverleih Beverwijk\" width=\"300\" height=\"200\" \/><\/a>Dutch Pedelec Tours, Fahrradverleih Beverwijk, Ein Unternehmen das sich auf den Fahrradverleih von hochwertigen Flyer Elektrofahrr\u00e4der (Pedelecs) in Beverwijk und Umgebung Wijk aan Zee spezialisiert hat.<\/p>\n<p>Warum? Weil wir finden, dass dieser Bereich am besten mit dem Fahrrad erkundet werde.<\/p>\n<p>Wir haben die sch\u00f6nsten Routen f\u00fcr Sie zusammengestellt, und auf unseren komfortablen Elktrofahrr\u00e4der (pedelecs) k\u00f6nnen Sie auf entspannte Art und Weise die wundersch\u00f6ne Umgebung kennen lernen.<\/p>\n<h2>Fahrradverleih Beverwijk<\/h2>\n<p><a href=\"https:\/\/www.dutchpedelectours.com\/wp-content\/uploads\/2013\/03\/Flyer-T5.jpg\"><img decoding=\"async\" class=\"alignleft wp-image-132 size-medium lazyload\" data-src=\"https:\/\/www.dutchpedelectours.com\/wp-content\/uploads\/2013\/03\/Flyer-T5-300x200.jpg\" alt=\"fahrradverleih haarlem\" width=\"300\" height=\"200\" src=\"data:image\/svg+xml;base64,PHN2ZyB3aWR0aD0iMSIgaGVpZ2h0PSIxIiB4bWxucz0iaHR0cDovL3d3dy53My5vcmcvMjAwMC9zdmciPjwvc3ZnPg==\" style=\"--smush-placeholder-width: 300px; --smush-placeholder-aspect-ratio: 300\/200;\" \/><\/a>Sie k\u00f6nnen ein fahrrad mieten f\u00fcr \u20ac 30,- pro tag oder \u20ac 70,- pro wochenende. F\u00fcr mehr Tage k\u00f6nnen Sie uns um mehr Informationen bitten.<\/p>\n<p>Sie k\u00f6nnen unsere E-Bikes zu Ihrem Hotel oder Campingplatz liefern lassen. F\u00fcr Lieferung in Beverwijk oder Wijk aan Zee\u00a0z\u00e4hlen wir keines liefern Kosten.<\/p>\n<h2>Tagesreisen<\/h2>\n<p>Sind Sie in Holland w\u00e4hrend einer kurzen Zeit? W\u00fcnschen Sie Ideen f\u00fcr den besten Fahrradweg? Wir haben eine Auswahl von &#8220;tun m\u00fcssen&#8221; Tagesreisen besonders f\u00fcr Radfahrer aus dem Ausland gemacht. Nicht nur zu den touristischen H\u00f6hepunkten, aber auch zu anderen Orten des Interesses, einschlie\u00dflich viele Bereiche der hervorragenden nat\u00fcrlichen Sch\u00f6nheit.<\/p>\n<p>Hier sind ein \u00dcberblick \u00fcber unsere<span style=\"color: #ff6600;\"> <a style=\"color: #ff6600;\" title=\"Unsere Ausfl\u00fcge\" href=\"https:\/\/www.dutchpedelectours.com\/de\/ausflug-haarlem\/\">Tagesreisen von Haarlem<\/a><\/span><\/p>\n<p>Wir begleiten (kleine) Gruppen, Sie k\u00f6nnen mit unseren E-Bikes aber auch auf eigene Faust die Umgebung erkunden.<\/p>\n<h2>Reisefirma<\/h2>\n<p>Bieten Sie Fahrradurlaub in den Niederlanden und wollen Sie auch unsere Produkte in Ihr Angebot zu bringen? Dann setzen Sie sich gleich mit uns in Verbindung und gehen auf <span style=\"color: #ff6600;\"><a style=\"color: #ff6600;\" title=\"Kontakt\" href=\"https:\/\/www.dutchpedelectours.com\/de\/kontakt-2\/\">Kontakt<\/a><\/span>!<\/p>\n<p>F\u00fcr Firmen bieten wir Spezialprogramme an, und selbstverst\u00e4ndlich sind auch unsere <span style=\"color: #ff6600;\"><a style=\"color: #ff6600;\" title=\"Unsere Ausfl\u00fcge\" href=\"https:\/\/www.dutchpedelectours.com\/de\/ausflug-haarlem\/\">allgemeinen Routen<\/a><\/span> verf\u00fcgbar.<\/p>\n<p>Wir bieten komplette Programme an und organisieren Ihnen auf Wunsch einen F\u00fchrer, Mittag- und\/oder Abendessen. Auch f\u00fcr Teambuilding-Events stehen Ihnen unsere Mitarbeiter gerne zur Verf\u00fcgung.<\/p>\n<div id=\"TA_selfserveprop200\" class=\"TA_selfserveprop\">\n<ul id=\"vx0AhE17zoXK\" class=\"TA_links ej7FCRjtQbh\">\n<li id=\"8HGjkCj6\" class=\"YPSjRX3h54os\"><a href=\"https:\/\/www.tripadvisor.de\/\" target=\"_blank\" rel=\"noopener\"><img decoding=\"async\" data-src=\"https:\/\/www.tripadvisor.de\/img\/cdsi\/img2\/branding\/150_logo-11900-2.png\" alt=\"TripAdvisor\" src=\"data:image\/svg+xml;base64,PHN2ZyB3aWR0aD0iMSIgaGVpZ2h0PSIxIiB4bWxucz0iaHR0cDovL3d3dy53My5vcmcvMjAwMC9zdmciPjwvc3ZnPg==\" class=\"lazyload\" \/><\/a><\/li>\n<\/ul>\n<\/div>\n<p><script src=\"https:\/\/www.jscache.com\/wejs?wtype=selfserveprop&amp;uniq=200&amp;locationId=4573292&amp;lang=de&amp;rating=true&amp;nreviews=5&amp;writereviewlink=true&amp;popIdx=true&amp;iswide=false&amp;border=true&amp;display_version=2\"><\/script><\/p>\n","protected":false},"excerpt":{"rendered":"<p>Dutch Pedelec Tours, Fahrradverleih Beverwijk, Ein Unternehmen das sich auf den Fahrradverleih von hochwertigen Flyer Elektrofahrr\u00e4der (Pedelecs) in Beverwijk und<\/p>\n<div class=\"read-button read_more_btn_text\"><a class=\"read_more\" href=\"https:\/\/www.dutchpedelectours.com\/de\/fahrradverleih-beverwijk\/\">Read more<span class=\"arrow_readm\"> &#x25BA;<\/span><\/a><\/div>\n","protected":false},"author":3,"featured_media":0,"parent":0,"menu_order":0,"comment_status":"closed","ping_status":"open","template":"","meta":{"footnotes":""},"class_list":["post-3571","page","type-page","status-publish","hentry"],"yoast_head":"<!-- This site is optimized with the Yoast SEO Premium plugin v27.5 (Yoast SEO v27.5) - https:\/\/yoast.com\/product\/yoast-seo-premium-wordpress\/ -->\n<title>Fahrradverleih Beverwijk - Elektrofahrr\u00e4der von Dutch Pedelec Tours<\/title>\n<meta name=\"description\" content=\"Fahrradverleih Beverwijk um die sch\u00f6ne umgebung von Beverwijk und Wijk aan Zee in der Provinz Nord-Holland(die Niederlande) zu erkunden\" \/>\n<meta name=\"robots\" content=\"index, follow, max-snippet:-1, max-image-preview:large, max-video-preview:-1\" \/>\n<link rel=\"canonical\" href=\"https:\/\/www.dutchpedelectours.com\/de\/fahrradverleih-beverwijk\/\" \/>\n<meta property=\"og:locale\" content=\"de_DE\" \/>\n<meta property=\"og:type\" content=\"article\" \/>\n<meta property=\"og:title\" content=\"Fahrradverleih Beverwijk\" \/>\n<meta property=\"og:description\" content=\"Fahrradverleih Beverwijk um die sch\u00f6ne umgebung von Beverwijk und Wijk aan Zee in der Provinz Nord-Holland(die Niederlande) zu erkunden\" \/>\n<meta property=\"og:url\" content=\"https:\/\/www.dutchpedelectours.com\/de\/fahrradverleih-beverwijk\/\" \/>\n<meta property=\"og:site_name\" content=\"Dutch Pedelec Tours\" \/>\n<meta property=\"article:publisher\" content=\"https:\/\/www.facebook.com\/dutchpedelec\" \/>\n<meta property=\"article:modified_time\" content=\"2025-11-16T09:24:39+00:00\" \/>\n<meta property=\"og:image\" content=\"https:\/\/www.dutchpedelectours.com\/wp-content\/uploads\/2015\/03\/DPT-FACEBOOK-WIT.jpg\" \/>\n\t<meta property=\"og:image:width\" content=\"180\" \/>\n\t<meta property=\"og:image:height\" content=\"180\" \/>\n\t<meta property=\"og:image:type\" content=\"image\/jpeg\" \/>\n<meta name=\"twitter:card\" content=\"summary_large_image\" \/>\n<meta name=\"twitter:site\" content=\"@dutchpedelec\" \/>\n<meta name=\"twitter:label1\" content=\"Gesch\u00e4tzte Lesezeit\" \/>\n\t<meta name=\"twitter:data1\" content=\"2 minutes\" \/>\n<script type=\"application\/ld+json\" class=\"yoast-schema-graph\">{\"@context\":\"https:\\\/\\\/schema.org\",\"@graph\":[{\"@type\":\"WebPage\",\"@id\":\"https:\\\/\\\/www.dutchpedelectours.com\\\/de\\\/fahrradverleih-beverwijk\\\/\",\"url\":\"https:\\\/\\\/www.dutchpedelectours.com\\\/de\\\/fahrradverleih-beverwijk\\\/\",\"name\":\"Fahrradverleih Beverwijk - Elektrofahrr\u00e4der von Dutch Pedelec Tours\",\"isPartOf\":{\"@id\":\"https:\\\/\\\/www.dutchpedelectours.com\\\/de\\\/#website\"},\"primaryImageOfPage\":{\"@id\":\"https:\\\/\\\/www.dutchpedelectours.com\\\/de\\\/fahrradverleih-beverwijk\\\/#primaryimage\"},\"image\":{\"@id\":\"https:\\\/\\\/www.dutchpedelectours.com\\\/de\\\/fahrradverleih-beverwijk\\\/#primaryimage\"},\"thumbnailUrl\":\"https:\\\/\\\/www.dutchpedelectours.com\\\/wp-content\\\/uploads\\\/2014\\\/10\\\/GroteKerkBeverwijk-300x200.jpg\",\"datePublished\":\"2015-01-06T12:43:06+00:00\",\"dateModified\":\"2025-11-16T09:24:39+00:00\",\"description\":\"Fahrradverleih Beverwijk um die sch\u00f6ne umgebung von Beverwijk und Wijk aan Zee in der Provinz Nord-Holland(die Niederlande) zu erkunden\",\"breadcrumb\":{\"@id\":\"https:\\\/\\\/www.dutchpedelectours.com\\\/de\\\/fahrradverleih-beverwijk\\\/#breadcrumb\"},\"inLanguage\":\"de-DE\",\"potentialAction\":[{\"@type\":\"ReadAction\",\"target\":[\"https:\\\/\\\/www.dutchpedelectours.com\\\/de\\\/fahrradverleih-beverwijk\\\/\"]}]},{\"@type\":\"ImageObject\",\"inLanguage\":\"de-DE\",\"@id\":\"https:\\\/\\\/www.dutchpedelectours.com\\\/de\\\/fahrradverleih-beverwijk\\\/#primaryimage\",\"url\":\"https:\\\/\\\/www.dutchpedelectours.com\\\/wp-content\\\/uploads\\\/2014\\\/10\\\/GroteKerkBeverwijk-300x200.jpg\",\"contentUrl\":\"https:\\\/\\\/www.dutchpedelectours.com\\\/wp-content\\\/uploads\\\/2014\\\/10\\\/GroteKerkBeverwijk-300x200.jpg\"},{\"@type\":\"BreadcrumbList\",\"@id\":\"https:\\\/\\\/www.dutchpedelectours.com\\\/de\\\/fahrradverleih-beverwijk\\\/#breadcrumb\",\"itemListElement\":[{\"@type\":\"ListItem\",\"position\":1,\"name\":\"Home\",\"item\":\"https:\\\/\\\/www.dutchpedelectours.com\\\/de\\\/\"},{\"@type\":\"ListItem\",\"position\":2,\"name\":\"Fahrradverleih Beverwijk\"}]},{\"@type\":\"WebSite\",\"@id\":\"https:\\\/\\\/www.dutchpedelectours.com\\\/de\\\/#website\",\"url\":\"https:\\\/\\\/www.dutchpedelectours.com\\\/de\\\/\",\"name\":\"Dutch Pedelec Tours\",\"description\":\"Pedelec rental in IJmuiden and Haarlem, E-bike fietsverhuur in omgeving van IJmuiden, Elektrofahrradverleih in IJmuiden und Haarlem\",\"publisher\":{\"@id\":\"https:\\\/\\\/www.dutchpedelectours.com\\\/de\\\/#organization\"},\"potentialAction\":[{\"@type\":\"SearchAction\",\"target\":{\"@type\":\"EntryPoint\",\"urlTemplate\":\"https:\\\/\\\/www.dutchpedelectours.com\\\/de\\\/?s={search_term_string}\"},\"query-input\":{\"@type\":\"PropertyValueSpecification\",\"valueRequired\":true,\"valueName\":\"search_term_string\"}}],\"inLanguage\":\"de-DE\"},{\"@type\":[\"Organization\",\"Place\",\"TravelAgency\"],\"@id\":\"https:\\\/\\\/www.dutchpedelectours.com\\\/de\\\/#organization\",\"name\":\"Dutch Pedelec Tours\",\"url\":\"https:\\\/\\\/www.dutchpedelectours.com\\\/de\\\/\",\"logo\":{\"@id\":\"https:\\\/\\\/www.dutchpedelectours.com\\\/de\\\/fahrradverleih-beverwijk\\\/#local-main-organization-logo\"},\"image\":{\"@id\":\"https:\\\/\\\/www.dutchpedelectours.com\\\/de\\\/fahrradverleih-beverwijk\\\/#local-main-organization-logo\"},\"sameAs\":[\"https:\\\/\\\/www.facebook.com\\\/dutchpedelec\",\"https:\\\/\\\/x.com\\\/dutchpedelec\",\"https:\\\/\\\/www.instagram.com\\\/dutchpedelec\\\/\",\"https:\\\/\\\/www.pinterest.com\\\/dutchpedelec\\\/\"],\"address\":{\"@id\":\"https:\\\/\\\/www.dutchpedelectours.com\\\/de\\\/fahrradverleih-beverwijk\\\/#local-main-place-address\"},\"geo\":{\"@type\":\"GeoCoordinates\",\"latitude\":\"52.473070\",\"longitude\":\"4.674476\"},\"telephone\":[\"+31 (0)621591870\"],\"openingHoursSpecification\":[{\"@type\":\"OpeningHoursSpecification\",\"dayOfWeek\":[\"Monday\",\"Tuesday\",\"Wednesday\",\"Thursday\",\"Friday\",\"Saturday\",\"Sunday\"],\"opens\":\"09:00\",\"closes\":\"18:00\"}],\"email\":\"info@dutchpedelectours.com\",\"areaServed\":\"the Netherlands\",\"vatID\":\"NL001509724B26\",\"priceRange\":\"$$\",\"currenciesAccepted\":\"Euros\",\"paymentAccepted\":\"cash, creditcard, debetcard\"},{\"@type\":\"PostalAddress\",\"@id\":\"https:\\\/\\\/www.dutchpedelectours.com\\\/de\\\/fahrradverleih-beverwijk\\\/#local-main-place-address\",\"streetAddress\":\"Flevoland 11\",\"addressLocality\":\"Beverwijk\",\"postalCode\":\"1948RH\",\"addressRegion\":\"Noord-Holland\",\"addressCountry\":\"NL\"},{\"@type\":\"ImageObject\",\"inLanguage\":\"de-DE\",\"@id\":\"https:\\\/\\\/www.dutchpedelectours.com\\\/de\\\/fahrradverleih-beverwijk\\\/#local-main-organization-logo\",\"url\":\"https:\\\/\\\/www.dutchpedelectours.com\\\/wp-content\\\/uploads\\\/2015\\\/03\\\/DPT-FACEBOOK-WIT.jpg\",\"contentUrl\":\"https:\\\/\\\/www.dutchpedelectours.com\\\/wp-content\\\/uploads\\\/2015\\\/03\\\/DPT-FACEBOOK-WIT.jpg\",\"width\":180,\"height\":180,\"caption\":\"Dutch Pedelec Tours\"}]}<\/script>\n<meta name=\"geo.placename\" content=\"Beverwijk\" \/>\n<meta name=\"geo.position\" content=\"52.473070;4.674476\" \/>\n<meta name=\"geo.region\" content=\"Niederlande\" \/>\n<!-- \/ Yoast SEO Premium plugin. -->","yoast_head_json":{"title":"Fahrradverleih Beverwijk - Elektrofahrr\u00e4der von Dutch Pedelec Tours","description":"Fahrradverleih Beverwijk um die sch\u00f6ne umgebung von Beverwijk und Wijk aan Zee in der Provinz Nord-Holland(die Niederlande) zu erkunden","robots":{"index":"index","follow":"follow","max-snippet":"max-snippet:-1","max-image-preview":"max-image-preview:large","max-video-preview":"max-video-preview:-1"},"canonical":"https:\/\/www.dutchpedelectours.com\/de\/fahrradverleih-beverwijk\/","og_locale":"de_DE","og_type":"article","og_title":"Fahrradverleih Beverwijk","og_description":"Fahrradverleih Beverwijk um die sch\u00f6ne umgebung von Beverwijk und Wijk aan Zee in der Provinz Nord-Holland(die Niederlande) zu erkunden","og_url":"https:\/\/www.dutchpedelectours.com\/de\/fahrradverleih-beverwijk\/","og_site_name":"Dutch Pedelec Tours","article_publisher":"https:\/\/www.facebook.com\/dutchpedelec","article_modified_time":"2025-11-16T09:24:39+00:00","og_image":[{"width":180,"height":180,"url":"https:\/\/www.dutchpedelectours.com\/wp-content\/uploads\/2015\/03\/DPT-FACEBOOK-WIT.jpg","type":"image\/jpeg"}],"twitter_card":"summary_large_image","twitter_site":"@dutchpedelec","twitter_misc":{"Gesch\u00e4tzte Lesezeit":"2 minutes"},"schema":{"@context":"https:\/\/schema.org","@graph":[{"@type":"WebPage","@id":"https:\/\/www.dutchpedelectours.com\/de\/fahrradverleih-beverwijk\/","url":"https:\/\/www.dutchpedelectours.com\/de\/fahrradverleih-beverwijk\/","name":"Fahrradverleih Beverwijk - Elektrofahrr\u00e4der von Dutch Pedelec Tours","isPartOf":{"@id":"https:\/\/www.dutchpedelectours.com\/de\/#website"},"primaryImageOfPage":{"@id":"https:\/\/www.dutchpedelectours.com\/de\/fahrradverleih-beverwijk\/#primaryimage"},"image":{"@id":"https:\/\/www.dutchpedelectours.com\/de\/fahrradverleih-beverwijk\/#primaryimage"},"thumbnailUrl":"https:\/\/www.dutchpedelectours.com\/wp-content\/uploads\/2014\/10\/GroteKerkBeverwijk-300x200.jpg","datePublished":"2015-01-06T12:43:06+00:00","dateModified":"2025-11-16T09:24:39+00:00","description":"Fahrradverleih Beverwijk um die sch\u00f6ne umgebung von Beverwijk und Wijk aan Zee in der Provinz Nord-Holland(die Niederlande) zu erkunden","breadcrumb":{"@id":"https:\/\/www.dutchpedelectours.com\/de\/fahrradverleih-beverwijk\/#breadcrumb"},"inLanguage":"de-DE","potentialAction":[{"@type":"ReadAction","target":["https:\/\/www.dutchpedelectours.com\/de\/fahrradverleih-beverwijk\/"]}]},{"@type":"ImageObject","inLanguage":"de-DE","@id":"https:\/\/www.dutchpedelectours.com\/de\/fahrradverleih-beverwijk\/#primaryimage","url":"https:\/\/www.dutchpedelectours.com\/wp-content\/uploads\/2014\/10\/GroteKerkBeverwijk-300x200.jpg","contentUrl":"https:\/\/www.dutchpedelectours.com\/wp-content\/uploads\/2014\/10\/GroteKerkBeverwijk-300x200.jpg"},{"@type":"BreadcrumbList","@id":"https:\/\/www.dutchpedelectours.com\/de\/fahrradverleih-beverwijk\/#breadcrumb","itemListElement":[{"@type":"ListItem","position":1,"name":"Home","item":"https:\/\/www.dutchpedelectours.com\/de\/"},{"@type":"ListItem","position":2,"name":"Fahrradverleih Beverwijk"}]},{"@type":"WebSite","@id":"https:\/\/www.dutchpedelectours.com\/de\/#website","url":"https:\/\/www.dutchpedelectours.com\/de\/","name":"Dutch Pedelec Tours","description":"Pedelec rental in IJmuiden and Haarlem, E-bike fietsverhuur in omgeving van IJmuiden, Elektrofahrradverleih in IJmuiden und Haarlem","publisher":{"@id":"https:\/\/www.dutchpedelectours.com\/de\/#organization"},"potentialAction":[{"@type":"SearchAction","target":{"@type":"EntryPoint","urlTemplate":"https:\/\/www.dutchpedelectours.com\/de\/?s={search_term_string}"},"query-input":{"@type":"PropertyValueSpecification","valueRequired":true,"valueName":"search_term_string"}}],"inLanguage":"de-DE"},{"@type":["Organization","Place","TravelAgency"],"@id":"https:\/\/www.dutchpedelectours.com\/de\/#organization","name":"Dutch Pedelec Tours","url":"https:\/\/www.dutchpedelectours.com\/de\/","logo":{"@id":"https:\/\/www.dutchpedelectours.com\/de\/fahrradverleih-beverwijk\/#local-main-organization-logo"},"image":{"@id":"https:\/\/www.dutchpedelectours.com\/de\/fahrradverleih-beverwijk\/#local-main-organization-logo"},"sameAs":["https:\/\/www.facebook.com\/dutchpedelec","https:\/\/x.com\/dutchpedelec","https:\/\/www.instagram.com\/dutchpedelec\/","https:\/\/www.pinterest.com\/dutchpedelec\/"],"address":{"@id":"https:\/\/www.dutchpedelectours.com\/de\/fahrradverleih-beverwijk\/#local-main-place-address"},"geo":{"@type":"GeoCoordinates","latitude":"52.473070","longitude":"4.674476"},"telephone":["+31 (0)621591870"],"openingHoursSpecification":[{"@type":"OpeningHoursSpecification","dayOfWeek":["Monday","Tuesday","Wednesday","Thursday","Friday","Saturday","Sunday"],"opens":"09:00","closes":"18:00"}],"email":"info@dutchpedelectours.com","areaServed":"the Netherlands","vatID":"NL001509724B26","priceRange":"$$","currenciesAccepted":"Euros","paymentAccepted":"cash, creditcard, debetcard"},{"@type":"PostalAddress","@id":"https:\/\/www.dutchpedelectours.com\/de\/fahrradverleih-beverwijk\/#local-main-place-address","streetAddress":"Flevoland 11","addressLocality":"Beverwijk","postalCode":"1948RH","addressRegion":"Noord-Holland","addressCountry":"NL"},{"@type":"ImageObject","inLanguage":"de-DE","@id":"https:\/\/www.dutchpedelectours.com\/de\/fahrradverleih-beverwijk\/#local-main-organization-logo","url":"https:\/\/www.dutchpedelectours.com\/wp-content\/uploads\/2015\/03\/DPT-FACEBOOK-WIT.jpg","contentUrl":"https:\/\/www.dutchpedelectours.com\/wp-content\/uploads\/2015\/03\/DPT-FACEBOOK-WIT.jpg","width":180,"height":180,"caption":"Dutch Pedelec Tours"}]},"geo.placename":"Beverwijk","geo.position":{"lat":"52.473070","long":"4.674476"},"geo.region":"Niederlande"},"_links":{"self":[{"href":"https:\/\/www.dutchpedelectours.com\/de\/wp-json\/wp\/v2\/pages\/3571","targetHints":{"allow":["GET"]}}],"collection":[{"href":"https:\/\/www.dutchpedelectours.com\/de\/wp-json\/wp\/v2\/pages"}],"about":[{"href":"https:\/\/www.dutchpedelectours.com\/de\/wp-json\/wp\/v2\/types\/page"}],"author":[{"embeddable":true,"href":"https:\/\/www.dutchpedelectours.com\/de\/wp-json\/wp\/v2\/users\/3"}],"replies":[{"embeddable":true,"href":"https:\/\/www.dutchpedelectours.com\/de\/wp-json\/wp\/v2\/comments?post=3571"}],"version-history":[{"count":0,"href":"https:\/\/www.dutchpedelectours.com\/de\/wp-json\/wp\/v2\/pages\/3571\/revisions"}],"wp:attachment":[{"href":"https:\/\/www.dutchpedelectours.com\/de\/wp-json\/wp\/v2\/media?parent=3571"}],"curies":[{"name":"wp","href":"https:\/\/api.w.org\/{rel}","templated":true}]}}