{"id":3591,"date":"2015-01-06T13:06:06","date_gmt":"2015-01-06T13:06:06","guid":{"rendered":"https:\/\/www.dutchpedelectours.com\/?page_id=3591"},"modified":"2017-03-09T11:46:13","modified_gmt":"2017-03-09T11:46:13","slug":"tulpen-ausflug-amsterdam","status":"publish","type":"page","link":"https:\/\/www.dutchpedelectours.com\/de\/cycletouring\/tulpen-ausflug-amsterdam\/","title":{"rendered":"tulpen ausflug amsterdam"},"content":{"rendered":"<p>[meteor_slideshow slideshow=&#8221;tulips&#8221;]<\/p>\n<h2>Die Tulpenroute <span style=\"color: #ff6600;\">im Fr\u00fchling<\/span> \u2013 ein unvergessliches Erlebnis!<\/h2>\n<p>Diese Tulpen ausflug Amsterdam <span class=\"st\">zu den naheliegenden <em>Tulpenfeldern<\/em> <\/span>von Amsterdam haben wir speziell f\u00fcr Sie zusammengestellt, damit Sie in vollen Z\u00fcgen die Bl\u00fctenprachtdes Fr\u00fchlingsgenie\u00dfen k\u00f6nnen. In Zusammenarbeit mit dem Hotel <span style=\"text-decoration: underline;\"><span style=\"color: #ff6600; text-decoration: underline;\"><a style=\"color: #ff6600; text-decoration: underline;\" title=\"Landgut Duin &amp; Kruidberg\" href=\"https:\/\/www.dutchpedelectours.com\/de\/landgut-duin-kruidberg\/\">Duin &amp; Kruidberg<\/a><\/span><\/span> in Santpoort bieten wir Ihnen eine wunderbare Gelegenheit, im Fr\u00fchjahr die K\u00fcstenregion und die Blumenzwiebelregion (Bollenstreek) zu besuchen.<\/p>\n<h2>Tulpen ausflug amsterdam<\/h2>\n<p><a href=\"https:\/\/www.dutchpedelectours.com\/wp-content\/uploads\/2014\/02\/Fotolia_75961008_M-e1450612941386.jpg\"><img fetchpriority=\"high\" decoding=\"async\" class=\"alignnone wp-image-6214 size-full\" src=\"https:\/\/www.dutchpedelectours.com\/wp-content\/uploads\/2014\/02\/Fotolia_75961008_M-e1450612941386.jpg\" alt=\"tulpen ausflug amsterdam\" width=\"480\" height=\"304\"><\/a><\/p>\n<p>Die Tulpen ausflug Amsterdam haben wir speziell f\u00fcr Sie zusammengestellt, sie f\u00fchrt Sie in die Blumenzwiebelregion. Die beste Zeit f\u00fcr diese Radtour ist von Ende M\u00e4rz bis Ende Mai, denn dann stehen die vielen Blumenfelder in voller Bl\u00fcte (die genaue Bl\u00fctezeit h\u00e4ngt vom Wetter ab). Neben den Blumenfeldern f\u00fchrt diese Route auch durch die waldreiche Umgebung von Bloemendaal, Overveen und Bentveld. Die Tour ist insgesamt fast 32 km lang wenn Sie in Lisse beginnen und 65 km lang wenn Sie bei Duin &amp; Kruidberg beginnen, was mit unseren E-Bikes in einem Tag sehr gut und komfortabel zu schaffen ist. Sie k\u00f6nnen die Tour auch ohne \u00dcbernachtung buchen, der Start- und Endpunkt ist dann trotzdem am Hotel-Landgut Duin &amp; Kruidberg.<\/p>\n<p>Oder kombinieren Sie die Route mit einem Arrangement von Duin &amp; Kruidberg. Lassen Sie sich verw\u00f6hnen mit eine \u00dcbernachtung in diesem stilvollen Hotel und spannen Sie am n\u00e4chsten Tag noch in aller Ruhe aus. Oder radeln Sie bis zur Nordsee durch die sch\u00f6nen W\u00e4lder und D\u00fcnen Haarlem oder des Nationalparks Zuid-Kennemerland. Selbstverst\u00e4ndlich k\u00f6nnen Sie Ihr Tagesprogramm auch nach eigenen Vorstellungen gestalten. Wir geben Ihnen gerne Auskunft \u00fcber Spezialangebote.<\/p>\n<p>Eine <span style=\"color: #000000;\">Reservierung<\/span> im Voraus ist obligatorisch.<\/p>\n<p>Die Keukenhof ist ge\u00f6ffnet vom 24. M\u00e4rz bis zum 16. Mai 2016<\/p>\n<p><a title=\"Eine trip buchen\" href=\"https:\/\/www.dutchpedelectours.com\/de\/cycletouring\/\"><img decoding=\"async\" class=\"alignnone wp-image-3990 size-full lazyload\" data-src=\"https:\/\/www.dutchpedelectours.com\/wp-content\/uploads\/2015\/01\/navi_buchen_hover.png\" alt=\"navi_buchen_hover\" width=\"109\" height=\"30\" src=\"data:image\/svg+xml;base64,PHN2ZyB3aWR0aD0iMSIgaGVpZ2h0PSIxIiB4bWxucz0iaHR0cDovL3d3dy53My5vcmcvMjAwMC9zdmciPjwvc3ZnPg==\" style=\"--smush-placeholder-width: 109px; --smush-placeholder-aspect-ratio: 109\/30;\"><\/a><\/p>\n<p>Tagespreis pro E-Bike: \u20ac 30,- einschlie\u00dflich eine extra batterie<br \/>\nWochenende pro E-Bike (Fr. &#8211; So.): \u20ac 75,-<br \/>\nDie Routenbeschreibung ist im Preis inbegriffen.<\/p>\n<p>Wenn Sie Ihren Ausflug in Lisse beginnen sind die Kosten f\u00fcr Anlieferung \u20ac 25,-<br \/>\nEgal wie viel radfahren Sie w\u00fcnschen zu einem Maximum von 10.<\/p>\n<p>Wir senden Ihnen die Route auch gerne als GPS- Download.<\/p>\n<p><script src=\"https:\/\/www.hoteltravel.com\/partner\/scripts\/widgetpartner2.js\" type=\"text\/javascript\"><\/script><script type=\"text\/javascript\">\/\/ <![CDATA[ HTNWidget = new HTNobjectWidget();HTNWidget.Style('270','','','',''); \/\/ ]]><\/script><\/p>\n<div id=\"attachment_1664\" style=\"width: 249px\" class=\"wp-caption alignnone\"><a href=\"https:\/\/www.pinterest.com\/dutchpedelec\/tulip-tours-and-more\/\" target=\"_blank\"><img decoding=\"async\" aria-describedby=\"caption-attachment-1664\" class=\"size-full wp-image-1664 lazyload\" data-src=\"https:\/\/www.dutchpedelectours.com\/wp-content\/uploads\/2014\/02\/Schermafbeelding-2014-04-21-om-15.28.20.png\" alt=\"overzicht tulpenroute tour\" width=\"239\" height=\"246\" src=\"data:image\/svg+xml;base64,PHN2ZyB3aWR0aD0iMSIgaGVpZ2h0PSIxIiB4bWxucz0iaHR0cDovL3d3dy53My5vcmcvMjAwMC9zdmciPjwvc3ZnPg==\" style=\"--smush-placeholder-width: 239px; --smush-placeholder-aspect-ratio: 239\/246;\"><\/a><p id=\"caption-attachment-1664\" class=\"wp-caption-text\">\u00dcberblick tulpenroute tour<\/p><\/div>\n<p>&nbsp;<\/p>\n<p><iframe data-src=\"https:\/\/www.google.nl\/maps\/ms?msa=0&amp;msid=202457936388051168685.0004f8ce739d8b7293260&amp;hl=nl&amp;ie=UTF8&amp;t=m&amp;ll=52.336742,4.561244&amp;spn=0.196762,0.136068&amp;output=embed\" width=\"425\" height=\"350\" frameborder=\"0\" marginwidth=\"0\" marginheight=\"0\" scrolling=\"no\" src=\"data:image\/svg+xml;base64,PHN2ZyB3aWR0aD0iMSIgaGVpZ2h0PSIxIiB4bWxucz0iaHR0cDovL3d3dy53My5vcmcvMjAwMC9zdmciPjwvc3ZnPg==\" class=\"lazyload\" data-load-mode=\"1\"><\/iframe><br \/>\n<small><a style=\"color: #0000ff; text-align: left;\" href=\"https:\/\/www.google.nl\/maps\/ms?msa=0&amp;msid=202457936388051168685.0004f8ce739d8b7293260&amp;hl=nl&amp;ie=UTF8&amp;t=m&amp;ll=52.336742,4.561244&amp;spn=0.196762,0.136068&amp;source=embed\" target=\"_blank\">Tulpeweg stellen Sie auf einer gr\u00f6\u00dferen Skala dar.<\/a> <\/small><\/p>\n","protected":false},"excerpt":{"rendered":"<p>[meteor_slideshow slideshow=&#8221;tulips&#8221;] Die Tulpenroute im Fr\u00fchling \u2013 ein unvergessliches Erlebnis! Diese Tulpen ausflug Amsterdam zu den naheliegenden Tulpenfeldern von Amsterdam<\/p>\n<div class=\"read-button read_more_btn_text\"><a class=\"read_more\" href=\"https:\/\/www.dutchpedelectours.com\/de\/cycletouring\/tulpen-ausflug-amsterdam\/\">Read more<span class=\"arrow_readm\"> &#x25BA;<\/span><\/a><\/div>\n","protected":false},"author":3,"featured_media":0,"parent":3561,"menu_order":0,"comment_status":"closed","ping_status":"open","template":"","meta":{"footnotes":""},"class_list":["post-3591","page","type-page","status-publish","hentry"],"yoast_head":"<!-- This site is optimized with the Yoast SEO Premium plugin v27.4 (Yoast SEO v27.4) - https:\/\/yoast.com\/product\/yoast-seo-premium-wordpress\/ -->\n<title>tulpen ausflug amsterdam - mit Dutch Pedelec Tours<\/title>\n<meta name=\"description\" content=\"tulpen ausflug amsterdam ein Selbst gef\u00fchrter Ausflug mit ein elektrofahrrad nach den Tulpenfeldern im Bollenstreek in Nord- un S\u00fcdholland.\" \/>\n<meta name=\"robots\" content=\"index, follow, max-snippet:-1, max-image-preview:large, max-video-preview:-1\" \/>\n<link rel=\"canonical\" href=\"https:\/\/www.dutchpedelectours.com\/de\/cycletouring\/tulpen-ausflug-amsterdam\/\" \/>\n<meta property=\"og:locale\" content=\"de_DE\" \/>\n<meta property=\"og:type\" content=\"article\" \/>\n<meta property=\"og:title\" content=\"tulpen ausflug amsterdam\" \/>\n<meta property=\"og:description\" content=\"tulpen ausflug amsterdam ein Selbst gef\u00fchrter Ausflug mit ein elektrofahrrad nach den Tulpenfeldern im Bollenstreek in Nord- un S\u00fcdholland.\" \/>\n<meta property=\"og:url\" content=\"https:\/\/www.dutchpedelectours.com\/de\/cycletouring\/tulpen-ausflug-amsterdam\/\" \/>\n<meta property=\"og:site_name\" content=\"Dutch Pedelec Tours\" \/>\n<meta property=\"article:publisher\" content=\"https:\/\/www.facebook.com\/dutchpedelec\" \/>\n<meta property=\"article:modified_time\" content=\"2017-03-09T11:46:13+00:00\" \/>\n<meta property=\"og:image\" content=\"https:\/\/www.dutchpedelectours.com\/wp-content\/uploads\/2014\/02\/Fotolia_75961008_M-e1450612941386.jpg\" \/>\n<meta name=\"twitter:card\" content=\"summary_large_image\" \/>\n<meta name=\"twitter:site\" content=\"@dutchpedelec\" \/>\n<meta name=\"twitter:label1\" content=\"Gesch\u00e4tzte Lesezeit\" \/>\n\t<meta name=\"twitter:data1\" content=\"2 minutes\" \/>\n<script type=\"application\/ld+json\" class=\"yoast-schema-graph\">{\"@context\":\"https:\\\/\\\/schema.org\",\"@graph\":[{\"@type\":\"WebPage\",\"@id\":\"https:\\\/\\\/www.dutchpedelectours.com\\\/de\\\/cycletouring\\\/tulpen-ausflug-amsterdam\\\/\",\"url\":\"https:\\\/\\\/www.dutchpedelectours.com\\\/de\\\/cycletouring\\\/tulpen-ausflug-amsterdam\\\/\",\"name\":\"tulpen ausflug amsterdam - mit Dutch Pedelec Tours\",\"isPartOf\":{\"@id\":\"https:\\\/\\\/www.dutchpedelectours.com\\\/de\\\/#website\"},\"primaryImageOfPage\":{\"@id\":\"https:\\\/\\\/www.dutchpedelectours.com\\\/de\\\/cycletouring\\\/tulpen-ausflug-amsterdam\\\/#primaryimage\"},\"image\":{\"@id\":\"https:\\\/\\\/www.dutchpedelectours.com\\\/de\\\/cycletouring\\\/tulpen-ausflug-amsterdam\\\/#primaryimage\"},\"thumbnailUrl\":\"https:\\\/\\\/www.dutchpedelectours.com\\\/wp-content\\\/uploads\\\/2014\\\/02\\\/Fotolia_75961008_M-e1450612941386.jpg\",\"datePublished\":\"2015-01-06T13:06:06+00:00\",\"dateModified\":\"2017-03-09T11:46:13+00:00\",\"description\":\"tulpen ausflug amsterdam ein Selbst gef\u00fchrter Ausflug mit ein elektrofahrrad nach den Tulpenfeldern im Bollenstreek in Nord- un S\u00fcdholland.\",\"breadcrumb\":{\"@id\":\"https:\\\/\\\/www.dutchpedelectours.com\\\/de\\\/cycletouring\\\/tulpen-ausflug-amsterdam\\\/#breadcrumb\"},\"inLanguage\":\"de-DE\",\"potentialAction\":[{\"@type\":\"ReadAction\",\"target\":[\"https:\\\/\\\/www.dutchpedelectours.com\\\/de\\\/cycletouring\\\/tulpen-ausflug-amsterdam\\\/\"]}]},{\"@type\":\"ImageObject\",\"inLanguage\":\"de-DE\",\"@id\":\"https:\\\/\\\/www.dutchpedelectours.com\\\/de\\\/cycletouring\\\/tulpen-ausflug-amsterdam\\\/#primaryimage\",\"url\":\"https:\\\/\\\/www.dutchpedelectours.com\\\/wp-content\\\/uploads\\\/2014\\\/02\\\/Fotolia_75961008_M-e1450612941386.jpg\",\"contentUrl\":\"https:\\\/\\\/www.dutchpedelectours.com\\\/wp-content\\\/uploads\\\/2014\\\/02\\\/Fotolia_75961008_M-e1450612941386.jpg\"},{\"@type\":\"BreadcrumbList\",\"@id\":\"https:\\\/\\\/www.dutchpedelectours.com\\\/de\\\/cycletouring\\\/tulpen-ausflug-amsterdam\\\/#breadcrumb\",\"itemListElement\":[{\"@type\":\"ListItem\",\"position\":1,\"name\":\"Home\",\"item\":\"https:\\\/\\\/www.dutchpedelectours.com\\\/de\\\/\"},{\"@type\":\"ListItem\",\"position\":2,\"name\":\"Eine trip buchen\",\"item\":\"https:\\\/\\\/www.dutchpedelectours.com\\\/de\\\/cycletouring\\\/\"},{\"@type\":\"ListItem\",\"position\":3,\"name\":\"tulpen ausflug amsterdam\"}]},{\"@type\":\"WebSite\",\"@id\":\"https:\\\/\\\/www.dutchpedelectours.com\\\/de\\\/#website\",\"url\":\"https:\\\/\\\/www.dutchpedelectours.com\\\/de\\\/\",\"name\":\"Dutch Pedelec Tours\",\"description\":\"Pedelec rental in IJmuiden and Haarlem, E-bike fietsverhuur in omgeving van IJmuiden, Elektrofahrradverleih in IJmuiden und Haarlem\",\"publisher\":{\"@id\":\"https:\\\/\\\/www.dutchpedelectours.com\\\/de\\\/#organization\"},\"potentialAction\":[{\"@type\":\"SearchAction\",\"target\":{\"@type\":\"EntryPoint\",\"urlTemplate\":\"https:\\\/\\\/www.dutchpedelectours.com\\\/de\\\/?s={search_term_string}\"},\"query-input\":{\"@type\":\"PropertyValueSpecification\",\"valueRequired\":true,\"valueName\":\"search_term_string\"}}],\"inLanguage\":\"de-DE\"},{\"@type\":[\"Organization\",\"Place\",\"TravelAgency\"],\"@id\":\"https:\\\/\\\/www.dutchpedelectours.com\\\/de\\\/#organization\",\"name\":\"Dutch Pedelec Tours\",\"url\":\"https:\\\/\\\/www.dutchpedelectours.com\\\/de\\\/\",\"logo\":{\"@id\":\"https:\\\/\\\/www.dutchpedelectours.com\\\/de\\\/cycletouring\\\/tulpen-ausflug-amsterdam\\\/#local-main-organization-logo\"},\"image\":{\"@id\":\"https:\\\/\\\/www.dutchpedelectours.com\\\/de\\\/cycletouring\\\/tulpen-ausflug-amsterdam\\\/#local-main-organization-logo\"},\"sameAs\":[\"https:\\\/\\\/www.facebook.com\\\/dutchpedelec\",\"https:\\\/\\\/x.com\\\/dutchpedelec\",\"https:\\\/\\\/www.instagram.com\\\/dutchpedelec\\\/\",\"https:\\\/\\\/www.pinterest.com\\\/dutchpedelec\\\/\"],\"address\":{\"@id\":\"https:\\\/\\\/www.dutchpedelectours.com\\\/de\\\/cycletouring\\\/tulpen-ausflug-amsterdam\\\/#local-main-place-address\"},\"geo\":{\"@type\":\"GeoCoordinates\",\"latitude\":\"52.473070\",\"longitude\":\"4.674476\"},\"telephone\":[\"+31 (0)621591870\"],\"openingHoursSpecification\":[{\"@type\":\"OpeningHoursSpecification\",\"dayOfWeek\":[\"Monday\",\"Tuesday\",\"Wednesday\",\"Thursday\",\"Friday\",\"Saturday\",\"Sunday\"],\"opens\":\"09:00\",\"closes\":\"18:00\"}],\"email\":\"info@dutchpedelectours.com\",\"areaServed\":\"the Netherlands\",\"vatID\":\"NL001509724B26\",\"priceRange\":\"$$\",\"currenciesAccepted\":\"Euros\",\"paymentAccepted\":\"cash, creditcard, debetcard\"},{\"@type\":\"PostalAddress\",\"@id\":\"https:\\\/\\\/www.dutchpedelectours.com\\\/de\\\/cycletouring\\\/tulpen-ausflug-amsterdam\\\/#local-main-place-address\",\"streetAddress\":\"Flevoland 11\",\"addressLocality\":\"Beverwijk\",\"postalCode\":\"1948RH\",\"addressRegion\":\"Noord-Holland\",\"addressCountry\":\"NL\"},{\"@type\":\"ImageObject\",\"inLanguage\":\"de-DE\",\"@id\":\"https:\\\/\\\/www.dutchpedelectours.com\\\/de\\\/cycletouring\\\/tulpen-ausflug-amsterdam\\\/#local-main-organization-logo\",\"url\":\"https:\\\/\\\/www.dutchpedelectours.com\\\/wp-content\\\/uploads\\\/2015\\\/03\\\/DPT-FACEBOOK-WIT.jpg\",\"contentUrl\":\"https:\\\/\\\/www.dutchpedelectours.com\\\/wp-content\\\/uploads\\\/2015\\\/03\\\/DPT-FACEBOOK-WIT.jpg\",\"width\":180,\"height\":180,\"caption\":\"Dutch Pedelec Tours\"}]}<\/script>\n<meta name=\"geo.placename\" content=\"Beverwijk\" \/>\n<meta name=\"geo.position\" content=\"52.473070;4.674476\" \/>\n<meta name=\"geo.region\" content=\"Niederlande\" \/>\n<!-- \/ Yoast SEO Premium plugin. -->","yoast_head_json":{"title":"tulpen ausflug amsterdam - mit Dutch Pedelec Tours","description":"tulpen ausflug amsterdam ein Selbst gef\u00fchrter Ausflug mit ein elektrofahrrad nach den Tulpenfeldern im Bollenstreek in Nord- un S\u00fcdholland.","robots":{"index":"index","follow":"follow","max-snippet":"max-snippet:-1","max-image-preview":"max-image-preview:large","max-video-preview":"max-video-preview:-1"},"canonical":"https:\/\/www.dutchpedelectours.com\/de\/cycletouring\/tulpen-ausflug-amsterdam\/","og_locale":"de_DE","og_type":"article","og_title":"tulpen ausflug amsterdam","og_description":"tulpen ausflug amsterdam ein Selbst gef\u00fchrter Ausflug mit ein elektrofahrrad nach den Tulpenfeldern im Bollenstreek in Nord- un S\u00fcdholland.","og_url":"https:\/\/www.dutchpedelectours.com\/de\/cycletouring\/tulpen-ausflug-amsterdam\/","og_site_name":"Dutch Pedelec Tours","article_publisher":"https:\/\/www.facebook.com\/dutchpedelec","article_modified_time":"2017-03-09T11:46:13+00:00","og_image":[{"url":"https:\/\/www.dutchpedelectours.com\/wp-content\/uploads\/2014\/02\/Fotolia_75961008_M-e1450612941386.jpg","type":"","width":"","height":""}],"twitter_card":"summary_large_image","twitter_site":"@dutchpedelec","twitter_misc":{"Gesch\u00e4tzte Lesezeit":"2 minutes"},"schema":{"@context":"https:\/\/schema.org","@graph":[{"@type":"WebPage","@id":"https:\/\/www.dutchpedelectours.com\/de\/cycletouring\/tulpen-ausflug-amsterdam\/","url":"https:\/\/www.dutchpedelectours.com\/de\/cycletouring\/tulpen-ausflug-amsterdam\/","name":"tulpen ausflug amsterdam - mit Dutch Pedelec Tours","isPartOf":{"@id":"https:\/\/www.dutchpedelectours.com\/de\/#website"},"primaryImageOfPage":{"@id":"https:\/\/www.dutchpedelectours.com\/de\/cycletouring\/tulpen-ausflug-amsterdam\/#primaryimage"},"image":{"@id":"https:\/\/www.dutchpedelectours.com\/de\/cycletouring\/tulpen-ausflug-amsterdam\/#primaryimage"},"thumbnailUrl":"https:\/\/www.dutchpedelectours.com\/wp-content\/uploads\/2014\/02\/Fotolia_75961008_M-e1450612941386.jpg","datePublished":"2015-01-06T13:06:06+00:00","dateModified":"2017-03-09T11:46:13+00:00","description":"tulpen ausflug amsterdam ein Selbst gef\u00fchrter Ausflug mit ein elektrofahrrad nach den Tulpenfeldern im Bollenstreek in Nord- un S\u00fcdholland.","breadcrumb":{"@id":"https:\/\/www.dutchpedelectours.com\/de\/cycletouring\/tulpen-ausflug-amsterdam\/#breadcrumb"},"inLanguage":"de-DE","potentialAction":[{"@type":"ReadAction","target":["https:\/\/www.dutchpedelectours.com\/de\/cycletouring\/tulpen-ausflug-amsterdam\/"]}]},{"@type":"ImageObject","inLanguage":"de-DE","@id":"https:\/\/www.dutchpedelectours.com\/de\/cycletouring\/tulpen-ausflug-amsterdam\/#primaryimage","url":"https:\/\/www.dutchpedelectours.com\/wp-content\/uploads\/2014\/02\/Fotolia_75961008_M-e1450612941386.jpg","contentUrl":"https:\/\/www.dutchpedelectours.com\/wp-content\/uploads\/2014\/02\/Fotolia_75961008_M-e1450612941386.jpg"},{"@type":"BreadcrumbList","@id":"https:\/\/www.dutchpedelectours.com\/de\/cycletouring\/tulpen-ausflug-amsterdam\/#breadcrumb","itemListElement":[{"@type":"ListItem","position":1,"name":"Home","item":"https:\/\/www.dutchpedelectours.com\/de\/"},{"@type":"ListItem","position":2,"name":"Eine trip buchen","item":"https:\/\/www.dutchpedelectours.com\/de\/cycletouring\/"},{"@type":"ListItem","position":3,"name":"tulpen ausflug amsterdam"}]},{"@type":"WebSite","@id":"https:\/\/www.dutchpedelectours.com\/de\/#website","url":"https:\/\/www.dutchpedelectours.com\/de\/","name":"Dutch Pedelec Tours","description":"Pedelec rental in IJmuiden and Haarlem, E-bike fietsverhuur in omgeving van IJmuiden, Elektrofahrradverleih in IJmuiden und Haarlem","publisher":{"@id":"https:\/\/www.dutchpedelectours.com\/de\/#organization"},"potentialAction":[{"@type":"SearchAction","target":{"@type":"EntryPoint","urlTemplate":"https:\/\/www.dutchpedelectours.com\/de\/?s={search_term_string}"},"query-input":{"@type":"PropertyValueSpecification","valueRequired":true,"valueName":"search_term_string"}}],"inLanguage":"de-DE"},{"@type":["Organization","Place","TravelAgency"],"@id":"https:\/\/www.dutchpedelectours.com\/de\/#organization","name":"Dutch Pedelec Tours","url":"https:\/\/www.dutchpedelectours.com\/de\/","logo":{"@id":"https:\/\/www.dutchpedelectours.com\/de\/cycletouring\/tulpen-ausflug-amsterdam\/#local-main-organization-logo"},"image":{"@id":"https:\/\/www.dutchpedelectours.com\/de\/cycletouring\/tulpen-ausflug-amsterdam\/#local-main-organization-logo"},"sameAs":["https:\/\/www.facebook.com\/dutchpedelec","https:\/\/x.com\/dutchpedelec","https:\/\/www.instagram.com\/dutchpedelec\/","https:\/\/www.pinterest.com\/dutchpedelec\/"],"address":{"@id":"https:\/\/www.dutchpedelectours.com\/de\/cycletouring\/tulpen-ausflug-amsterdam\/#local-main-place-address"},"geo":{"@type":"GeoCoordinates","latitude":"52.473070","longitude":"4.674476"},"telephone":["+31 (0)621591870"],"openingHoursSpecification":[{"@type":"OpeningHoursSpecification","dayOfWeek":["Monday","Tuesday","Wednesday","Thursday","Friday","Saturday","Sunday"],"opens":"09:00","closes":"18:00"}],"email":"info@dutchpedelectours.com","areaServed":"the Netherlands","vatID":"NL001509724B26","priceRange":"$$","currenciesAccepted":"Euros","paymentAccepted":"cash, creditcard, debetcard"},{"@type":"PostalAddress","@id":"https:\/\/www.dutchpedelectours.com\/de\/cycletouring\/tulpen-ausflug-amsterdam\/#local-main-place-address","streetAddress":"Flevoland 11","addressLocality":"Beverwijk","postalCode":"1948RH","addressRegion":"Noord-Holland","addressCountry":"NL"},{"@type":"ImageObject","inLanguage":"de-DE","@id":"https:\/\/www.dutchpedelectours.com\/de\/cycletouring\/tulpen-ausflug-amsterdam\/#local-main-organization-logo","url":"https:\/\/www.dutchpedelectours.com\/wp-content\/uploads\/2015\/03\/DPT-FACEBOOK-WIT.jpg","contentUrl":"https:\/\/www.dutchpedelectours.com\/wp-content\/uploads\/2015\/03\/DPT-FACEBOOK-WIT.jpg","width":180,"height":180,"caption":"Dutch Pedelec Tours"}]},"geo.placename":"Beverwijk","geo.position":{"lat":"52.473070","long":"4.674476"},"geo.region":"Niederlande"},"_links":{"self":[{"href":"https:\/\/www.dutchpedelectours.com\/de\/wp-json\/wp\/v2\/pages\/3591","targetHints":{"allow":["GET"]}}],"collection":[{"href":"https:\/\/www.dutchpedelectours.com\/de\/wp-json\/wp\/v2\/pages"}],"about":[{"href":"https:\/\/www.dutchpedelectours.com\/de\/wp-json\/wp\/v2\/types\/page"}],"author":[{"embeddable":true,"href":"https:\/\/www.dutchpedelectours.com\/de\/wp-json\/wp\/v2\/users\/3"}],"replies":[{"embeddable":true,"href":"https:\/\/www.dutchpedelectours.com\/de\/wp-json\/wp\/v2\/comments?post=3591"}],"version-history":[{"count":0,"href":"https:\/\/www.dutchpedelectours.com\/de\/wp-json\/wp\/v2\/pages\/3591\/revisions"}],"up":[{"embeddable":true,"href":"https:\/\/www.dutchpedelectours.com\/de\/wp-json\/wp\/v2\/pages\/3561"}],"wp:attachment":[{"href":"https:\/\/www.dutchpedelectours.com\/de\/wp-json\/wp\/v2\/media?parent=3591"}],"curies":[{"name":"wp","href":"https:\/\/api.w.org\/{rel}","templated":true}]}}