{"id":3596,"date":"2015-01-06T13:10:56","date_gmt":"2015-01-06T13:10:56","guid":{"rendered":"https:\/\/www.dutchpedelectours.com\/?page_id=3596"},"modified":"2020-05-31T16:44:34","modified_gmt":"2020-05-31T14:44:34","slug":"radurlaub-noord-holland","status":"publish","type":"page","link":"https:\/\/www.dutchpedelectours.com\/de\/radurlaub-noord-holland\/","title":{"rendered":"Fahrrad urlaub in Noord-Holland"},"content":{"rendered":"<p><a href=\"https:\/\/www.dutchpedelectours.com\/wp-content\/uploads\/2014\/10\/Fietsen-door-de-Kennemerduinen-800x200.jpg\"><img fetchpriority=\"high\" decoding=\"async\" class=\"alignnone wp-image-4642 size-full\" src=\"https:\/\/www.dutchpedelectours.com\/wp-content\/uploads\/2014\/10\/Fietsen-door-de-Kennemerduinen-800x200.jpg\" alt=\"Radurlaub Noord-Holland\" width=\"800\" height=\"200\" srcset=\"https:\/\/www.dutchpedelectours.com\/wp-content\/uploads\/2014\/10\/Fietsen-door-de-Kennemerduinen-800x200.jpg 800w, https:\/\/www.dutchpedelectours.com\/wp-content\/uploads\/2014\/10\/Fietsen-door-de-Kennemerduinen-800x200-600x150.jpg 600w, https:\/\/www.dutchpedelectours.com\/wp-content\/uploads\/2014\/10\/Fietsen-door-de-Kennemerduinen-800x200-300x75.jpg 300w, https:\/\/www.dutchpedelectours.com\/wp-content\/uploads\/2014\/10\/Fietsen-door-de-Kennemerduinen-800x200-250x63.jpg 250w\" sizes=\"(max-width: 800px) 100vw, 800px\" \/><\/a><\/p>\n<p>Es gibt keinen gl\u00fccklicheren Radfahrer als ein Niederl\u00e4ndischer Radfahrer. Dieses ist, nicht nur weil die Niederlande haupts\u00e4chlich flach sind, aber auch, weil die Holl\u00e4nder das umfangreichste Fahrradnetz in der Welt genie\u00dfen. Dieses kleine Land hat \u00fcber 40.000 Kilometer hoher Qualit\u00e4t Verkehrsfreie Fahrradwege (!) und bei zahlreichen Gelegenheiten haben Radfahrer Priorit\u00e4t \u00fcber motorisiertem Verkehr. Dieses ist das Paradies eines Radfahrers; ob Sie ein Anf\u00e4ngerradfahrer sind,m\u00f6chten Kinder eine Safe- und Spa\u00dferfahrungor geben, m\u00f6chten ernste Kilometerzahl tun in einem eindeutigen, Radfahren gek\u00fcmmert, Umgebung; die entscheidende Zieleinheit f\u00fcr das perfekte Fahrradurlaub!<\/p>\n<h2>Radurlaub <span style=\"color: #ff6600;\">Noord<\/span>-Holland<\/h2>\n<p>Fahren Sie entlang herrlicher D\u00fcnen und Str\u00e4nde und besuchen Sie die malerischsten Orte der Provinz Noord-Holland. Hier entdecken Sie die sch\u00f6nsten Seiten der Niederlande: das echte Land der Tulpen, der Windm\u00fchlen und das Land, das dem Meer abgetrotzt wurde. Nicht umsonst stehen gro\u00dfe Teile auf der Weltkulturerbe-Liste der Unesco.<\/p>\n<p><span style=\"color: #ff6600;\"><a style=\"color: #ff6600;\" title=\"Kontakt\" href=\"https:\/\/www.dutchpedelectours.com\/de\/kontakt-2\/\">Treten Sie mit uns in Verbindung<\/a><\/span><\/p>\n<p><a href=\"https:\/\/www.dutchpedelectours.com\/wp-content\/uploads\/2014\/10\/Ferry-kinderdijk_800x200.jpg\"><img decoding=\"async\" class=\"alignnone size-full wp-image-4627 lazyload\" data-src=\"https:\/\/www.dutchpedelectours.com\/wp-content\/uploads\/2014\/10\/Ferry-kinderdijk_800x200.jpg\" alt=\"Ferry-kinderdijk_800x200\" width=\"800\" height=\"200\" data-srcset=\"https:\/\/www.dutchpedelectours.com\/wp-content\/uploads\/2014\/10\/Ferry-kinderdijk_800x200.jpg 800w, https:\/\/www.dutchpedelectours.com\/wp-content\/uploads\/2014\/10\/Ferry-kinderdijk_800x200-600x150.jpg 600w, https:\/\/www.dutchpedelectours.com\/wp-content\/uploads\/2014\/10\/Ferry-kinderdijk_800x200-300x75.jpg 300w, https:\/\/www.dutchpedelectours.com\/wp-content\/uploads\/2014\/10\/Ferry-kinderdijk_800x200-250x63.jpg 250w\" data-sizes=\"(max-width: 800px) 100vw, 800px\" src=\"data:image\/svg+xml;base64,PHN2ZyB3aWR0aD0iMSIgaGVpZ2h0PSIxIiB4bWxucz0iaHR0cDovL3d3dy53My5vcmcvMjAwMC9zdmciPjwvc3ZnPg==\" style=\"--smush-placeholder-width: 800px; --smush-placeholder-aspect-ratio: 800\/200;\" \/>&nbsp;<\/a><\/p>\n<h2>Tages <span style=\"color: #ff6600;\">Ausflug<\/span><\/h2>\n<p>Sind Sie in die Niederlande w\u00e4hrend gerade einer kurzen Zeit? W\u00fcnschen Sie Ideen f\u00fcr den sehr beste Fahrradweg? Wir haben eine Auswahl von den<span style=\"color: #ff6600;\"> <a style=\"color: #ff6600;\" title=\"Unsere Ausfl\u00fcge\" href=\"https:\/\/www.dutchpedelectours.com\/de\/ausflug-haarlem\/\">&#8220;must do&#8221;<\/a> <\/span>Tagesreisen gebildet.<br \/>\nNicht nur zu den touristischen H\u00f6hepunkten, aber auch zu anderen Orten des interesses, einschliesslich viele Bereiche der hervorragenden nat\u00fcrlichen Sch\u00f6nheit.<\/p>\n<h2>Langstrecken <span style=\"color: #ff6600;\">Fahrrad<\/span> tours<\/h2>\n<p>Mit unseren pedelecs genie\u00dfen Sie Ihren Ferien mehr. Mit einer vollen Batterie k\u00f6nnen Sie ungef\u00e4hr 65 Kilometer reiten.<\/p>\n<p>Bitten Sie uns um die Sonderpreise. Preis h\u00e4ngt an den Gesamttagen ab, die Sie die pedelecs verwenden m\u00f6chten und wo Sie die pedelecs geliefert werden w\u00fcnschen. Nur in der Region IJmuiden werden die Fahrr\u00e4der ohne Aufpreis geliefert.<\/p>\n<p>Sie k\u00f6nnen auch eine Fahrradst\u00fctze f\u00fcr Ihr Auto f\u00fcr zwei Fahrr\u00e4der mieten.<\/p>\n<h2>Radfahren in die Niederlande<\/h2>\n<p>Es gibt viel zu lernen \u00fcber das Radfahren in Holland und es gibt zu viele Wege, die Sie tun k\u00f6nnen. Also ist die beste Methode, Ihr Selbst vorzubereiten und finden Sie heraus, was Sie sehen m\u00f6chten,<\/p>\n<p>Es gibt eine sehr gute fahrradtour Website \u00fcber das Radfahren in den Niederlanden. <a href=\"http:\/\/www.hollandfahrradland.de\/de\" target=\"_blank\" rel=\"noopener noreferrer\">Hollandfahrradland<\/a><\/p>\n<p>Wenn Sie einen Urlaub in den Niederlanden planen und Sie wissen wo Sie gehen m\u00f6chten und was Sie sehen m\u00f6chten wir k\u00f6nnen Ihnen helfen, Ihren Ausflug zu planen.<\/p>\n<p>Die Niederlande verf\u00fcgen \u00fcber ein einmaliges, gut ausgeschildertes Netz von landesweiten Fahrradrouten, den sogenannten LF-Routen. Sie wurden speziell f\u00fcr mehrt\u00e4gige Radtouren und Radurlaube entwickelt. Die Routen f\u00fchren durch die allersch\u00f6nsten Gebiete der Niederlande.<br \/>\nLF Routen werden am Stra\u00dfenrand mit gut erkennbaren rechteckigen Schildern ausgewiesen.<\/p>\n<p><iframe data-src=\"https:\/\/www.youtube.com\/embed\/Q3-JLD-KWBo\" width=\"560\" height=\"315\" frameborder=\"0\" allowfullscreen=\"allowfullscreen\" src=\"data:image\/svg+xml;base64,PHN2ZyB3aWR0aD0iMSIgaGVpZ2h0PSIxIiB4bWxucz0iaHR0cDovL3d3dy53My5vcmcvMjAwMC9zdmciPjwvc3ZnPg==\" class=\"lazyload\" data-load-mode=\"1\"><\/iframe><\/p>\n<p>Preis umfassen immer;<\/p>\n<p><span style=\"color: #ff6600;\"><a style=\"color: #ff6600;\" title=\"flyer e fahrrad\" href=\"https:\/\/www.dutchpedelectours.com\/de\/flyer-e-fahrrad\/\">Flyer pedelec<\/a><\/span><br \/>\nFahrrad Tasche<br \/>\nHelm ( wenn Sie w\u00fcnschen)<br \/>\nBatterie&nbsp;Aufladeeinheit<br \/>\nSchluss<br \/>\nVoller Service, Ihren Ausflug zu planen.<\/p>\n<p>Besonders accesoires m\u00f6glich wie:<\/p>\n<p>Gep\u00e4ckwagen<br \/>\nFahrradst\u00fctze f\u00fcr das Auto<br \/>\nKinderwagen<br \/>\nMobile Wifi<\/p>\n<p>Preis:<\/p>\n<p>Tag \u20ac 30,-<br \/>\nWochenende ( 3 Tagen) &nbsp;\u20ac 77,-<br \/>\nEine Woche&nbsp;&nbsp;&nbsp;&nbsp;&nbsp; \u20ac 120,-<br \/>\nZwei Woche&nbsp;&nbsp; \u20ac 200,-<\/p>\n<p>&nbsp;<\/p>\n<p><span style=\"color: #ff6600;\"><a style=\"color: #ff6600;\" title=\"Kontakt\" href=\"https:\/\/www.dutchpedelectours.com\/de\/kontakt-2\/\">Treten Sie mit uns in Verbindung<\/a><\/span><\/p>\n","protected":false},"excerpt":{"rendered":"<p>Es gibt keinen gl\u00fccklicheren Radfahrer als ein Niederl\u00e4ndischer Radfahrer. Dieses ist, nicht nur weil die Niederlande haupts\u00e4chlich flach sind, aber<\/p>\n<div class=\"read-button read_more_btn_text\"><a class=\"read_more\" href=\"https:\/\/www.dutchpedelectours.com\/de\/radurlaub-noord-holland\/\">Read more<span class=\"arrow_readm\"> &#x25BA;<\/span><\/a><\/div>\n","protected":false},"author":3,"featured_media":0,"parent":0,"menu_order":0,"comment_status":"closed","ping_status":"open","template":"","meta":{"footnotes":""},"class_list":["post-3596","page","type-page","status-publish","hentry"],"yoast_head":"<!-- This site is optimized with the Yoast SEO Premium plugin v27.4 (Yoast SEO v27.4) - https:\/\/yoast.com\/product\/yoast-seo-premium-wordpress\/ -->\n<title>radurlaub Noord-Holland - mit Dutch Pedelec Tours<\/title>\n<meta name=\"description\" content=\"radurlaub Noord-Holland, die provinz Noord-Holland entdecken mit ein pedelec. Mieten Sie ein elektrofahrrad und auf gehts in die holl\u00e4ndische Landschaft.\" \/>\n<meta name=\"robots\" content=\"index, follow, max-snippet:-1, max-image-preview:large, max-video-preview:-1\" \/>\n<link rel=\"canonical\" href=\"https:\/\/www.dutchpedelectours.com\/de\/radurlaub-noord-holland\/\" \/>\n<meta property=\"og:locale\" content=\"de_DE\" \/>\n<meta property=\"og:type\" content=\"article\" \/>\n<meta property=\"og:title\" content=\"Fahrrad urlaub in Noord-Holland\" \/>\n<meta property=\"og:description\" content=\"radurlaub Noord-Holland, die provinz Noord-Holland entdecken mit ein pedelec. Mieten Sie ein elektrofahrrad und auf gehts in die holl\u00e4ndische Landschaft.\" \/>\n<meta property=\"og:url\" content=\"https:\/\/www.dutchpedelectours.com\/de\/radurlaub-noord-holland\/\" \/>\n<meta property=\"og:site_name\" content=\"Dutch Pedelec Tours\" \/>\n<meta property=\"article:publisher\" content=\"https:\/\/www.facebook.com\/dutchpedelec\" \/>\n<meta property=\"article:modified_time\" content=\"2020-05-31T14:44:34+00:00\" \/>\n<meta property=\"og:image\" content=\"https:\/\/www.dutchpedelectours.com\/wp-content\/uploads\/2014\/10\/Fietsen-door-de-Kennemerduinen-800x200.jpg\" \/>\n<meta name=\"twitter:card\" content=\"summary_large_image\" \/>\n<meta name=\"twitter:site\" content=\"@dutchpedelec\" \/>\n<meta name=\"twitter:label1\" content=\"Gesch\u00e4tzte Lesezeit\" \/>\n\t<meta name=\"twitter:data1\" content=\"3 minutes\" \/>\n<script type=\"application\/ld+json\" class=\"yoast-schema-graph\">{\"@context\":\"https:\\\/\\\/schema.org\",\"@graph\":[{\"@type\":\"WebPage\",\"@id\":\"https:\\\/\\\/www.dutchpedelectours.com\\\/de\\\/radurlaub-noord-holland\\\/\",\"url\":\"https:\\\/\\\/www.dutchpedelectours.com\\\/de\\\/radurlaub-noord-holland\\\/\",\"name\":\"radurlaub Noord-Holland - mit Dutch Pedelec Tours\",\"isPartOf\":{\"@id\":\"https:\\\/\\\/www.dutchpedelectours.com\\\/de\\\/#website\"},\"primaryImageOfPage\":{\"@id\":\"https:\\\/\\\/www.dutchpedelectours.com\\\/de\\\/radurlaub-noord-holland\\\/#primaryimage\"},\"image\":{\"@id\":\"https:\\\/\\\/www.dutchpedelectours.com\\\/de\\\/radurlaub-noord-holland\\\/#primaryimage\"},\"thumbnailUrl\":\"https:\\\/\\\/www.dutchpedelectours.com\\\/wp-content\\\/uploads\\\/2014\\\/10\\\/Fietsen-door-de-Kennemerduinen-800x200.jpg\",\"datePublished\":\"2015-01-06T13:10:56+00:00\",\"dateModified\":\"2020-05-31T14:44:34+00:00\",\"description\":\"radurlaub Noord-Holland, die provinz Noord-Holland entdecken mit ein pedelec. Mieten Sie ein elektrofahrrad und auf gehts in die holl\u00e4ndische Landschaft.\",\"breadcrumb\":{\"@id\":\"https:\\\/\\\/www.dutchpedelectours.com\\\/de\\\/radurlaub-noord-holland\\\/#breadcrumb\"},\"inLanguage\":\"de-DE\",\"potentialAction\":[{\"@type\":\"ReadAction\",\"target\":[\"https:\\\/\\\/www.dutchpedelectours.com\\\/de\\\/radurlaub-noord-holland\\\/\"]}]},{\"@type\":\"ImageObject\",\"inLanguage\":\"de-DE\",\"@id\":\"https:\\\/\\\/www.dutchpedelectours.com\\\/de\\\/radurlaub-noord-holland\\\/#primaryimage\",\"url\":\"https:\\\/\\\/www.dutchpedelectours.com\\\/wp-content\\\/uploads\\\/2014\\\/10\\\/Fietsen-door-de-Kennemerduinen-800x200.jpg\",\"contentUrl\":\"https:\\\/\\\/www.dutchpedelectours.com\\\/wp-content\\\/uploads\\\/2014\\\/10\\\/Fietsen-door-de-Kennemerduinen-800x200.jpg\"},{\"@type\":\"BreadcrumbList\",\"@id\":\"https:\\\/\\\/www.dutchpedelectours.com\\\/de\\\/radurlaub-noord-holland\\\/#breadcrumb\",\"itemListElement\":[{\"@type\":\"ListItem\",\"position\":1,\"name\":\"Home\",\"item\":\"https:\\\/\\\/www.dutchpedelectours.com\\\/de\\\/\"},{\"@type\":\"ListItem\",\"position\":2,\"name\":\"Fahrrad urlaub in Noord-Holland\"}]},{\"@type\":\"WebSite\",\"@id\":\"https:\\\/\\\/www.dutchpedelectours.com\\\/de\\\/#website\",\"url\":\"https:\\\/\\\/www.dutchpedelectours.com\\\/de\\\/\",\"name\":\"Dutch Pedelec Tours\",\"description\":\"Pedelec rental in IJmuiden and Haarlem, E-bike fietsverhuur in omgeving van IJmuiden, Elektrofahrradverleih in IJmuiden und Haarlem\",\"publisher\":{\"@id\":\"https:\\\/\\\/www.dutchpedelectours.com\\\/de\\\/#organization\"},\"potentialAction\":[{\"@type\":\"SearchAction\",\"target\":{\"@type\":\"EntryPoint\",\"urlTemplate\":\"https:\\\/\\\/www.dutchpedelectours.com\\\/de\\\/?s={search_term_string}\"},\"query-input\":{\"@type\":\"PropertyValueSpecification\",\"valueRequired\":true,\"valueName\":\"search_term_string\"}}],\"inLanguage\":\"de-DE\"},{\"@type\":[\"Organization\",\"Place\",\"TravelAgency\"],\"@id\":\"https:\\\/\\\/www.dutchpedelectours.com\\\/de\\\/#organization\",\"name\":\"Dutch Pedelec Tours\",\"url\":\"https:\\\/\\\/www.dutchpedelectours.com\\\/de\\\/\",\"logo\":{\"@id\":\"https:\\\/\\\/www.dutchpedelectours.com\\\/de\\\/radurlaub-noord-holland\\\/#local-main-organization-logo\"},\"image\":{\"@id\":\"https:\\\/\\\/www.dutchpedelectours.com\\\/de\\\/radurlaub-noord-holland\\\/#local-main-organization-logo\"},\"sameAs\":[\"https:\\\/\\\/www.facebook.com\\\/dutchpedelec\",\"https:\\\/\\\/x.com\\\/dutchpedelec\",\"https:\\\/\\\/www.instagram.com\\\/dutchpedelec\\\/\",\"https:\\\/\\\/www.pinterest.com\\\/dutchpedelec\\\/\"],\"address\":{\"@id\":\"https:\\\/\\\/www.dutchpedelectours.com\\\/de\\\/radurlaub-noord-holland\\\/#local-main-place-address\"},\"geo\":{\"@type\":\"GeoCoordinates\",\"latitude\":\"52.473070\",\"longitude\":\"4.674476\"},\"telephone\":[\"+31 (0)621591870\"],\"openingHoursSpecification\":[{\"@type\":\"OpeningHoursSpecification\",\"dayOfWeek\":[\"Monday\",\"Tuesday\",\"Wednesday\",\"Thursday\",\"Friday\",\"Saturday\",\"Sunday\"],\"opens\":\"09:00\",\"closes\":\"18:00\"}],\"email\":\"info@dutchpedelectours.com\",\"areaServed\":\"the Netherlands\",\"vatID\":\"NL001509724B26\",\"priceRange\":\"$$\",\"currenciesAccepted\":\"Euros\",\"paymentAccepted\":\"cash, creditcard, debetcard\"},{\"@type\":\"PostalAddress\",\"@id\":\"https:\\\/\\\/www.dutchpedelectours.com\\\/de\\\/radurlaub-noord-holland\\\/#local-main-place-address\",\"streetAddress\":\"Flevoland 11\",\"addressLocality\":\"Beverwijk\",\"postalCode\":\"1948RH\",\"addressRegion\":\"Noord-Holland\",\"addressCountry\":\"NL\"},{\"@type\":\"ImageObject\",\"inLanguage\":\"de-DE\",\"@id\":\"https:\\\/\\\/www.dutchpedelectours.com\\\/de\\\/radurlaub-noord-holland\\\/#local-main-organization-logo\",\"url\":\"https:\\\/\\\/www.dutchpedelectours.com\\\/wp-content\\\/uploads\\\/2015\\\/03\\\/DPT-FACEBOOK-WIT.jpg\",\"contentUrl\":\"https:\\\/\\\/www.dutchpedelectours.com\\\/wp-content\\\/uploads\\\/2015\\\/03\\\/DPT-FACEBOOK-WIT.jpg\",\"width\":180,\"height\":180,\"caption\":\"Dutch Pedelec Tours\"}]}<\/script>\n<meta name=\"geo.placename\" content=\"Beverwijk\" \/>\n<meta name=\"geo.position\" content=\"52.473070;4.674476\" \/>\n<meta name=\"geo.region\" content=\"Niederlande\" \/>\n<!-- \/ Yoast SEO Premium plugin. -->","yoast_head_json":{"title":"radurlaub Noord-Holland - mit Dutch Pedelec Tours","description":"radurlaub Noord-Holland, die provinz Noord-Holland entdecken mit ein pedelec. Mieten Sie ein elektrofahrrad und auf gehts in die holl\u00e4ndische Landschaft.","robots":{"index":"index","follow":"follow","max-snippet":"max-snippet:-1","max-image-preview":"max-image-preview:large","max-video-preview":"max-video-preview:-1"},"canonical":"https:\/\/www.dutchpedelectours.com\/de\/radurlaub-noord-holland\/","og_locale":"de_DE","og_type":"article","og_title":"Fahrrad urlaub in Noord-Holland","og_description":"radurlaub Noord-Holland, die provinz Noord-Holland entdecken mit ein pedelec. Mieten Sie ein elektrofahrrad und auf gehts in die holl\u00e4ndische Landschaft.","og_url":"https:\/\/www.dutchpedelectours.com\/de\/radurlaub-noord-holland\/","og_site_name":"Dutch Pedelec Tours","article_publisher":"https:\/\/www.facebook.com\/dutchpedelec","article_modified_time":"2020-05-31T14:44:34+00:00","og_image":[{"url":"https:\/\/www.dutchpedelectours.com\/wp-content\/uploads\/2014\/10\/Fietsen-door-de-Kennemerduinen-800x200.jpg","type":"","width":"","height":""}],"twitter_card":"summary_large_image","twitter_site":"@dutchpedelec","twitter_misc":{"Gesch\u00e4tzte Lesezeit":"3 minutes"},"schema":{"@context":"https:\/\/schema.org","@graph":[{"@type":"WebPage","@id":"https:\/\/www.dutchpedelectours.com\/de\/radurlaub-noord-holland\/","url":"https:\/\/www.dutchpedelectours.com\/de\/radurlaub-noord-holland\/","name":"radurlaub Noord-Holland - mit Dutch Pedelec Tours","isPartOf":{"@id":"https:\/\/www.dutchpedelectours.com\/de\/#website"},"primaryImageOfPage":{"@id":"https:\/\/www.dutchpedelectours.com\/de\/radurlaub-noord-holland\/#primaryimage"},"image":{"@id":"https:\/\/www.dutchpedelectours.com\/de\/radurlaub-noord-holland\/#primaryimage"},"thumbnailUrl":"https:\/\/www.dutchpedelectours.com\/wp-content\/uploads\/2014\/10\/Fietsen-door-de-Kennemerduinen-800x200.jpg","datePublished":"2015-01-06T13:10:56+00:00","dateModified":"2020-05-31T14:44:34+00:00","description":"radurlaub Noord-Holland, die provinz Noord-Holland entdecken mit ein pedelec. Mieten Sie ein elektrofahrrad und auf gehts in die holl\u00e4ndische Landschaft.","breadcrumb":{"@id":"https:\/\/www.dutchpedelectours.com\/de\/radurlaub-noord-holland\/#breadcrumb"},"inLanguage":"de-DE","potentialAction":[{"@type":"ReadAction","target":["https:\/\/www.dutchpedelectours.com\/de\/radurlaub-noord-holland\/"]}]},{"@type":"ImageObject","inLanguage":"de-DE","@id":"https:\/\/www.dutchpedelectours.com\/de\/radurlaub-noord-holland\/#primaryimage","url":"https:\/\/www.dutchpedelectours.com\/wp-content\/uploads\/2014\/10\/Fietsen-door-de-Kennemerduinen-800x200.jpg","contentUrl":"https:\/\/www.dutchpedelectours.com\/wp-content\/uploads\/2014\/10\/Fietsen-door-de-Kennemerduinen-800x200.jpg"},{"@type":"BreadcrumbList","@id":"https:\/\/www.dutchpedelectours.com\/de\/radurlaub-noord-holland\/#breadcrumb","itemListElement":[{"@type":"ListItem","position":1,"name":"Home","item":"https:\/\/www.dutchpedelectours.com\/de\/"},{"@type":"ListItem","position":2,"name":"Fahrrad urlaub in Noord-Holland"}]},{"@type":"WebSite","@id":"https:\/\/www.dutchpedelectours.com\/de\/#website","url":"https:\/\/www.dutchpedelectours.com\/de\/","name":"Dutch Pedelec Tours","description":"Pedelec rental in IJmuiden and Haarlem, E-bike fietsverhuur in omgeving van IJmuiden, Elektrofahrradverleih in IJmuiden und Haarlem","publisher":{"@id":"https:\/\/www.dutchpedelectours.com\/de\/#organization"},"potentialAction":[{"@type":"SearchAction","target":{"@type":"EntryPoint","urlTemplate":"https:\/\/www.dutchpedelectours.com\/de\/?s={search_term_string}"},"query-input":{"@type":"PropertyValueSpecification","valueRequired":true,"valueName":"search_term_string"}}],"inLanguage":"de-DE"},{"@type":["Organization","Place","TravelAgency"],"@id":"https:\/\/www.dutchpedelectours.com\/de\/#organization","name":"Dutch Pedelec Tours","url":"https:\/\/www.dutchpedelectours.com\/de\/","logo":{"@id":"https:\/\/www.dutchpedelectours.com\/de\/radurlaub-noord-holland\/#local-main-organization-logo"},"image":{"@id":"https:\/\/www.dutchpedelectours.com\/de\/radurlaub-noord-holland\/#local-main-organization-logo"},"sameAs":["https:\/\/www.facebook.com\/dutchpedelec","https:\/\/x.com\/dutchpedelec","https:\/\/www.instagram.com\/dutchpedelec\/","https:\/\/www.pinterest.com\/dutchpedelec\/"],"address":{"@id":"https:\/\/www.dutchpedelectours.com\/de\/radurlaub-noord-holland\/#local-main-place-address"},"geo":{"@type":"GeoCoordinates","latitude":"52.473070","longitude":"4.674476"},"telephone":["+31 (0)621591870"],"openingHoursSpecification":[{"@type":"OpeningHoursSpecification","dayOfWeek":["Monday","Tuesday","Wednesday","Thursday","Friday","Saturday","Sunday"],"opens":"09:00","closes":"18:00"}],"email":"info@dutchpedelectours.com","areaServed":"the Netherlands","vatID":"NL001509724B26","priceRange":"$$","currenciesAccepted":"Euros","paymentAccepted":"cash, creditcard, debetcard"},{"@type":"PostalAddress","@id":"https:\/\/www.dutchpedelectours.com\/de\/radurlaub-noord-holland\/#local-main-place-address","streetAddress":"Flevoland 11","addressLocality":"Beverwijk","postalCode":"1948RH","addressRegion":"Noord-Holland","addressCountry":"NL"},{"@type":"ImageObject","inLanguage":"de-DE","@id":"https:\/\/www.dutchpedelectours.com\/de\/radurlaub-noord-holland\/#local-main-organization-logo","url":"https:\/\/www.dutchpedelectours.com\/wp-content\/uploads\/2015\/03\/DPT-FACEBOOK-WIT.jpg","contentUrl":"https:\/\/www.dutchpedelectours.com\/wp-content\/uploads\/2015\/03\/DPT-FACEBOOK-WIT.jpg","width":180,"height":180,"caption":"Dutch Pedelec Tours"}]},"geo.placename":"Beverwijk","geo.position":{"lat":"52.473070","long":"4.674476"},"geo.region":"Niederlande"},"_links":{"self":[{"href":"https:\/\/www.dutchpedelectours.com\/de\/wp-json\/wp\/v2\/pages\/3596","targetHints":{"allow":["GET"]}}],"collection":[{"href":"https:\/\/www.dutchpedelectours.com\/de\/wp-json\/wp\/v2\/pages"}],"about":[{"href":"https:\/\/www.dutchpedelectours.com\/de\/wp-json\/wp\/v2\/types\/page"}],"author":[{"embeddable":true,"href":"https:\/\/www.dutchpedelectours.com\/de\/wp-json\/wp\/v2\/users\/3"}],"replies":[{"embeddable":true,"href":"https:\/\/www.dutchpedelectours.com\/de\/wp-json\/wp\/v2\/comments?post=3596"}],"version-history":[{"count":0,"href":"https:\/\/www.dutchpedelectours.com\/de\/wp-json\/wp\/v2\/pages\/3596\/revisions"}],"wp:attachment":[{"href":"https:\/\/www.dutchpedelectours.com\/de\/wp-json\/wp\/v2\/media?parent=3596"}],"curies":[{"name":"wp","href":"https:\/\/api.w.org\/{rel}","templated":true}]}}