{"id":3604,"date":"2015-01-06T13:21:46","date_gmt":"2015-01-06T13:21:46","guid":{"rendered":"https:\/\/www.dutchpedelectours.com\/?page_id=3604"},"modified":"2015-03-09T19:17:10","modified_gmt":"2015-03-09T19:17:10","slug":"dinge-zu-tun-ijmuiden","status":"publish","type":"page","link":"https:\/\/www.dutchpedelectours.com\/de\/dinge-zu-tun-ijmuiden\/","title":{"rendered":"was gibt es zu tun in IJmuiden"},"content":{"rendered":"<p>In und rundum <span style=\"color: #ff6600;\"><a style=\"color: #ff6600;\" title=\"IJmuiden\" href=\"https:\/\/www.dutchpedelectours.com\/de\/bereich\/elektrofahrrad-verleih-ijmuiden\/\">IJmuiden<\/a><\/span> gibt es viele dinge zu tun. Mieten Sie zum Beispiel ein <span style=\"color: #ff6600;\"><a style=\"color: #ff6600;\" title=\"flyer e fahrrad\" href=\"https:\/\/www.dutchpedelectours.com\/de\/flyer-e-fahrrad\/\">Elektro Fahrrad<\/a><\/span>, um die Umgebung zu erkunden.<\/p>\n<p>Auf diesem website k\u00f6nnen Sie einige Ausfluge mit fahrrad finden. Viel Spa\u00df.<\/p>\n<div id=\"stcpDiv\">\n<h2 class=\"subline\">Einleitung Velsen \/ IJmuiden<\/h2>\n<p>Die Schleusen und Hafenmolen sowie das gesamte Hafengel\u00e4nde rund um den Nordseekanal pr\u00e4gen den dynamischen Hafenort IJmuiden ebenso wie die Fisch- und Stahlindustrie. Besuchen Sie <a href=\"https:\/\/www.vvvijmuidenaanzee.nl\/detail\/zeehaven+ijmuiden?item=6b082db7-1cb9-4bc1-a61d-7ecba46f1b60\" target=\"_blank\">den alten Fischerhafen<\/a> mit seinen Fischrestaurants oder den modernen <a href=\"https:\/\/www.vvvijmuidenaanzee.nl\/detail\/marina+seaport+ijmuiden?item=d2763049-bc8e-4aee-aa5d-a1d2c5d95714\" target=\"_blank\">Yachthafen Marina Seaport IJmuiden<\/a>. An der Halkade im Fischereihafen gibt es historische Lagerh\u00e4user, die gerade zu Gesch\u00e4ften, Fischhandlungen und Fischrestaurants umgebaut werden. Wegen der idealen Lage am Meer findet man in Velsen\/IJmuiden aan Zee eine faszinierende Kombination, bestehend aus der Ruhe der breiten Sandstr\u00e4nde und der angrenzenden D\u00fcnenlandschaft sowie der Gesch\u00e4ftigkeit in den H\u00e4fen und den eindrucksvollen Schleusen und Industrieanlagen. Velsen\/IJmuiden aan Zee ist vor allem f\u00fcr seinen Fischereihafen und den Stahlkonzern Tata Steel bekannt, der die Skyline des Ortes nachts in sch\u00f6nem Licht erstrahlen l\u00e4sst. Doch Velsen hat noch viel mehr zu bieten: in dieser vielseitigen Gemeinde gibt es<a href=\"https:\/\/www.vvvijmuidenaanzee.nl\/%7E\/link.aspx?_id=9B008C47CA9D430AB57D0880E343EAAF&amp;_z=z\"> wundersch\u00f6ne historische Orte wie etwa die stattlichen Landsitze<\/a>, das <a href=\"https:\/\/www.vvvijmuidenaanzee.nl\/detail\/forteiland+ijmuiden?item=d73b403a-10de-48b5-8743-7d634baee48f\" target=\"_blank\">Forteiland (Fortinsel)<\/a>, das <a href=\"https:\/\/www.vvvijmuidenaanzee.nl\/detail\/bunker+museum+ijmuiden?item=60fdece1-f3d3-43b7-86b3-6d53f9b73111\" target=\"_blank\">Bunkermuseum<\/a>, das malerische Dorf Oud Velsen oder die <a href=\"https:\/\/www.vvvijmuidenaanzee.nl\/detail\/rune+van+brederode?item=e37ea649-af6d-49d6-b487-451ef0690fd5\" target=\"_blank\">Burgruine van Brederode<\/a>. Im <a href=\"https:\/\/www.vvvijmuidenaanzee.nl\/detail\/nationaal+park+zuidkennemerland?item=74ba1810-dcca-4330-8d88-8188691cf0de\" target=\"_blank\">Nationalpark Zuid-Kennemerland<\/a> mit seiner einzigartigen D\u00fcnenlandschaft und dem Erholungsgebiet Spaarnwoude kann man abwechslungsreiche <a href=\"https:\/\/www.vvvijmuidenaanzee.nl\/sport-en-actief\/Routes\/Wandelroutes\" target=\"_blank\">Wanderungen<\/a> und <a href=\"https:\/\/www.vvvijmuidenaanzee.nl\/sport-en-actief\/Routes\/Fietsroutes\" target=\"_blank\">Fahrradtouren<\/a> unternehmen oder die Gegend auf Skates oder auch mit dem Roller erkunden.<\/p>\n<p>&#8211; See more at: <a href=\"https:\/\/www.vvvijmuidenaanzee.nl\/over#sthash.7LPAJgGM.dpuf\" target=\"_blank\">IJmuiden aan zee<\/a><\/p>\n<\/div>\n<h2>Strand<\/h2>\n<div id=\"stcpDiv\">\n<p>IJmuiden hat 3 St\u00e4nde, die sehr gut f\u00fcr aktive und dynamische Wasser- und Strandsportarten geeignet sind. Hier am Strand finden Sie Erholung pur!<\/p>\n<p><strong>&#8211; <a href=\"https:\/\/www.vvvijmuidenaanzee.nl\/detail\/,-w-,.aspx?item=9db0149b-82a8-4405-93d8-69b96282e456&amp;sc_lang=de-DE\" target=\"_blank\">Strand Noordpie<\/a><\/strong><a href=\"https:\/\/www.vvvijmuidenaanzee.nl\/detail\/,-w-,.aspx?item=9db0149b-82a8-4405-93d8-69b96282e456&amp;sc_lang=de-DE\" target=\"_blank\">r <\/a><\/p>\n<p><a href=\"https:\/\/www.dutchpedelectours.com\/wp-content\/uploads\/2013\/03\/strand-noord-pier.jpg\"><img fetchpriority=\"high\" decoding=\"async\" class=\"alignnone wp-image-3319\" src=\"https:\/\/www.dutchpedelectours.com\/wp-content\/uploads\/2013\/03\/strand-noord-pier.jpg\" alt=\"dinge zu tun IJmuiden\" width=\"330\" height=\"219\" srcset=\"https:\/\/www.dutchpedelectours.com\/wp-content\/uploads\/2013\/03\/strand-noord-pier.jpg 468w, https:\/\/www.dutchpedelectours.com\/wp-content\/uploads\/2013\/03\/strand-noord-pier-300x199.jpg 300w\" sizes=\"(max-width: 330px) 100vw, 330px\" \/><\/a><br \/>\nDieser Strand befindet sich n\u00f6rdlich des Nordseekanals und ist am besten \u00fcber Wijk aan Zee erreichbar. Wegen seiner Lage n\u00f6rdlich der Hafenmole (Noordpier) entstehen Str\u00f6mungen und Wellenformationen, die bei Wind- und Kitesurfern besonders beliebt sind.<\/p>\n<p><strong>&#8211; <a href=\"https:\/\/www.vvvijmuidenaanzee.nl\/detail\/strand+ijmuiden+aan+zee?item=83708009-0e7e-438b-9d4b-7bd92de7559a\" target=\"_blank\">Strand IJmuiden aan Zee<\/a><\/strong><\/p>\n<p><a href=\"https:\/\/www.dutchpedelectours.com\/wp-content\/uploads\/2013\/03\/Strand-IJmuiden.jpg\"><img decoding=\"async\" class=\"alignnone  wp-image-3327 lazyload\" data-src=\"https:\/\/www.dutchpedelectours.com\/wp-content\/uploads\/2013\/03\/Strand-IJmuiden.jpg\" alt=\"Strand IJmuiden\" width=\"332\" height=\"221\" data-srcset=\"https:\/\/www.dutchpedelectours.com\/wp-content\/uploads\/2013\/03\/Strand-IJmuiden.jpg 468w, https:\/\/www.dutchpedelectours.com\/wp-content\/uploads\/2013\/03\/Strand-IJmuiden-300x199.jpg 300w\" data-sizes=\"(max-width: 332px) 100vw, 332px\" src=\"data:image\/svg+xml;base64,PHN2ZyB3aWR0aD0iMSIgaGVpZ2h0PSIxIiB4bWxucz0iaHR0cDovL3d3dy53My5vcmcvMjAwMC9zdmciPjwvc3ZnPg==\" style=\"--smush-placeholder-width: 332px; --smush-placeholder-aspect-ratio: 332\/221;\" \/><\/a><br \/>\nDieser Strand befindet sich hinter dem Marina Seaport Jachthafen, der Weg hierher ist mit &#8216;Strand IJmuiden aan Zee&#8217; ausgeschildert. Wegen seiner Lage s\u00fcdlich der Hafenmole (Zuidpier) entstehen Str\u00f6mungen und Wellenformationen, die bei Wind- und Kitesurfern besonders beliebt sind.<\/p>\n<p><strong>&#8211; <a href=\"https:\/\/www.vvvijmuidenaanzee.nl\/detail\/strand+ijmuiderslag?item=1b409eac-d709-4869-8ac4-7344791b3e53\" target=\"_blank\">Strand IJmuiderslag<\/a><\/strong><\/p>\n<p><a href=\"https:\/\/www.dutchpedelectours.com\/wp-content\/uploads\/2015\/01\/strand-ijmuider-slag.jpg\"><img decoding=\"async\" class=\"alignnone  wp-image-4749 lazyload\" data-src=\"https:\/\/www.dutchpedelectours.com\/wp-content\/uploads\/2015\/01\/strand-ijmuider-slag.jpg\" alt=\"strand ijmuider slag\" width=\"342\" height=\"257\" data-srcset=\"https:\/\/www.dutchpedelectours.com\/wp-content\/uploads\/2015\/01\/strand-ijmuider-slag.jpg 468w, https:\/\/www.dutchpedelectours.com\/wp-content\/uploads\/2015\/01\/strand-ijmuider-slag-300x225.jpg 300w, https:\/\/www.dutchpedelectours.com\/wp-content\/uploads\/2015\/01\/strand-ijmuider-slag-250x188.jpg 250w\" data-sizes=\"(max-width: 342px) 100vw, 342px\" src=\"data:image\/svg+xml;base64,PHN2ZyB3aWR0aD0iMSIgaGVpZ2h0PSIxIiB4bWxucz0iaHR0cDovL3d3dy53My5vcmcvMjAwMC9zdmciPjwvc3ZnPg==\" style=\"--smush-placeholder-width: 342px; --smush-placeholder-aspect-ratio: 342\/257;\" \/><\/a><br \/>\nDieser Strand befindet sich s\u00fcdlich des Strandes IJmuiden aan Zee, der Weg hierher ist mit &#8216;IJmuiderslag&#8217; ausgeschildert. Auf diesem s\u00fcdlichsten Teil des Strandes d\u00fcrfen Hunde frei laufen, und der breite Strand eignet sich sehr gut zum Kitebuggyfahren, Strandsegeln und f\u00fcr Offroad-Autorennen.<\/p>\n<p>&#8211; See more at: <a href=\"https:\/\/www.vvvijmuidenaanzee.nl\/zien-en-doen\/stranden#sthash.WJt1EB94.dpuf\" target=\"_blank\">IJmuiden aan Zee<\/a><\/p>\n<\/div>\n<h2>Sehensw\u00fcrdigkeiten<\/h2>\n<div>\n<div id=\"stcpDiv\">\n<p class=\"subline\"><strong>Stattliche Wohnsitze auf dem Land<\/strong><\/p>\n<p>Im 17. und 18. Jahrhundert war das Gebiet am Rande der D\u00fcnen besonders beliebt bei reichen Kaufleuten aus Amsterdam. Diese erwarben hier gro\u00dfe Anwesen und lie\u00dfen sich imposante Landsitze bauen. Eindrucksvolle Beispiele hierf\u00fcr sind die imposanten <a href=\"https:\/\/www.vvvijmuidenaanzee.nl\/detail\/landgoed+beeckestijn?item=09ab67d7-13b7-42b7-a56f-00fca61394c7\" target=\"_blank\">Landg\u00fcter Beeckestijn<\/a>, <a href=\"https:\/\/www.vvvijmuidenaanzee.nl\/detail\/kinderboerderij+en+speeltuin+velserbeek?item=9ba5587c-0583-4027-bca7-a82e752899cf\" target=\"_blank\">Velserbeek<\/a>, Waterland, Schoonenberg und <a href=\"https:\/\/www.vvvijmuidenaanzee.nl\/detail\/landgoed+duin+kruidberg?item=51c283af-5610-4759-be11-03abb83329d2\" target=\"_blank\">Duin &amp; Kruidberg<\/a>. Die Parkanlagen dieser Anwesen, die heutzutage gr\u00f6\u00dftenteils \u00f6ffentlich zug\u00e4nglich sind, das weitl\u00e4ufige D\u00fcnengebiet, der breite Sandstrand und das Naherholungsgebiet Spaarnwoude machen die Gemeinde Velsen zu einem attraktiven Urlaubs- und Freizeitziel.<\/p>\n<p>&#8211; See more at: <a href=\"https:\/\/www.vvvijmuidenaanzee.nl\/zien-en-doen\/bezienswaardigheden#sthash.EjGVT4gh.dpuf\" target=\"_blank\">IJmuiden aan Zee<\/a><\/p>\n<\/div>\n<\/div>\n<p><span style=\"color: #ff6600;\"><a style=\"color: #ff6600;\" href=\"https:\/\/www.vvvijmuidenaanzee.nl\/?sc_lang=de-DE\" target=\"_blank\">Was gibt es mehr zu tun in IJmuiden<\/a><\/span><\/p>\n<div id=\"TA_impdestnarrow311\" class=\"TA_impdestnarrow\">\n<ul id=\"YYrZeot3\" class=\"TA_links W9VMILv3RZo4\">\n<li id=\"qj5IrN3\" class=\"gGYvny9n34\"><a href=\"https:\/\/www.tripadvisor.de\/\" target=\"_blank\"><img decoding=\"async\" data-src=\"https:\/\/www.tripadvisor.de\/img\/cdsi\/img2\/sprites\/cdsWdgtV8-13344-2.png\" alt=\"TripAdvisor\" src=\"data:image\/svg+xml;base64,PHN2ZyB3aWR0aD0iMSIgaGVpZ2h0PSIxIiB4bWxucz0iaHR0cDovL3d3dy53My5vcmcvMjAwMC9zdmciPjwvc3ZnPg==\" class=\"lazyload\" \/><\/a><\/li>\n<\/ul>\n<\/div>\n<p><script src=\"https:\/\/www.jscache.com\/wejs?wtype=impdestnarrow&amp;uniq=311&amp;locationId=1051902&amp;lang=de&amp;border=true&amp;display_version=2&amp;ltype=v\" type=\"text\/javascript\"><\/script><\/p>\n","protected":false},"excerpt":{"rendered":"<p>In und rundum IJmuiden gibt es viele dinge zu tun. Mieten Sie zum Beispiel ein Elektro Fahrrad, um die Umgebung<\/p>\n<div class=\"read-button read_more_btn_text\"><a class=\"read_more\" href=\"https:\/\/www.dutchpedelectours.com\/de\/dinge-zu-tun-ijmuiden\/\">Read more<span class=\"arrow_readm\"> &#x25BA;<\/span><\/a><\/div>\n","protected":false},"author":3,"featured_media":0,"parent":0,"menu_order":0,"comment_status":"closed","ping_status":"open","template":"","meta":{"footnotes":""},"class_list":["post-3604","page","type-page","status-publish","hentry"],"yoast_head":"<!-- This site is optimized with the Yoast SEO Premium plugin v27.6 (Yoast SEO v27.6) - https:\/\/yoast.com\/product\/yoast-seo-premium-wordpress\/ -->\n<title>dinge zu tun IJmuiden - Dutch Pedelec Tours<\/title>\n<meta name=\"description\" content=\"Dinge zu tun IJmuiden In und rundum IJmuiden gibt es viele Dinge zu tun. Mieten Sie zum Beispiel ein Elektro Fahrrad, um die Umgebung zu erkunden.\" \/>\n<meta name=\"robots\" content=\"index, follow, max-snippet:-1, max-image-preview:large, max-video-preview:-1\" \/>\n<link rel=\"canonical\" href=\"https:\/\/www.dutchpedelectours.com\/de\/dinge-zu-tun-ijmuiden\/\" \/>\n<meta property=\"og:locale\" content=\"de_DE\" \/>\n<meta property=\"og:type\" content=\"article\" \/>\n<meta property=\"og:title\" content=\"was gibt es zu tun in IJmuiden\" \/>\n<meta property=\"og:description\" content=\"Dinge zu tun IJmuiden In und rundum IJmuiden gibt es viele Dinge zu tun. Mieten Sie zum Beispiel ein Elektro Fahrrad, um die Umgebung zu erkunden.\" \/>\n<meta property=\"og:url\" content=\"https:\/\/www.dutchpedelectours.com\/de\/dinge-zu-tun-ijmuiden\/\" \/>\n<meta property=\"og:site_name\" content=\"Dutch Pedelec Tours\" \/>\n<meta property=\"article:publisher\" content=\"https:\/\/www.facebook.com\/dutchpedelec\" \/>\n<meta property=\"article:modified_time\" content=\"2015-03-09T19:17:10+00:00\" \/>\n<meta property=\"og:image\" content=\"https:\/\/www.dutchpedelectours.com\/wp-content\/uploads\/2013\/03\/strand-noord-pier.jpg\" \/>\n<meta name=\"twitter:card\" content=\"summary_large_image\" \/>\n<meta name=\"twitter:site\" content=\"@dutchpedelec\" \/>\n<meta name=\"twitter:label1\" content=\"Gesch\u00e4tzte Lesezeit\" \/>\n\t<meta name=\"twitter:data1\" content=\"3 minutes\" \/>\n<script type=\"application\/ld+json\" class=\"yoast-schema-graph\">{\"@context\":\"https:\\\/\\\/schema.org\",\"@graph\":[{\"@type\":\"WebPage\",\"@id\":\"https:\\\/\\\/www.dutchpedelectours.com\\\/de\\\/dinge-zu-tun-ijmuiden\\\/\",\"url\":\"https:\\\/\\\/www.dutchpedelectours.com\\\/de\\\/dinge-zu-tun-ijmuiden\\\/\",\"name\":\"dinge zu tun IJmuiden - Dutch Pedelec Tours\",\"isPartOf\":{\"@id\":\"https:\\\/\\\/www.dutchpedelectours.com\\\/de\\\/#website\"},\"primaryImageOfPage\":{\"@id\":\"https:\\\/\\\/www.dutchpedelectours.com\\\/de\\\/dinge-zu-tun-ijmuiden\\\/#primaryimage\"},\"image\":{\"@id\":\"https:\\\/\\\/www.dutchpedelectours.com\\\/de\\\/dinge-zu-tun-ijmuiden\\\/#primaryimage\"},\"thumbnailUrl\":\"https:\\\/\\\/www.dutchpedelectours.com\\\/wp-content\\\/uploads\\\/2013\\\/03\\\/strand-noord-pier.jpg\",\"datePublished\":\"2015-01-06T13:21:46+00:00\",\"dateModified\":\"2015-03-09T19:17:10+00:00\",\"description\":\"Dinge zu tun IJmuiden In und rundum IJmuiden gibt es viele Dinge zu tun. Mieten Sie zum Beispiel ein Elektro Fahrrad, um die Umgebung zu erkunden.\",\"breadcrumb\":{\"@id\":\"https:\\\/\\\/www.dutchpedelectours.com\\\/de\\\/dinge-zu-tun-ijmuiden\\\/#breadcrumb\"},\"inLanguage\":\"de-DE\",\"potentialAction\":[{\"@type\":\"ReadAction\",\"target\":[\"https:\\\/\\\/www.dutchpedelectours.com\\\/de\\\/dinge-zu-tun-ijmuiden\\\/\"]}]},{\"@type\":\"ImageObject\",\"inLanguage\":\"de-DE\",\"@id\":\"https:\\\/\\\/www.dutchpedelectours.com\\\/de\\\/dinge-zu-tun-ijmuiden\\\/#primaryimage\",\"url\":\"https:\\\/\\\/www.dutchpedelectours.com\\\/wp-content\\\/uploads\\\/2013\\\/03\\\/strand-noord-pier.jpg\",\"contentUrl\":\"https:\\\/\\\/www.dutchpedelectours.com\\\/wp-content\\\/uploads\\\/2013\\\/03\\\/strand-noord-pier.jpg\"},{\"@type\":\"BreadcrumbList\",\"@id\":\"https:\\\/\\\/www.dutchpedelectours.com\\\/de\\\/dinge-zu-tun-ijmuiden\\\/#breadcrumb\",\"itemListElement\":[{\"@type\":\"ListItem\",\"position\":1,\"name\":\"Home\",\"item\":\"https:\\\/\\\/www.dutchpedelectours.com\\\/de\\\/\"},{\"@type\":\"ListItem\",\"position\":2,\"name\":\"was gibt es zu tun in IJmuiden\"}]},{\"@type\":\"WebSite\",\"@id\":\"https:\\\/\\\/www.dutchpedelectours.com\\\/de\\\/#website\",\"url\":\"https:\\\/\\\/www.dutchpedelectours.com\\\/de\\\/\",\"name\":\"Dutch Pedelec Tours\",\"description\":\"Pedelec rental in IJmuiden and Haarlem, E-bike fietsverhuur in omgeving van IJmuiden, Elektrofahrradverleih in IJmuiden und Haarlem\",\"publisher\":{\"@id\":\"https:\\\/\\\/www.dutchpedelectours.com\\\/de\\\/#organization\"},\"potentialAction\":[{\"@type\":\"SearchAction\",\"target\":{\"@type\":\"EntryPoint\",\"urlTemplate\":\"https:\\\/\\\/www.dutchpedelectours.com\\\/de\\\/?s={search_term_string}\"},\"query-input\":{\"@type\":\"PropertyValueSpecification\",\"valueRequired\":true,\"valueName\":\"search_term_string\"}}],\"inLanguage\":\"de-DE\"},{\"@type\":[\"Organization\",\"Place\",\"TravelAgency\"],\"@id\":\"https:\\\/\\\/www.dutchpedelectours.com\\\/de\\\/#organization\",\"name\":\"Dutch Pedelec Tours\",\"url\":\"https:\\\/\\\/www.dutchpedelectours.com\\\/de\\\/\",\"logo\":{\"@id\":\"https:\\\/\\\/www.dutchpedelectours.com\\\/de\\\/dinge-zu-tun-ijmuiden\\\/#local-main-organization-logo\"},\"image\":{\"@id\":\"https:\\\/\\\/www.dutchpedelectours.com\\\/de\\\/dinge-zu-tun-ijmuiden\\\/#local-main-organization-logo\"},\"sameAs\":[\"https:\\\/\\\/www.facebook.com\\\/dutchpedelec\",\"https:\\\/\\\/x.com\\\/dutchpedelec\",\"https:\\\/\\\/www.instagram.com\\\/dutchpedelec\\\/\",\"https:\\\/\\\/www.pinterest.com\\\/dutchpedelec\\\/\"],\"address\":{\"@id\":\"https:\\\/\\\/www.dutchpedelectours.com\\\/de\\\/dinge-zu-tun-ijmuiden\\\/#local-main-place-address\"},\"geo\":{\"@type\":\"GeoCoordinates\",\"latitude\":\"52.473070\",\"longitude\":\"4.674476\"},\"telephone\":[\"+31 (0)621591870\"],\"openingHoursSpecification\":[{\"@type\":\"OpeningHoursSpecification\",\"dayOfWeek\":[\"Monday\",\"Tuesday\",\"Wednesday\",\"Thursday\",\"Friday\",\"Saturday\",\"Sunday\"],\"opens\":\"09:00\",\"closes\":\"18:00\"}],\"email\":\"info@dutchpedelectours.com\",\"areaServed\":\"the Netherlands\",\"vatID\":\"NL001509724B26\",\"priceRange\":\"$$\",\"currenciesAccepted\":\"Euros\",\"paymentAccepted\":\"cash, creditcard, debetcard\"},{\"@type\":\"PostalAddress\",\"@id\":\"https:\\\/\\\/www.dutchpedelectours.com\\\/de\\\/dinge-zu-tun-ijmuiden\\\/#local-main-place-address\",\"streetAddress\":\"Flevoland 11\",\"addressLocality\":\"Beverwijk\",\"postalCode\":\"1948RH\",\"addressRegion\":\"Noord-Holland\",\"addressCountry\":\"NL\"},{\"@type\":\"ImageObject\",\"inLanguage\":\"de-DE\",\"@id\":\"https:\\\/\\\/www.dutchpedelectours.com\\\/de\\\/dinge-zu-tun-ijmuiden\\\/#local-main-organization-logo\",\"url\":\"https:\\\/\\\/www.dutchpedelectours.com\\\/wp-content\\\/uploads\\\/2015\\\/03\\\/DPT-FACEBOOK-WIT.jpg\",\"contentUrl\":\"https:\\\/\\\/www.dutchpedelectours.com\\\/wp-content\\\/uploads\\\/2015\\\/03\\\/DPT-FACEBOOK-WIT.jpg\",\"width\":180,\"height\":180,\"caption\":\"Dutch Pedelec Tours\"}]}<\/script>\n<meta name=\"geo.placename\" content=\"Beverwijk\" \/>\n<meta name=\"geo.position\" content=\"52.473070;4.674476\" \/>\n<meta name=\"geo.region\" content=\"Niederlande\" \/>\n<!-- \/ Yoast SEO Premium plugin. -->","yoast_head_json":{"title":"dinge zu tun IJmuiden - Dutch Pedelec Tours","description":"Dinge zu tun IJmuiden In und rundum IJmuiden gibt es viele Dinge zu tun. Mieten Sie zum Beispiel ein Elektro Fahrrad, um die Umgebung zu erkunden.","robots":{"index":"index","follow":"follow","max-snippet":"max-snippet:-1","max-image-preview":"max-image-preview:large","max-video-preview":"max-video-preview:-1"},"canonical":"https:\/\/www.dutchpedelectours.com\/de\/dinge-zu-tun-ijmuiden\/","og_locale":"de_DE","og_type":"article","og_title":"was gibt es zu tun in IJmuiden","og_description":"Dinge zu tun IJmuiden In und rundum IJmuiden gibt es viele Dinge zu tun. Mieten Sie zum Beispiel ein Elektro Fahrrad, um die Umgebung zu erkunden.","og_url":"https:\/\/www.dutchpedelectours.com\/de\/dinge-zu-tun-ijmuiden\/","og_site_name":"Dutch Pedelec Tours","article_publisher":"https:\/\/www.facebook.com\/dutchpedelec","article_modified_time":"2015-03-09T19:17:10+00:00","og_image":[{"url":"https:\/\/www.dutchpedelectours.com\/wp-content\/uploads\/2013\/03\/strand-noord-pier.jpg","type":"","width":"","height":""}],"twitter_card":"summary_large_image","twitter_site":"@dutchpedelec","twitter_misc":{"Gesch\u00e4tzte Lesezeit":"3 minutes"},"schema":{"@context":"https:\/\/schema.org","@graph":[{"@type":"WebPage","@id":"https:\/\/www.dutchpedelectours.com\/de\/dinge-zu-tun-ijmuiden\/","url":"https:\/\/www.dutchpedelectours.com\/de\/dinge-zu-tun-ijmuiden\/","name":"dinge zu tun IJmuiden - Dutch Pedelec Tours","isPartOf":{"@id":"https:\/\/www.dutchpedelectours.com\/de\/#website"},"primaryImageOfPage":{"@id":"https:\/\/www.dutchpedelectours.com\/de\/dinge-zu-tun-ijmuiden\/#primaryimage"},"image":{"@id":"https:\/\/www.dutchpedelectours.com\/de\/dinge-zu-tun-ijmuiden\/#primaryimage"},"thumbnailUrl":"https:\/\/www.dutchpedelectours.com\/wp-content\/uploads\/2013\/03\/strand-noord-pier.jpg","datePublished":"2015-01-06T13:21:46+00:00","dateModified":"2015-03-09T19:17:10+00:00","description":"Dinge zu tun IJmuiden In und rundum IJmuiden gibt es viele Dinge zu tun. Mieten Sie zum Beispiel ein Elektro Fahrrad, um die Umgebung zu erkunden.","breadcrumb":{"@id":"https:\/\/www.dutchpedelectours.com\/de\/dinge-zu-tun-ijmuiden\/#breadcrumb"},"inLanguage":"de-DE","potentialAction":[{"@type":"ReadAction","target":["https:\/\/www.dutchpedelectours.com\/de\/dinge-zu-tun-ijmuiden\/"]}]},{"@type":"ImageObject","inLanguage":"de-DE","@id":"https:\/\/www.dutchpedelectours.com\/de\/dinge-zu-tun-ijmuiden\/#primaryimage","url":"https:\/\/www.dutchpedelectours.com\/wp-content\/uploads\/2013\/03\/strand-noord-pier.jpg","contentUrl":"https:\/\/www.dutchpedelectours.com\/wp-content\/uploads\/2013\/03\/strand-noord-pier.jpg"},{"@type":"BreadcrumbList","@id":"https:\/\/www.dutchpedelectours.com\/de\/dinge-zu-tun-ijmuiden\/#breadcrumb","itemListElement":[{"@type":"ListItem","position":1,"name":"Home","item":"https:\/\/www.dutchpedelectours.com\/de\/"},{"@type":"ListItem","position":2,"name":"was gibt es zu tun in IJmuiden"}]},{"@type":"WebSite","@id":"https:\/\/www.dutchpedelectours.com\/de\/#website","url":"https:\/\/www.dutchpedelectours.com\/de\/","name":"Dutch Pedelec Tours","description":"Pedelec rental in IJmuiden and Haarlem, E-bike fietsverhuur in omgeving van IJmuiden, Elektrofahrradverleih in IJmuiden und Haarlem","publisher":{"@id":"https:\/\/www.dutchpedelectours.com\/de\/#organization"},"potentialAction":[{"@type":"SearchAction","target":{"@type":"EntryPoint","urlTemplate":"https:\/\/www.dutchpedelectours.com\/de\/?s={search_term_string}"},"query-input":{"@type":"PropertyValueSpecification","valueRequired":true,"valueName":"search_term_string"}}],"inLanguage":"de-DE"},{"@type":["Organization","Place","TravelAgency"],"@id":"https:\/\/www.dutchpedelectours.com\/de\/#organization","name":"Dutch Pedelec Tours","url":"https:\/\/www.dutchpedelectours.com\/de\/","logo":{"@id":"https:\/\/www.dutchpedelectours.com\/de\/dinge-zu-tun-ijmuiden\/#local-main-organization-logo"},"image":{"@id":"https:\/\/www.dutchpedelectours.com\/de\/dinge-zu-tun-ijmuiden\/#local-main-organization-logo"},"sameAs":["https:\/\/www.facebook.com\/dutchpedelec","https:\/\/x.com\/dutchpedelec","https:\/\/www.instagram.com\/dutchpedelec\/","https:\/\/www.pinterest.com\/dutchpedelec\/"],"address":{"@id":"https:\/\/www.dutchpedelectours.com\/de\/dinge-zu-tun-ijmuiden\/#local-main-place-address"},"geo":{"@type":"GeoCoordinates","latitude":"52.473070","longitude":"4.674476"},"telephone":["+31 (0)621591870"],"openingHoursSpecification":[{"@type":"OpeningHoursSpecification","dayOfWeek":["Monday","Tuesday","Wednesday","Thursday","Friday","Saturday","Sunday"],"opens":"09:00","closes":"18:00"}],"email":"info@dutchpedelectours.com","areaServed":"the Netherlands","vatID":"NL001509724B26","priceRange":"$$","currenciesAccepted":"Euros","paymentAccepted":"cash, creditcard, debetcard"},{"@type":"PostalAddress","@id":"https:\/\/www.dutchpedelectours.com\/de\/dinge-zu-tun-ijmuiden\/#local-main-place-address","streetAddress":"Flevoland 11","addressLocality":"Beverwijk","postalCode":"1948RH","addressRegion":"Noord-Holland","addressCountry":"NL"},{"@type":"ImageObject","inLanguage":"de-DE","@id":"https:\/\/www.dutchpedelectours.com\/de\/dinge-zu-tun-ijmuiden\/#local-main-organization-logo","url":"https:\/\/www.dutchpedelectours.com\/wp-content\/uploads\/2015\/03\/DPT-FACEBOOK-WIT.jpg","contentUrl":"https:\/\/www.dutchpedelectours.com\/wp-content\/uploads\/2015\/03\/DPT-FACEBOOK-WIT.jpg","width":180,"height":180,"caption":"Dutch Pedelec Tours"}]},"geo.placename":"Beverwijk","geo.position":{"lat":"52.473070","long":"4.674476"},"geo.region":"Niederlande"},"_links":{"self":[{"href":"https:\/\/www.dutchpedelectours.com\/de\/wp-json\/wp\/v2\/pages\/3604","targetHints":{"allow":["GET"]}}],"collection":[{"href":"https:\/\/www.dutchpedelectours.com\/de\/wp-json\/wp\/v2\/pages"}],"about":[{"href":"https:\/\/www.dutchpedelectours.com\/de\/wp-json\/wp\/v2\/types\/page"}],"author":[{"embeddable":true,"href":"https:\/\/www.dutchpedelectours.com\/de\/wp-json\/wp\/v2\/users\/3"}],"replies":[{"embeddable":true,"href":"https:\/\/www.dutchpedelectours.com\/de\/wp-json\/wp\/v2\/comments?post=3604"}],"version-history":[{"count":0,"href":"https:\/\/www.dutchpedelectours.com\/de\/wp-json\/wp\/v2\/pages\/3604\/revisions"}],"wp:attachment":[{"href":"https:\/\/www.dutchpedelectours.com\/de\/wp-json\/wp\/v2\/media?parent=3604"}],"curies":[{"name":"wp","href":"https:\/\/api.w.org\/{rel}","templated":true}]}}