{"id":3610,"date":"2015-01-06T13:29:08","date_gmt":"2015-01-06T13:29:08","guid":{"rendered":"https:\/\/www.dutchpedelectours.com\/?page_id=3610"},"modified":"2025-11-16T10:26:21","modified_gmt":"2025-11-16T09:26:21","slug":"fahrradverleih-wijk-aan-zee","status":"publish","type":"page","link":"https:\/\/www.dutchpedelectours.com\/de\/fahrradverleih-wijk-aan-zee\/","title":{"rendered":"Fahrradverleih Wijk aan Zee"},"content":{"rendered":"\n<p>Dutch Pedelec Tours ist ein Unternehmen, das sich auf den Verleih von hochwertigen <span style=\"color: #ff6600;\"><a style=\"color: #ff6600;\" title=\"flyer e fahrrad\" href=\"https:\/\/www.dutchpedelectours.com\/de\/flyer-e-fahrrad\/\">Flyer <span style=\"text-decoration: underline;\">E-Fahrr\u00e4der<\/span><\/a><\/span> (Pedelecs) in <span style=\"color: #ff6600;\"><a style=\"color: #ff6600;\" title=\"Wijk aan Zee\" href=\"https:\/\/www.dutchpedelectours.com\/de\/bereich\/wijk-aan-zee\/\">Wijk aan Zee <\/a><\/span>und Umgebung Beverwijk und <span style=\"color: #ff6600;\"><a style=\"color: #ff6600;\" title=\"IJmuiden\" href=\"https:\/\/www.dutchpedelectours.com\/de\/bereich\/elektrofahrrad-verleih-ijmuiden\/\">IJmuiden<\/a><\/span> spezialisiert hat.&nbsp;<\/p>\n\n\n\n<p>Warum? Weil wir glauben, dass dieses Gebiet am besten auf einem Fahrrad entdeckt wird.<\/p>\n\n\n\n<p>Wir haben die sch\u00f6nsten Routen f\u00fcr Sie zusammengestellt, und auf unseren komfortablen Elktrofahrr\u00e4der (pedelecs) k\u00f6nnen Sie auf entspannte Art und Weise die wundersch\u00f6ne Umgebung kennen lernen.<\/p>\n\n\n\n<p>Auf dieser Website finden Sie viele Radwege, die wir empfehlen w\u00fcrden. Z\u00f6gern Sie nicht, uns f\u00fcr spezielle Fahrradrouten zu fragen, wenn Sie andere Interessen haben. Fahrradverleih Wijk aan Zee m\u00f6chte Ihnen helfen, soviel wir k\u00f6nnen. \u00dcberpr\u00fcfen Sie unsere <span style=\"color: #ff6600;\"><a style=\"color: #ff6600;\" title=\"Unsere Ausfl\u00fcge\" href=\"https:\/\/www.dutchpedelectours.com\/de\/ausflug-haarlem\/\">Fahrradwege<\/a><\/span><br><\/p>\n\n\n\n<h2 class=\"wp-block-heading\" id=\"h-fahrradverleih-wijk-aan-zee\">Fahrradverleih Wijk aan Zee<\/h2>\n\n\n<div class=\"wp-block-image\">\n<figure class=\"alignleft\"><a href=\"https:\/\/www.dutchpedelectours.com\/wp-content\/uploads\/2013\/03\/Flyer-T5.jpg\"><img decoding=\"async\" data-src=\"https:\/\/www.dutchpedelectours.com\/wp-content\/uploads\/2013\/03\/Flyer-T5-300x200.jpg\" alt=\"fahrradverleih wijk aan zee\" class=\"wp-image-132 lazyload\" src=\"data:image\/svg+xml;base64,PHN2ZyB3aWR0aD0iMSIgaGVpZ2h0PSIxIiB4bWxucz0iaHR0cDovL3d3dy53My5vcmcvMjAwMC9zdmciPjwvc3ZnPg==\" style=\"--smush-placeholder-width: 300px; --smush-placeholder-aspect-ratio: 300\/200;\" \/><\/a><\/figure>\n<\/div>\n\n\n<p>Sie k\u00f6nnen ein fahrrad mieten f\u00fcr \u20ac 30,- pro tag. Wenn Sie die Fahrr\u00e4der f\u00fcr einen l\u00e4ngeren Zeitraum mieten m\u00f6chten, fragen Sie uns nach den Sonderpreisen.<\/p>\n\n\n\n<p>Sie k\u00f6nnen unsere E-Bikes an unserer Adresse in Beverwijk abholen oder wir bringen die Fahrr\u00e4der zu Ihrem Hotel, Strandhaus oder Campingplatz in Wijk aan Zee. F\u00fcr die Lieferung in Wijk aan Zee berechnen wir kleine Versandkosten.<br><\/p>\n\n\n\n<h2 class=\"wp-block-heading\" id=\"h-tagesreisen\">Tagesreisen<\/h2>\n\n\n\n<p>Sind Sie in Holland w\u00e4hrend einer kurzen Zeit? Wollen Sie Ideen f\u00fcr die sch\u00f6nsten Radwege? Wir haben eine Auswahl von \u201ctun m\u00fcssen\u201d Tagesreisen besonders f\u00fcr Radfahrer aus dem Ausland gemacht. Nicht nur zu den touristischen H\u00f6hepunkten, sondern auch zu anderen Sehensw\u00fcrdigkeiten, darunter viele Gebiete von au\u00dfergew\u00f6hnlicher nat\u00fcrlicher Sch\u00f6nheit.<\/p>\n\n\n\n<p>Hier finden Sie eine \u00dcbersicht der <span style=\"color: #ff6600;\"><a style=\"color: #ff6600;\" href=\"https:\/\/www.dutchpedelectours.com\/de\/radrouten-von-wijk-aan-zee\/\">Tagesausfl\u00fcge von Wijk aan Zee<\/a><\/span>, die wir empfehlen.&nbsp;<\/p>\n\n\n\n<p>Wir helfen auf Anfrage (kleine Gruppen). Nat\u00fcrlich k\u00f6nnen Sie auch die Umgebung mit unseren E-Bikes erkunden.<\/p>\n\n\n\n<h2 class=\"wp-block-heading\" id=\"h-reisefirma\">Reisefirma<\/h2>\n\n\n\n<p>Bieten Sie Fahrradurlaub in den Niederlanden und wollen Sie auch unsere Produkte in Ihr Angebot &nbsp;bringen? Setzen Sie sich gleich mit uns in <span style=\"color: #ff6600;\"><a style=\"color: #ff6600;\" href=\"https:\/\/www.dutchpedelectours.com\/de\/kontakt\/\">Verbindung<\/a>.<\/span><\/p>\n\n\n\n<p>F\u00fcr Firmen bieten wir Spezialprogramme an, und selbstverst\u00e4ndlich sind auch unsere <span style=\"color: #ff6600;\"><a style=\"color: #ff6600;\" title=\"Unsere Ausfl\u00fcge\" href=\"https:\/\/www.dutchpedelectours.com\/de\/ausflug-haarlem\/\">allgemeinen Routen<\/a><\/span> verf\u00fcgbar.<\/p>\n\n\n\n<p>Wir bieten komplette Programme an und organisieren Ihnen auf Wunsch einen F\u00fchrer, Mittag- und\/oder Abendessen. Auch f\u00fcr Teambuilding-Events stehen Ihnen unsere Mitarbeiter gerne zur Verf\u00fcgung.<\/p>\n\n\n\n<figure class=\"wp-block-image\"><a href=\"https:\/\/www.tripadvisor.de\/\" target=\"_blank\" rel=\"noopener noreferrer\"><img decoding=\"async\" data-src=\"https:\/\/www.tripadvisor.de\/img\/cdsi\/img2\/branding\/150_logo-11900-2.png\" alt=\"TripAdvisor\" src=\"data:image\/svg+xml;base64,PHN2ZyB3aWR0aD0iMSIgaGVpZ2h0PSIxIiB4bWxucz0iaHR0cDovL3d3dy53My5vcmcvMjAwMC9zdmciPjwvc3ZnPg==\" class=\"lazyload\" \/><\/a><\/figure>\n\n\n\n<div id=\"TA_selfserveprop600\" class=\"TA_selfserveprop\"><ul id=\"tM5C3P5hCP2\" class=\"TA_links 8YGPXO25yb\"><li id=\"yIiklbcLP\" class=\"JKXbNpUcVYo\"><a target=\"_blank\" href=\"https:\/\/www.tripadvisor.de\/Attraction_Review-g652313-d11797786-Reviews-Dutch_Pedelec_Tours-Wijk_aan_Zee_North_Holland_Province.html\" rel=\"noopener\"><img decoding=\"async\" data-src=\"https:\/\/www.tripadvisor.de\/img\/cdsi\/img2\/branding\/v2\/Tripadvisor_lockup_horizontal_secondary_registered-11900-2.svg\" alt=\"TripAdvisor\" src=\"data:image\/svg+xml;base64,PHN2ZyB3aWR0aD0iMSIgaGVpZ2h0PSIxIiB4bWxucz0iaHR0cDovL3d3dy53My5vcmcvMjAwMC9zdmciPjwvc3ZnPg==\" class=\"lazyload\" \/><\/a><\/li><\/ul><\/div><script async src=\"https:\/\/www.jscache.com\/wejs?wtype=selfserveprop&amp;uniq=600&amp;locationId=11797786&amp;lang=de&amp;rating=true&amp;nreviews=4&amp;writereviewlink=true&amp;popIdx=true&amp;iswide=true&amp;border=true&amp;display_version=2\" data-loadtrk onload=\"this.loadtrk=true\"><\/script>\n","protected":false},"excerpt":{"rendered":"<p>Dutch Pedelec Tours ist ein Unternehmen, das sich auf den Verleih von hochwertigen Flyer E-Fahrr\u00e4der (Pedelecs) in Wijk aan Zee<\/p>\n<div class=\"read-button read_more_btn_text\"><a class=\"read_more\" href=\"https:\/\/www.dutchpedelectours.com\/de\/fahrradverleih-wijk-aan-zee\/\">Read more<span class=\"arrow_readm\"> &#x25BA;<\/span><\/a><\/div>\n","protected":false},"author":3,"featured_media":0,"parent":0,"menu_order":0,"comment_status":"closed","ping_status":"open","template":"","meta":{"footnotes":""},"class_list":["post-3610","page","type-page","status-publish","hentry"],"yoast_head":"<!-- This site is optimized with the Yoast SEO Premium plugin v27.4 (Yoast SEO v27.4) - https:\/\/yoast.com\/product\/yoast-seo-premium-wordpress\/ -->\n<title>fahrradverleih Wijk aan Zee - Dutch Pedelec Tours<\/title>\n<meta name=\"description\" content=\"fahrradverleih Wijk aan Zee (elektro-fahrr\u00e4der) um die sch\u00f6ne umgebung von Wijk aan Zee in der Provinz Noord-Holland(die Niederlande) zu erkunden\" \/>\n<meta name=\"robots\" content=\"index, follow, max-snippet:-1, max-image-preview:large, max-video-preview:-1\" \/>\n<link rel=\"canonical\" href=\"https:\/\/www.dutchpedelectours.com\/de\/fahrradverleih-wijk-aan-zee\/\" \/>\n<meta property=\"og:locale\" content=\"de_DE\" \/>\n<meta property=\"og:type\" content=\"article\" \/>\n<meta property=\"og:title\" content=\"Fahrradverleih Wijk aan Zee\" \/>\n<meta property=\"og:description\" content=\"fahrradverleih Wijk aan Zee (elektro-fahrr\u00e4der) um die sch\u00f6ne umgebung von Wijk aan Zee in der Provinz Noord-Holland(die Niederlande) zu erkunden\" \/>\n<meta property=\"og:url\" content=\"https:\/\/www.dutchpedelectours.com\/de\/fahrradverleih-wijk-aan-zee\/\" \/>\n<meta property=\"og:site_name\" content=\"Dutch Pedelec Tours\" \/>\n<meta property=\"article:publisher\" content=\"https:\/\/www.facebook.com\/dutchpedelec\" \/>\n<meta property=\"article:modified_time\" content=\"2025-11-16T09:26:21+00:00\" \/>\n<meta property=\"og:image\" content=\"https:\/\/www.dutchpedelectours.com\/wp-content\/uploads\/2015\/03\/DPT-FACEBOOK-WIT.jpg\" \/>\n\t<meta property=\"og:image:width\" content=\"180\" \/>\n\t<meta property=\"og:image:height\" content=\"180\" \/>\n\t<meta property=\"og:image:type\" content=\"image\/jpeg\" \/>\n<meta name=\"twitter:card\" content=\"summary_large_image\" \/>\n<meta name=\"twitter:site\" content=\"@dutchpedelec\" \/>\n<meta name=\"twitter:label1\" content=\"Gesch\u00e4tzte Lesezeit\" \/>\n\t<meta name=\"twitter:data1\" content=\"2 minutes\" \/>\n<script type=\"application\/ld+json\" class=\"yoast-schema-graph\">{\"@context\":\"https:\\\/\\\/schema.org\",\"@graph\":[{\"@type\":\"WebPage\",\"@id\":\"https:\\\/\\\/www.dutchpedelectours.com\\\/de\\\/fahrradverleih-wijk-aan-zee\\\/\",\"url\":\"https:\\\/\\\/www.dutchpedelectours.com\\\/de\\\/fahrradverleih-wijk-aan-zee\\\/\",\"name\":\"fahrradverleih Wijk aan Zee - Dutch Pedelec Tours\",\"isPartOf\":{\"@id\":\"https:\\\/\\\/www.dutchpedelectours.com\\\/de\\\/#website\"},\"primaryImageOfPage\":{\"@id\":\"https:\\\/\\\/www.dutchpedelectours.com\\\/de\\\/fahrradverleih-wijk-aan-zee\\\/#primaryimage\"},\"image\":{\"@id\":\"https:\\\/\\\/www.dutchpedelectours.com\\\/de\\\/fahrradverleih-wijk-aan-zee\\\/#primaryimage\"},\"thumbnailUrl\":\"https:\\\/\\\/www.dutchpedelectours.com\\\/wp-content\\\/uploads\\\/2013\\\/03\\\/Flyer-T5-300x200.jpg\",\"datePublished\":\"2015-01-06T13:29:08+00:00\",\"dateModified\":\"2025-11-16T09:26:21+00:00\",\"description\":\"fahrradverleih Wijk aan Zee (elektro-fahrr\u00e4der) um die sch\u00f6ne umgebung von Wijk aan Zee in der Provinz Noord-Holland(die Niederlande) zu erkunden\",\"breadcrumb\":{\"@id\":\"https:\\\/\\\/www.dutchpedelectours.com\\\/de\\\/fahrradverleih-wijk-aan-zee\\\/#breadcrumb\"},\"inLanguage\":\"de-DE\",\"potentialAction\":[{\"@type\":\"ReadAction\",\"target\":[\"https:\\\/\\\/www.dutchpedelectours.com\\\/de\\\/fahrradverleih-wijk-aan-zee\\\/\"]}]},{\"@type\":\"ImageObject\",\"inLanguage\":\"de-DE\",\"@id\":\"https:\\\/\\\/www.dutchpedelectours.com\\\/de\\\/fahrradverleih-wijk-aan-zee\\\/#primaryimage\",\"url\":\"https:\\\/\\\/www.dutchpedelectours.com\\\/wp-content\\\/uploads\\\/2013\\\/03\\\/Flyer-T5-300x200.jpg\",\"contentUrl\":\"https:\\\/\\\/www.dutchpedelectours.com\\\/wp-content\\\/uploads\\\/2013\\\/03\\\/Flyer-T5-300x200.jpg\"},{\"@type\":\"BreadcrumbList\",\"@id\":\"https:\\\/\\\/www.dutchpedelectours.com\\\/de\\\/fahrradverleih-wijk-aan-zee\\\/#breadcrumb\",\"itemListElement\":[{\"@type\":\"ListItem\",\"position\":1,\"name\":\"Home\",\"item\":\"https:\\\/\\\/www.dutchpedelectours.com\\\/de\\\/\"},{\"@type\":\"ListItem\",\"position\":2,\"name\":\"Fahrradverleih Wijk aan Zee\"}]},{\"@type\":\"WebSite\",\"@id\":\"https:\\\/\\\/www.dutchpedelectours.com\\\/de\\\/#website\",\"url\":\"https:\\\/\\\/www.dutchpedelectours.com\\\/de\\\/\",\"name\":\"Dutch Pedelec Tours\",\"description\":\"Pedelec rental in IJmuiden and Haarlem, E-bike fietsverhuur in omgeving van IJmuiden, Elektrofahrradverleih in IJmuiden und Haarlem\",\"publisher\":{\"@id\":\"https:\\\/\\\/www.dutchpedelectours.com\\\/de\\\/#organization\"},\"potentialAction\":[{\"@type\":\"SearchAction\",\"target\":{\"@type\":\"EntryPoint\",\"urlTemplate\":\"https:\\\/\\\/www.dutchpedelectours.com\\\/de\\\/?s={search_term_string}\"},\"query-input\":{\"@type\":\"PropertyValueSpecification\",\"valueRequired\":true,\"valueName\":\"search_term_string\"}}],\"inLanguage\":\"de-DE\"},{\"@type\":[\"Organization\",\"Place\",\"TravelAgency\"],\"@id\":\"https:\\\/\\\/www.dutchpedelectours.com\\\/de\\\/#organization\",\"name\":\"Dutch Pedelec Tours\",\"url\":\"https:\\\/\\\/www.dutchpedelectours.com\\\/de\\\/\",\"logo\":{\"@id\":\"https:\\\/\\\/www.dutchpedelectours.com\\\/de\\\/fahrradverleih-wijk-aan-zee\\\/#local-main-organization-logo\"},\"image\":{\"@id\":\"https:\\\/\\\/www.dutchpedelectours.com\\\/de\\\/fahrradverleih-wijk-aan-zee\\\/#local-main-organization-logo\"},\"sameAs\":[\"https:\\\/\\\/www.facebook.com\\\/dutchpedelec\",\"https:\\\/\\\/x.com\\\/dutchpedelec\",\"https:\\\/\\\/www.instagram.com\\\/dutchpedelec\\\/\",\"https:\\\/\\\/www.pinterest.com\\\/dutchpedelec\\\/\"],\"address\":{\"@id\":\"https:\\\/\\\/www.dutchpedelectours.com\\\/de\\\/fahrradverleih-wijk-aan-zee\\\/#local-main-place-address\"},\"geo\":{\"@type\":\"GeoCoordinates\",\"latitude\":\"52.473070\",\"longitude\":\"4.674476\"},\"telephone\":[\"+31 (0)621591870\"],\"openingHoursSpecification\":[{\"@type\":\"OpeningHoursSpecification\",\"dayOfWeek\":[\"Monday\",\"Tuesday\",\"Wednesday\",\"Thursday\",\"Friday\",\"Saturday\",\"Sunday\"],\"opens\":\"09:00\",\"closes\":\"18:00\"}],\"email\":\"info@dutchpedelectours.com\",\"areaServed\":\"the Netherlands\",\"vatID\":\"NL001509724B26\",\"priceRange\":\"$$\",\"currenciesAccepted\":\"Euros\",\"paymentAccepted\":\"cash, creditcard, debetcard\"},{\"@type\":\"PostalAddress\",\"@id\":\"https:\\\/\\\/www.dutchpedelectours.com\\\/de\\\/fahrradverleih-wijk-aan-zee\\\/#local-main-place-address\",\"streetAddress\":\"Flevoland 11\",\"addressLocality\":\"Beverwijk\",\"postalCode\":\"1948RH\",\"addressRegion\":\"Noord-Holland\",\"addressCountry\":\"NL\"},{\"@type\":\"ImageObject\",\"inLanguage\":\"de-DE\",\"@id\":\"https:\\\/\\\/www.dutchpedelectours.com\\\/de\\\/fahrradverleih-wijk-aan-zee\\\/#local-main-organization-logo\",\"url\":\"https:\\\/\\\/www.dutchpedelectours.com\\\/wp-content\\\/uploads\\\/2015\\\/03\\\/DPT-FACEBOOK-WIT.jpg\",\"contentUrl\":\"https:\\\/\\\/www.dutchpedelectours.com\\\/wp-content\\\/uploads\\\/2015\\\/03\\\/DPT-FACEBOOK-WIT.jpg\",\"width\":180,\"height\":180,\"caption\":\"Dutch Pedelec Tours\"}]}<\/script>\n<meta name=\"geo.placename\" content=\"Beverwijk\" \/>\n<meta name=\"geo.position\" content=\"52.473070;4.674476\" \/>\n<meta name=\"geo.region\" content=\"Niederlande\" \/>\n<!-- \/ Yoast SEO Premium plugin. -->","yoast_head_json":{"title":"fahrradverleih Wijk aan Zee - Dutch Pedelec Tours","description":"fahrradverleih Wijk aan Zee (elektro-fahrr\u00e4der) um die sch\u00f6ne umgebung von Wijk aan Zee in der Provinz Noord-Holland(die Niederlande) zu erkunden","robots":{"index":"index","follow":"follow","max-snippet":"max-snippet:-1","max-image-preview":"max-image-preview:large","max-video-preview":"max-video-preview:-1"},"canonical":"https:\/\/www.dutchpedelectours.com\/de\/fahrradverleih-wijk-aan-zee\/","og_locale":"de_DE","og_type":"article","og_title":"Fahrradverleih Wijk aan Zee","og_description":"fahrradverleih Wijk aan Zee (elektro-fahrr\u00e4der) um die sch\u00f6ne umgebung von Wijk aan Zee in der Provinz Noord-Holland(die Niederlande) zu erkunden","og_url":"https:\/\/www.dutchpedelectours.com\/de\/fahrradverleih-wijk-aan-zee\/","og_site_name":"Dutch Pedelec Tours","article_publisher":"https:\/\/www.facebook.com\/dutchpedelec","article_modified_time":"2025-11-16T09:26:21+00:00","og_image":[{"width":180,"height":180,"url":"https:\/\/www.dutchpedelectours.com\/wp-content\/uploads\/2015\/03\/DPT-FACEBOOK-WIT.jpg","type":"image\/jpeg"}],"twitter_card":"summary_large_image","twitter_site":"@dutchpedelec","twitter_misc":{"Gesch\u00e4tzte Lesezeit":"2 minutes"},"schema":{"@context":"https:\/\/schema.org","@graph":[{"@type":"WebPage","@id":"https:\/\/www.dutchpedelectours.com\/de\/fahrradverleih-wijk-aan-zee\/","url":"https:\/\/www.dutchpedelectours.com\/de\/fahrradverleih-wijk-aan-zee\/","name":"fahrradverleih Wijk aan Zee - Dutch Pedelec Tours","isPartOf":{"@id":"https:\/\/www.dutchpedelectours.com\/de\/#website"},"primaryImageOfPage":{"@id":"https:\/\/www.dutchpedelectours.com\/de\/fahrradverleih-wijk-aan-zee\/#primaryimage"},"image":{"@id":"https:\/\/www.dutchpedelectours.com\/de\/fahrradverleih-wijk-aan-zee\/#primaryimage"},"thumbnailUrl":"https:\/\/www.dutchpedelectours.com\/wp-content\/uploads\/2013\/03\/Flyer-T5-300x200.jpg","datePublished":"2015-01-06T13:29:08+00:00","dateModified":"2025-11-16T09:26:21+00:00","description":"fahrradverleih Wijk aan Zee (elektro-fahrr\u00e4der) um die sch\u00f6ne umgebung von Wijk aan Zee in der Provinz Noord-Holland(die Niederlande) zu erkunden","breadcrumb":{"@id":"https:\/\/www.dutchpedelectours.com\/de\/fahrradverleih-wijk-aan-zee\/#breadcrumb"},"inLanguage":"de-DE","potentialAction":[{"@type":"ReadAction","target":["https:\/\/www.dutchpedelectours.com\/de\/fahrradverleih-wijk-aan-zee\/"]}]},{"@type":"ImageObject","inLanguage":"de-DE","@id":"https:\/\/www.dutchpedelectours.com\/de\/fahrradverleih-wijk-aan-zee\/#primaryimage","url":"https:\/\/www.dutchpedelectours.com\/wp-content\/uploads\/2013\/03\/Flyer-T5-300x200.jpg","contentUrl":"https:\/\/www.dutchpedelectours.com\/wp-content\/uploads\/2013\/03\/Flyer-T5-300x200.jpg"},{"@type":"BreadcrumbList","@id":"https:\/\/www.dutchpedelectours.com\/de\/fahrradverleih-wijk-aan-zee\/#breadcrumb","itemListElement":[{"@type":"ListItem","position":1,"name":"Home","item":"https:\/\/www.dutchpedelectours.com\/de\/"},{"@type":"ListItem","position":2,"name":"Fahrradverleih Wijk aan Zee"}]},{"@type":"WebSite","@id":"https:\/\/www.dutchpedelectours.com\/de\/#website","url":"https:\/\/www.dutchpedelectours.com\/de\/","name":"Dutch Pedelec Tours","description":"Pedelec rental in IJmuiden and Haarlem, E-bike fietsverhuur in omgeving van IJmuiden, Elektrofahrradverleih in IJmuiden und Haarlem","publisher":{"@id":"https:\/\/www.dutchpedelectours.com\/de\/#organization"},"potentialAction":[{"@type":"SearchAction","target":{"@type":"EntryPoint","urlTemplate":"https:\/\/www.dutchpedelectours.com\/de\/?s={search_term_string}"},"query-input":{"@type":"PropertyValueSpecification","valueRequired":true,"valueName":"search_term_string"}}],"inLanguage":"de-DE"},{"@type":["Organization","Place","TravelAgency"],"@id":"https:\/\/www.dutchpedelectours.com\/de\/#organization","name":"Dutch Pedelec Tours","url":"https:\/\/www.dutchpedelectours.com\/de\/","logo":{"@id":"https:\/\/www.dutchpedelectours.com\/de\/fahrradverleih-wijk-aan-zee\/#local-main-organization-logo"},"image":{"@id":"https:\/\/www.dutchpedelectours.com\/de\/fahrradverleih-wijk-aan-zee\/#local-main-organization-logo"},"sameAs":["https:\/\/www.facebook.com\/dutchpedelec","https:\/\/x.com\/dutchpedelec","https:\/\/www.instagram.com\/dutchpedelec\/","https:\/\/www.pinterest.com\/dutchpedelec\/"],"address":{"@id":"https:\/\/www.dutchpedelectours.com\/de\/fahrradverleih-wijk-aan-zee\/#local-main-place-address"},"geo":{"@type":"GeoCoordinates","latitude":"52.473070","longitude":"4.674476"},"telephone":["+31 (0)621591870"],"openingHoursSpecification":[{"@type":"OpeningHoursSpecification","dayOfWeek":["Monday","Tuesday","Wednesday","Thursday","Friday","Saturday","Sunday"],"opens":"09:00","closes":"18:00"}],"email":"info@dutchpedelectours.com","areaServed":"the Netherlands","vatID":"NL001509724B26","priceRange":"$$","currenciesAccepted":"Euros","paymentAccepted":"cash, creditcard, debetcard"},{"@type":"PostalAddress","@id":"https:\/\/www.dutchpedelectours.com\/de\/fahrradverleih-wijk-aan-zee\/#local-main-place-address","streetAddress":"Flevoland 11","addressLocality":"Beverwijk","postalCode":"1948RH","addressRegion":"Noord-Holland","addressCountry":"NL"},{"@type":"ImageObject","inLanguage":"de-DE","@id":"https:\/\/www.dutchpedelectours.com\/de\/fahrradverleih-wijk-aan-zee\/#local-main-organization-logo","url":"https:\/\/www.dutchpedelectours.com\/wp-content\/uploads\/2015\/03\/DPT-FACEBOOK-WIT.jpg","contentUrl":"https:\/\/www.dutchpedelectours.com\/wp-content\/uploads\/2015\/03\/DPT-FACEBOOK-WIT.jpg","width":180,"height":180,"caption":"Dutch Pedelec Tours"}]},"geo.placename":"Beverwijk","geo.position":{"lat":"52.473070","long":"4.674476"},"geo.region":"Niederlande"},"_links":{"self":[{"href":"https:\/\/www.dutchpedelectours.com\/de\/wp-json\/wp\/v2\/pages\/3610","targetHints":{"allow":["GET"]}}],"collection":[{"href":"https:\/\/www.dutchpedelectours.com\/de\/wp-json\/wp\/v2\/pages"}],"about":[{"href":"https:\/\/www.dutchpedelectours.com\/de\/wp-json\/wp\/v2\/types\/page"}],"author":[{"embeddable":true,"href":"https:\/\/www.dutchpedelectours.com\/de\/wp-json\/wp\/v2\/users\/3"}],"replies":[{"embeddable":true,"href":"https:\/\/www.dutchpedelectours.com\/de\/wp-json\/wp\/v2\/comments?post=3610"}],"version-history":[{"count":0,"href":"https:\/\/www.dutchpedelectours.com\/de\/wp-json\/wp\/v2\/pages\/3610\/revisions"}],"wp:attachment":[{"href":"https:\/\/www.dutchpedelectours.com\/de\/wp-json\/wp\/v2\/media?parent=3610"}],"curies":[{"name":"wp","href":"https:\/\/api.w.org\/{rel}","templated":true}]}}