{"id":3623,"date":"2015-01-06T13:45:03","date_gmt":"2015-01-06T13:45:03","guid":{"rendered":"https:\/\/www.dutchpedelectours.com\/?page_id=3623"},"modified":"2023-05-13T11:38:13","modified_gmt":"2023-05-13T10:38:13","slug":"e-bike-verleih","status":"publish","type":"page","link":"https:\/\/www.dutchpedelectours.com\/de\/e-bike-verleih\/","title":{"rendered":"Uber Dutch Pedelec Tours"},"content":{"rendered":"\n<div class=\"wp-block-group\"><div class=\"wp-block-group__inner-container is-layout-flow wp-block-group-is-layout-flow\">\n<p><a href=\"https:\/\/www.dutchpedelectours.com\/wp-content\/uploads\/2013\/03\/215x55-2.jpg\"><img decoding=\"async\" class=\"alignleft wp-image-196 size-full lazyload\" data-src=\"https:\/\/www.dutchpedelectours.com\/wp-content\/uploads\/2013\/03\/215x55-2.jpg\" alt=\"e-bike verleih\" width=\"215\" height=\"152\" src=\"data:image\/svg+xml;base64,PHN2ZyB3aWR0aD0iMSIgaGVpZ2h0PSIxIiB4bWxucz0iaHR0cDovL3d3dy53My5vcmcvMjAwMC9zdmciPjwvc3ZnPg==\" style=\"--smush-placeholder-width: 215px; --smush-placeholder-aspect-ratio: 215\/152;\" \/><\/a>Dutch Pedelec Tours ist ein Unternehmen, das sich auf den Verleih von hochwertigen E-Bikes (Pedelecs) in IJmuiden und Umgebung spezialisiert hat.<\/p>\n<p>Warum? Wir wissen, dass die meisten Leuten, die in die Niederlande kommen, Amsterdam sehen m\u00f6chte. O.K., Sie m\u00fcssen dort einmal sein, aber es gibt soviel mehr zu erfahren in unserem Land. Warum die selben tun, die jeder tut? Tun Sie wie die Holl\u00e4nder mit Dutch Pedelec Tours.<\/p>\n<h2>E-bike verleih<\/h2>\n<p>Mit unserem Team des motivierten und ernsten Personals stellen wir einige Reisen durch den Bereich zur Verf\u00fcgung. Wir haben die sch\u00f6nsten Routen f\u00fcr Sie zusammengestellt, und auf unseren komfortablen E-Bikes k\u00f6nnen Sie auf entspannte Art und Weise die wundersch\u00f6ne Umgebung kennenlernen. Sie k\u00f6nnen mit unseren E-Bikes auf eigene Faust die Umgebung erkunden.<\/p>\n<h2><span style=\"color: #ff6600;\">Langer<\/span> Aufenthalt<\/h2>\n<p>Wenn Sie einen Urlaub in den Niederlanden planen, k\u00f6nnen Sie einen Radurlaub machen und die Niederlande von ihrer besten Seite erleben. Sie k\u00f6nnen die Elektrofahrr\u00e4der f\u00fcr eine Woche oder sogar zwei Wochen mieten und wir k\u00f6nnen Ihnen Gep\u00e4ckwagen und sogar Kinderwagen zur Verf\u00fcgung stellen. Wir bringen Ihr Gep\u00e4ck nicht von Ort zu Ort, weil wir nicht der Meinung sind, dass es so sein sollte.<br \/>Wenn Sie Ihren Radurlaub in den Niederlanden planen, k\u00f6nnen wir Sie beraten.<br \/>Schauen Sie sich zum Beispiel unseren speziellen <span style=\"color: #ff6600;\"><a style=\"color: #ff6600;\" href=\"https:\/\/www.dutchpedelectours.com\/de\/radurlaub-holland\/\">Radurlaub in den Niederlanden<\/a><\/span> an.<\/p>\n<p>Sie k\u00f6nnen unsere E-Bikes an unseren <span style=\"color: #000000;\">Abholort annehmen<\/span> oder zu Ihrem Hotel oder Campingplatz liefern lassen.<\/p>\n<h2><span style=\"color: #ff6600;\">F\u00fcr<\/span> Firmen<\/h2>\n<p>Sind Sie ein Reiseveranstalter und m\u00f6chten Sie Ihren G\u00e4sten E-Bikes zur Verf\u00fcgung stellen? Dann setzen Sie sich gleich mit uns in <span style=\"color: #ff6600;\"><a style=\"color: #ff6600;\" title=\"Kontakt\" href=\"https:\/\/www.dutchpedelectours.com\/de\/kontakt-2\/\">Verbindung<\/a><\/span>!<\/p>\n<p>Wir bieten komplette Programme an und organisieren Ihnen auf Wunsch einen F\u00fchrer, Mittag- und\/oder Abendessen.<br \/>Auch f\u00fcr Teambuilding-Events stehen Ihnen unsere Mitarbeiter gerne zur Verf\u00fcgung.<\/p>\n<div id=\"TA_selfserveprop303\" class=\"TA_selfserveprop\">\n<ul id=\"mAxWQbCWZ51D\" class=\"TA_links mMd4IuvM1b\">\n<li id=\"YANHP6\" class=\"wOxE62\"><a href=\"https:\/\/www.tripadvisor.de\/\" target=\"_blank\" rel=\"noopener noreferrer\"><img decoding=\"async\" data-src=\"https:\/\/www.tripadvisor.de\/img\/cdsi\/img2\/branding\/150_logo-11900-2.png\" alt=\"TripAdvisor\" src=\"data:image\/svg+xml;base64,PHN2ZyB3aWR0aD0iMSIgaGVpZ2h0PSIxIiB4bWxucz0iaHR0cDovL3d3dy53My5vcmcvMjAwMC9zdmciPjwvc3ZnPg==\" class=\"lazyload\" \/><\/a><\/li>\n<\/ul>\n<\/div>\n<p><script src=\"https:\/\/www.jscache.com\/wejs?wtype=selfserveprop&amp;uniq=303&amp;locationId=4573292&amp;lang=de&amp;rating=true&amp;nreviews=5&amp;writereviewlink=true&amp;popIdx=true&amp;iswide=false&amp;border=true&amp;langversion=2\" type=\"text\/javascript\"><\/script><\/p>\n<h2><span style=\"color: #ff6600;\">Unseren<\/span> Partner<\/h2>\n<p>Fahrradsystem Van Doorn ist unsere lieferant von Flyer E-Bikes.<\/p>\n<p><span style=\"color: #ff6600;\"><a style=\"color: #ff6600;\" href=\"https:\/\/www.ijmuiden.nl\/de\/\" target=\"_blank\" rel=\"noopener noreferrer\">IJmuiden aan zee<\/a><\/span> ist unsere touristische partner.<\/p>\n<p>M\u00f6chten Sie direkt ein Zimmer buchen? <span style=\"color: #ff6600;\"><a style=\"color: #ff6600;\" href=\"https:\/\/www.hotelvelsen.nl\/?lang=de_de\" target=\"_blank\" rel=\"noopener noreferrer\">Hotel Velsen<\/a><\/span> ist unsere partner.<\/p>\n<p>M\u00f6chten Sie auch unsere partner werden? Rufen Sie uns an: +31 6\u00a055824710<\/p>\n<p>Dutch Pedelec Tours is ein partner von iamsterdam.com<\/p>\n<p><a href=\"https:\/\/www.dutchpedelectours.com\/wp-content\/uploads\/2015\/03\/PartnerbuttonWHITE2015.gif\"><img fetchpriority=\"high\" decoding=\"async\" class=\"alignnone wp-image-4789\" src=\"https:\/\/www.dutchpedelectours.com\/wp-content\/uploads\/2015\/03\/PartnerbuttonWHITE2015.gif\" alt=\"PartnerbuttonWHITE2015\" width=\"391\" height=\"276\" \/><\/a><\/p>\n<\/div><\/div>\n\n\n\n<div class=\"wp-block-yoast-seo-local-address\"><div id=\"wpseo_location-\" class=\"wpseo-location\"><h3><span class=\"wpseo-business-name\">Dutch Pedelec Tours<\/span><\/h3><div class=\"wpseo-address-wrapper\"><div class=\"street-address\">Flevoland 11<\/div><span class=\"postal-code\">1948RH<\/span><span class=\"locality\"> Beverwijk<\/span>, <span  class=\"region\">Noord-Holland<\/span><\/div><span class=\"wpseo-phone\">Telefon: <a href=\"tel:+310621591870\" class=\"tel\"><span>+31 (0)621591870<\/span><\/a><\/span><br\/><span class=\"wpseo-email\">E-Mail: <a href=\"mailto:i&#110;&#102;o&#064;d&#117;tch&#112;&#101;&#100;&#101;&#108;&#101;&#099;&#116;&#111;u&#114;s&#046;&#099;&#111;m\">&#105;&#110;f&#111;&#64;d&#117;&#116;ch&#112;e&#100;&#101;le&#99;t&#111;u&#114;&#115;.&#99;o&#109;<\/a><\/span><br\/><\/div><\/div>\n\n\n\n<div style=\"height:100px\" aria-hidden=\"true\" class=\"wp-block-spacer\"><\/div>\n\n\n\n<div class=\"wp-block-yoast-seo-local-map\"><div id=\"map_canvas\" class=\"wpseo-map-canvas\" style=\"max-width: 100%; width: 400px; height: 300px;\"><ul><li><a href=\"https:\/\/www.dutchpedelectours.com\/\">Dutch Pedelec Tours<\/a><\/li><\/ul><\/div><div id=\"wpseo-directions-wrapper\"><h3 id=\"wpseo-directions\" class=\"wpseo-directions-heading\">Route<\/h3><form action=\"\" method=\"post\" class=\"wpseo-directions-form\" id=\"wpseo-directions-form\" onsubmit=\"wpseo_calculate_route( wpseoMapOptions[0].map, wpseoMapOptions[0].directionsDisplay, wpseoMapOptions[0].mapVars[0], wpseoMapOptions[0].mapVars[1], 0); return false;\"><p>Deine Adresse: <input type=\"text\" size=\"20\" id=\"origin\" value=\"\" \/><input type=\"submit\" class=\"wpseo-directions-submit\" value=\"Zeige Route\"><span id=\"wpseo-noroute\" style=\"display: none;\">Es konnte keine Route berechnet werden.<\/span><\/p><\/form><div id=\"directions\"><\/div><\/div><\/div>\n","protected":false},"excerpt":{"rendered":"<p>Dutch Pedelec Tours ist ein Unternehmen, das sich auf den Verleih von hochwertigen E-Bikes (Pedelecs) in IJmuiden und Umgebung spezialisiert<\/p>\n<div class=\"read-button read_more_btn_text\"><a class=\"read_more\" href=\"https:\/\/www.dutchpedelectours.com\/de\/e-bike-verleih\/\">Read more<span class=\"arrow_readm\"> &#x25BA;<\/span><\/a><\/div>\n","protected":false},"author":3,"featured_media":0,"parent":0,"menu_order":0,"comment_status":"closed","ping_status":"open","template":"","meta":{"footnotes":""},"class_list":["post-3623","page","type-page","status-publish","hentry"],"yoast_head":"<!-- This site is optimized with the Yoast SEO Premium plugin v27.4 (Yoast SEO v27.4) - https:\/\/yoast.com\/product\/yoast-seo-premium-wordpress\/ -->\n<title>Dutch Pedelec Tours e-bike verleih in die Niederlande<\/title>\n<meta name=\"description\" content=\"Dutch Pedelec Tours ist e-bike Verleih, das sich auf den Verleih von hochwertigen E-Bikes in Haarlem, IJmuiden, Wijk aan Zee und Umgebung spezialisiert hat.\" \/>\n<meta name=\"robots\" content=\"index, follow, max-snippet:-1, max-image-preview:large, max-video-preview:-1\" \/>\n<link rel=\"canonical\" href=\"https:\/\/www.dutchpedelectours.com\/de\/e-bike-verleih\/\" \/>\n<meta property=\"og:locale\" content=\"de_DE\" \/>\n<meta property=\"og:type\" content=\"article\" \/>\n<meta property=\"og:title\" content=\"Uber Dutch Pedelec Tours\" \/>\n<meta property=\"og:description\" content=\"Dutch Pedelec Tours ist e-bike Verleih, das sich auf den Verleih von hochwertigen E-Bikes in Haarlem, IJmuiden, Wijk aan Zee und Umgebung spezialisiert hat.\" \/>\n<meta property=\"og:url\" content=\"https:\/\/www.dutchpedelectours.com\/de\/e-bike-verleih\/\" \/>\n<meta property=\"og:site_name\" content=\"Dutch Pedelec Tours\" \/>\n<meta property=\"article:publisher\" content=\"https:\/\/www.facebook.com\/dutchpedelec\" \/>\n<meta property=\"article:modified_time\" content=\"2023-05-13T10:38:13+00:00\" \/>\n<meta property=\"og:image\" content=\"https:\/\/www.dutchpedelectours.com\/wp-content\/uploads\/2013\/03\/215x55-2.jpg\" \/>\n<meta name=\"twitter:card\" content=\"summary_large_image\" \/>\n<meta name=\"twitter:site\" content=\"@dutchpedelec\" \/>\n<meta name=\"twitter:label1\" content=\"Gesch\u00e4tzte Lesezeit\" \/>\n\t<meta name=\"twitter:data1\" content=\"3 minutes\" \/>\n<script type=\"application\/ld+json\" class=\"yoast-schema-graph\">{\"@context\":\"https:\\\/\\\/schema.org\",\"@graph\":[{\"@type\":\"WebPage\",\"@id\":\"https:\\\/\\\/www.dutchpedelectours.com\\\/de\\\/e-bike-verleih\\\/\",\"url\":\"https:\\\/\\\/www.dutchpedelectours.com\\\/de\\\/e-bike-verleih\\\/\",\"name\":\"Dutch Pedelec Tours e-bike verleih in die Niederlande\",\"isPartOf\":{\"@id\":\"https:\\\/\\\/www.dutchpedelectours.com\\\/de\\\/#website\"},\"primaryImageOfPage\":{\"@id\":\"https:\\\/\\\/www.dutchpedelectours.com\\\/de\\\/e-bike-verleih\\\/#primaryimage\"},\"image\":{\"@id\":\"https:\\\/\\\/www.dutchpedelectours.com\\\/de\\\/e-bike-verleih\\\/#primaryimage\"},\"thumbnailUrl\":\"https:\\\/\\\/www.dutchpedelectours.com\\\/wp-content\\\/uploads\\\/2013\\\/03\\\/215x55-2.jpg\",\"datePublished\":\"2015-01-06T13:45:03+00:00\",\"dateModified\":\"2023-05-13T10:38:13+00:00\",\"description\":\"Dutch Pedelec Tours ist e-bike Verleih, das sich auf den Verleih von hochwertigen E-Bikes in Haarlem, IJmuiden, Wijk aan Zee und Umgebung spezialisiert hat.\",\"breadcrumb\":{\"@id\":\"https:\\\/\\\/www.dutchpedelectours.com\\\/de\\\/e-bike-verleih\\\/#breadcrumb\"},\"inLanguage\":\"de-DE\",\"potentialAction\":[{\"@type\":\"ReadAction\",\"target\":[\"https:\\\/\\\/www.dutchpedelectours.com\\\/de\\\/e-bike-verleih\\\/\"]}]},{\"@type\":\"ImageObject\",\"inLanguage\":\"de-DE\",\"@id\":\"https:\\\/\\\/www.dutchpedelectours.com\\\/de\\\/e-bike-verleih\\\/#primaryimage\",\"url\":\"https:\\\/\\\/www.dutchpedelectours.com\\\/wp-content\\\/uploads\\\/2013\\\/03\\\/215x55-2.jpg\",\"contentUrl\":\"https:\\\/\\\/www.dutchpedelectours.com\\\/wp-content\\\/uploads\\\/2013\\\/03\\\/215x55-2.jpg\"},{\"@type\":\"BreadcrumbList\",\"@id\":\"https:\\\/\\\/www.dutchpedelectours.com\\\/de\\\/e-bike-verleih\\\/#breadcrumb\",\"itemListElement\":[{\"@type\":\"ListItem\",\"position\":1,\"name\":\"Home\",\"item\":\"https:\\\/\\\/www.dutchpedelectours.com\\\/de\\\/\"},{\"@type\":\"ListItem\",\"position\":2,\"name\":\"Uber Dutch Pedelec Tours\"}]},{\"@type\":\"WebSite\",\"@id\":\"https:\\\/\\\/www.dutchpedelectours.com\\\/de\\\/#website\",\"url\":\"https:\\\/\\\/www.dutchpedelectours.com\\\/de\\\/\",\"name\":\"Dutch Pedelec Tours\",\"description\":\"Pedelec rental in IJmuiden and Haarlem, E-bike fietsverhuur in omgeving van IJmuiden, Elektrofahrradverleih in IJmuiden und Haarlem\",\"publisher\":{\"@id\":\"https:\\\/\\\/www.dutchpedelectours.com\\\/de\\\/#organization\"},\"potentialAction\":[{\"@type\":\"SearchAction\",\"target\":{\"@type\":\"EntryPoint\",\"urlTemplate\":\"https:\\\/\\\/www.dutchpedelectours.com\\\/de\\\/?s={search_term_string}\"},\"query-input\":{\"@type\":\"PropertyValueSpecification\",\"valueRequired\":true,\"valueName\":\"search_term_string\"}}],\"inLanguage\":\"de-DE\"},{\"@type\":[\"Organization\",\"Place\",\"TravelAgency\"],\"@id\":\"https:\\\/\\\/www.dutchpedelectours.com\\\/de\\\/#organization\",\"name\":\"Dutch Pedelec Tours\",\"url\":\"https:\\\/\\\/www.dutchpedelectours.com\\\/de\\\/\",\"logo\":{\"@id\":\"https:\\\/\\\/www.dutchpedelectours.com\\\/de\\\/e-bike-verleih\\\/#local-main-organization-logo\"},\"image\":{\"@id\":\"https:\\\/\\\/www.dutchpedelectours.com\\\/de\\\/e-bike-verleih\\\/#local-main-organization-logo\"},\"sameAs\":[\"https:\\\/\\\/www.facebook.com\\\/dutchpedelec\",\"https:\\\/\\\/x.com\\\/dutchpedelec\",\"https:\\\/\\\/www.instagram.com\\\/dutchpedelec\\\/\",\"https:\\\/\\\/www.pinterest.com\\\/dutchpedelec\\\/\"],\"address\":{\"@id\":\"https:\\\/\\\/www.dutchpedelectours.com\\\/de\\\/e-bike-verleih\\\/#local-main-place-address\"},\"geo\":{\"@type\":\"GeoCoordinates\",\"latitude\":\"52.473070\",\"longitude\":\"4.674476\"},\"telephone\":[\"+31 (0)621591870\"],\"openingHoursSpecification\":[{\"@type\":\"OpeningHoursSpecification\",\"dayOfWeek\":[\"Monday\",\"Tuesday\",\"Wednesday\",\"Thursday\",\"Friday\",\"Saturday\",\"Sunday\"],\"opens\":\"09:00\",\"closes\":\"18:00\"}],\"email\":\"info@dutchpedelectours.com\",\"areaServed\":\"the Netherlands\",\"vatID\":\"NL001509724B26\",\"priceRange\":\"$$\",\"currenciesAccepted\":\"Euros\",\"paymentAccepted\":\"cash, creditcard, debetcard\"},{\"@type\":\"PostalAddress\",\"@id\":\"https:\\\/\\\/www.dutchpedelectours.com\\\/de\\\/e-bike-verleih\\\/#local-main-place-address\",\"streetAddress\":\"Flevoland 11\",\"addressLocality\":\"Beverwijk\",\"postalCode\":\"1948RH\",\"addressRegion\":\"Noord-Holland\",\"addressCountry\":\"NL\"},{\"@type\":\"ImageObject\",\"inLanguage\":\"de-DE\",\"@id\":\"https:\\\/\\\/www.dutchpedelectours.com\\\/de\\\/e-bike-verleih\\\/#local-main-organization-logo\",\"url\":\"https:\\\/\\\/www.dutchpedelectours.com\\\/wp-content\\\/uploads\\\/2015\\\/03\\\/DPT-FACEBOOK-WIT.jpg\",\"contentUrl\":\"https:\\\/\\\/www.dutchpedelectours.com\\\/wp-content\\\/uploads\\\/2015\\\/03\\\/DPT-FACEBOOK-WIT.jpg\",\"width\":180,\"height\":180,\"caption\":\"Dutch Pedelec Tours\"}]}<\/script>\n<meta name=\"geo.placename\" content=\"Beverwijk\" \/>\n<meta name=\"geo.position\" content=\"52.473070;4.674476\" \/>\n<meta name=\"geo.region\" content=\"Niederlande\" \/>\n<!-- \/ Yoast SEO Premium plugin. -->","yoast_head_json":{"title":"Dutch Pedelec Tours e-bike verleih in die Niederlande","description":"Dutch Pedelec Tours ist e-bike Verleih, das sich auf den Verleih von hochwertigen E-Bikes in Haarlem, IJmuiden, Wijk aan Zee und Umgebung spezialisiert hat.","robots":{"index":"index","follow":"follow","max-snippet":"max-snippet:-1","max-image-preview":"max-image-preview:large","max-video-preview":"max-video-preview:-1"},"canonical":"https:\/\/www.dutchpedelectours.com\/de\/e-bike-verleih\/","og_locale":"de_DE","og_type":"article","og_title":"Uber Dutch Pedelec Tours","og_description":"Dutch Pedelec Tours ist e-bike Verleih, das sich auf den Verleih von hochwertigen E-Bikes in Haarlem, IJmuiden, Wijk aan Zee und Umgebung spezialisiert hat.","og_url":"https:\/\/www.dutchpedelectours.com\/de\/e-bike-verleih\/","og_site_name":"Dutch Pedelec Tours","article_publisher":"https:\/\/www.facebook.com\/dutchpedelec","article_modified_time":"2023-05-13T10:38:13+00:00","og_image":[{"url":"https:\/\/www.dutchpedelectours.com\/wp-content\/uploads\/2013\/03\/215x55-2.jpg","type":"","width":"","height":""}],"twitter_card":"summary_large_image","twitter_site":"@dutchpedelec","twitter_misc":{"Gesch\u00e4tzte Lesezeit":"3 minutes"},"schema":{"@context":"https:\/\/schema.org","@graph":[{"@type":"WebPage","@id":"https:\/\/www.dutchpedelectours.com\/de\/e-bike-verleih\/","url":"https:\/\/www.dutchpedelectours.com\/de\/e-bike-verleih\/","name":"Dutch Pedelec Tours e-bike verleih in die Niederlande","isPartOf":{"@id":"https:\/\/www.dutchpedelectours.com\/de\/#website"},"primaryImageOfPage":{"@id":"https:\/\/www.dutchpedelectours.com\/de\/e-bike-verleih\/#primaryimage"},"image":{"@id":"https:\/\/www.dutchpedelectours.com\/de\/e-bike-verleih\/#primaryimage"},"thumbnailUrl":"https:\/\/www.dutchpedelectours.com\/wp-content\/uploads\/2013\/03\/215x55-2.jpg","datePublished":"2015-01-06T13:45:03+00:00","dateModified":"2023-05-13T10:38:13+00:00","description":"Dutch Pedelec Tours ist e-bike Verleih, das sich auf den Verleih von hochwertigen E-Bikes in Haarlem, IJmuiden, Wijk aan Zee und Umgebung spezialisiert hat.","breadcrumb":{"@id":"https:\/\/www.dutchpedelectours.com\/de\/e-bike-verleih\/#breadcrumb"},"inLanguage":"de-DE","potentialAction":[{"@type":"ReadAction","target":["https:\/\/www.dutchpedelectours.com\/de\/e-bike-verleih\/"]}]},{"@type":"ImageObject","inLanguage":"de-DE","@id":"https:\/\/www.dutchpedelectours.com\/de\/e-bike-verleih\/#primaryimage","url":"https:\/\/www.dutchpedelectours.com\/wp-content\/uploads\/2013\/03\/215x55-2.jpg","contentUrl":"https:\/\/www.dutchpedelectours.com\/wp-content\/uploads\/2013\/03\/215x55-2.jpg"},{"@type":"BreadcrumbList","@id":"https:\/\/www.dutchpedelectours.com\/de\/e-bike-verleih\/#breadcrumb","itemListElement":[{"@type":"ListItem","position":1,"name":"Home","item":"https:\/\/www.dutchpedelectours.com\/de\/"},{"@type":"ListItem","position":2,"name":"Uber Dutch Pedelec Tours"}]},{"@type":"WebSite","@id":"https:\/\/www.dutchpedelectours.com\/de\/#website","url":"https:\/\/www.dutchpedelectours.com\/de\/","name":"Dutch Pedelec Tours","description":"Pedelec rental in IJmuiden and Haarlem, E-bike fietsverhuur in omgeving van IJmuiden, Elektrofahrradverleih in IJmuiden und Haarlem","publisher":{"@id":"https:\/\/www.dutchpedelectours.com\/de\/#organization"},"potentialAction":[{"@type":"SearchAction","target":{"@type":"EntryPoint","urlTemplate":"https:\/\/www.dutchpedelectours.com\/de\/?s={search_term_string}"},"query-input":{"@type":"PropertyValueSpecification","valueRequired":true,"valueName":"search_term_string"}}],"inLanguage":"de-DE"},{"@type":["Organization","Place","TravelAgency"],"@id":"https:\/\/www.dutchpedelectours.com\/de\/#organization","name":"Dutch Pedelec Tours","url":"https:\/\/www.dutchpedelectours.com\/de\/","logo":{"@id":"https:\/\/www.dutchpedelectours.com\/de\/e-bike-verleih\/#local-main-organization-logo"},"image":{"@id":"https:\/\/www.dutchpedelectours.com\/de\/e-bike-verleih\/#local-main-organization-logo"},"sameAs":["https:\/\/www.facebook.com\/dutchpedelec","https:\/\/x.com\/dutchpedelec","https:\/\/www.instagram.com\/dutchpedelec\/","https:\/\/www.pinterest.com\/dutchpedelec\/"],"address":{"@id":"https:\/\/www.dutchpedelectours.com\/de\/e-bike-verleih\/#local-main-place-address"},"geo":{"@type":"GeoCoordinates","latitude":"52.473070","longitude":"4.674476"},"telephone":["+31 (0)621591870"],"openingHoursSpecification":[{"@type":"OpeningHoursSpecification","dayOfWeek":["Monday","Tuesday","Wednesday","Thursday","Friday","Saturday","Sunday"],"opens":"09:00","closes":"18:00"}],"email":"info@dutchpedelectours.com","areaServed":"the Netherlands","vatID":"NL001509724B26","priceRange":"$$","currenciesAccepted":"Euros","paymentAccepted":"cash, creditcard, debetcard"},{"@type":"PostalAddress","@id":"https:\/\/www.dutchpedelectours.com\/de\/e-bike-verleih\/#local-main-place-address","streetAddress":"Flevoland 11","addressLocality":"Beverwijk","postalCode":"1948RH","addressRegion":"Noord-Holland","addressCountry":"NL"},{"@type":"ImageObject","inLanguage":"de-DE","@id":"https:\/\/www.dutchpedelectours.com\/de\/e-bike-verleih\/#local-main-organization-logo","url":"https:\/\/www.dutchpedelectours.com\/wp-content\/uploads\/2015\/03\/DPT-FACEBOOK-WIT.jpg","contentUrl":"https:\/\/www.dutchpedelectours.com\/wp-content\/uploads\/2015\/03\/DPT-FACEBOOK-WIT.jpg","width":180,"height":180,"caption":"Dutch Pedelec Tours"}]},"geo.placename":"Beverwijk","geo.position":{"lat":"52.473070","long":"4.674476"},"geo.region":"Niederlande"},"_links":{"self":[{"href":"https:\/\/www.dutchpedelectours.com\/de\/wp-json\/wp\/v2\/pages\/3623","targetHints":{"allow":["GET"]}}],"collection":[{"href":"https:\/\/www.dutchpedelectours.com\/de\/wp-json\/wp\/v2\/pages"}],"about":[{"href":"https:\/\/www.dutchpedelectours.com\/de\/wp-json\/wp\/v2\/types\/page"}],"author":[{"embeddable":true,"href":"https:\/\/www.dutchpedelectours.com\/de\/wp-json\/wp\/v2\/users\/3"}],"replies":[{"embeddable":true,"href":"https:\/\/www.dutchpedelectours.com\/de\/wp-json\/wp\/v2\/comments?post=3623"}],"version-history":[{"count":0,"href":"https:\/\/www.dutchpedelectours.com\/de\/wp-json\/wp\/v2\/pages\/3623\/revisions"}],"wp:attachment":[{"href":"https:\/\/www.dutchpedelectours.com\/de\/wp-json\/wp\/v2\/media?parent=3623"}],"curies":[{"name":"wp","href":"https:\/\/api.w.org\/{rel}","templated":true}]}}