{"id":3635,"date":"2015-01-06T13:59:49","date_gmt":"2015-01-06T13:59:49","guid":{"rendered":"https:\/\/www.dutchpedelectours.com\/?page_id=3635"},"modified":"2023-11-09T15:40:51","modified_gmt":"2023-11-09T14:40:51","slug":"kontakt-2","status":"publish","type":"page","link":"https:\/\/www.dutchpedelectours.com\/de\/kontakt-2\/","title":{"rendered":"Kontakt"},"content":{"rendered":"<p>Sie k\u00f6nnen mit uns in Verbindung treten, indem Sie diese Form ausf\u00fcllen, immer wenn Sie alle m\u00f6gliche Fragen haben oder eine Reservierung anbringen m\u00f6chten. Sie k\u00f6nnen das Formular auch ausf\u00fcllen um ihren kommentar oder Feed-back zu lassen.<\/p>\n<p><span style=\"color: #ff6600;\"><a style=\"color: #ff6600;\" href=\"https:\/\/www.dutchpedelectours.com\/de\/faq\/\">\u00fcberpr\u00fcfen Sie unsere Bedingungen hinsichtlich der Haftung am Schaden und am Diebstahl<\/a><\/span><\/p>\n<div class=\"frm_forms  with_frm_style frm_style_formidable-style\" id=\"frm_form_7_container\" >\n<form enctype=\"multipart\/form-data\" method=\"post\" class=\"frm-show-form \" id=\"form_contact7\" >\n<div class=\"frm_form_fields \">\n<fieldset>\n\r\n<div class=\"frm_fields_container\">\n<input type=\"hidden\" name=\"frm_action\" value=\"create\" \/>\n<input type=\"hidden\" name=\"form_id\" value=\"7\" \/>\n<input type=\"hidden\" name=\"frm_hide_fields_7\" id=\"frm_hide_fields_7\" value=\"\" \/>\n<input type=\"hidden\" name=\"form_key\" value=\"contact7\" \/>\n<input type=\"hidden\" name=\"item_meta[0]\" value=\"\" \/>\n<input type=\"hidden\" id=\"frm_submit_entry_7\" name=\"frm_submit_entry_7\" value=\"09792dda53\" \/><input type=\"hidden\" name=\"_wp_http_referer\" value=\"\/de\/wp-json\/wp\/v2\/pages\/3635\" \/><div id=\"frm_field_53_container\" class=\"frm_form_field form-field  frm_required_field frm_top_container frm_first_half\">\r\n    <label for=\"field_qh4icy7\" class=\"frm_primary_label\">Name\r\n        <span class=\"frm_required\">*<\/span>\r\n    <\/label>\r\n    <input type=\"text\" id=\"field_qh4icy7\" name=\"item_meta[53]\" value=\"\"  data-reqmsg=\"Name cannot be blank.\" aria-required=\"true\" data-invmsg=\"Name is invalid\" aria-invalid=\"false\"  \/>\r\n    \r\n    \r\n<\/div>\n<div id=\"frm_field_55_container\" class=\"frm_form_field form-field  frm_required_field frm_top_container frm_full\">\r\n    <label for=\"field_29yf4d7\" class=\"frm_primary_label\">E-mail\r\n        <span class=\"frm_required\">*<\/span>\r\n    <\/label>\r\n    <input type=\"text\" id=\"field_29yf4d7\" name=\"item_meta[55]\" value=\"\"  data-reqmsg=\"E-mail cannot be blank.\" aria-required=\"true\" data-invmsg=\"E-mail is invalid\" aria-invalid=\"false\"  \/>\r\n    \r\n    \r\n<\/div>\n<div id=\"frm_field_154_container\" class=\"frm_form_field form-field  frm_top_container\">\n    <label for=\"field_u31y\" id=\"field_u31y_label\" class=\"frm_primary_label\">Telefon\n        <span class=\"frm_required\"><\/span>\n    <\/label>\n    <input type=\"tel\" id=\"field_u31y\" name=\"item_meta[154]\" value=\"\"  data-invmsg=\"Phone is invalid\" aria-invalid=\"false\" pattern=\"((\\+\\d{1,3}(-|.| )?\\(?\\d\\)?(-| |.)?\\d{1,5})|(\\(?\\d{2,6}\\)?))(-|.| )?(\\d{3,4})(-|.| )?(\\d{4})(( x| ext)\\d{1,5}){0,1}$\"  \/>\n    \n    \n<\/div>\n<div id=\"frm_field_57_container\" class=\"frm_form_field form-field  frm_required_field frm_top_container frm_full\">\r\n    <label for=\"field_e6lis67\" class=\"frm_primary_label\">Thema\r\n        <span class=\"frm_required\">*<\/span>\r\n    <\/label>\r\n    <input type=\"text\" id=\"field_e6lis67\" name=\"item_meta[57]\" value=\"\"  data-reqmsg=\"Thema cannot be blank.\" aria-required=\"true\" data-invmsg=\"Thema is invalid\" aria-invalid=\"false\"  \/>\r\n    \r\n    \r\n<\/div>\n<div id=\"frm_field_60_container\" class=\"frm_form_field form-field  frm_top_container\">\r\n    <label for=\"field_43pxld\" class=\"frm_primary_label\">Anzahl der Fahrr\u00e4der\r\n        <span class=\"frm_required\"><\/span>\r\n    <\/label>\r\n    <input type=\"text\" id=\"field_43pxld\" name=\"item_meta[60]\" value=\"\"  data-invmsg=\"Anzahl der Fahrr\u00e4der is invalid\" aria-invalid=\"false\"  \/>\r\n    \r\n    \r\n<\/div>\n<div id=\"frm_field_61_container\" class=\"frm_form_field form-field  frm_top_container\">\r\n    <label for=\"field_jrmsfe\" class=\"frm_primary_label\">Anfangsdatum\r\n        <span class=\"frm_required\"><\/span>\r\n    <\/label>\r\n    <input type=\"text\" id=\"field_jrmsfe\" name=\"item_meta[61]\" value=\"\"  data-invmsg=\"Anfangsdatum is invalid\" aria-invalid=\"false\"  \/>\r\n    \r\n    \r\n<\/div>\n<div id=\"frm_field_150_container\" class=\"frm_form_field form-field  frm_top_container\">\r\n    <label for=\"field_il15x\" class=\"frm_primary_label\">Endendatum\r\n        <span class=\"frm_required\"><\/span>\r\n    <\/label>\r\n    <input type=\"text\" id=\"field_il15x\" name=\"item_meta[150]\" value=\"\"  data-invmsg=\"Endendatum is invalid\" aria-invalid=\"false\"  \/>\r\n    \r\n    \r\n<\/div>\n<div id=\"frm_field_62_container\" class=\"frm_form_field form-field  frm_top_container\">\r\n    <label for=\"field_utotdo\" class=\"frm_primary_label\">Abholadresse\r\n        <span class=\"frm_required\"><\/span>\r\n    <\/label>\r\n    <input type=\"text\" id=\"field_utotdo\" name=\"item_meta[62]\" value=\"\"  data-invmsg=\"Abholadresse is invalid\" aria-invalid=\"false\"  \/>\r\n    \r\n    \r\n<\/div>\n<div id=\"frm_field_58_container\" class=\"frm_form_field form-field  frm_top_container frm_full\">\r\n    <label for=\"field_9jv0r17\" class=\"frm_primary_label\">Anmerkungen\r\n        <span class=\"frm_required\"><\/span>\r\n    <\/label>\r\n    <textarea name=\"item_meta[58]\" id=\"field_9jv0r17\" rows=\"5\"  data-invmsg=\"Anmerkungen ist ung\u00fcltig\" aria-invalid=\"false\"  ><\/textarea>\r\n    \r\n    \r\n<\/div>\n<div id=\"frm_field_59_container\" class=\"frm_form_field form-field  frm_none_container\">\r\n    <label for=\"g-recaptcha-response\" class=\"frm_primary_label\">Captcha\r\n        <span class=\"frm_required\"><\/span>\r\n    <\/label>\r\n    \r\n    \r\n    \r\n<\/div>\n<div id=\"frm_field_221_container\" class=\"frm_form_field form-field \">\n\t<div class=\"frm_submit\">\r\n\r\n<input type=\"submit\" value=\"absenden\"  \/>\r\n<img decoding=\"async\" class=\"frm_ajax_loading lazyload\" data-src=\"https:\/\/www.dutchpedelectours.com\/wp-content\/plugins\/formidable\/images\/ajax_loader.gif\" alt=\"Sending\" style=\"--smush-placeholder-width: 16px; --smush-placeholder-aspect-ratio: 16\/11;visibility:hidden;\" src=\"data:image\/svg+xml;base64,PHN2ZyB3aWR0aD0iMSIgaGVpZ2h0PSIxIiB4bWxucz0iaHR0cDovL3d3dy53My5vcmcvMjAwMC9zdmciPjwvc3ZnPg==\" \/>\r\n\r\n<\/div>\n<\/div>\n\t<input type=\"hidden\" name=\"item_key\" value=\"\" \/>\n\t\t\t<div id=\"frm_field_224_container\">\n\t\t\t<label for=\"field_uq6i\" >\n\t\t\t\tFalls Du menschlich bist, lasse dieses Feld leer.\t\t\t<\/label>\n\t\t\t<input  id=\"field_uq6i\" type=\"text\" class=\"frm_form_field form-field frm_verify\" name=\"item_meta[224]\" value=\"\"  \/>\n\t\t<\/div>\n\t\t<input name=\"frm_state\" type=\"hidden\" value=\"OEhxGfSF7d2cFq+8kNNzW99qiysa7aZOCDTveoQ4Tgg=\" \/><\/div>\n<\/fieldset>\n<\/div>\n\n<p style=\"display: none !important;\" class=\"akismet-fields-container\" data-prefix=\"ak_\"><label>&#916;<textarea name=\"ak_hp_textarea\" cols=\"45\" rows=\"8\" maxlength=\"100\"><\/textarea><\/label><input type=\"hidden\" id=\"ak_js_1\" name=\"ak_js\" value=\"233\"\/><script type=\"text\/javascript\">\n\/* <![CDATA[ *\/\ndocument.getElementById( \"ak_js_1\" ).setAttribute( \"value\", ( new Date() ).getTime() );\n\/* ]]> *\/\n<\/script>\n<\/p><\/form>\n<\/div>\n\n<p>Dutch Pedelec Tours<br \/>\nFlevoland 11<br \/>\n1948 RH \u00a0Beverwijk<br \/>\nm. <a href=\"mailto:info@dutchpedelectours.com\">info@dutchpedelectours.com<\/a><br \/>\nt. +31 6 2159 1870<\/p>\n","protected":false},"excerpt":{"rendered":"<p>Sie k\u00f6nnen mit uns in Verbindung treten, indem Sie diese Form ausf\u00fcllen, immer wenn Sie alle m\u00f6gliche Fragen haben oder<\/p>\n<div class=\"read-button read_more_btn_text\"><a class=\"read_more\" href=\"https:\/\/www.dutchpedelectours.com\/de\/kontakt-2\/\">Read more<span class=\"arrow_readm\"> &#x25BA;<\/span><\/a><\/div>\n","protected":false},"author":3,"featured_media":0,"parent":0,"menu_order":0,"comment_status":"closed","ping_status":"closed","template":"","meta":{"footnotes":""},"class_list":["post-3635","page","type-page","status-publish","hentry"],"yoast_head":"<!-- This site is optimized with the Yoast SEO Premium plugin v27.4 (Yoast SEO v27.4) - https:\/\/yoast.com\/product\/yoast-seo-premium-wordpress\/ -->\n<title>Kontakt - Dutch Pedelec Tours<\/title>\n<meta name=\"robots\" content=\"index, follow, max-snippet:-1, max-image-preview:large, max-video-preview:-1\" \/>\n<link rel=\"canonical\" href=\"https:\/\/www.dutchpedelectours.com\/de\/kontakt-2\/\" \/>\n<meta property=\"og:locale\" content=\"de_DE\" \/>\n<meta property=\"og:type\" content=\"article\" \/>\n<meta property=\"og:title\" content=\"Kontakt\" \/>\n<meta property=\"og:description\" content=\"Sie k\u00f6nnen mit uns in Verbindung treten, indem Sie diese Form ausf\u00fcllen, immer wenn Sie alle m\u00f6gliche Fragen haben oderRead more &#x25BA;\" \/>\n<meta property=\"og:url\" content=\"https:\/\/www.dutchpedelectours.com\/de\/kontakt-2\/\" \/>\n<meta property=\"og:site_name\" content=\"Dutch Pedelec Tours\" \/>\n<meta property=\"article:publisher\" content=\"https:\/\/www.facebook.com\/dutchpedelec\" \/>\n<meta property=\"article:modified_time\" content=\"2023-11-09T14:40:51+00:00\" \/>\n<meta property=\"og:image\" content=\"https:\/\/www.dutchpedelectours.com\/wp-content\/uploads\/2015\/03\/DPT-FACEBOOK-WIT.jpg\" \/>\n\t<meta property=\"og:image:width\" content=\"180\" \/>\n\t<meta property=\"og:image:height\" content=\"180\" \/>\n\t<meta property=\"og:image:type\" content=\"image\/jpeg\" \/>\n<meta name=\"twitter:card\" content=\"summary_large_image\" \/>\n<meta name=\"twitter:site\" content=\"@dutchpedelec\" \/>\n<meta name=\"twitter:label1\" content=\"Gesch\u00e4tzte Lesezeit\" \/>\n\t<meta name=\"twitter:data1\" content=\"1 minute\" \/>\n<script type=\"application\/ld+json\" class=\"yoast-schema-graph\">{\"@context\":\"https:\\\/\\\/schema.org\",\"@graph\":[{\"@type\":\"WebPage\",\"@id\":\"https:\\\/\\\/www.dutchpedelectours.com\\\/de\\\/kontakt-2\\\/\",\"url\":\"https:\\\/\\\/www.dutchpedelectours.com\\\/de\\\/kontakt-2\\\/\",\"name\":\"Kontakt - Dutch Pedelec Tours\",\"isPartOf\":{\"@id\":\"https:\\\/\\\/www.dutchpedelectours.com\\\/de\\\/#website\"},\"datePublished\":\"2015-01-06T13:59:49+00:00\",\"dateModified\":\"2023-11-09T14:40:51+00:00\",\"breadcrumb\":{\"@id\":\"https:\\\/\\\/www.dutchpedelectours.com\\\/de\\\/kontakt-2\\\/#breadcrumb\"},\"inLanguage\":\"de-DE\",\"potentialAction\":[{\"@type\":\"ReadAction\",\"target\":[\"https:\\\/\\\/www.dutchpedelectours.com\\\/de\\\/kontakt-2\\\/\"]}]},{\"@type\":\"BreadcrumbList\",\"@id\":\"https:\\\/\\\/www.dutchpedelectours.com\\\/de\\\/kontakt-2\\\/#breadcrumb\",\"itemListElement\":[{\"@type\":\"ListItem\",\"position\":1,\"name\":\"Home\",\"item\":\"https:\\\/\\\/www.dutchpedelectours.com\\\/de\\\/\"},{\"@type\":\"ListItem\",\"position\":2,\"name\":\"Kontakt\"}]},{\"@type\":\"WebSite\",\"@id\":\"https:\\\/\\\/www.dutchpedelectours.com\\\/de\\\/#website\",\"url\":\"https:\\\/\\\/www.dutchpedelectours.com\\\/de\\\/\",\"name\":\"Dutch Pedelec Tours\",\"description\":\"Pedelec rental in IJmuiden and Haarlem, E-bike fietsverhuur in omgeving van IJmuiden, Elektrofahrradverleih in IJmuiden und Haarlem\",\"publisher\":{\"@id\":\"https:\\\/\\\/www.dutchpedelectours.com\\\/de\\\/#organization\"},\"potentialAction\":[{\"@type\":\"SearchAction\",\"target\":{\"@type\":\"EntryPoint\",\"urlTemplate\":\"https:\\\/\\\/www.dutchpedelectours.com\\\/de\\\/?s={search_term_string}\"},\"query-input\":{\"@type\":\"PropertyValueSpecification\",\"valueRequired\":true,\"valueName\":\"search_term_string\"}}],\"inLanguage\":\"de-DE\"},{\"@type\":[\"Organization\",\"Place\",\"TravelAgency\"],\"@id\":\"https:\\\/\\\/www.dutchpedelectours.com\\\/de\\\/#organization\",\"name\":\"Dutch Pedelec Tours\",\"url\":\"https:\\\/\\\/www.dutchpedelectours.com\\\/de\\\/\",\"logo\":{\"@id\":\"https:\\\/\\\/www.dutchpedelectours.com\\\/de\\\/kontakt-2\\\/#local-main-organization-logo\"},\"image\":{\"@id\":\"https:\\\/\\\/www.dutchpedelectours.com\\\/de\\\/kontakt-2\\\/#local-main-organization-logo\"},\"sameAs\":[\"https:\\\/\\\/www.facebook.com\\\/dutchpedelec\",\"https:\\\/\\\/x.com\\\/dutchpedelec\",\"https:\\\/\\\/www.instagram.com\\\/dutchpedelec\\\/\",\"https:\\\/\\\/www.pinterest.com\\\/dutchpedelec\\\/\"],\"address\":{\"@id\":\"https:\\\/\\\/www.dutchpedelectours.com\\\/de\\\/kontakt-2\\\/#local-main-place-address\"},\"geo\":{\"@type\":\"GeoCoordinates\",\"latitude\":\"52.473070\",\"longitude\":\"4.674476\"},\"telephone\":[\"+31 (0)621591870\"],\"openingHoursSpecification\":[{\"@type\":\"OpeningHoursSpecification\",\"dayOfWeek\":[\"Monday\",\"Tuesday\",\"Wednesday\",\"Thursday\",\"Friday\",\"Saturday\",\"Sunday\"],\"opens\":\"09:00\",\"closes\":\"18:00\"}],\"email\":\"info@dutchpedelectours.com\",\"areaServed\":\"the Netherlands\",\"vatID\":\"NL001509724B26\",\"priceRange\":\"$$\",\"currenciesAccepted\":\"Euros\",\"paymentAccepted\":\"cash, creditcard, debetcard\"},{\"@type\":\"PostalAddress\",\"@id\":\"https:\\\/\\\/www.dutchpedelectours.com\\\/de\\\/kontakt-2\\\/#local-main-place-address\",\"streetAddress\":\"Flevoland 11\",\"addressLocality\":\"Beverwijk\",\"postalCode\":\"1948RH\",\"addressRegion\":\"Noord-Holland\",\"addressCountry\":\"NL\"},{\"@type\":\"ImageObject\",\"inLanguage\":\"de-DE\",\"@id\":\"https:\\\/\\\/www.dutchpedelectours.com\\\/de\\\/kontakt-2\\\/#local-main-organization-logo\",\"url\":\"https:\\\/\\\/www.dutchpedelectours.com\\\/wp-content\\\/uploads\\\/2015\\\/03\\\/DPT-FACEBOOK-WIT.jpg\",\"contentUrl\":\"https:\\\/\\\/www.dutchpedelectours.com\\\/wp-content\\\/uploads\\\/2015\\\/03\\\/DPT-FACEBOOK-WIT.jpg\",\"width\":180,\"height\":180,\"caption\":\"Dutch Pedelec Tours\"}]}<\/script>\n<meta name=\"geo.placename\" content=\"Beverwijk\" \/>\n<meta name=\"geo.position\" content=\"52.473070;4.674476\" \/>\n<meta name=\"geo.region\" content=\"Niederlande\" \/>\n<!-- \/ Yoast SEO Premium plugin. -->","yoast_head_json":{"title":"Kontakt - Dutch Pedelec Tours","robots":{"index":"index","follow":"follow","max-snippet":"max-snippet:-1","max-image-preview":"max-image-preview:large","max-video-preview":"max-video-preview:-1"},"canonical":"https:\/\/www.dutchpedelectours.com\/de\/kontakt-2\/","og_locale":"de_DE","og_type":"article","og_title":"Kontakt","og_description":"Sie k\u00f6nnen mit uns in Verbindung treten, indem Sie diese Form ausf\u00fcllen, immer wenn Sie alle m\u00f6gliche Fragen haben oderRead more &#x25BA;","og_url":"https:\/\/www.dutchpedelectours.com\/de\/kontakt-2\/","og_site_name":"Dutch Pedelec Tours","article_publisher":"https:\/\/www.facebook.com\/dutchpedelec","article_modified_time":"2023-11-09T14:40:51+00:00","og_image":[{"width":180,"height":180,"url":"https:\/\/www.dutchpedelectours.com\/wp-content\/uploads\/2015\/03\/DPT-FACEBOOK-WIT.jpg","type":"image\/jpeg"}],"twitter_card":"summary_large_image","twitter_site":"@dutchpedelec","twitter_misc":{"Gesch\u00e4tzte Lesezeit":"1 minute"},"schema":{"@context":"https:\/\/schema.org","@graph":[{"@type":"WebPage","@id":"https:\/\/www.dutchpedelectours.com\/de\/kontakt-2\/","url":"https:\/\/www.dutchpedelectours.com\/de\/kontakt-2\/","name":"Kontakt - Dutch Pedelec Tours","isPartOf":{"@id":"https:\/\/www.dutchpedelectours.com\/de\/#website"},"datePublished":"2015-01-06T13:59:49+00:00","dateModified":"2023-11-09T14:40:51+00:00","breadcrumb":{"@id":"https:\/\/www.dutchpedelectours.com\/de\/kontakt-2\/#breadcrumb"},"inLanguage":"de-DE","potentialAction":[{"@type":"ReadAction","target":["https:\/\/www.dutchpedelectours.com\/de\/kontakt-2\/"]}]},{"@type":"BreadcrumbList","@id":"https:\/\/www.dutchpedelectours.com\/de\/kontakt-2\/#breadcrumb","itemListElement":[{"@type":"ListItem","position":1,"name":"Home","item":"https:\/\/www.dutchpedelectours.com\/de\/"},{"@type":"ListItem","position":2,"name":"Kontakt"}]},{"@type":"WebSite","@id":"https:\/\/www.dutchpedelectours.com\/de\/#website","url":"https:\/\/www.dutchpedelectours.com\/de\/","name":"Dutch Pedelec Tours","description":"Pedelec rental in IJmuiden and Haarlem, E-bike fietsverhuur in omgeving van IJmuiden, Elektrofahrradverleih in IJmuiden und Haarlem","publisher":{"@id":"https:\/\/www.dutchpedelectours.com\/de\/#organization"},"potentialAction":[{"@type":"SearchAction","target":{"@type":"EntryPoint","urlTemplate":"https:\/\/www.dutchpedelectours.com\/de\/?s={search_term_string}"},"query-input":{"@type":"PropertyValueSpecification","valueRequired":true,"valueName":"search_term_string"}}],"inLanguage":"de-DE"},{"@type":["Organization","Place","TravelAgency"],"@id":"https:\/\/www.dutchpedelectours.com\/de\/#organization","name":"Dutch Pedelec Tours","url":"https:\/\/www.dutchpedelectours.com\/de\/","logo":{"@id":"https:\/\/www.dutchpedelectours.com\/de\/kontakt-2\/#local-main-organization-logo"},"image":{"@id":"https:\/\/www.dutchpedelectours.com\/de\/kontakt-2\/#local-main-organization-logo"},"sameAs":["https:\/\/www.facebook.com\/dutchpedelec","https:\/\/x.com\/dutchpedelec","https:\/\/www.instagram.com\/dutchpedelec\/","https:\/\/www.pinterest.com\/dutchpedelec\/"],"address":{"@id":"https:\/\/www.dutchpedelectours.com\/de\/kontakt-2\/#local-main-place-address"},"geo":{"@type":"GeoCoordinates","latitude":"52.473070","longitude":"4.674476"},"telephone":["+31 (0)621591870"],"openingHoursSpecification":[{"@type":"OpeningHoursSpecification","dayOfWeek":["Monday","Tuesday","Wednesday","Thursday","Friday","Saturday","Sunday"],"opens":"09:00","closes":"18:00"}],"email":"info@dutchpedelectours.com","areaServed":"the Netherlands","vatID":"NL001509724B26","priceRange":"$$","currenciesAccepted":"Euros","paymentAccepted":"cash, creditcard, debetcard"},{"@type":"PostalAddress","@id":"https:\/\/www.dutchpedelectours.com\/de\/kontakt-2\/#local-main-place-address","streetAddress":"Flevoland 11","addressLocality":"Beverwijk","postalCode":"1948RH","addressRegion":"Noord-Holland","addressCountry":"NL"},{"@type":"ImageObject","inLanguage":"de-DE","@id":"https:\/\/www.dutchpedelectours.com\/de\/kontakt-2\/#local-main-organization-logo","url":"https:\/\/www.dutchpedelectours.com\/wp-content\/uploads\/2015\/03\/DPT-FACEBOOK-WIT.jpg","contentUrl":"https:\/\/www.dutchpedelectours.com\/wp-content\/uploads\/2015\/03\/DPT-FACEBOOK-WIT.jpg","width":180,"height":180,"caption":"Dutch Pedelec Tours"}]},"geo.placename":"Beverwijk","geo.position":{"lat":"52.473070","long":"4.674476"},"geo.region":"Niederlande"},"_links":{"self":[{"href":"https:\/\/www.dutchpedelectours.com\/de\/wp-json\/wp\/v2\/pages\/3635","targetHints":{"allow":["GET"]}}],"collection":[{"href":"https:\/\/www.dutchpedelectours.com\/de\/wp-json\/wp\/v2\/pages"}],"about":[{"href":"https:\/\/www.dutchpedelectours.com\/de\/wp-json\/wp\/v2\/types\/page"}],"author":[{"embeddable":true,"href":"https:\/\/www.dutchpedelectours.com\/de\/wp-json\/wp\/v2\/users\/3"}],"replies":[{"embeddable":true,"href":"https:\/\/www.dutchpedelectours.com\/de\/wp-json\/wp\/v2\/comments?post=3635"}],"version-history":[{"count":0,"href":"https:\/\/www.dutchpedelectours.com\/de\/wp-json\/wp\/v2\/pages\/3635\/revisions"}],"wp:attachment":[{"href":"https:\/\/www.dutchpedelectours.com\/de\/wp-json\/wp\/v2\/media?parent=3635"}],"curies":[{"name":"wp","href":"https:\/\/api.w.org\/{rel}","templated":true}]}}