{"id":3650,"date":"2015-01-06T14:10:34","date_gmt":"2015-01-06T14:10:34","guid":{"rendered":"https:\/\/www.dutchpedelectours.com\/?page_id=3650"},"modified":"2015-01-06T22:33:50","modified_gmt":"2015-01-06T22:33:50","slug":"flyer-e-fahrrad","status":"publish","type":"page","link":"https:\/\/www.dutchpedelectours.com\/de\/flyer-e-fahrrad\/","title":{"rendered":"flyer e fahrrad"},"content":{"rendered":"<p><strong>Was kann man sich sch\u00f6neres w\u00fcnschen als mit einem ordentlichen Schub &#8220;R\u00fcckenwind&#8221; die freie Natur per Fahrrad zu entdecken<\/strong><\/p>\n<p><a href=\"https:\/\/www.dutchpedelectours.com\/wp-content\/uploads\/2014\/04\/flyer-T5.jpg\"><img fetchpriority=\"high\" decoding=\"async\" class=\"alignleft wp-image-1678 size-full\" src=\"https:\/\/www.dutchpedelectours.com\/wp-content\/uploads\/2014\/04\/flyer-T5.jpg\" alt=\"flyer e fahrrad\" width=\"291\" height=\"200\" \/><\/a><\/p>\n<div id=\"spalte-re\">\n<p>Das Erlebnisfeld eines FLYER Fahrers ist bedeutend weiter, als das herk\u00f6mmlicher Radler.<br \/>\nKein Wunder; Elektrofahrr\u00e4der mit gro\u00dfer Reichweite und Bergtauglichkeit vom Schweizer Marktf\u00fchrer FLYER sind gefertigt in Schweizer Spitzenqualit\u00e4t.<\/p>\n<p>M\u00fchelos kommen Sie auf Ihrer Fahrt voran. Entspannt radeln Sie bergauf. Lautlos, wie von einer unsichtbaren Hand unterst\u00fctzt, erleben Sie Ihre sch\u00f6nsten Radpartien.<\/p>\n<p>Menschen, welche bisher das Radfahren als Last empfunden haben, sind pl\u00f6tzlich begeistert \u00fcber ihren Mobilit\u00e4tsgewinn, die neue Unabh\u00e4ngigkeit.<\/p>\n<p>Ihre Gesundheit wird es Ihnen danken. Steigern Sie Ihr Wohlbefinden. Erfahren Sie eine intensive Lebensfreude. Investieren Sie in eine v\u00f6llig neue Dimension der Fortbewegung.<\/p>\n<\/div>\n<h2>Flyer e fahrrad<\/h2>\n<p><strong>Elektrofahrrad SWISS FLYER T-Serie<\/strong><\/p>\n<p><a href=\"https:\/\/www.dutchpedelectours.com\/wp-content\/uploads\/2013\/03\/t8-dames.jpg\"><img decoding=\"async\" class=\"alignleft wp-image-1680 size-full lazyload\" data-src=\"https:\/\/www.dutchpedelectours.com\/wp-content\/uploads\/2013\/03\/t8-dames.jpg\" alt=\"flyer e fahrrad\" width=\"240\" height=\"154\" src=\"data:image\/svg+xml;base64,PHN2ZyB3aWR0aD0iMSIgaGVpZ2h0PSIxIiB4bWxucz0iaHR0cDovL3d3dy53My5vcmcvMjAwMC9zdmciPjwvc3ZnPg==\" style=\"--smush-placeholder-width: 240px; --smush-placeholder-aspect-ratio: 240\/154;\" \/><\/a>Egal ob unterwegs zur Arbeit, auf der Radtour am Wochenende oder einfach im Alltag &#8211; mit dem FLYER der T-Serie wird jeder Weg zum Genuss.<\/p>\n<p>Die Eleganz des Designs und die Dynamik des Auftritts verbunden mit der hohen Funktionalit\u00e4t unterstreichen den Charakter dieser zeitlosen Form der Mobilit\u00e4t.<\/p>\n<p>Die FLYER T-Serie rollt auf 28 Zoll Laufr\u00e4dern und wird vom kraftvollen Motor mit progressiver Unterst\u00fctzungskennlinie angetrieben. Erh\u00e4ltlich als sportliches Damen- und Herrenrad und auch als Trapezrahmen in verschiedenen Ausstattungsvarianten:<\/p>\n<p>Die FLYER T-Serie ist als Fahrrad zugelassen und unterst\u00fctzt bis 25 km\/h.<\/p>\n","protected":false},"excerpt":{"rendered":"<p>Was kann man sich sch\u00f6neres w\u00fcnschen als mit einem ordentlichen Schub &#8220;R\u00fcckenwind&#8221; die freie Natur per Fahrrad zu entdecken Das<\/p>\n<div class=\"read-button read_more_btn_text\"><a class=\"read_more\" href=\"https:\/\/www.dutchpedelectours.com\/de\/flyer-e-fahrrad\/\">Read more<span class=\"arrow_readm\"> &#x25BA;<\/span><\/a><\/div>\n","protected":false},"author":3,"featured_media":0,"parent":0,"menu_order":0,"comment_status":"open","ping_status":"open","template":"","meta":{"footnotes":""},"class_list":["post-3650","page","type-page","status-publish","hentry"],"yoast_head":"<!-- This site is optimized with the Yoast SEO Premium plugin v27.2 (Yoast SEO v27.3) - https:\/\/yoast.com\/product\/yoast-seo-premium-wordpress\/ -->\n<title>flyer e fahrrad - Dutch Pedelec Tours<\/title>\n<meta name=\"description\" content=\"flyer e fahrrad Fahrradverleih im umgebung IJmuiden, Haarlem und Wijk aan Zee. Wenn der Weg zum Ziel wird: Die Premium Technologie f\u00fcr Tourenradler.\" \/>\n<meta name=\"robots\" content=\"index, follow, max-snippet:-1, max-image-preview:large, max-video-preview:-1\" \/>\n<link rel=\"canonical\" href=\"https:\/\/www.dutchpedelectours.com\/de\/flyer-e-fahrrad\/\" \/>\n<meta property=\"og:locale\" content=\"de_DE\" \/>\n<meta property=\"og:type\" content=\"article\" \/>\n<meta property=\"og:title\" content=\"flyer e fahrrad\" \/>\n<meta property=\"og:description\" content=\"flyer e fahrrad Fahrradverleih im umgebung IJmuiden, Haarlem und Wijk aan Zee. Wenn der Weg zum Ziel wird: Die Premium Technologie f\u00fcr Tourenradler.\" \/>\n<meta property=\"og:url\" content=\"https:\/\/www.dutchpedelectours.com\/de\/flyer-e-fahrrad\/\" \/>\n<meta property=\"og:site_name\" content=\"Dutch Pedelec Tours\" \/>\n<meta property=\"article:publisher\" content=\"https:\/\/www.facebook.com\/dutchpedelec\" \/>\n<meta property=\"article:modified_time\" content=\"2015-01-06T22:33:50+00:00\" \/>\n<meta property=\"og:image\" content=\"https:\/\/www.dutchpedelectours.com\/wp-content\/uploads\/2014\/04\/flyer-T5.jpg\" \/>\n<meta name=\"twitter:card\" content=\"summary_large_image\" \/>\n<meta name=\"twitter:site\" content=\"@dutchpedelec\" \/>\n<meta name=\"twitter:label1\" content=\"Gesch\u00e4tzte Lesezeit\" \/>\n\t<meta name=\"twitter:data1\" content=\"1 minute\" \/>\n<script type=\"application\/ld+json\" class=\"yoast-schema-graph\">{\"@context\":\"https:\\\/\\\/schema.org\",\"@graph\":[{\"@type\":\"WebPage\",\"@id\":\"https:\\\/\\\/www.dutchpedelectours.com\\\/de\\\/flyer-e-fahrrad\\\/\",\"url\":\"https:\\\/\\\/www.dutchpedelectours.com\\\/de\\\/flyer-e-fahrrad\\\/\",\"name\":\"flyer e fahrrad - Dutch Pedelec Tours\",\"isPartOf\":{\"@id\":\"https:\\\/\\\/www.dutchpedelectours.com\\\/de\\\/#website\"},\"primaryImageOfPage\":{\"@id\":\"https:\\\/\\\/www.dutchpedelectours.com\\\/de\\\/flyer-e-fahrrad\\\/#primaryimage\"},\"image\":{\"@id\":\"https:\\\/\\\/www.dutchpedelectours.com\\\/de\\\/flyer-e-fahrrad\\\/#primaryimage\"},\"thumbnailUrl\":\"https:\\\/\\\/www.dutchpedelectours.com\\\/wp-content\\\/uploads\\\/2014\\\/04\\\/flyer-T5.jpg\",\"datePublished\":\"2015-01-06T14:10:34+00:00\",\"dateModified\":\"2015-01-06T22:33:50+00:00\",\"description\":\"flyer e fahrrad Fahrradverleih im umgebung IJmuiden, Haarlem und Wijk aan Zee. Wenn der Weg zum Ziel wird: Die Premium Technologie f\u00fcr Tourenradler.\",\"breadcrumb\":{\"@id\":\"https:\\\/\\\/www.dutchpedelectours.com\\\/de\\\/flyer-e-fahrrad\\\/#breadcrumb\"},\"inLanguage\":\"de-DE\",\"potentialAction\":[{\"@type\":\"ReadAction\",\"target\":[\"https:\\\/\\\/www.dutchpedelectours.com\\\/de\\\/flyer-e-fahrrad\\\/\"]}]},{\"@type\":\"ImageObject\",\"inLanguage\":\"de-DE\",\"@id\":\"https:\\\/\\\/www.dutchpedelectours.com\\\/de\\\/flyer-e-fahrrad\\\/#primaryimage\",\"url\":\"https:\\\/\\\/www.dutchpedelectours.com\\\/wp-content\\\/uploads\\\/2014\\\/04\\\/flyer-T5.jpg\",\"contentUrl\":\"https:\\\/\\\/www.dutchpedelectours.com\\\/wp-content\\\/uploads\\\/2014\\\/04\\\/flyer-T5.jpg\"},{\"@type\":\"BreadcrumbList\",\"@id\":\"https:\\\/\\\/www.dutchpedelectours.com\\\/de\\\/flyer-e-fahrrad\\\/#breadcrumb\",\"itemListElement\":[{\"@type\":\"ListItem\",\"position\":1,\"name\":\"Home\",\"item\":\"https:\\\/\\\/www.dutchpedelectours.com\\\/de\\\/\"},{\"@type\":\"ListItem\",\"position\":2,\"name\":\"flyer e fahrrad\"}]},{\"@type\":\"WebSite\",\"@id\":\"https:\\\/\\\/www.dutchpedelectours.com\\\/de\\\/#website\",\"url\":\"https:\\\/\\\/www.dutchpedelectours.com\\\/de\\\/\",\"name\":\"Dutch Pedelec Tours\",\"description\":\"Pedelec rental in IJmuiden and Haarlem, E-bike fietsverhuur in omgeving van IJmuiden, Elektrofahrradverleih in IJmuiden und Haarlem\",\"publisher\":{\"@id\":\"https:\\\/\\\/www.dutchpedelectours.com\\\/de\\\/#organization\"},\"potentialAction\":[{\"@type\":\"SearchAction\",\"target\":{\"@type\":\"EntryPoint\",\"urlTemplate\":\"https:\\\/\\\/www.dutchpedelectours.com\\\/de\\\/?s={search_term_string}\"},\"query-input\":{\"@type\":\"PropertyValueSpecification\",\"valueRequired\":true,\"valueName\":\"search_term_string\"}}],\"inLanguage\":\"de-DE\"},{\"@type\":[\"Organization\",\"Place\",\"TravelAgency\"],\"@id\":\"https:\\\/\\\/www.dutchpedelectours.com\\\/de\\\/#organization\",\"name\":\"Dutch Pedelec Tours\",\"url\":\"https:\\\/\\\/www.dutchpedelectours.com\\\/de\\\/\",\"logo\":{\"@id\":\"https:\\\/\\\/www.dutchpedelectours.com\\\/de\\\/flyer-e-fahrrad\\\/#local-main-organization-logo\"},\"image\":{\"@id\":\"https:\\\/\\\/www.dutchpedelectours.com\\\/de\\\/flyer-e-fahrrad\\\/#local-main-organization-logo\"},\"sameAs\":[\"https:\\\/\\\/www.facebook.com\\\/dutchpedelec\",\"https:\\\/\\\/x.com\\\/dutchpedelec\",\"https:\\\/\\\/www.instagram.com\\\/dutchpedelec\\\/\",\"https:\\\/\\\/www.pinterest.com\\\/dutchpedelec\\\/\"],\"address\":{\"@id\":\"https:\\\/\\\/www.dutchpedelectours.com\\\/de\\\/flyer-e-fahrrad\\\/#local-main-place-address\"},\"geo\":{\"@type\":\"GeoCoordinates\",\"latitude\":\"52.473070\",\"longitude\":\"4.674476\"},\"telephone\":[\"+31 (0)621591870\"],\"openingHoursSpecification\":[{\"@type\":\"OpeningHoursSpecification\",\"dayOfWeek\":[\"Monday\",\"Tuesday\",\"Wednesday\",\"Thursday\",\"Friday\",\"Saturday\",\"Sunday\"],\"opens\":\"09:00\",\"closes\":\"18:00\"}],\"email\":\"info@dutchpedelectours.com\",\"areaServed\":\"the Netherlands\",\"vatID\":\"NL001509724B26\",\"priceRange\":\"$$\",\"currenciesAccepted\":\"Euros\",\"paymentAccepted\":\"cash, creditcard, debetcard\"},{\"@type\":\"PostalAddress\",\"@id\":\"https:\\\/\\\/www.dutchpedelectours.com\\\/de\\\/flyer-e-fahrrad\\\/#local-main-place-address\",\"streetAddress\":\"Flevoland 11\",\"addressLocality\":\"Beverwijk\",\"postalCode\":\"1948RH\",\"addressRegion\":\"Noord-Holland\",\"addressCountry\":\"NL\"},{\"@type\":\"ImageObject\",\"inLanguage\":\"de-DE\",\"@id\":\"https:\\\/\\\/www.dutchpedelectours.com\\\/de\\\/flyer-e-fahrrad\\\/#local-main-organization-logo\",\"url\":\"https:\\\/\\\/www.dutchpedelectours.com\\\/wp-content\\\/uploads\\\/2015\\\/03\\\/DPT-FACEBOOK-WIT.jpg\",\"contentUrl\":\"https:\\\/\\\/www.dutchpedelectours.com\\\/wp-content\\\/uploads\\\/2015\\\/03\\\/DPT-FACEBOOK-WIT.jpg\",\"width\":180,\"height\":180,\"caption\":\"Dutch Pedelec Tours\"}]}<\/script>\n<meta name=\"geo.placename\" content=\"Beverwijk\" \/>\n<meta name=\"geo.position\" content=\"52.473070;4.674476\" \/>\n<meta name=\"geo.region\" content=\"Niederlande\" \/>\n<!-- \/ Yoast SEO Premium plugin. -->","yoast_head_json":{"title":"flyer e fahrrad - Dutch Pedelec Tours","description":"flyer e fahrrad Fahrradverleih im umgebung IJmuiden, Haarlem und Wijk aan Zee. Wenn der Weg zum Ziel wird: Die Premium Technologie f\u00fcr Tourenradler.","robots":{"index":"index","follow":"follow","max-snippet":"max-snippet:-1","max-image-preview":"max-image-preview:large","max-video-preview":"max-video-preview:-1"},"canonical":"https:\/\/www.dutchpedelectours.com\/de\/flyer-e-fahrrad\/","og_locale":"de_DE","og_type":"article","og_title":"flyer e fahrrad","og_description":"flyer e fahrrad Fahrradverleih im umgebung IJmuiden, Haarlem und Wijk aan Zee. Wenn der Weg zum Ziel wird: Die Premium Technologie f\u00fcr Tourenradler.","og_url":"https:\/\/www.dutchpedelectours.com\/de\/flyer-e-fahrrad\/","og_site_name":"Dutch Pedelec Tours","article_publisher":"https:\/\/www.facebook.com\/dutchpedelec","article_modified_time":"2015-01-06T22:33:50+00:00","og_image":[{"url":"https:\/\/www.dutchpedelectours.com\/wp-content\/uploads\/2014\/04\/flyer-T5.jpg","type":"","width":"","height":""}],"twitter_card":"summary_large_image","twitter_site":"@dutchpedelec","twitter_misc":{"Gesch\u00e4tzte Lesezeit":"1 minute"},"schema":{"@context":"https:\/\/schema.org","@graph":[{"@type":"WebPage","@id":"https:\/\/www.dutchpedelectours.com\/de\/flyer-e-fahrrad\/","url":"https:\/\/www.dutchpedelectours.com\/de\/flyer-e-fahrrad\/","name":"flyer e fahrrad - Dutch Pedelec Tours","isPartOf":{"@id":"https:\/\/www.dutchpedelectours.com\/de\/#website"},"primaryImageOfPage":{"@id":"https:\/\/www.dutchpedelectours.com\/de\/flyer-e-fahrrad\/#primaryimage"},"image":{"@id":"https:\/\/www.dutchpedelectours.com\/de\/flyer-e-fahrrad\/#primaryimage"},"thumbnailUrl":"https:\/\/www.dutchpedelectours.com\/wp-content\/uploads\/2014\/04\/flyer-T5.jpg","datePublished":"2015-01-06T14:10:34+00:00","dateModified":"2015-01-06T22:33:50+00:00","description":"flyer e fahrrad Fahrradverleih im umgebung IJmuiden, Haarlem und Wijk aan Zee. Wenn der Weg zum Ziel wird: Die Premium Technologie f\u00fcr Tourenradler.","breadcrumb":{"@id":"https:\/\/www.dutchpedelectours.com\/de\/flyer-e-fahrrad\/#breadcrumb"},"inLanguage":"de-DE","potentialAction":[{"@type":"ReadAction","target":["https:\/\/www.dutchpedelectours.com\/de\/flyer-e-fahrrad\/"]}]},{"@type":"ImageObject","inLanguage":"de-DE","@id":"https:\/\/www.dutchpedelectours.com\/de\/flyer-e-fahrrad\/#primaryimage","url":"https:\/\/www.dutchpedelectours.com\/wp-content\/uploads\/2014\/04\/flyer-T5.jpg","contentUrl":"https:\/\/www.dutchpedelectours.com\/wp-content\/uploads\/2014\/04\/flyer-T5.jpg"},{"@type":"BreadcrumbList","@id":"https:\/\/www.dutchpedelectours.com\/de\/flyer-e-fahrrad\/#breadcrumb","itemListElement":[{"@type":"ListItem","position":1,"name":"Home","item":"https:\/\/www.dutchpedelectours.com\/de\/"},{"@type":"ListItem","position":2,"name":"flyer e fahrrad"}]},{"@type":"WebSite","@id":"https:\/\/www.dutchpedelectours.com\/de\/#website","url":"https:\/\/www.dutchpedelectours.com\/de\/","name":"Dutch Pedelec Tours","description":"Pedelec rental in IJmuiden and Haarlem, E-bike fietsverhuur in omgeving van IJmuiden, Elektrofahrradverleih in IJmuiden und Haarlem","publisher":{"@id":"https:\/\/www.dutchpedelectours.com\/de\/#organization"},"potentialAction":[{"@type":"SearchAction","target":{"@type":"EntryPoint","urlTemplate":"https:\/\/www.dutchpedelectours.com\/de\/?s={search_term_string}"},"query-input":{"@type":"PropertyValueSpecification","valueRequired":true,"valueName":"search_term_string"}}],"inLanguage":"de-DE"},{"@type":["Organization","Place","TravelAgency"],"@id":"https:\/\/www.dutchpedelectours.com\/de\/#organization","name":"Dutch Pedelec Tours","url":"https:\/\/www.dutchpedelectours.com\/de\/","logo":{"@id":"https:\/\/www.dutchpedelectours.com\/de\/flyer-e-fahrrad\/#local-main-organization-logo"},"image":{"@id":"https:\/\/www.dutchpedelectours.com\/de\/flyer-e-fahrrad\/#local-main-organization-logo"},"sameAs":["https:\/\/www.facebook.com\/dutchpedelec","https:\/\/x.com\/dutchpedelec","https:\/\/www.instagram.com\/dutchpedelec\/","https:\/\/www.pinterest.com\/dutchpedelec\/"],"address":{"@id":"https:\/\/www.dutchpedelectours.com\/de\/flyer-e-fahrrad\/#local-main-place-address"},"geo":{"@type":"GeoCoordinates","latitude":"52.473070","longitude":"4.674476"},"telephone":["+31 (0)621591870"],"openingHoursSpecification":[{"@type":"OpeningHoursSpecification","dayOfWeek":["Monday","Tuesday","Wednesday","Thursday","Friday","Saturday","Sunday"],"opens":"09:00","closes":"18:00"}],"email":"info@dutchpedelectours.com","areaServed":"the Netherlands","vatID":"NL001509724B26","priceRange":"$$","currenciesAccepted":"Euros","paymentAccepted":"cash, creditcard, debetcard"},{"@type":"PostalAddress","@id":"https:\/\/www.dutchpedelectours.com\/de\/flyer-e-fahrrad\/#local-main-place-address","streetAddress":"Flevoland 11","addressLocality":"Beverwijk","postalCode":"1948RH","addressRegion":"Noord-Holland","addressCountry":"NL"},{"@type":"ImageObject","inLanguage":"de-DE","@id":"https:\/\/www.dutchpedelectours.com\/de\/flyer-e-fahrrad\/#local-main-organization-logo","url":"https:\/\/www.dutchpedelectours.com\/wp-content\/uploads\/2015\/03\/DPT-FACEBOOK-WIT.jpg","contentUrl":"https:\/\/www.dutchpedelectours.com\/wp-content\/uploads\/2015\/03\/DPT-FACEBOOK-WIT.jpg","width":180,"height":180,"caption":"Dutch Pedelec Tours"}]},"geo.placename":"Beverwijk","geo.position":{"lat":"52.473070","long":"4.674476"},"geo.region":"Niederlande"},"_links":{"self":[{"href":"https:\/\/www.dutchpedelectours.com\/de\/wp-json\/wp\/v2\/pages\/3650","targetHints":{"allow":["GET"]}}],"collection":[{"href":"https:\/\/www.dutchpedelectours.com\/de\/wp-json\/wp\/v2\/pages"}],"about":[{"href":"https:\/\/www.dutchpedelectours.com\/de\/wp-json\/wp\/v2\/types\/page"}],"author":[{"embeddable":true,"href":"https:\/\/www.dutchpedelectours.com\/de\/wp-json\/wp\/v2\/users\/3"}],"replies":[{"embeddable":true,"href":"https:\/\/www.dutchpedelectours.com\/de\/wp-json\/wp\/v2\/comments?post=3650"}],"version-history":[{"count":0,"href":"https:\/\/www.dutchpedelectours.com\/de\/wp-json\/wp\/v2\/pages\/3650\/revisions"}],"wp:attachment":[{"href":"https:\/\/www.dutchpedelectours.com\/de\/wp-json\/wp\/v2\/media?parent=3650"}],"curies":[{"name":"wp","href":"https:\/\/api.w.org\/{rel}","templated":true}]}}