{"id":3659,"date":"2015-01-06T14:18:22","date_gmt":"2015-01-06T14:18:22","guid":{"rendered":"https:\/\/www.dutchpedelectours.com\/?page_id=3659"},"modified":"2017-02-14T12:59:01","modified_gmt":"2017-02-14T12:59:01","slug":"vermietung-adressen-e-bikes","status":"publish","type":"page","link":"https:\/\/www.dutchpedelectours.com\/de\/vermietung-adressen-e-bikes\/","title":{"rendered":"Vermietung adressen e-bikes"},"content":{"rendered":"<p>Unter finden Sie die Adressen unserer Partner. An unseren Partnern k\u00f6nnen Sie die Fahrr\u00e4der aufheben. Bringen Sie eine Reservierung an, um Entt\u00e4uschungen zu verhindern.<br \/>\nW\u00fcnschen Sie die pedelecs an Ihrem Platz geliefert werden? Treten Sie mit uns bitte in <span style=\"color: #ff6600;\"><a style=\"color: #ff6600;\" title=\"Contact\" href=\"https:\/\/www.dutchpedelectours.com\/contact\/\">Verbindung.<\/a><\/span><\/p>\n<h2>Fahrradverleih holland<\/h2>\n<p><strong>Vermietung adressen<\/strong><\/p>\n<h2>A <span style=\"color: #ff6600;\"><a style=\"color: #ff6600;\" title=\"Hotel Velsen\" href=\"https:\/\/www.hotelvelsen.nl\/?lang=de_de\" target=\"_blank\">Hotel Velsen<\/a><\/span> in IJmuiden<\/h2>\n<p>Kennemerlaan 118, 1972 ES IJmuiden. f\u00fcr Reservierungen treten Sie mit uns in <span style=\"color: #ff6600;\"><a style=\"color: #ff6600;\" title=\"Contact\" href=\"https:\/\/www.dutchpedelectours.com\/de\/kontakt-2\/\"><span style=\"text-decoration: underline;\">Verbindung<\/span>.<\/a><\/span><\/p>\n<h2>B Restaurant <span style=\"color: #ff6600;\"><a style=\"color: #ff6600;\" title=\"Kop van de Haven\" href=\"https:\/\/www.kopvandehaven.nl\/de\/\" target=\"_blank\">Kop van de Haven<\/a><\/span> in IJmuiden<\/h2>\n<p>Sluisplein 80, 1975 AG IJmuiden. f\u00fcr Reservierungen treten Sie mit uns in <span style=\"color: #ff6600;\"><a style=\"color: #ff6600;\" title=\"Contact\" href=\"https:\/\/www.dutchpedelectours.com\/de\/kontakt-2\/\"><span style=\"text-decoration: underline;\">Verbindung<\/span><\/a><a title=\"Contact\" href=\"https:\/\/www.dutchpedelectours.com\/de\/kontakt-2\/\">.<\/a><\/span><\/p>\n<h2>&nbsp;<\/h2>\n<h2>D Kreuz<span style=\"color: #ff6600;\">fahrt<\/span>passagiere<\/h2>\n<p><a title=\"Felison Terminal\" href=\"https:\/\/www.felisonterminal.nl\/\" target=\"_blank\"><img decoding=\"async\" class=\"alignleft size-full wp-image-694 lazyload\" data-src=\"https:\/\/www.dutchpedelectours.com\/wp-content\/uploads\/2013\/04\/logo.png\" alt=\"Felison Cruise Terminal\" width=\"170\" height=\"48\" data-srcset=\"https:\/\/www.dutchpedelectours.com\/wp-content\/uploads\/2013\/04\/logo.png 258w, https:\/\/www.dutchpedelectours.com\/wp-content\/uploads\/2013\/04\/logo-250x72.png 250w\" data-sizes=\"(max-width: 170px) 100vw, 170px\" src=\"data:image\/svg+xml;base64,PHN2ZyB3aWR0aD0iMSIgaGVpZ2h0PSIxIiB4bWxucz0iaHR0cDovL3d3dy53My5vcmcvMjAwMC9zdmciPjwvc3ZnPg==\" style=\"--smush-placeholder-width: 170px; --smush-placeholder-aspect-ratio: 170\/48;\" \/><\/a>Cruiseboulevard 10, IJmuiden. wenn Sie eine Navigationsanlage benutzen enter: &#8220;Zeehavenweg 1, 1976 EA IJmuiden&#8221; und folgen Sie dann den Zeichen &#8220;Felison Cruise Terminal&#8221;. treten Sie mit uns in <span style=\"color: #ff6600;\"><a title=\"Contact\" href=\"https:\/\/www.dutchpedelectours.com\/de\/kontakt-2\/\"><span style=\"text-decoration: underline; color: #ff6600;\">Verbindung<\/span>.<\/a><\/span> <strong>nur f\u00fcr Kreuzfahrtpassagiere.<\/strong><\/p>\n<h2>E Dutch <span style=\"color: #ff6600;\">Pedelec<\/span> Tours in&nbsp;Beverwijk<\/h2>\n<p>Flevoland 11, 1948 RH &nbsp;Beverwijk. F\u00fcr Reservierungen treten Sie mit uns in <span style=\"color: #ff6600;\"><a title=\"Contact\" href=\"https:\/\/www.dutchpedelectours.com\/de\/kontakt-2\/\"><span style=\"text-decoration: underline; color: #ff6600;\">Verbindung<\/span>.<\/a><\/span><\/p>\n<h2>&nbsp;<\/h2>\n<p>Suchen Sie nach unseren Pedelec Aufnahme adressen auf der Karte unten<\/p>\n<p><iframe style=\"border: 1px solid #aaa; border-radius: 10px;\" data-src=\"\/\/www.batchgeo.com\/map\/861f2c6ffae1eb007e70cbccc083ff13\" width=\"100%\" height=\"550\" frameborder=\"0\" src=\"data:image\/svg+xml;base64,PHN2ZyB3aWR0aD0iMSIgaGVpZ2h0PSIxIiB4bWxucz0iaHR0cDovL3d3dy53My5vcmcvMjAwMC9zdmciPjwvc3ZnPg==\" class=\"lazyload\" data-load-mode=\"1\"><\/iframe><\/p>\n<p><small>Ansicht <span style=\"color: #ff6600;\"><a style=\"color: #ff6600;\" href=\"https:\/\/www.batchgeo.com\/map\/861f2c6ffae1eb007e70cbccc083ff13\">Mietadresses Dutch Pedelec Tours<\/a><\/span> in eine Ganzseitenkarte<br \/>\n<\/small><\/p>\n<h2>Informationen \u00fcber das Radfahren in die Niederlande<\/h2>\n<p>Es gibt eine gute Site auf Deutsch mit Informationen \u00fcber das Radfahren in die Niederlande. \u00dcberpr\u00fcfen Sie diese Site <span style=\"color: #ff6600;\"><a style=\"color: #ff6600;\" title=\"(Deutsch) Radfahren in Holland\" href=\"https:\/\/www.niederlande-wegweiser.de\/niederlande_fahrrad.html\" target=\"_blank\">Niederlande-wegweiser<\/a><\/span>.<\/p>\n","protected":false},"excerpt":{"rendered":"<p>Unter finden Sie die Adressen unserer Partner. An unseren Partnern k\u00f6nnen Sie die Fahrr\u00e4der aufheben. Bringen Sie eine Reservierung an,<\/p>\n<div class=\"read-button read_more_btn_text\"><a class=\"read_more\" href=\"https:\/\/www.dutchpedelectours.com\/de\/vermietung-adressen-e-bikes\/\">Read more<span class=\"arrow_readm\"> &#x25BA;<\/span><\/a><\/div>\n","protected":false},"author":3,"featured_media":0,"parent":0,"menu_order":0,"comment_status":"open","ping_status":"open","template":"","meta":{"footnotes":""},"class_list":["post-3659","page","type-page","status-publish","hentry"],"yoast_head":"<!-- This site is optimized with the Yoast SEO Premium plugin v27.4 (Yoast SEO v27.4) - https:\/\/yoast.com\/product\/yoast-seo-premium-wordpress\/ -->\n<title>fahrradverleih holland- Dutch Pedelec Tours<\/title>\n<meta name=\"description\" content=\"fahrradverleih holland Adresses im Umgebung IJmuiden, Haarlem und Wijk aan Zee an denen Sie unsere pedelecs f\u00fcr Mieten finden k\u00f6nnen.\" \/>\n<meta name=\"robots\" content=\"index, follow, max-snippet:-1, max-image-preview:large, max-video-preview:-1\" \/>\n<link rel=\"canonical\" href=\"https:\/\/www.dutchpedelectours.com\/de\/vermietung-adressen-e-bikes\/\" \/>\n<meta property=\"og:locale\" content=\"de_DE\" \/>\n<meta property=\"og:type\" content=\"article\" \/>\n<meta property=\"og:title\" content=\"Vermietung adressen e-bikes\" \/>\n<meta property=\"og:description\" content=\"fahrradverleih holland Adresses im Umgebung IJmuiden, Haarlem und Wijk aan Zee an denen Sie unsere pedelecs f\u00fcr Mieten finden k\u00f6nnen.\" \/>\n<meta property=\"og:url\" content=\"https:\/\/www.dutchpedelectours.com\/de\/vermietung-adressen-e-bikes\/\" \/>\n<meta property=\"og:site_name\" content=\"Dutch Pedelec Tours\" \/>\n<meta property=\"article:publisher\" content=\"https:\/\/www.facebook.com\/dutchpedelec\" \/>\n<meta property=\"article:modified_time\" content=\"2017-02-14T12:59:01+00:00\" \/>\n<meta property=\"og:image\" content=\"https:\/\/www.dutchpedelectours.com\/wp-content\/uploads\/2013\/04\/logo.png\" \/>\n<meta name=\"twitter:card\" content=\"summary_large_image\" \/>\n<meta name=\"twitter:site\" content=\"@dutchpedelec\" \/>\n<meta name=\"twitter:label1\" content=\"Gesch\u00e4tzte Lesezeit\" \/>\n\t<meta name=\"twitter:data1\" content=\"1 minute\" \/>\n<script type=\"application\/ld+json\" class=\"yoast-schema-graph\">{\"@context\":\"https:\\\/\\\/schema.org\",\"@graph\":[{\"@type\":\"WebPage\",\"@id\":\"https:\\\/\\\/www.dutchpedelectours.com\\\/de\\\/vermietung-adressen-e-bikes\\\/\",\"url\":\"https:\\\/\\\/www.dutchpedelectours.com\\\/de\\\/vermietung-adressen-e-bikes\\\/\",\"name\":\"fahrradverleih holland- Dutch Pedelec Tours\",\"isPartOf\":{\"@id\":\"https:\\\/\\\/www.dutchpedelectours.com\\\/de\\\/#website\"},\"primaryImageOfPage\":{\"@id\":\"https:\\\/\\\/www.dutchpedelectours.com\\\/de\\\/vermietung-adressen-e-bikes\\\/#primaryimage\"},\"image\":{\"@id\":\"https:\\\/\\\/www.dutchpedelectours.com\\\/de\\\/vermietung-adressen-e-bikes\\\/#primaryimage\"},\"thumbnailUrl\":\"https:\\\/\\\/www.dutchpedelectours.com\\\/wp-content\\\/uploads\\\/2013\\\/04\\\/logo.png\",\"datePublished\":\"2015-01-06T14:18:22+00:00\",\"dateModified\":\"2017-02-14T12:59:01+00:00\",\"description\":\"fahrradverleih holland Adresses im Umgebung IJmuiden, Haarlem und Wijk aan Zee an denen Sie unsere pedelecs f\u00fcr Mieten finden k\u00f6nnen.\",\"breadcrumb\":{\"@id\":\"https:\\\/\\\/www.dutchpedelectours.com\\\/de\\\/vermietung-adressen-e-bikes\\\/#breadcrumb\"},\"inLanguage\":\"de-DE\",\"potentialAction\":[{\"@type\":\"ReadAction\",\"target\":[\"https:\\\/\\\/www.dutchpedelectours.com\\\/de\\\/vermietung-adressen-e-bikes\\\/\"]}]},{\"@type\":\"ImageObject\",\"inLanguage\":\"de-DE\",\"@id\":\"https:\\\/\\\/www.dutchpedelectours.com\\\/de\\\/vermietung-adressen-e-bikes\\\/#primaryimage\",\"url\":\"https:\\\/\\\/www.dutchpedelectours.com\\\/wp-content\\\/uploads\\\/2013\\\/04\\\/logo.png\",\"contentUrl\":\"https:\\\/\\\/www.dutchpedelectours.com\\\/wp-content\\\/uploads\\\/2013\\\/04\\\/logo.png\"},{\"@type\":\"BreadcrumbList\",\"@id\":\"https:\\\/\\\/www.dutchpedelectours.com\\\/de\\\/vermietung-adressen-e-bikes\\\/#breadcrumb\",\"itemListElement\":[{\"@type\":\"ListItem\",\"position\":1,\"name\":\"Home\",\"item\":\"https:\\\/\\\/www.dutchpedelectours.com\\\/de\\\/\"},{\"@type\":\"ListItem\",\"position\":2,\"name\":\"Vermietung adressen e-bikes\"}]},{\"@type\":\"WebSite\",\"@id\":\"https:\\\/\\\/www.dutchpedelectours.com\\\/de\\\/#website\",\"url\":\"https:\\\/\\\/www.dutchpedelectours.com\\\/de\\\/\",\"name\":\"Dutch Pedelec Tours\",\"description\":\"Pedelec rental in IJmuiden and Haarlem, E-bike fietsverhuur in omgeving van IJmuiden, Elektrofahrradverleih in IJmuiden und Haarlem\",\"publisher\":{\"@id\":\"https:\\\/\\\/www.dutchpedelectours.com\\\/de\\\/#organization\"},\"potentialAction\":[{\"@type\":\"SearchAction\",\"target\":{\"@type\":\"EntryPoint\",\"urlTemplate\":\"https:\\\/\\\/www.dutchpedelectours.com\\\/de\\\/?s={search_term_string}\"},\"query-input\":{\"@type\":\"PropertyValueSpecification\",\"valueRequired\":true,\"valueName\":\"search_term_string\"}}],\"inLanguage\":\"de-DE\"},{\"@type\":[\"Organization\",\"Place\",\"TravelAgency\"],\"@id\":\"https:\\\/\\\/www.dutchpedelectours.com\\\/de\\\/#organization\",\"name\":\"Dutch Pedelec Tours\",\"url\":\"https:\\\/\\\/www.dutchpedelectours.com\\\/de\\\/\",\"logo\":{\"@id\":\"https:\\\/\\\/www.dutchpedelectours.com\\\/de\\\/vermietung-adressen-e-bikes\\\/#local-main-organization-logo\"},\"image\":{\"@id\":\"https:\\\/\\\/www.dutchpedelectours.com\\\/de\\\/vermietung-adressen-e-bikes\\\/#local-main-organization-logo\"},\"sameAs\":[\"https:\\\/\\\/www.facebook.com\\\/dutchpedelec\",\"https:\\\/\\\/x.com\\\/dutchpedelec\",\"https:\\\/\\\/www.instagram.com\\\/dutchpedelec\\\/\",\"https:\\\/\\\/www.pinterest.com\\\/dutchpedelec\\\/\"],\"address\":{\"@id\":\"https:\\\/\\\/www.dutchpedelectours.com\\\/de\\\/vermietung-adressen-e-bikes\\\/#local-main-place-address\"},\"geo\":{\"@type\":\"GeoCoordinates\",\"latitude\":\"52.473070\",\"longitude\":\"4.674476\"},\"telephone\":[\"+31 (0)621591870\"],\"openingHoursSpecification\":[{\"@type\":\"OpeningHoursSpecification\",\"dayOfWeek\":[\"Monday\",\"Tuesday\",\"Wednesday\",\"Thursday\",\"Friday\",\"Saturday\",\"Sunday\"],\"opens\":\"09:00\",\"closes\":\"18:00\"}],\"email\":\"info@dutchpedelectours.com\",\"areaServed\":\"the Netherlands\",\"vatID\":\"NL001509724B26\",\"priceRange\":\"$$\",\"currenciesAccepted\":\"Euros\",\"paymentAccepted\":\"cash, creditcard, debetcard\"},{\"@type\":\"PostalAddress\",\"@id\":\"https:\\\/\\\/www.dutchpedelectours.com\\\/de\\\/vermietung-adressen-e-bikes\\\/#local-main-place-address\",\"streetAddress\":\"Flevoland 11\",\"addressLocality\":\"Beverwijk\",\"postalCode\":\"1948RH\",\"addressRegion\":\"Noord-Holland\",\"addressCountry\":\"NL\"},{\"@type\":\"ImageObject\",\"inLanguage\":\"de-DE\",\"@id\":\"https:\\\/\\\/www.dutchpedelectours.com\\\/de\\\/vermietung-adressen-e-bikes\\\/#local-main-organization-logo\",\"url\":\"https:\\\/\\\/www.dutchpedelectours.com\\\/wp-content\\\/uploads\\\/2015\\\/03\\\/DPT-FACEBOOK-WIT.jpg\",\"contentUrl\":\"https:\\\/\\\/www.dutchpedelectours.com\\\/wp-content\\\/uploads\\\/2015\\\/03\\\/DPT-FACEBOOK-WIT.jpg\",\"width\":180,\"height\":180,\"caption\":\"Dutch Pedelec Tours\"}]}<\/script>\n<meta name=\"geo.placename\" content=\"Beverwijk\" \/>\n<meta name=\"geo.position\" content=\"52.473070;4.674476\" \/>\n<meta name=\"geo.region\" content=\"Niederlande\" \/>\n<!-- \/ Yoast SEO Premium plugin. -->","yoast_head_json":{"title":"fahrradverleih holland- Dutch Pedelec Tours","description":"fahrradverleih holland Adresses im Umgebung IJmuiden, Haarlem und Wijk aan Zee an denen Sie unsere pedelecs f\u00fcr Mieten finden k\u00f6nnen.","robots":{"index":"index","follow":"follow","max-snippet":"max-snippet:-1","max-image-preview":"max-image-preview:large","max-video-preview":"max-video-preview:-1"},"canonical":"https:\/\/www.dutchpedelectours.com\/de\/vermietung-adressen-e-bikes\/","og_locale":"de_DE","og_type":"article","og_title":"Vermietung adressen e-bikes","og_description":"fahrradverleih holland Adresses im Umgebung IJmuiden, Haarlem und Wijk aan Zee an denen Sie unsere pedelecs f\u00fcr Mieten finden k\u00f6nnen.","og_url":"https:\/\/www.dutchpedelectours.com\/de\/vermietung-adressen-e-bikes\/","og_site_name":"Dutch Pedelec Tours","article_publisher":"https:\/\/www.facebook.com\/dutchpedelec","article_modified_time":"2017-02-14T12:59:01+00:00","og_image":[{"url":"https:\/\/www.dutchpedelectours.com\/wp-content\/uploads\/2013\/04\/logo.png","type":"","width":"","height":""}],"twitter_card":"summary_large_image","twitter_site":"@dutchpedelec","twitter_misc":{"Gesch\u00e4tzte Lesezeit":"1 minute"},"schema":{"@context":"https:\/\/schema.org","@graph":[{"@type":"WebPage","@id":"https:\/\/www.dutchpedelectours.com\/de\/vermietung-adressen-e-bikes\/","url":"https:\/\/www.dutchpedelectours.com\/de\/vermietung-adressen-e-bikes\/","name":"fahrradverleih holland- Dutch Pedelec Tours","isPartOf":{"@id":"https:\/\/www.dutchpedelectours.com\/de\/#website"},"primaryImageOfPage":{"@id":"https:\/\/www.dutchpedelectours.com\/de\/vermietung-adressen-e-bikes\/#primaryimage"},"image":{"@id":"https:\/\/www.dutchpedelectours.com\/de\/vermietung-adressen-e-bikes\/#primaryimage"},"thumbnailUrl":"https:\/\/www.dutchpedelectours.com\/wp-content\/uploads\/2013\/04\/logo.png","datePublished":"2015-01-06T14:18:22+00:00","dateModified":"2017-02-14T12:59:01+00:00","description":"fahrradverleih holland Adresses im Umgebung IJmuiden, Haarlem und Wijk aan Zee an denen Sie unsere pedelecs f\u00fcr Mieten finden k\u00f6nnen.","breadcrumb":{"@id":"https:\/\/www.dutchpedelectours.com\/de\/vermietung-adressen-e-bikes\/#breadcrumb"},"inLanguage":"de-DE","potentialAction":[{"@type":"ReadAction","target":["https:\/\/www.dutchpedelectours.com\/de\/vermietung-adressen-e-bikes\/"]}]},{"@type":"ImageObject","inLanguage":"de-DE","@id":"https:\/\/www.dutchpedelectours.com\/de\/vermietung-adressen-e-bikes\/#primaryimage","url":"https:\/\/www.dutchpedelectours.com\/wp-content\/uploads\/2013\/04\/logo.png","contentUrl":"https:\/\/www.dutchpedelectours.com\/wp-content\/uploads\/2013\/04\/logo.png"},{"@type":"BreadcrumbList","@id":"https:\/\/www.dutchpedelectours.com\/de\/vermietung-adressen-e-bikes\/#breadcrumb","itemListElement":[{"@type":"ListItem","position":1,"name":"Home","item":"https:\/\/www.dutchpedelectours.com\/de\/"},{"@type":"ListItem","position":2,"name":"Vermietung adressen e-bikes"}]},{"@type":"WebSite","@id":"https:\/\/www.dutchpedelectours.com\/de\/#website","url":"https:\/\/www.dutchpedelectours.com\/de\/","name":"Dutch Pedelec Tours","description":"Pedelec rental in IJmuiden and Haarlem, E-bike fietsverhuur in omgeving van IJmuiden, Elektrofahrradverleih in IJmuiden und Haarlem","publisher":{"@id":"https:\/\/www.dutchpedelectours.com\/de\/#organization"},"potentialAction":[{"@type":"SearchAction","target":{"@type":"EntryPoint","urlTemplate":"https:\/\/www.dutchpedelectours.com\/de\/?s={search_term_string}"},"query-input":{"@type":"PropertyValueSpecification","valueRequired":true,"valueName":"search_term_string"}}],"inLanguage":"de-DE"},{"@type":["Organization","Place","TravelAgency"],"@id":"https:\/\/www.dutchpedelectours.com\/de\/#organization","name":"Dutch Pedelec Tours","url":"https:\/\/www.dutchpedelectours.com\/de\/","logo":{"@id":"https:\/\/www.dutchpedelectours.com\/de\/vermietung-adressen-e-bikes\/#local-main-organization-logo"},"image":{"@id":"https:\/\/www.dutchpedelectours.com\/de\/vermietung-adressen-e-bikes\/#local-main-organization-logo"},"sameAs":["https:\/\/www.facebook.com\/dutchpedelec","https:\/\/x.com\/dutchpedelec","https:\/\/www.instagram.com\/dutchpedelec\/","https:\/\/www.pinterest.com\/dutchpedelec\/"],"address":{"@id":"https:\/\/www.dutchpedelectours.com\/de\/vermietung-adressen-e-bikes\/#local-main-place-address"},"geo":{"@type":"GeoCoordinates","latitude":"52.473070","longitude":"4.674476"},"telephone":["+31 (0)621591870"],"openingHoursSpecification":[{"@type":"OpeningHoursSpecification","dayOfWeek":["Monday","Tuesday","Wednesday","Thursday","Friday","Saturday","Sunday"],"opens":"09:00","closes":"18:00"}],"email":"info@dutchpedelectours.com","areaServed":"the Netherlands","vatID":"NL001509724B26","priceRange":"$$","currenciesAccepted":"Euros","paymentAccepted":"cash, creditcard, debetcard"},{"@type":"PostalAddress","@id":"https:\/\/www.dutchpedelectours.com\/de\/vermietung-adressen-e-bikes\/#local-main-place-address","streetAddress":"Flevoland 11","addressLocality":"Beverwijk","postalCode":"1948RH","addressRegion":"Noord-Holland","addressCountry":"NL"},{"@type":"ImageObject","inLanguage":"de-DE","@id":"https:\/\/www.dutchpedelectours.com\/de\/vermietung-adressen-e-bikes\/#local-main-organization-logo","url":"https:\/\/www.dutchpedelectours.com\/wp-content\/uploads\/2015\/03\/DPT-FACEBOOK-WIT.jpg","contentUrl":"https:\/\/www.dutchpedelectours.com\/wp-content\/uploads\/2015\/03\/DPT-FACEBOOK-WIT.jpg","width":180,"height":180,"caption":"Dutch Pedelec Tours"}]},"geo.placename":"Beverwijk","geo.position":{"lat":"52.473070","long":"4.674476"},"geo.region":"Niederlande"},"_links":{"self":[{"href":"https:\/\/www.dutchpedelectours.com\/de\/wp-json\/wp\/v2\/pages\/3659","targetHints":{"allow":["GET"]}}],"collection":[{"href":"https:\/\/www.dutchpedelectours.com\/de\/wp-json\/wp\/v2\/pages"}],"about":[{"href":"https:\/\/www.dutchpedelectours.com\/de\/wp-json\/wp\/v2\/types\/page"}],"author":[{"embeddable":true,"href":"https:\/\/www.dutchpedelectours.com\/de\/wp-json\/wp\/v2\/users\/3"}],"replies":[{"embeddable":true,"href":"https:\/\/www.dutchpedelectours.com\/de\/wp-json\/wp\/v2\/comments?post=3659"}],"version-history":[{"count":0,"href":"https:\/\/www.dutchpedelectours.com\/de\/wp-json\/wp\/v2\/pages\/3659\/revisions"}],"wp:attachment":[{"href":"https:\/\/www.dutchpedelectours.com\/de\/wp-json\/wp\/v2\/media?parent=3659"}],"curies":[{"name":"wp","href":"https:\/\/api.w.org\/{rel}","templated":true}]}}