{"id":3706,"date":"2015-01-06T15:00:34","date_gmt":"2015-01-06T15:00:34","guid":{"rendered":"https:\/\/www.dutchpedelectours.com\/?page_id=3706"},"modified":"2015-08-22T10:19:56","modified_gmt":"2015-08-22T10:19:56","slug":"traum-park-buitenhuizen-in-noordholland","status":"publish","type":"page","link":"https:\/\/www.dutchpedelectours.com\/de\/traum-park-buitenhuizen-in-noordholland\/","title":{"rendered":"traum-park buitenhuizen in Noordholland"},"content":{"rendered":"<p><a href=\"https:\/\/uitgebreid.droomparken.de\/de\/30\/parks\/8\/droompark-buitenhuizen\/?toon=omschrijving\" target=\"_blank\"><img fetchpriority=\"high\" decoding=\"async\" class=\"aligncenter wp-image-2361\" src=\"https:\/\/www.dutchpedelectours.com\/wp-content\/uploads\/2014\/09\/Droomparken-duits-300x155.jpg\" alt=\"droompark buitenhuizen Holland\" width=\"600\" height=\"310\" srcset=\"https:\/\/www.dutchpedelectours.com\/wp-content\/uploads\/2014\/09\/Droomparken-duits-300x155.jpg 300w, https:\/\/www.dutchpedelectours.com\/wp-content\/uploads\/2014\/09\/Droomparken-duits-600x311.jpg 600w, https:\/\/www.dutchpedelectours.com\/wp-content\/uploads\/2014\/09\/Droomparken-duits.jpg 700w\" sizes=\"(max-width: 600px) 100vw, 600px\" \/><\/a><br \/>\nDas Feriengef\u00fchl liegt in der Luft auf und um Traum-park buitenhuizen in Noordholland. Der Park liegt in dem \u00fcppigen Natur-und Freizeitgebiet Spaarnwoude, wo Sie schwimmen, Kanu fahren, Skifahren (auf echtem Schnee), Golf spielen, reiten, Paintball spielen, Klettern, Mountainbike fahren k\u00f6nnen und vieles mehr.<\/p>\n<p>Traum-park buitenhuizen in Noordholland bietet Platz f\u00fcr ca. 200 luxuri\u00f6se, sehr komfortabele &#8220;Landh\u00e4user&#8221; und einen separaten Zeltplatz mit gro\u00dfz\u00fcgigen Stellpl\u00e4tzen in ausreichender Anzahl. Der Park liegt direkt neben dem gr\u00f6\u00dften Golfplatz Europas (66 L\u00f6cher).<\/p>\n<p>Es gibt interessante historische St\u00e4dte wie Haarlem, Zaandam und Zaanse Schans in der N\u00e4he. Die Str\u00e4nde von Zandvoort, Wijk aan Zee und IJmuiden sind mit dem Fahrrad erreichbar.<\/p>\n<h2>Traum-park <span style=\"color: #ff6600;\">buitenhuizen<\/span> Noordholland<\/h2>\n<p>Noordholland ist eine Feiertagszieleinheit mit vieler Variante. Ein Feiertag am Strand oder mitten in einem typischen niederl\u00e4ndischen Erholungsgebiet\u2026 W\u00fcnschen Sie froh Lager auf dem Campingplatz? Ein Feiertag mit Kindern? Mieten eines luxuri\u00f6s Landh\u00e4uschens, -bungalows oder -Wohnmobils? Kaufen Sie Ihre eigene Landh\u00e4uschen oder Feiertagshaus, nahe der K\u00fcste und sich n\u00e4hern dem funkelnden Nachtleben von Amsterdam?<\/p>\n<p>Eine Kombination des Restes, Natur, Kultur und Geschichte sind die ausgezeichneten Bestandteile, zum zu kommen Lager, oder in einem der Feiertagsh\u00e4user oder der Landh\u00e4uschen auf unseren Feiertagsparks in Noordholland luxuri\u00f6s zu genie\u00dfen.<\/p>\n<p><iframe data-src=\"\/\/www.youtube.com\/embed\/YCoQnbikle0\" width=\"560\" height=\"315\" frameborder=\"0\" allowfullscreen=\"allowfullscreen\" src=\"data:image\/svg+xml;base64,PHN2ZyB3aWR0aD0iMSIgaGVpZ2h0PSIxIiB4bWxucz0iaHR0cDovL3d3dy53My5vcmcvMjAwMC9zdmciPjwvc3ZnPg==\" class=\"lazyload\" data-load-mode=\"1\"><\/iframe><\/p>\n<h2>Fahrradtouren <span style=\"color: #ff6600;\">in<\/span> Noordholland<\/h2>\n<p>Traumparks in der provinz Nord Holland sind die einzigen Feiertagsparks in den Niederlanden, in denen Sie E-Fahrr\u00e4der der Dutch Pedelec Tours mieten k\u00f6nnen. Beide auf Buitenhuizen und Spaarnwoude sind E-fahrr\u00e4der zu Mieten. Sie k\u00f6nnen die Fahrr\u00e4der an der Aufnahme aufheben oder direkt an uns aufheben.<\/p>\n<p>Beide wie von Spaarnwoude und von Buitenhuizen k\u00f6nnen Sie herrliche Exkursionen nach Haarlem, Zuid-Kennemerland, IJmuiden, Zandvoort oder Zaandam machen. Aber auch Alkmaar, Waterland und sogar Edam und Volendam sind leicht kontaktierbar und Sie werden garantiert, um einen sch\u00f6nen Tag drau\u00dfen zu haben.<\/p>\n<p>Auf dieser Website finden Sie viel mehr Wegvorschl\u00e4ge oder fragen uns f\u00fcr.<\/p>\n<p>F\u00fcr weitere Information \u00fcber Fahrrad mieten oder Reservierung trete Sie mit uns in <span style=\"color: #ff6600;\"><a style=\"color: #ff6600;\" title=\"Contact\" href=\"https:\/\/www.dutchpedelectours.com\/de\/?p=3836\">Verbindung.<\/a><\/span><\/p>\n<p><span style=\"color: #ff6600;\"><a style=\"color: #ff6600;\" href=\"https:\/\/uitgebreid.droomparken.de\/de\/30\/parks\/8\/droompark-buitenhuizen\/\" target=\"_blank\">Mehr \u00fcber Traum-park Buitenhuizen<\/a><\/span><\/p>\n","protected":false},"excerpt":{"rendered":"<p>Das Feriengef\u00fchl liegt in der Luft auf und um Traum-park buitenhuizen in Noordholland. Der Park liegt in dem \u00fcppigen Natur-und<\/p>\n<div class=\"read-button read_more_btn_text\"><a class=\"read_more\" href=\"https:\/\/www.dutchpedelectours.com\/de\/traum-park-buitenhuizen-in-noordholland\/\">Read more<span class=\"arrow_readm\"> &#x25BA;<\/span><\/a><\/div>\n","protected":false},"author":3,"featured_media":0,"parent":0,"menu_order":0,"comment_status":"closed","ping_status":"open","template":"","meta":{"footnotes":""},"class_list":["post-3706","page","type-page","status-publish","hentry"],"yoast_head":"<!-- This site is optimized with the Yoast SEO Premium plugin v27.4 (Yoast SEO v27.4) - https:\/\/yoast.com\/product\/yoast-seo-premium-wordpress\/ -->\n<title>traum-park buitenhuizen in Noordholland - Pedelec Tours<\/title>\n<meta name=\"description\" content=\"Mieten Sie ein Pedelec f\u00fcr deine ausfl\u00fcge am traum-park buitenhuizen in Noordholland. Fahrradtouren nach Haarlem, Zuid-Kennemerland, IJmuiden, Zandvoort oder Zaandam\" \/>\n<meta name=\"robots\" content=\"index, follow, max-snippet:-1, max-image-preview:large, max-video-preview:-1\" \/>\n<link rel=\"canonical\" href=\"https:\/\/www.dutchpedelectours.com\/de\/traum-park-buitenhuizen-in-noordholland\/\" \/>\n<meta property=\"og:locale\" content=\"de_DE\" \/>\n<meta property=\"og:type\" content=\"article\" \/>\n<meta property=\"og:title\" content=\"traum-park buitenhuizen in Noordholland\" \/>\n<meta property=\"og:description\" content=\"Mieten Sie ein Pedelec f\u00fcr deine ausfl\u00fcge am traum-park buitenhuizen in Noordholland. Fahrradtouren nach Haarlem, Zuid-Kennemerland, IJmuiden, Zandvoort oder Zaandam\" \/>\n<meta property=\"og:url\" content=\"https:\/\/www.dutchpedelectours.com\/de\/traum-park-buitenhuizen-in-noordholland\/\" \/>\n<meta property=\"og:site_name\" content=\"Dutch Pedelec Tours\" \/>\n<meta property=\"article:publisher\" content=\"https:\/\/www.facebook.com\/dutchpedelec\" \/>\n<meta property=\"article:modified_time\" content=\"2015-08-22T10:19:56+00:00\" \/>\n<meta property=\"og:image\" content=\"https:\/\/www.dutchpedelectours.com\/wp-content\/uploads\/2014\/09\/Droomparken-duits-300x155.jpg\" \/>\n<meta name=\"twitter:card\" content=\"summary_large_image\" \/>\n<meta name=\"twitter:site\" content=\"@dutchpedelec\" \/>\n<meta name=\"twitter:label1\" content=\"Gesch\u00e4tzte Lesezeit\" \/>\n\t<meta name=\"twitter:data1\" content=\"2 minutes\" \/>\n<script type=\"application\/ld+json\" class=\"yoast-schema-graph\">{\"@context\":\"https:\\\/\\\/schema.org\",\"@graph\":[{\"@type\":\"WebPage\",\"@id\":\"https:\\\/\\\/www.dutchpedelectours.com\\\/de\\\/traum-park-buitenhuizen-in-noordholland\\\/\",\"url\":\"https:\\\/\\\/www.dutchpedelectours.com\\\/de\\\/traum-park-buitenhuizen-in-noordholland\\\/\",\"name\":\"traum-park buitenhuizen in Noordholland - Pedelec Tours\",\"isPartOf\":{\"@id\":\"https:\\\/\\\/www.dutchpedelectours.com\\\/de\\\/#website\"},\"primaryImageOfPage\":{\"@id\":\"https:\\\/\\\/www.dutchpedelectours.com\\\/de\\\/traum-park-buitenhuizen-in-noordholland\\\/#primaryimage\"},\"image\":{\"@id\":\"https:\\\/\\\/www.dutchpedelectours.com\\\/de\\\/traum-park-buitenhuizen-in-noordholland\\\/#primaryimage\"},\"thumbnailUrl\":\"https:\\\/\\\/www.dutchpedelectours.com\\\/wp-content\\\/uploads\\\/2014\\\/09\\\/Droomparken-duits-300x155.jpg\",\"datePublished\":\"2015-01-06T15:00:34+00:00\",\"dateModified\":\"2015-08-22T10:19:56+00:00\",\"description\":\"Mieten Sie ein Pedelec f\u00fcr deine ausfl\u00fcge am traum-park buitenhuizen in Noordholland. Fahrradtouren nach Haarlem, Zuid-Kennemerland, IJmuiden, Zandvoort oder Zaandam\",\"breadcrumb\":{\"@id\":\"https:\\\/\\\/www.dutchpedelectours.com\\\/de\\\/traum-park-buitenhuizen-in-noordholland\\\/#breadcrumb\"},\"inLanguage\":\"de-DE\",\"potentialAction\":[{\"@type\":\"ReadAction\",\"target\":[\"https:\\\/\\\/www.dutchpedelectours.com\\\/de\\\/traum-park-buitenhuizen-in-noordholland\\\/\"]}]},{\"@type\":\"ImageObject\",\"inLanguage\":\"de-DE\",\"@id\":\"https:\\\/\\\/www.dutchpedelectours.com\\\/de\\\/traum-park-buitenhuizen-in-noordholland\\\/#primaryimage\",\"url\":\"https:\\\/\\\/www.dutchpedelectours.com\\\/wp-content\\\/uploads\\\/2014\\\/09\\\/Droomparken-duits-300x155.jpg\",\"contentUrl\":\"https:\\\/\\\/www.dutchpedelectours.com\\\/wp-content\\\/uploads\\\/2014\\\/09\\\/Droomparken-duits-300x155.jpg\"},{\"@type\":\"BreadcrumbList\",\"@id\":\"https:\\\/\\\/www.dutchpedelectours.com\\\/de\\\/traum-park-buitenhuizen-in-noordholland\\\/#breadcrumb\",\"itemListElement\":[{\"@type\":\"ListItem\",\"position\":1,\"name\":\"Home\",\"item\":\"https:\\\/\\\/www.dutchpedelectours.com\\\/de\\\/\"},{\"@type\":\"ListItem\",\"position\":2,\"name\":\"traum-park buitenhuizen in Noordholland\"}]},{\"@type\":\"WebSite\",\"@id\":\"https:\\\/\\\/www.dutchpedelectours.com\\\/de\\\/#website\",\"url\":\"https:\\\/\\\/www.dutchpedelectours.com\\\/de\\\/\",\"name\":\"Dutch Pedelec Tours\",\"description\":\"Pedelec rental in IJmuiden and Haarlem, E-bike fietsverhuur in omgeving van IJmuiden, Elektrofahrradverleih in IJmuiden und Haarlem\",\"publisher\":{\"@id\":\"https:\\\/\\\/www.dutchpedelectours.com\\\/de\\\/#organization\"},\"potentialAction\":[{\"@type\":\"SearchAction\",\"target\":{\"@type\":\"EntryPoint\",\"urlTemplate\":\"https:\\\/\\\/www.dutchpedelectours.com\\\/de\\\/?s={search_term_string}\"},\"query-input\":{\"@type\":\"PropertyValueSpecification\",\"valueRequired\":true,\"valueName\":\"search_term_string\"}}],\"inLanguage\":\"de-DE\"},{\"@type\":[\"Organization\",\"Place\",\"TravelAgency\"],\"@id\":\"https:\\\/\\\/www.dutchpedelectours.com\\\/de\\\/#organization\",\"name\":\"Dutch Pedelec Tours\",\"url\":\"https:\\\/\\\/www.dutchpedelectours.com\\\/de\\\/\",\"logo\":{\"@id\":\"https:\\\/\\\/www.dutchpedelectours.com\\\/de\\\/traum-park-buitenhuizen-in-noordholland\\\/#local-main-organization-logo\"},\"image\":{\"@id\":\"https:\\\/\\\/www.dutchpedelectours.com\\\/de\\\/traum-park-buitenhuizen-in-noordholland\\\/#local-main-organization-logo\"},\"sameAs\":[\"https:\\\/\\\/www.facebook.com\\\/dutchpedelec\",\"https:\\\/\\\/x.com\\\/dutchpedelec\",\"https:\\\/\\\/www.instagram.com\\\/dutchpedelec\\\/\",\"https:\\\/\\\/www.pinterest.com\\\/dutchpedelec\\\/\"],\"address\":{\"@id\":\"https:\\\/\\\/www.dutchpedelectours.com\\\/de\\\/traum-park-buitenhuizen-in-noordholland\\\/#local-main-place-address\"},\"geo\":{\"@type\":\"GeoCoordinates\",\"latitude\":\"52.473070\",\"longitude\":\"4.674476\"},\"telephone\":[\"+31 (0)621591870\"],\"openingHoursSpecification\":[{\"@type\":\"OpeningHoursSpecification\",\"dayOfWeek\":[\"Monday\",\"Tuesday\",\"Wednesday\",\"Thursday\",\"Friday\",\"Saturday\",\"Sunday\"],\"opens\":\"09:00\",\"closes\":\"18:00\"}],\"email\":\"info@dutchpedelectours.com\",\"areaServed\":\"the Netherlands\",\"vatID\":\"NL001509724B26\",\"priceRange\":\"$$\",\"currenciesAccepted\":\"Euros\",\"paymentAccepted\":\"cash, creditcard, debetcard\"},{\"@type\":\"PostalAddress\",\"@id\":\"https:\\\/\\\/www.dutchpedelectours.com\\\/de\\\/traum-park-buitenhuizen-in-noordholland\\\/#local-main-place-address\",\"streetAddress\":\"Flevoland 11\",\"addressLocality\":\"Beverwijk\",\"postalCode\":\"1948RH\",\"addressRegion\":\"Noord-Holland\",\"addressCountry\":\"NL\"},{\"@type\":\"ImageObject\",\"inLanguage\":\"de-DE\",\"@id\":\"https:\\\/\\\/www.dutchpedelectours.com\\\/de\\\/traum-park-buitenhuizen-in-noordholland\\\/#local-main-organization-logo\",\"url\":\"https:\\\/\\\/www.dutchpedelectours.com\\\/wp-content\\\/uploads\\\/2015\\\/03\\\/DPT-FACEBOOK-WIT.jpg\",\"contentUrl\":\"https:\\\/\\\/www.dutchpedelectours.com\\\/wp-content\\\/uploads\\\/2015\\\/03\\\/DPT-FACEBOOK-WIT.jpg\",\"width\":180,\"height\":180,\"caption\":\"Dutch Pedelec Tours\"}]}<\/script>\n<meta name=\"geo.placename\" content=\"Beverwijk\" \/>\n<meta name=\"geo.position\" content=\"52.473070;4.674476\" \/>\n<meta name=\"geo.region\" content=\"Niederlande\" \/>\n<!-- \/ Yoast SEO Premium plugin. -->","yoast_head_json":{"title":"traum-park buitenhuizen in Noordholland - Pedelec Tours","description":"Mieten Sie ein Pedelec f\u00fcr deine ausfl\u00fcge am traum-park buitenhuizen in Noordholland. Fahrradtouren nach Haarlem, Zuid-Kennemerland, IJmuiden, Zandvoort oder Zaandam","robots":{"index":"index","follow":"follow","max-snippet":"max-snippet:-1","max-image-preview":"max-image-preview:large","max-video-preview":"max-video-preview:-1"},"canonical":"https:\/\/www.dutchpedelectours.com\/de\/traum-park-buitenhuizen-in-noordholland\/","og_locale":"de_DE","og_type":"article","og_title":"traum-park buitenhuizen in Noordholland","og_description":"Mieten Sie ein Pedelec f\u00fcr deine ausfl\u00fcge am traum-park buitenhuizen in Noordholland. Fahrradtouren nach Haarlem, Zuid-Kennemerland, IJmuiden, Zandvoort oder Zaandam","og_url":"https:\/\/www.dutchpedelectours.com\/de\/traum-park-buitenhuizen-in-noordholland\/","og_site_name":"Dutch Pedelec Tours","article_publisher":"https:\/\/www.facebook.com\/dutchpedelec","article_modified_time":"2015-08-22T10:19:56+00:00","og_image":[{"url":"https:\/\/www.dutchpedelectours.com\/wp-content\/uploads\/2014\/09\/Droomparken-duits-300x155.jpg","type":"","width":"","height":""}],"twitter_card":"summary_large_image","twitter_site":"@dutchpedelec","twitter_misc":{"Gesch\u00e4tzte Lesezeit":"2 minutes"},"schema":{"@context":"https:\/\/schema.org","@graph":[{"@type":"WebPage","@id":"https:\/\/www.dutchpedelectours.com\/de\/traum-park-buitenhuizen-in-noordholland\/","url":"https:\/\/www.dutchpedelectours.com\/de\/traum-park-buitenhuizen-in-noordholland\/","name":"traum-park buitenhuizen in Noordholland - Pedelec Tours","isPartOf":{"@id":"https:\/\/www.dutchpedelectours.com\/de\/#website"},"primaryImageOfPage":{"@id":"https:\/\/www.dutchpedelectours.com\/de\/traum-park-buitenhuizen-in-noordholland\/#primaryimage"},"image":{"@id":"https:\/\/www.dutchpedelectours.com\/de\/traum-park-buitenhuizen-in-noordholland\/#primaryimage"},"thumbnailUrl":"https:\/\/www.dutchpedelectours.com\/wp-content\/uploads\/2014\/09\/Droomparken-duits-300x155.jpg","datePublished":"2015-01-06T15:00:34+00:00","dateModified":"2015-08-22T10:19:56+00:00","description":"Mieten Sie ein Pedelec f\u00fcr deine ausfl\u00fcge am traum-park buitenhuizen in Noordholland. Fahrradtouren nach Haarlem, Zuid-Kennemerland, IJmuiden, Zandvoort oder Zaandam","breadcrumb":{"@id":"https:\/\/www.dutchpedelectours.com\/de\/traum-park-buitenhuizen-in-noordholland\/#breadcrumb"},"inLanguage":"de-DE","potentialAction":[{"@type":"ReadAction","target":["https:\/\/www.dutchpedelectours.com\/de\/traum-park-buitenhuizen-in-noordholland\/"]}]},{"@type":"ImageObject","inLanguage":"de-DE","@id":"https:\/\/www.dutchpedelectours.com\/de\/traum-park-buitenhuizen-in-noordholland\/#primaryimage","url":"https:\/\/www.dutchpedelectours.com\/wp-content\/uploads\/2014\/09\/Droomparken-duits-300x155.jpg","contentUrl":"https:\/\/www.dutchpedelectours.com\/wp-content\/uploads\/2014\/09\/Droomparken-duits-300x155.jpg"},{"@type":"BreadcrumbList","@id":"https:\/\/www.dutchpedelectours.com\/de\/traum-park-buitenhuizen-in-noordholland\/#breadcrumb","itemListElement":[{"@type":"ListItem","position":1,"name":"Home","item":"https:\/\/www.dutchpedelectours.com\/de\/"},{"@type":"ListItem","position":2,"name":"traum-park buitenhuizen in Noordholland"}]},{"@type":"WebSite","@id":"https:\/\/www.dutchpedelectours.com\/de\/#website","url":"https:\/\/www.dutchpedelectours.com\/de\/","name":"Dutch Pedelec Tours","description":"Pedelec rental in IJmuiden and Haarlem, E-bike fietsverhuur in omgeving van IJmuiden, Elektrofahrradverleih in IJmuiden und Haarlem","publisher":{"@id":"https:\/\/www.dutchpedelectours.com\/de\/#organization"},"potentialAction":[{"@type":"SearchAction","target":{"@type":"EntryPoint","urlTemplate":"https:\/\/www.dutchpedelectours.com\/de\/?s={search_term_string}"},"query-input":{"@type":"PropertyValueSpecification","valueRequired":true,"valueName":"search_term_string"}}],"inLanguage":"de-DE"},{"@type":["Organization","Place","TravelAgency"],"@id":"https:\/\/www.dutchpedelectours.com\/de\/#organization","name":"Dutch Pedelec Tours","url":"https:\/\/www.dutchpedelectours.com\/de\/","logo":{"@id":"https:\/\/www.dutchpedelectours.com\/de\/traum-park-buitenhuizen-in-noordholland\/#local-main-organization-logo"},"image":{"@id":"https:\/\/www.dutchpedelectours.com\/de\/traum-park-buitenhuizen-in-noordholland\/#local-main-organization-logo"},"sameAs":["https:\/\/www.facebook.com\/dutchpedelec","https:\/\/x.com\/dutchpedelec","https:\/\/www.instagram.com\/dutchpedelec\/","https:\/\/www.pinterest.com\/dutchpedelec\/"],"address":{"@id":"https:\/\/www.dutchpedelectours.com\/de\/traum-park-buitenhuizen-in-noordholland\/#local-main-place-address"},"geo":{"@type":"GeoCoordinates","latitude":"52.473070","longitude":"4.674476"},"telephone":["+31 (0)621591870"],"openingHoursSpecification":[{"@type":"OpeningHoursSpecification","dayOfWeek":["Monday","Tuesday","Wednesday","Thursday","Friday","Saturday","Sunday"],"opens":"09:00","closes":"18:00"}],"email":"info@dutchpedelectours.com","areaServed":"the Netherlands","vatID":"NL001509724B26","priceRange":"$$","currenciesAccepted":"Euros","paymentAccepted":"cash, creditcard, debetcard"},{"@type":"PostalAddress","@id":"https:\/\/www.dutchpedelectours.com\/de\/traum-park-buitenhuizen-in-noordholland\/#local-main-place-address","streetAddress":"Flevoland 11","addressLocality":"Beverwijk","postalCode":"1948RH","addressRegion":"Noord-Holland","addressCountry":"NL"},{"@type":"ImageObject","inLanguage":"de-DE","@id":"https:\/\/www.dutchpedelectours.com\/de\/traum-park-buitenhuizen-in-noordholland\/#local-main-organization-logo","url":"https:\/\/www.dutchpedelectours.com\/wp-content\/uploads\/2015\/03\/DPT-FACEBOOK-WIT.jpg","contentUrl":"https:\/\/www.dutchpedelectours.com\/wp-content\/uploads\/2015\/03\/DPT-FACEBOOK-WIT.jpg","width":180,"height":180,"caption":"Dutch Pedelec Tours"}]},"geo.placename":"Beverwijk","geo.position":{"lat":"52.473070","long":"4.674476"},"geo.region":"Niederlande"},"_links":{"self":[{"href":"https:\/\/www.dutchpedelectours.com\/de\/wp-json\/wp\/v2\/pages\/3706","targetHints":{"allow":["GET"]}}],"collection":[{"href":"https:\/\/www.dutchpedelectours.com\/de\/wp-json\/wp\/v2\/pages"}],"about":[{"href":"https:\/\/www.dutchpedelectours.com\/de\/wp-json\/wp\/v2\/types\/page"}],"author":[{"embeddable":true,"href":"https:\/\/www.dutchpedelectours.com\/de\/wp-json\/wp\/v2\/users\/3"}],"replies":[{"embeddable":true,"href":"https:\/\/www.dutchpedelectours.com\/de\/wp-json\/wp\/v2\/comments?post=3706"}],"version-history":[{"count":0,"href":"https:\/\/www.dutchpedelectours.com\/de\/wp-json\/wp\/v2\/pages\/3706\/revisions"}],"wp:attachment":[{"href":"https:\/\/www.dutchpedelectours.com\/de\/wp-json\/wp\/v2\/media?parent=3706"}],"curies":[{"name":"wp","href":"https:\/\/api.w.org\/{rel}","templated":true}]}}