{"id":3719,"date":"2015-01-06T22:04:21","date_gmt":"2015-01-06T22:04:21","guid":{"rendered":"https:\/\/www.dutchpedelectours.com\/?page_id=3719"},"modified":"2015-12-20T12:17:49","modified_gmt":"2015-12-20T12:17:49","slug":"tulpen-ausflug-holland","status":"publish","type":"page","link":"https:\/\/www.dutchpedelectours.com\/de\/tulpen-ausflug-holland\/","title":{"rendered":"Tulpen ausflug holland"},"content":{"rendered":"<p>[meteor_slideshow slideshow=&#8221;tulips&#8221;]<\/p>\n<p>Diese Tulpen ausflug Holland <span class=\"st\">zu den naheliegenden <em>Tulpenfeldern<\/em> <\/span>von Amsterdam haben wir speziell f\u00fcr Sie zusammengestellt, damit Sie in vollen Z\u00fcgen die Bl\u00fctenpracht des Fr\u00fchlings genie\u00dfen k\u00f6nnen. In Zusammenarbeit mit dem Hotel <span style=\"color: #ff6600;\"><a style=\"color: #ff6600;\" title=\"Landgut Duin &amp; Kruidberg\" href=\"https:\/\/www.dutchpedelectours.com\/de\/landgut-duin-kruidberg\/\">Duin &amp; Kruidberg<\/a><\/span> in Santpoort bieten wir Ihnen eine wunderbare Gelegenheit, im Fr\u00fchjahr die K\u00fcstenregion und die Blumenzwiebelregion (Bollenstreek) zu besuchen.<\/p>\n<p><a href=\"https:\/\/www.dutchpedelectours.com\/wp-content\/uploads\/2014\/02\/Fotolia_59226042_M.jpg\"><img fetchpriority=\"high\" decoding=\"async\" class=\"alignnone wp-image-6208 size-full\" src=\"https:\/\/www.dutchpedelectours.com\/wp-content\/uploads\/2014\/02\/Fotolia_59226042_M.jpg\" alt=\"Tulpen ausflug holland\" width=\"540\" height=\"487\" \/><\/a><\/p>\n<h2>Tulpen <span style=\"color: #ff6600;\">ausflug<\/span> Holland<\/h2>\n<p>Die Tulpen ausflug Holland haben wir speziell f\u00fcr Sie zusammengestellt, sie f\u00fchrt Sie in die Blumenzwiebelregion. Die beste Zeit f\u00fcr diese Radtour ist von Ende M\u00e4rz bis Ende Mai, denn dann stehen die vielen Blumenfelder in voller Bl\u00fcte (die genaue Bl\u00fctezeit h\u00e4ngt vom Wetter ab). Neben den Blumenfeldern f\u00fchrt diese Route auch durch die waldreiche Umgebung von Bloemendaal, Overveen und Bentveld.<br \/>\nDie Tour ist insgesamt fast 32 km wenn Sie in Lisse beginnen und 65 km lang wenn Sie bei Duin &amp; Kruidberg beginnen, was mit unseren E-Bikes in einem Tag sehr gut und komfortabel zu schaffen ist. Sie k\u00f6nnen die Tour auch ohne \u00dcbernachtung buchen, der Start- und Endpunkt ist dann trotzdem am Hotel-Landgut Duin &amp; Kruidberg.<\/p>\n<p>Oder kombinieren Sie die Route mit einem Arrangement von Duin &amp; Kruidberg. Lassen Sie sich verw\u00f6hnen mit eine \u00dcbernachtung in diesem stilvollen Hotel und spannen Sie am n\u00e4chsten Tag noch in aller Ruhe aus. Oder radeln Sie bis zur Nordsee durch die sch\u00f6nen W\u00e4lder und D\u00fcnen Haarlem oder des Nationalparks Zuid-Kennemerland. Selbstverst\u00e4ndlich k\u00f6nnen Sie Ihr Tagesprogramm auch nach eigenen Vorstellungen gestalten. Wir geben Ihnen gerne Auskunft \u00fcber Spezialangebote.<\/p>\n<p><a href=\"https:\/\/www.dutchpedelectours.com\/wp-content\/uploads\/2014\/11\/Unknown.jpg\"><img decoding=\"async\" class=\"alignnone  wp-image-5867 lazyload\" data-src=\"https:\/\/www.dutchpedelectours.com\/wp-content\/uploads\/2014\/11\/Unknown.jpg\" alt=\"Unknown\" width=\"474\" height=\"315\" data-srcset=\"https:\/\/www.dutchpedelectours.com\/wp-content\/uploads\/2014\/11\/Unknown.jpg 275w, https:\/\/www.dutchpedelectours.com\/wp-content\/uploads\/2014\/11\/Unknown-250x166.jpg 250w\" data-sizes=\"(max-width: 474px) 100vw, 474px\" src=\"data:image\/svg+xml;base64,PHN2ZyB3aWR0aD0iMSIgaGVpZ2h0PSIxIiB4bWxucz0iaHR0cDovL3d3dy53My5vcmcvMjAwMC9zdmciPjwvc3ZnPg==\" style=\"--smush-placeholder-width: 474px; --smush-placeholder-aspect-ratio: 474\/315;\" \/><\/a><\/p>\n<p>Eine <span style=\"color: #ff6600;\"><a style=\"color: #ff6600;\" title=\"Eine trip buchen\" href=\"https:\/\/www.dutchpedelectours.com\/de\/cycletouring\/\">Reservierung<\/a><\/span> im Voraus ist obligatorisch.<\/p>\n<p>Tagespreis pro E-Bike: \u20ac 30,- einschlie\u00dflich eine extra batterie<br \/>\nWochenende pro E-Bike (Fr. &#8211; So.): \u20ac 70,-<br \/>\nDie Routenbeschreibung ist im Preis inbegriffen.<br \/>\nWir senden Ihnen die Route auch gerne als GPS- Download.<\/p>\n<p><script src=\"https:\/\/www.hoteltravel.com\/partner\/scripts\/widgetpartner2.js\" type=\"text\/javascript\"><\/script><script type=\"text\/javascript\">\/\/ <![CDATA[\nHTNWidget = new HTNobjectWidget();HTNWidget.Style('270','','','','');\n\/\/ ]]><\/script><\/p>\n<div id=\"attachment_1664\" style=\"width: 249px\" class=\"wp-caption alignnone\"><a href=\"https:\/\/www.pinterest.com\/dutchpedelec\/tulip-tours-and-more\/\" target=\"_blank\"><img decoding=\"async\" aria-describedby=\"caption-attachment-1664\" class=\"size-full wp-image-1664 lazyload\" data-src=\"https:\/\/www.dutchpedelectours.com\/wp-content\/uploads\/2014\/02\/Schermafbeelding-2014-04-21-om-15.28.20.png\" alt=\"overzicht tulpenroute tour\" width=\"239\" height=\"246\" src=\"data:image\/svg+xml;base64,PHN2ZyB3aWR0aD0iMSIgaGVpZ2h0PSIxIiB4bWxucz0iaHR0cDovL3d3dy53My5vcmcvMjAwMC9zdmciPjwvc3ZnPg==\" style=\"--smush-placeholder-width: 239px; --smush-placeholder-aspect-ratio: 239\/246;\" \/><\/a><p id=\"caption-attachment-1664\" class=\"wp-caption-text\">\u00dcberblick Tulpen ausflug Holland<\/p><\/div>\n<p>Tulpen ausflug Holland<br \/>\n<iframe data-src=\"https:\/\/www.google.nl\/maps\/ms?msa=0&amp;msid=202457936388051168685.0004f8ce739d8b7293260&amp;hl=nl&amp;ie=UTF8&amp;t=m&amp;ll=52.336742,4.561244&amp;spn=0.196762,0.136068&amp;output=embed\" width=\"425\" height=\"350\" frameborder=\"0\" marginwidth=\"0\" marginheight=\"0\" scrolling=\"no\" src=\"data:image\/svg+xml;base64,PHN2ZyB3aWR0aD0iMSIgaGVpZ2h0PSIxIiB4bWxucz0iaHR0cDovL3d3dy53My5vcmcvMjAwMC9zdmciPjwvc3ZnPg==\" class=\"lazyload\" data-load-mode=\"1\"><\/iframe><br \/>\n<small><a style=\"color: #0000ff; text-align: left;\" href=\"https:\/\/www.google.nl\/maps\/ms?msa=0&amp;msid=202457936388051168685.0004f8ce739d8b7293260&amp;hl=nl&amp;ie=UTF8&amp;t=m&amp;ll=52.336742,4.561244&amp;spn=0.196762,0.136068&amp;source=embed\">Tulpeweg<\/a> stellen Sie auf einer gr\u00f6\u00dferen Skala dar. <\/small><\/p>\n","protected":false},"excerpt":{"rendered":"<p>[meteor_slideshow slideshow=&#8221;tulips&#8221;] Diese Tulpen ausflug Holland zu den naheliegenden Tulpenfeldern von Amsterdam haben wir speziell f\u00fcr Sie zusammengestellt, damit Sie<\/p>\n<div class=\"read-button read_more_btn_text\"><a class=\"read_more\" href=\"https:\/\/www.dutchpedelectours.com\/de\/tulpen-ausflug-holland\/\">Read more<span class=\"arrow_readm\"> &#x25BA;<\/span><\/a><\/div>\n","protected":false},"author":3,"featured_media":0,"parent":0,"menu_order":0,"comment_status":"closed","ping_status":"open","template":"","meta":{"footnotes":""},"class_list":["post-3719","page","type-page","status-publish","hentry"],"yoast_head":"<!-- This site is optimized with the Yoast SEO Premium plugin v27.4 (Yoast SEO v27.4) - https:\/\/yoast.com\/product\/yoast-seo-premium-wordpress\/ -->\n<title>Tulpen ausflug holland mit Dutch Pedelec Tours<\/title>\n<meta name=\"description\" content=\"Die Farbenpracht der Tulpenbl\u00fcte in Holland erleben mit diese Tulpen ausflug Holland mit ein elektrofahrrad. sehen Sie unsere Sonderangebote\" \/>\n<meta name=\"robots\" content=\"index, follow, max-snippet:-1, max-image-preview:large, max-video-preview:-1\" \/>\n<link rel=\"canonical\" href=\"https:\/\/www.dutchpedelectours.com\/de\/tulpen-ausflug-holland\/\" \/>\n<meta property=\"og:locale\" content=\"de_DE\" \/>\n<meta property=\"og:type\" content=\"article\" \/>\n<meta property=\"og:title\" content=\"Tulpen ausflug holland\" \/>\n<meta property=\"og:description\" content=\"Die Farbenpracht der Tulpenbl\u00fcte in Holland erleben mit diese Tulpen ausflug Holland mit ein elektrofahrrad. sehen Sie unsere Sonderangebote\" \/>\n<meta property=\"og:url\" content=\"https:\/\/www.dutchpedelectours.com\/de\/tulpen-ausflug-holland\/\" \/>\n<meta property=\"og:site_name\" content=\"Dutch Pedelec Tours\" \/>\n<meta property=\"article:publisher\" content=\"https:\/\/www.facebook.com\/dutchpedelec\" \/>\n<meta property=\"article:modified_time\" content=\"2015-12-20T12:17:49+00:00\" \/>\n<meta property=\"og:image\" content=\"https:\/\/www.dutchpedelectours.com\/wp-content\/uploads\/2014\/02\/Fotolia_59226042_M.jpg\" \/>\n<meta name=\"twitter:card\" content=\"summary_large_image\" \/>\n<meta name=\"twitter:site\" content=\"@dutchpedelec\" \/>\n<meta name=\"twitter:label1\" content=\"Gesch\u00e4tzte Lesezeit\" \/>\n\t<meta name=\"twitter:data1\" content=\"2 minutes\" \/>\n<script type=\"application\/ld+json\" class=\"yoast-schema-graph\">{\"@context\":\"https:\\\/\\\/schema.org\",\"@graph\":[{\"@type\":\"WebPage\",\"@id\":\"https:\\\/\\\/www.dutchpedelectours.com\\\/de\\\/tulpen-ausflug-holland\\\/\",\"url\":\"https:\\\/\\\/www.dutchpedelectours.com\\\/de\\\/tulpen-ausflug-holland\\\/\",\"name\":\"Tulpen ausflug holland mit Dutch Pedelec Tours\",\"isPartOf\":{\"@id\":\"https:\\\/\\\/www.dutchpedelectours.com\\\/de\\\/#website\"},\"primaryImageOfPage\":{\"@id\":\"https:\\\/\\\/www.dutchpedelectours.com\\\/de\\\/tulpen-ausflug-holland\\\/#primaryimage\"},\"image\":{\"@id\":\"https:\\\/\\\/www.dutchpedelectours.com\\\/de\\\/tulpen-ausflug-holland\\\/#primaryimage\"},\"thumbnailUrl\":\"https:\\\/\\\/www.dutchpedelectours.com\\\/wp-content\\\/uploads\\\/2014\\\/02\\\/Fotolia_59226042_M.jpg\",\"datePublished\":\"2015-01-06T22:04:21+00:00\",\"dateModified\":\"2015-12-20T12:17:49+00:00\",\"description\":\"Die Farbenpracht der Tulpenbl\u00fcte in Holland erleben mit diese Tulpen ausflug Holland mit ein elektrofahrrad. sehen Sie unsere Sonderangebote\",\"breadcrumb\":{\"@id\":\"https:\\\/\\\/www.dutchpedelectours.com\\\/de\\\/tulpen-ausflug-holland\\\/#breadcrumb\"},\"inLanguage\":\"de-DE\",\"potentialAction\":[{\"@type\":\"ReadAction\",\"target\":[\"https:\\\/\\\/www.dutchpedelectours.com\\\/de\\\/tulpen-ausflug-holland\\\/\"]}]},{\"@type\":\"ImageObject\",\"inLanguage\":\"de-DE\",\"@id\":\"https:\\\/\\\/www.dutchpedelectours.com\\\/de\\\/tulpen-ausflug-holland\\\/#primaryimage\",\"url\":\"https:\\\/\\\/www.dutchpedelectours.com\\\/wp-content\\\/uploads\\\/2014\\\/02\\\/Fotolia_59226042_M.jpg\",\"contentUrl\":\"https:\\\/\\\/www.dutchpedelectours.com\\\/wp-content\\\/uploads\\\/2014\\\/02\\\/Fotolia_59226042_M.jpg\"},{\"@type\":\"BreadcrumbList\",\"@id\":\"https:\\\/\\\/www.dutchpedelectours.com\\\/de\\\/tulpen-ausflug-holland\\\/#breadcrumb\",\"itemListElement\":[{\"@type\":\"ListItem\",\"position\":1,\"name\":\"Home\",\"item\":\"https:\\\/\\\/www.dutchpedelectours.com\\\/de\\\/\"},{\"@type\":\"ListItem\",\"position\":2,\"name\":\"Tulpen ausflug holland\"}]},{\"@type\":\"WebSite\",\"@id\":\"https:\\\/\\\/www.dutchpedelectours.com\\\/de\\\/#website\",\"url\":\"https:\\\/\\\/www.dutchpedelectours.com\\\/de\\\/\",\"name\":\"Dutch Pedelec Tours\",\"description\":\"Pedelec rental in IJmuiden and Haarlem, E-bike fietsverhuur in omgeving van IJmuiden, Elektrofahrradverleih in IJmuiden und Haarlem\",\"publisher\":{\"@id\":\"https:\\\/\\\/www.dutchpedelectours.com\\\/de\\\/#organization\"},\"potentialAction\":[{\"@type\":\"SearchAction\",\"target\":{\"@type\":\"EntryPoint\",\"urlTemplate\":\"https:\\\/\\\/www.dutchpedelectours.com\\\/de\\\/?s={search_term_string}\"},\"query-input\":{\"@type\":\"PropertyValueSpecification\",\"valueRequired\":true,\"valueName\":\"search_term_string\"}}],\"inLanguage\":\"de-DE\"},{\"@type\":[\"Organization\",\"Place\",\"TravelAgency\"],\"@id\":\"https:\\\/\\\/www.dutchpedelectours.com\\\/de\\\/#organization\",\"name\":\"Dutch Pedelec Tours\",\"url\":\"https:\\\/\\\/www.dutchpedelectours.com\\\/de\\\/\",\"logo\":{\"@id\":\"https:\\\/\\\/www.dutchpedelectours.com\\\/de\\\/tulpen-ausflug-holland\\\/#local-main-organization-logo\"},\"image\":{\"@id\":\"https:\\\/\\\/www.dutchpedelectours.com\\\/de\\\/tulpen-ausflug-holland\\\/#local-main-organization-logo\"},\"sameAs\":[\"https:\\\/\\\/www.facebook.com\\\/dutchpedelec\",\"https:\\\/\\\/x.com\\\/dutchpedelec\",\"https:\\\/\\\/www.instagram.com\\\/dutchpedelec\\\/\",\"https:\\\/\\\/www.pinterest.com\\\/dutchpedelec\\\/\"],\"address\":{\"@id\":\"https:\\\/\\\/www.dutchpedelectours.com\\\/de\\\/tulpen-ausflug-holland\\\/#local-main-place-address\"},\"geo\":{\"@type\":\"GeoCoordinates\",\"latitude\":\"52.473070\",\"longitude\":\"4.674476\"},\"telephone\":[\"+31 (0)621591870\"],\"openingHoursSpecification\":[{\"@type\":\"OpeningHoursSpecification\",\"dayOfWeek\":[\"Monday\",\"Tuesday\",\"Wednesday\",\"Thursday\",\"Friday\",\"Saturday\",\"Sunday\"],\"opens\":\"09:00\",\"closes\":\"18:00\"}],\"email\":\"info@dutchpedelectours.com\",\"areaServed\":\"the Netherlands\",\"vatID\":\"NL001509724B26\",\"priceRange\":\"$$\",\"currenciesAccepted\":\"Euros\",\"paymentAccepted\":\"cash, creditcard, debetcard\"},{\"@type\":\"PostalAddress\",\"@id\":\"https:\\\/\\\/www.dutchpedelectours.com\\\/de\\\/tulpen-ausflug-holland\\\/#local-main-place-address\",\"streetAddress\":\"Flevoland 11\",\"addressLocality\":\"Beverwijk\",\"postalCode\":\"1948RH\",\"addressRegion\":\"Noord-Holland\",\"addressCountry\":\"NL\"},{\"@type\":\"ImageObject\",\"inLanguage\":\"de-DE\",\"@id\":\"https:\\\/\\\/www.dutchpedelectours.com\\\/de\\\/tulpen-ausflug-holland\\\/#local-main-organization-logo\",\"url\":\"https:\\\/\\\/www.dutchpedelectours.com\\\/wp-content\\\/uploads\\\/2015\\\/03\\\/DPT-FACEBOOK-WIT.jpg\",\"contentUrl\":\"https:\\\/\\\/www.dutchpedelectours.com\\\/wp-content\\\/uploads\\\/2015\\\/03\\\/DPT-FACEBOOK-WIT.jpg\",\"width\":180,\"height\":180,\"caption\":\"Dutch Pedelec Tours\"}]}<\/script>\n<meta name=\"geo.placename\" content=\"Beverwijk\" \/>\n<meta name=\"geo.position\" content=\"52.473070;4.674476\" \/>\n<meta name=\"geo.region\" content=\"Niederlande\" \/>\n<!-- \/ Yoast SEO Premium plugin. -->","yoast_head_json":{"title":"Tulpen ausflug holland mit Dutch Pedelec Tours","description":"Die Farbenpracht der Tulpenbl\u00fcte in Holland erleben mit diese Tulpen ausflug Holland mit ein elektrofahrrad. sehen Sie unsere Sonderangebote","robots":{"index":"index","follow":"follow","max-snippet":"max-snippet:-1","max-image-preview":"max-image-preview:large","max-video-preview":"max-video-preview:-1"},"canonical":"https:\/\/www.dutchpedelectours.com\/de\/tulpen-ausflug-holland\/","og_locale":"de_DE","og_type":"article","og_title":"Tulpen ausflug holland","og_description":"Die Farbenpracht der Tulpenbl\u00fcte in Holland erleben mit diese Tulpen ausflug Holland mit ein elektrofahrrad. sehen Sie unsere Sonderangebote","og_url":"https:\/\/www.dutchpedelectours.com\/de\/tulpen-ausflug-holland\/","og_site_name":"Dutch Pedelec Tours","article_publisher":"https:\/\/www.facebook.com\/dutchpedelec","article_modified_time":"2015-12-20T12:17:49+00:00","og_image":[{"url":"https:\/\/www.dutchpedelectours.com\/wp-content\/uploads\/2014\/02\/Fotolia_59226042_M.jpg","type":"","width":"","height":""}],"twitter_card":"summary_large_image","twitter_site":"@dutchpedelec","twitter_misc":{"Gesch\u00e4tzte Lesezeit":"2 minutes"},"schema":{"@context":"https:\/\/schema.org","@graph":[{"@type":"WebPage","@id":"https:\/\/www.dutchpedelectours.com\/de\/tulpen-ausflug-holland\/","url":"https:\/\/www.dutchpedelectours.com\/de\/tulpen-ausflug-holland\/","name":"Tulpen ausflug holland mit Dutch Pedelec Tours","isPartOf":{"@id":"https:\/\/www.dutchpedelectours.com\/de\/#website"},"primaryImageOfPage":{"@id":"https:\/\/www.dutchpedelectours.com\/de\/tulpen-ausflug-holland\/#primaryimage"},"image":{"@id":"https:\/\/www.dutchpedelectours.com\/de\/tulpen-ausflug-holland\/#primaryimage"},"thumbnailUrl":"https:\/\/www.dutchpedelectours.com\/wp-content\/uploads\/2014\/02\/Fotolia_59226042_M.jpg","datePublished":"2015-01-06T22:04:21+00:00","dateModified":"2015-12-20T12:17:49+00:00","description":"Die Farbenpracht der Tulpenbl\u00fcte in Holland erleben mit diese Tulpen ausflug Holland mit ein elektrofahrrad. sehen Sie unsere Sonderangebote","breadcrumb":{"@id":"https:\/\/www.dutchpedelectours.com\/de\/tulpen-ausflug-holland\/#breadcrumb"},"inLanguage":"de-DE","potentialAction":[{"@type":"ReadAction","target":["https:\/\/www.dutchpedelectours.com\/de\/tulpen-ausflug-holland\/"]}]},{"@type":"ImageObject","inLanguage":"de-DE","@id":"https:\/\/www.dutchpedelectours.com\/de\/tulpen-ausflug-holland\/#primaryimage","url":"https:\/\/www.dutchpedelectours.com\/wp-content\/uploads\/2014\/02\/Fotolia_59226042_M.jpg","contentUrl":"https:\/\/www.dutchpedelectours.com\/wp-content\/uploads\/2014\/02\/Fotolia_59226042_M.jpg"},{"@type":"BreadcrumbList","@id":"https:\/\/www.dutchpedelectours.com\/de\/tulpen-ausflug-holland\/#breadcrumb","itemListElement":[{"@type":"ListItem","position":1,"name":"Home","item":"https:\/\/www.dutchpedelectours.com\/de\/"},{"@type":"ListItem","position":2,"name":"Tulpen ausflug holland"}]},{"@type":"WebSite","@id":"https:\/\/www.dutchpedelectours.com\/de\/#website","url":"https:\/\/www.dutchpedelectours.com\/de\/","name":"Dutch Pedelec Tours","description":"Pedelec rental in IJmuiden and Haarlem, E-bike fietsverhuur in omgeving van IJmuiden, Elektrofahrradverleih in IJmuiden und Haarlem","publisher":{"@id":"https:\/\/www.dutchpedelectours.com\/de\/#organization"},"potentialAction":[{"@type":"SearchAction","target":{"@type":"EntryPoint","urlTemplate":"https:\/\/www.dutchpedelectours.com\/de\/?s={search_term_string}"},"query-input":{"@type":"PropertyValueSpecification","valueRequired":true,"valueName":"search_term_string"}}],"inLanguage":"de-DE"},{"@type":["Organization","Place","TravelAgency"],"@id":"https:\/\/www.dutchpedelectours.com\/de\/#organization","name":"Dutch Pedelec Tours","url":"https:\/\/www.dutchpedelectours.com\/de\/","logo":{"@id":"https:\/\/www.dutchpedelectours.com\/de\/tulpen-ausflug-holland\/#local-main-organization-logo"},"image":{"@id":"https:\/\/www.dutchpedelectours.com\/de\/tulpen-ausflug-holland\/#local-main-organization-logo"},"sameAs":["https:\/\/www.facebook.com\/dutchpedelec","https:\/\/x.com\/dutchpedelec","https:\/\/www.instagram.com\/dutchpedelec\/","https:\/\/www.pinterest.com\/dutchpedelec\/"],"address":{"@id":"https:\/\/www.dutchpedelectours.com\/de\/tulpen-ausflug-holland\/#local-main-place-address"},"geo":{"@type":"GeoCoordinates","latitude":"52.473070","longitude":"4.674476"},"telephone":["+31 (0)621591870"],"openingHoursSpecification":[{"@type":"OpeningHoursSpecification","dayOfWeek":["Monday","Tuesday","Wednesday","Thursday","Friday","Saturday","Sunday"],"opens":"09:00","closes":"18:00"}],"email":"info@dutchpedelectours.com","areaServed":"the Netherlands","vatID":"NL001509724B26","priceRange":"$$","currenciesAccepted":"Euros","paymentAccepted":"cash, creditcard, debetcard"},{"@type":"PostalAddress","@id":"https:\/\/www.dutchpedelectours.com\/de\/tulpen-ausflug-holland\/#local-main-place-address","streetAddress":"Flevoland 11","addressLocality":"Beverwijk","postalCode":"1948RH","addressRegion":"Noord-Holland","addressCountry":"NL"},{"@type":"ImageObject","inLanguage":"de-DE","@id":"https:\/\/www.dutchpedelectours.com\/de\/tulpen-ausflug-holland\/#local-main-organization-logo","url":"https:\/\/www.dutchpedelectours.com\/wp-content\/uploads\/2015\/03\/DPT-FACEBOOK-WIT.jpg","contentUrl":"https:\/\/www.dutchpedelectours.com\/wp-content\/uploads\/2015\/03\/DPT-FACEBOOK-WIT.jpg","width":180,"height":180,"caption":"Dutch Pedelec Tours"}]},"geo.placename":"Beverwijk","geo.position":{"lat":"52.473070","long":"4.674476"},"geo.region":"Niederlande"},"_links":{"self":[{"href":"https:\/\/www.dutchpedelectours.com\/de\/wp-json\/wp\/v2\/pages\/3719","targetHints":{"allow":["GET"]}}],"collection":[{"href":"https:\/\/www.dutchpedelectours.com\/de\/wp-json\/wp\/v2\/pages"}],"about":[{"href":"https:\/\/www.dutchpedelectours.com\/de\/wp-json\/wp\/v2\/types\/page"}],"author":[{"embeddable":true,"href":"https:\/\/www.dutchpedelectours.com\/de\/wp-json\/wp\/v2\/users\/3"}],"replies":[{"embeddable":true,"href":"https:\/\/www.dutchpedelectours.com\/de\/wp-json\/wp\/v2\/comments?post=3719"}],"version-history":[{"count":0,"href":"https:\/\/www.dutchpedelectours.com\/de\/wp-json\/wp\/v2\/pages\/3719\/revisions"}],"wp:attachment":[{"href":"https:\/\/www.dutchpedelectours.com\/de\/wp-json\/wp\/v2\/media?parent=3719"}],"curies":[{"name":"wp","href":"https:\/\/api.w.org\/{rel}","templated":true}]}}