{"id":3751,"date":"2015-01-06T17:45:13","date_gmt":"2015-01-06T17:45:13","guid":{"rendered":"https:\/\/www.dutchpedelectours.com\/?page_id=3751"},"modified":"2022-01-31T12:46:59","modified_gmt":"2022-01-31T11:46:59","slug":"essen-und-radeln-in-noordholland","status":"publish","type":"page","link":"https:\/\/www.dutchpedelectours.com\/de\/cycletouring\/essen-und-radeln-in-noordholland\/","title":{"rendered":"Essen und Radeln in Noordholland"},"content":{"rendered":"\n<div class=\"wp-block-image\"><figure class=\"alignleft\"><img decoding=\"async\" data-src=\"https:\/\/www.dutchpedelectours.com\/wp-content\/uploads\/2014\/05\/uitleg1.png\" alt=\"Essen und Radeln in Noordholland\" src=\"data:image\/svg+xml;base64,PHN2ZyB3aWR0aD0iMSIgaGVpZ2h0PSIxIiB4bWxucz0iaHR0cDovL3d3dy53My5vcmcvMjAwMC9zdmciPjwvc3ZnPg==\" class=\"lazyload\" style=\"--smush-placeholder-width: 199px; --smush-placeholder-aspect-ratio: 199\/139;\" \/><\/figure><\/div>\n\n\n\n<div class=\"wp-block-image\"><figure class=\"alignleft\"><img decoding=\"async\" data-src=\"https:\/\/www.dutchpedelectours.com\/wp-content\/uploads\/2013\/03\/GPStracked2.jpg\" alt=\"Essen und Radeln in Noordholland\" src=\"data:image\/svg+xml;base64,PHN2ZyB3aWR0aD0iMSIgaGVpZ2h0PSIxIiB4bWxucz0iaHR0cDovL3d3dy53My5vcmcvMjAwMC9zdmciPjwvc3ZnPg==\" class=\"lazyload\" style=\"--smush-placeholder-width: 163px; --smush-placeholder-aspect-ratio: 163\/115;\" \/><\/figure><\/div>\n\n\n\n<p>  &#8220;Essen und Radeln in Noordholland&#8221; ist die ideale Kombination von sportlich t\u00e4tig sein und kulinarischem Genie\u00dfen. Seher sorgf\u00e4ltig und mit gro\u00dfer Expertise sind \u00fcberall in Holland herrliche Radrouten entwickelt worden, wobei pro Route f\u00fcnf Restaurants Ihnen ihre kulinarischen Glanzleistungen pr\u00e4sentieren.<\/p>\n\n\n\n<p>Wie sieht ein &#8220;Essen und Radeln&#8221; Tag aus?<\/p>\n\n\n\n<ul class=\"wp-block-list\"><li>Beginnen Sie mit Kaffee, thee und Kuchen (10.00-11.00 uur).<\/li><li>Fahr zu Ihrem Aperitif.<\/li><li>Auf Ihrer weg f\u00fcr eine Suppe.<\/li><li>Ein k\u00f6stliches Hauptmen\u00fc (Fleisch, Fishe oder Vegetarier).<\/li><li>Letzter Anschlag: Der Nachtisch.<\/li><li>Zwischen 18.00 und 19.00 uhr sind Sie zur\u00fcck an Ihrem Ausgangspunkt.<\/li><\/ul>\n\n\n\n<h2 class=\"wp-block-heading\" id=\"h-wie-funktioniert-es\">Wie funktioniert es?<\/h2>\n\n\n\n<ul class=\"wp-block-list\"><li>Sie tragen eine Reservierung f\u00fcr die pedelecs an Dutch Pedelec Tours ein&nbsp;<a title=\"Reservierung Happen und Trappen\" href=\"https:\/\/www.dutchpedelectours.com\/de\/reservierung-essen-und-radeln\/\"><span style=\"color: #ff6600;\"> Tragen Sie Ihre Reservierung ein f\u00fcr die pedelecs<\/span>.<\/a><\/li><li>Sie w\u00e4hlen einen Weg, den Sie tun m\u00f6chten<\/li><li>Die Kosten f\u00fcr die pedelecs sind \u20ac 25, &#8211; pro Person.<\/li><li>Die Kosten f\u00fcr Essen un Radeln betragen \u20ac 38.50 Euro pro Person. Diesem ist allen Mahlzeiten und die Wegbeschreibung eingeschlossen. die Getr\u00e4nke nicht enthalten. Sie m\u00fcssen das zahlen unterschiedlich an jeder Gastst\u00e4tte.<\/li><li>Sie k\u00f6nnen Ihr Tag am 10:00 uhr beginnen. In jeder Gastst\u00e4tte werden Sie erwartet und sie werden Sie warten.<\/li><li>Sie k\u00f6nnen die pedelecs lassen, in denen Sie Ihren Ausflug beenden.<\/li><\/ul>\n\n\n\n<p>Weil einige der Gastst\u00e4tten verschiedene Er\u00f6ffnungstage zwischen 1. November und 1. M\u00e4rz hat treten Sie bitte mit uns in Verbindung, bevor Sie einen Ausflug in diesem Zeitraum anmelden m\u00f6chten.<\/p>\n\n\n\n<h2 class=\"wp-block-heading\" id=\"h-es-gibt-drei-verschiedene-wege-die-in-unserem-bereich-vorhanden-sind\">Es gibt drei verschiedene Wege, die in unserem Bereich vorhanden sind;<\/h2>\n\n\n\n<ul class=\"wp-block-list\"><li>1. <span style=\"color: #ff6600;\"><a style=\"color: #ff6600;\" href=\"https:\/\/www.happenentrappen.nl\/route\/46\" target=\"_blank\" rel=\"noopener noreferrer\">Genie\u00dfen Sie authentisches Kennemerland &#8211; 34 Kilometer<\/a><\/span> <i>Genie\u00dfen Sie die romantischen, mannigfaltigen und bewaldeten Umlagerungen von Kennemerland. Schmecken Sie die Kultur der Handelsh\u00e4user und der alten Zust\u00e4nde in diesem Bereich, das kennzeichnet sich durch gro\u00dfartige panorams \u00fcber Wald und Str\u00e4nden. Aber auch die Hotels und die St\u00e4be unterscheiden sich: alle atmen eine Umgebung des authentischen, dunklen Brauns.<br>F\u00fcr diesen Weg z\u00e4hlen wir \u20ac 15,- f\u00fcr liefern und Aufnahme die Fahrr\u00e4der am Ausgangspunkt, ungeachtet der Anzahl Teilnehmern bis zu einem Maximum von 10.<br><\/i><\/li><li>2.<span style=\"color: #ff6600;\"><a style=\"color: #ff6600;\" href=\"https:\/\/www.happenentrappen.nl\/route\/45\" target=\"_blank\" rel=\"noopener noreferrer\"> Pedeling through forest, dunes and beaches- 47 km<\/a><\/span> <i>Durch W\u00e4lder, \u00fcber den D\u00fcnen und entlang den langen Str\u00e4nden es ist eine Freude zum radzufahren. Ein wenig weg von der K\u00fcste geben die Blumenfelder Ihnen ein herzliches Willkommen w\u00e4hrend Schafe und Ziegen in der Wiese spielen. Ja, hier erhalten Sie das kurz-brechen Gef\u00fchl\u2026 <\/i><br><i>F\u00fcr diesen Weg z\u00e4hlen wir \u20ac 15,- f\u00fcr liefern und Aufnahme die Fahrr\u00e4der am Ausgangspunkt, ungeachtet der Anzahl Teilnehmern bis zu einem Maximum von 10.<\/i><br><\/li><li>3.<span style=\"color: #ff6600;\"><a style=\"color: #ff6600;\" href=\"https:\/\/www.happenentrappen.nl\/route\/96\" target=\"_blank\" rel=\"noopener noreferrer\">Roaming the Zaanse Schans &#8211; 52 km<\/a><\/span> Von der gr\u00fcnen Oase zu Fortisland<i> und von den Maistausendsteln zu den Standardtausendsteln. Essen und Radeln in den Umlagerungen des Zaanse Schans ist alte Art und Weise holl\u00e4ndisches Genie\u00dfen\u2026<\/i><br>F\u00fcr diesen Weg gibt es keine Extrakosten f\u00fcr Anlieferung und Aufnahme bis zu 10 Personen.<\/li><\/ul>\n\n\n\n<p>Erg\u00e4nzen Sie das <span style=\"color: #ff6600;\"><a style=\"color: #ff6600;\" title=\"Kontakt\" href=\"https:\/\/www.dutchpedelectours.com\/de\/kontakt-2\/\" target=\"_blank\" rel=\"noopener noreferrer\">contactform<\/a><\/span> zu mehr Information oder telefoniere +31 6&nbsp;5582 4710<\/p>\n\n\n\n<p>Ihre Elektrofahrr\u00e4der k\u00f6nnen Sie selbstverst\u00e4ndlich bei uns <span style=\"color: #ff6600;\"><a style=\"color: #ff6600;\" title=\"Reservierung Happen und Trappen\" href=\"https:\/\/www.dutchpedelectours.com\/de\/reservierung-essen-und-radeln\/\">reservieren<\/a>.<\/span><\/p>\n\n\n\n<p>Klicken Sie<a href=\"https:\/\/www.happenentrappen.nl\/pages\/18\/reservieren\" target=\"_blank\" rel=\"noopener noreferrer\"><span style=\"color: #ff6600;\"> weiter <\/span><\/a>f\u00fcr weitere Informationen \u00fcber Essen und Radeln.<\/p>\n","protected":false},"excerpt":{"rendered":"<p>&#8220;Essen und Radeln in Noordholland&#8221; ist die ideale Kombination von sportlich t\u00e4tig sein und kulinarischem Genie\u00dfen. Seher sorgf\u00e4ltig und mit<\/p>\n<div class=\"read-button read_more_btn_text\"><a class=\"read_more\" href=\"https:\/\/www.dutchpedelectours.com\/de\/cycletouring\/essen-und-radeln-in-noordholland\/\">Read more<span class=\"arrow_readm\"> &#x25BA;<\/span><\/a><\/div>\n","protected":false},"author":3,"featured_media":0,"parent":3561,"menu_order":0,"comment_status":"closed","ping_status":"open","template":"","meta":{"footnotes":""},"class_list":["post-3751","page","type-page","status-publish","hentry"],"yoast_head":"<!-- This site is optimized with the Yoast SEO Premium plugin v27.4 (Yoast SEO v27.4) - https:\/\/yoast.com\/product\/yoast-seo-premium-wordpress\/ -->\n<title>Essen und Radeln in Noordholland - Dutch Pedelec Tours<\/title>\n<meta name=\"description\" content=\"Essen und Radeln in Noordholland ist die ideale Kombination von sportlich t\u00e4tig sein und kulinarischem Genie\u00dfen in Noordholland.\" \/>\n<meta name=\"robots\" content=\"index, follow, max-snippet:-1, max-image-preview:large, max-video-preview:-1\" \/>\n<link rel=\"canonical\" href=\"https:\/\/www.dutchpedelectours.com\/de\/cycletouring\/essen-und-radeln-in-noordholland\/\" \/>\n<meta property=\"og:locale\" content=\"de_DE\" \/>\n<meta property=\"og:type\" content=\"article\" \/>\n<meta property=\"og:title\" content=\"Essen und Radeln in Noordholland\" \/>\n<meta property=\"og:description\" content=\"Essen und Radeln in Noordholland ist die ideale Kombination von sportlich t\u00e4tig sein und kulinarischem Genie\u00dfen in Noordholland.\" \/>\n<meta property=\"og:url\" content=\"https:\/\/www.dutchpedelectours.com\/de\/cycletouring\/essen-und-radeln-in-noordholland\/\" \/>\n<meta property=\"og:site_name\" content=\"Dutch Pedelec Tours\" \/>\n<meta property=\"article:publisher\" content=\"https:\/\/www.facebook.com\/dutchpedelec\" \/>\n<meta property=\"article:modified_time\" content=\"2022-01-31T11:46:59+00:00\" \/>\n<meta property=\"og:image\" content=\"https:\/\/www.dutchpedelectours.com\/wp-content\/uploads\/2014\/05\/uitleg1.png\" \/>\n<meta name=\"twitter:card\" content=\"summary_large_image\" \/>\n<meta name=\"twitter:site\" content=\"@dutchpedelec\" \/>\n<meta name=\"twitter:label1\" content=\"Gesch\u00e4tzte Lesezeit\" \/>\n\t<meta name=\"twitter:data1\" content=\"3 minutes\" \/>\n<script type=\"application\/ld+json\" class=\"yoast-schema-graph\">{\"@context\":\"https:\\\/\\\/schema.org\",\"@graph\":[{\"@type\":\"WebPage\",\"@id\":\"https:\\\/\\\/www.dutchpedelectours.com\\\/de\\\/cycletouring\\\/essen-und-radeln-in-noordholland\\\/\",\"url\":\"https:\\\/\\\/www.dutchpedelectours.com\\\/de\\\/cycletouring\\\/essen-und-radeln-in-noordholland\\\/\",\"name\":\"Essen und Radeln in Noordholland - Dutch Pedelec Tours\",\"isPartOf\":{\"@id\":\"https:\\\/\\\/www.dutchpedelectours.com\\\/de\\\/#website\"},\"primaryImageOfPage\":{\"@id\":\"https:\\\/\\\/www.dutchpedelectours.com\\\/de\\\/cycletouring\\\/essen-und-radeln-in-noordholland\\\/#primaryimage\"},\"image\":{\"@id\":\"https:\\\/\\\/www.dutchpedelectours.com\\\/de\\\/cycletouring\\\/essen-und-radeln-in-noordholland\\\/#primaryimage\"},\"thumbnailUrl\":\"https:\\\/\\\/www.dutchpedelectours.com\\\/wp-content\\\/uploads\\\/2014\\\/05\\\/uitleg1.png\",\"datePublished\":\"2015-01-06T17:45:13+00:00\",\"dateModified\":\"2022-01-31T11:46:59+00:00\",\"description\":\"Essen und Radeln in Noordholland ist die ideale Kombination von sportlich t\u00e4tig sein und kulinarischem Genie\u00dfen in Noordholland.\",\"breadcrumb\":{\"@id\":\"https:\\\/\\\/www.dutchpedelectours.com\\\/de\\\/cycletouring\\\/essen-und-radeln-in-noordholland\\\/#breadcrumb\"},\"inLanguage\":\"de-DE\",\"potentialAction\":[{\"@type\":\"ReadAction\",\"target\":[\"https:\\\/\\\/www.dutchpedelectours.com\\\/de\\\/cycletouring\\\/essen-und-radeln-in-noordholland\\\/\"]}]},{\"@type\":\"ImageObject\",\"inLanguage\":\"de-DE\",\"@id\":\"https:\\\/\\\/www.dutchpedelectours.com\\\/de\\\/cycletouring\\\/essen-und-radeln-in-noordholland\\\/#primaryimage\",\"url\":\"https:\\\/\\\/www.dutchpedelectours.com\\\/wp-content\\\/uploads\\\/2014\\\/05\\\/uitleg1.png\",\"contentUrl\":\"https:\\\/\\\/www.dutchpedelectours.com\\\/wp-content\\\/uploads\\\/2014\\\/05\\\/uitleg1.png\"},{\"@type\":\"BreadcrumbList\",\"@id\":\"https:\\\/\\\/www.dutchpedelectours.com\\\/de\\\/cycletouring\\\/essen-und-radeln-in-noordholland\\\/#breadcrumb\",\"itemListElement\":[{\"@type\":\"ListItem\",\"position\":1,\"name\":\"Home\",\"item\":\"https:\\\/\\\/www.dutchpedelectours.com\\\/de\\\/\"},{\"@type\":\"ListItem\",\"position\":2,\"name\":\"Eine trip buchen\",\"item\":\"https:\\\/\\\/www.dutchpedelectours.com\\\/de\\\/cycletouring\\\/\"},{\"@type\":\"ListItem\",\"position\":3,\"name\":\"Essen und Radeln in Noordholland\"}]},{\"@type\":\"WebSite\",\"@id\":\"https:\\\/\\\/www.dutchpedelectours.com\\\/de\\\/#website\",\"url\":\"https:\\\/\\\/www.dutchpedelectours.com\\\/de\\\/\",\"name\":\"Dutch Pedelec Tours\",\"description\":\"Pedelec rental in IJmuiden and Haarlem, E-bike fietsverhuur in omgeving van IJmuiden, Elektrofahrradverleih in IJmuiden und Haarlem\",\"publisher\":{\"@id\":\"https:\\\/\\\/www.dutchpedelectours.com\\\/de\\\/#organization\"},\"potentialAction\":[{\"@type\":\"SearchAction\",\"target\":{\"@type\":\"EntryPoint\",\"urlTemplate\":\"https:\\\/\\\/www.dutchpedelectours.com\\\/de\\\/?s={search_term_string}\"},\"query-input\":{\"@type\":\"PropertyValueSpecification\",\"valueRequired\":true,\"valueName\":\"search_term_string\"}}],\"inLanguage\":\"de-DE\"},{\"@type\":[\"Organization\",\"Place\",\"TravelAgency\"],\"@id\":\"https:\\\/\\\/www.dutchpedelectours.com\\\/de\\\/#organization\",\"name\":\"Dutch Pedelec Tours\",\"url\":\"https:\\\/\\\/www.dutchpedelectours.com\\\/de\\\/\",\"logo\":{\"@id\":\"https:\\\/\\\/www.dutchpedelectours.com\\\/de\\\/cycletouring\\\/essen-und-radeln-in-noordholland\\\/#local-main-organization-logo\"},\"image\":{\"@id\":\"https:\\\/\\\/www.dutchpedelectours.com\\\/de\\\/cycletouring\\\/essen-und-radeln-in-noordholland\\\/#local-main-organization-logo\"},\"sameAs\":[\"https:\\\/\\\/www.facebook.com\\\/dutchpedelec\",\"https:\\\/\\\/x.com\\\/dutchpedelec\",\"https:\\\/\\\/www.instagram.com\\\/dutchpedelec\\\/\",\"https:\\\/\\\/www.pinterest.com\\\/dutchpedelec\\\/\"],\"address\":{\"@id\":\"https:\\\/\\\/www.dutchpedelectours.com\\\/de\\\/cycletouring\\\/essen-und-radeln-in-noordholland\\\/#local-main-place-address\"},\"geo\":{\"@type\":\"GeoCoordinates\",\"latitude\":\"52.473070\",\"longitude\":\"4.674476\"},\"telephone\":[\"+31 (0)621591870\"],\"openingHoursSpecification\":[{\"@type\":\"OpeningHoursSpecification\",\"dayOfWeek\":[\"Monday\",\"Tuesday\",\"Wednesday\",\"Thursday\",\"Friday\",\"Saturday\",\"Sunday\"],\"opens\":\"09:00\",\"closes\":\"18:00\"}],\"email\":\"info@dutchpedelectours.com\",\"areaServed\":\"the Netherlands\",\"vatID\":\"NL001509724B26\",\"priceRange\":\"$$\",\"currenciesAccepted\":\"Euros\",\"paymentAccepted\":\"cash, creditcard, debetcard\"},{\"@type\":\"PostalAddress\",\"@id\":\"https:\\\/\\\/www.dutchpedelectours.com\\\/de\\\/cycletouring\\\/essen-und-radeln-in-noordholland\\\/#local-main-place-address\",\"streetAddress\":\"Flevoland 11\",\"addressLocality\":\"Beverwijk\",\"postalCode\":\"1948RH\",\"addressRegion\":\"Noord-Holland\",\"addressCountry\":\"NL\"},{\"@type\":\"ImageObject\",\"inLanguage\":\"de-DE\",\"@id\":\"https:\\\/\\\/www.dutchpedelectours.com\\\/de\\\/cycletouring\\\/essen-und-radeln-in-noordholland\\\/#local-main-organization-logo\",\"url\":\"https:\\\/\\\/www.dutchpedelectours.com\\\/wp-content\\\/uploads\\\/2015\\\/03\\\/DPT-FACEBOOK-WIT.jpg\",\"contentUrl\":\"https:\\\/\\\/www.dutchpedelectours.com\\\/wp-content\\\/uploads\\\/2015\\\/03\\\/DPT-FACEBOOK-WIT.jpg\",\"width\":180,\"height\":180,\"caption\":\"Dutch Pedelec Tours\"}]}<\/script>\n<meta name=\"geo.placename\" content=\"Beverwijk\" \/>\n<meta name=\"geo.position\" content=\"52.473070;4.674476\" \/>\n<meta name=\"geo.region\" content=\"Niederlande\" \/>\n<!-- \/ Yoast SEO Premium plugin. -->","yoast_head_json":{"title":"Essen und Radeln in Noordholland - Dutch Pedelec Tours","description":"Essen und Radeln in Noordholland ist die ideale Kombination von sportlich t\u00e4tig sein und kulinarischem Genie\u00dfen in Noordholland.","robots":{"index":"index","follow":"follow","max-snippet":"max-snippet:-1","max-image-preview":"max-image-preview:large","max-video-preview":"max-video-preview:-1"},"canonical":"https:\/\/www.dutchpedelectours.com\/de\/cycletouring\/essen-und-radeln-in-noordholland\/","og_locale":"de_DE","og_type":"article","og_title":"Essen und Radeln in Noordholland","og_description":"Essen und Radeln in Noordholland ist die ideale Kombination von sportlich t\u00e4tig sein und kulinarischem Genie\u00dfen in Noordholland.","og_url":"https:\/\/www.dutchpedelectours.com\/de\/cycletouring\/essen-und-radeln-in-noordholland\/","og_site_name":"Dutch Pedelec Tours","article_publisher":"https:\/\/www.facebook.com\/dutchpedelec","article_modified_time":"2022-01-31T11:46:59+00:00","og_image":[{"url":"https:\/\/www.dutchpedelectours.com\/wp-content\/uploads\/2014\/05\/uitleg1.png","type":"","width":"","height":""}],"twitter_card":"summary_large_image","twitter_site":"@dutchpedelec","twitter_misc":{"Gesch\u00e4tzte Lesezeit":"3 minutes"},"schema":{"@context":"https:\/\/schema.org","@graph":[{"@type":"WebPage","@id":"https:\/\/www.dutchpedelectours.com\/de\/cycletouring\/essen-und-radeln-in-noordholland\/","url":"https:\/\/www.dutchpedelectours.com\/de\/cycletouring\/essen-und-radeln-in-noordholland\/","name":"Essen und Radeln in Noordholland - Dutch Pedelec Tours","isPartOf":{"@id":"https:\/\/www.dutchpedelectours.com\/de\/#website"},"primaryImageOfPage":{"@id":"https:\/\/www.dutchpedelectours.com\/de\/cycletouring\/essen-und-radeln-in-noordholland\/#primaryimage"},"image":{"@id":"https:\/\/www.dutchpedelectours.com\/de\/cycletouring\/essen-und-radeln-in-noordholland\/#primaryimage"},"thumbnailUrl":"https:\/\/www.dutchpedelectours.com\/wp-content\/uploads\/2014\/05\/uitleg1.png","datePublished":"2015-01-06T17:45:13+00:00","dateModified":"2022-01-31T11:46:59+00:00","description":"Essen und Radeln in Noordholland ist die ideale Kombination von sportlich t\u00e4tig sein und kulinarischem Genie\u00dfen in Noordholland.","breadcrumb":{"@id":"https:\/\/www.dutchpedelectours.com\/de\/cycletouring\/essen-und-radeln-in-noordholland\/#breadcrumb"},"inLanguage":"de-DE","potentialAction":[{"@type":"ReadAction","target":["https:\/\/www.dutchpedelectours.com\/de\/cycletouring\/essen-und-radeln-in-noordholland\/"]}]},{"@type":"ImageObject","inLanguage":"de-DE","@id":"https:\/\/www.dutchpedelectours.com\/de\/cycletouring\/essen-und-radeln-in-noordholland\/#primaryimage","url":"https:\/\/www.dutchpedelectours.com\/wp-content\/uploads\/2014\/05\/uitleg1.png","contentUrl":"https:\/\/www.dutchpedelectours.com\/wp-content\/uploads\/2014\/05\/uitleg1.png"},{"@type":"BreadcrumbList","@id":"https:\/\/www.dutchpedelectours.com\/de\/cycletouring\/essen-und-radeln-in-noordholland\/#breadcrumb","itemListElement":[{"@type":"ListItem","position":1,"name":"Home","item":"https:\/\/www.dutchpedelectours.com\/de\/"},{"@type":"ListItem","position":2,"name":"Eine trip buchen","item":"https:\/\/www.dutchpedelectours.com\/de\/cycletouring\/"},{"@type":"ListItem","position":3,"name":"Essen und Radeln in Noordholland"}]},{"@type":"WebSite","@id":"https:\/\/www.dutchpedelectours.com\/de\/#website","url":"https:\/\/www.dutchpedelectours.com\/de\/","name":"Dutch Pedelec Tours","description":"Pedelec rental in IJmuiden and Haarlem, E-bike fietsverhuur in omgeving van IJmuiden, Elektrofahrradverleih in IJmuiden und Haarlem","publisher":{"@id":"https:\/\/www.dutchpedelectours.com\/de\/#organization"},"potentialAction":[{"@type":"SearchAction","target":{"@type":"EntryPoint","urlTemplate":"https:\/\/www.dutchpedelectours.com\/de\/?s={search_term_string}"},"query-input":{"@type":"PropertyValueSpecification","valueRequired":true,"valueName":"search_term_string"}}],"inLanguage":"de-DE"},{"@type":["Organization","Place","TravelAgency"],"@id":"https:\/\/www.dutchpedelectours.com\/de\/#organization","name":"Dutch Pedelec Tours","url":"https:\/\/www.dutchpedelectours.com\/de\/","logo":{"@id":"https:\/\/www.dutchpedelectours.com\/de\/cycletouring\/essen-und-radeln-in-noordholland\/#local-main-organization-logo"},"image":{"@id":"https:\/\/www.dutchpedelectours.com\/de\/cycletouring\/essen-und-radeln-in-noordholland\/#local-main-organization-logo"},"sameAs":["https:\/\/www.facebook.com\/dutchpedelec","https:\/\/x.com\/dutchpedelec","https:\/\/www.instagram.com\/dutchpedelec\/","https:\/\/www.pinterest.com\/dutchpedelec\/"],"address":{"@id":"https:\/\/www.dutchpedelectours.com\/de\/cycletouring\/essen-und-radeln-in-noordholland\/#local-main-place-address"},"geo":{"@type":"GeoCoordinates","latitude":"52.473070","longitude":"4.674476"},"telephone":["+31 (0)621591870"],"openingHoursSpecification":[{"@type":"OpeningHoursSpecification","dayOfWeek":["Monday","Tuesday","Wednesday","Thursday","Friday","Saturday","Sunday"],"opens":"09:00","closes":"18:00"}],"email":"info@dutchpedelectours.com","areaServed":"the Netherlands","vatID":"NL001509724B26","priceRange":"$$","currenciesAccepted":"Euros","paymentAccepted":"cash, creditcard, debetcard"},{"@type":"PostalAddress","@id":"https:\/\/www.dutchpedelectours.com\/de\/cycletouring\/essen-und-radeln-in-noordholland\/#local-main-place-address","streetAddress":"Flevoland 11","addressLocality":"Beverwijk","postalCode":"1948RH","addressRegion":"Noord-Holland","addressCountry":"NL"},{"@type":"ImageObject","inLanguage":"de-DE","@id":"https:\/\/www.dutchpedelectours.com\/de\/cycletouring\/essen-und-radeln-in-noordholland\/#local-main-organization-logo","url":"https:\/\/www.dutchpedelectours.com\/wp-content\/uploads\/2015\/03\/DPT-FACEBOOK-WIT.jpg","contentUrl":"https:\/\/www.dutchpedelectours.com\/wp-content\/uploads\/2015\/03\/DPT-FACEBOOK-WIT.jpg","width":180,"height":180,"caption":"Dutch Pedelec Tours"}]},"geo.placename":"Beverwijk","geo.position":{"lat":"52.473070","long":"4.674476"},"geo.region":"Niederlande"},"_links":{"self":[{"href":"https:\/\/www.dutchpedelectours.com\/de\/wp-json\/wp\/v2\/pages\/3751","targetHints":{"allow":["GET"]}}],"collection":[{"href":"https:\/\/www.dutchpedelectours.com\/de\/wp-json\/wp\/v2\/pages"}],"about":[{"href":"https:\/\/www.dutchpedelectours.com\/de\/wp-json\/wp\/v2\/types\/page"}],"author":[{"embeddable":true,"href":"https:\/\/www.dutchpedelectours.com\/de\/wp-json\/wp\/v2\/users\/3"}],"replies":[{"embeddable":true,"href":"https:\/\/www.dutchpedelectours.com\/de\/wp-json\/wp\/v2\/comments?post=3751"}],"version-history":[{"count":0,"href":"https:\/\/www.dutchpedelectours.com\/de\/wp-json\/wp\/v2\/pages\/3751\/revisions"}],"up":[{"embeddable":true,"href":"https:\/\/www.dutchpedelectours.com\/de\/wp-json\/wp\/v2\/pages\/3561"}],"wp:attachment":[{"href":"https:\/\/www.dutchpedelectours.com\/de\/wp-json\/wp\/v2\/media?parent=3751"}],"curies":[{"name":"wp","href":"https:\/\/api.w.org\/{rel}","templated":true}]}}