{"id":3780,"date":"2015-01-06T19:12:40","date_gmt":"2015-01-06T19:12:40","guid":{"rendered":"https:\/\/www.dutchpedelectours.com\/?page_id=3780"},"modified":"2015-09-14T19:44:57","modified_gmt":"2015-09-14T19:44:57","slug":"mieten-ohne-route","status":"publish","type":"page","link":"https:\/\/www.dutchpedelectours.com\/de\/cycletouring\/mieten-ohne-route\/","title":{"rendered":"Mieten ohne Route"},"content":{"rendered":"<p>M\u00f6chten Sie ein Elektrofahrrad mieten und Sie lieber selbst mit einem E-Bike die Umgebung von IJmuiden oder Haarlem\u00a0erkunden, auf eigene Faust und ohne Begleitung? Eine Tour durch die Umgebung bietet Entspannung und ist gleichzeitig gut f\u00fcr Ihre Gesundheit. Selbstverst\u00e4ndlich geben wir Ihnen gerne Auskunft \u00fcber die vielen Sehensw\u00fcrdigkeiten in der Umgebung oder \u00fcber mehrt\u00e4gige E-Fahrrad-Touren bis zum n\u00f6rdlichsten Punkt der Provinz Noord-Holland oder zur Insel Texel.<\/p>\n<p>Der Mietpreis f\u00fcr E-Bikes variiert. F\u00fcr einen Tag (oder einen Teil eines Tages) bezahlen Sie \u20ac 25,- pro Fahrrad. Und f\u00fcr \u20ac 60,- k\u00f6nnen Sie die komfortablen R\u00e4der ein ganzes Wochenende lang nutzen.<\/p>\n<p>Auf unserer Website sind alle <span style=\"color: #ff6600;\"><a style=\"color: #ff6600;\" title=\"Vermietung adressen e-bikes\" href=\"https:\/\/www.dutchpedelectours.com\/de\/vermietung-adressen-e-bikes\/\">Abholpunkte<\/a><\/span> in IJmuiden angegeben. Auf Wunsch liefern wir die Fahrr\u00e4der auch an eine von Ihnen genannte Adresse. Dann werden jedoch zus\u00e4tzlich Anfahrtskosten in Rechnung gestellt.<\/p>\n<div id=\"TA_selfserveprop147\" class=\"TA_selfserveprop\">\n<ul id=\"7VgZw6DY\" class=\"TA_links zdrGsvsvbf\">\n<li id=\"uTrh6LLL\" class=\"cjZrkskO\"><a href=\"https:\/\/www.tripadvisor.de\/\" target=\"_blank\"><img decoding=\"async\" data-src=\"https:\/\/www.tripadvisor.de\/img\/cdsi\/img2\/branding\/150_logo-11900-2.png\" alt=\"TripAdvisor\" src=\"data:image\/svg+xml;base64,PHN2ZyB3aWR0aD0iMSIgaGVpZ2h0PSIxIiB4bWxucz0iaHR0cDovL3d3dy53My5vcmcvMjAwMC9zdmciPjwvc3ZnPg==\" class=\"lazyload\" \/><\/a><\/li>\n<\/ul>\n<\/div>\n<p><script src=\"https:\/\/www.jscache.com\/wejs?wtype=selfserveprop&amp;uniq=147&amp;locationId=4573292&amp;lang=de&amp;rating=true&amp;nreviews=5&amp;writereviewlink=true&amp;popIdx=true&amp;iswide=false&amp;border=true&amp;langversion=2\" type=\"text\/javascript\"><\/script><\/p>\n","protected":false},"excerpt":{"rendered":"<p>M\u00f6chten Sie ein Elektrofahrrad mieten und Sie lieber selbst mit einem E-Bike die Umgebung von IJmuiden oder Haarlem\u00a0erkunden, auf eigene<\/p>\n<div class=\"read-button read_more_btn_text\"><a class=\"read_more\" href=\"https:\/\/www.dutchpedelectours.com\/de\/cycletouring\/mieten-ohne-route\/\">Read more<span class=\"arrow_readm\"> &#x25BA;<\/span><\/a><\/div>\n","protected":false},"author":3,"featured_media":0,"parent":3561,"menu_order":0,"comment_status":"open","ping_status":"open","template":"","meta":{"footnotes":""},"class_list":["post-3780","page","type-page","status-publish","hentry"],"yoast_head":"<!-- This site is optimized with the Yoast SEO Premium plugin v27.4 (Yoast SEO v27.4) - https:\/\/yoast.com\/product\/yoast-seo-premium-wordpress\/ -->\n<title>Mieten ohne Route - Dutch Pedelec Tours<\/title>\n<meta name=\"robots\" content=\"index, follow, max-snippet:-1, max-image-preview:large, max-video-preview:-1\" \/>\n<link rel=\"canonical\" href=\"https:\/\/www.dutchpedelectours.com\/de\/cycletouring\/mieten-ohne-route\/\" \/>\n<meta property=\"og:locale\" content=\"de_DE\" \/>\n<meta property=\"og:type\" content=\"article\" \/>\n<meta property=\"og:title\" content=\"Mieten ohne Route\" \/>\n<meta property=\"og:description\" content=\"M\u00f6chten Sie ein Elektrofahrrad mieten und Sie lieber selbst mit einem E-Bike die Umgebung von IJmuiden oder Haarlem\u00a0erkunden, auf eigeneRead more &#x25BA;\" \/>\n<meta property=\"og:url\" content=\"https:\/\/www.dutchpedelectours.com\/de\/cycletouring\/mieten-ohne-route\/\" \/>\n<meta property=\"og:site_name\" content=\"Dutch Pedelec Tours\" \/>\n<meta property=\"article:publisher\" content=\"https:\/\/www.facebook.com\/dutchpedelec\" \/>\n<meta property=\"article:modified_time\" content=\"2015-09-14T19:44:57+00:00\" \/>\n<meta property=\"og:image\" content=\"https:\/\/www.tripadvisor.de\/img\/cdsi\/img2\/branding\/150_logo-11900-2.png\" \/>\n<meta name=\"twitter:card\" content=\"summary_large_image\" \/>\n<meta name=\"twitter:site\" content=\"@dutchpedelec\" \/>\n<meta name=\"twitter:label1\" content=\"Gesch\u00e4tzte Lesezeit\" \/>\n\t<meta name=\"twitter:data1\" content=\"1 minute\" \/>\n<script type=\"application\/ld+json\" class=\"yoast-schema-graph\">{\"@context\":\"https:\\\/\\\/schema.org\",\"@graph\":[{\"@type\":\"WebPage\",\"@id\":\"https:\\\/\\\/www.dutchpedelectours.com\\\/de\\\/cycletouring\\\/mieten-ohne-route\\\/\",\"url\":\"https:\\\/\\\/www.dutchpedelectours.com\\\/de\\\/cycletouring\\\/mieten-ohne-route\\\/\",\"name\":\"Mieten ohne Route - Dutch Pedelec Tours\",\"isPartOf\":{\"@id\":\"https:\\\/\\\/www.dutchpedelectours.com\\\/de\\\/#website\"},\"primaryImageOfPage\":{\"@id\":\"https:\\\/\\\/www.dutchpedelectours.com\\\/de\\\/cycletouring\\\/mieten-ohne-route\\\/#primaryimage\"},\"image\":{\"@id\":\"https:\\\/\\\/www.dutchpedelectours.com\\\/de\\\/cycletouring\\\/mieten-ohne-route\\\/#primaryimage\"},\"thumbnailUrl\":\"https:\\\/\\\/www.tripadvisor.de\\\/img\\\/cdsi\\\/img2\\\/branding\\\/150_logo-11900-2.png\",\"datePublished\":\"2015-01-06T19:12:40+00:00\",\"dateModified\":\"2015-09-14T19:44:57+00:00\",\"breadcrumb\":{\"@id\":\"https:\\\/\\\/www.dutchpedelectours.com\\\/de\\\/cycletouring\\\/mieten-ohne-route\\\/#breadcrumb\"},\"inLanguage\":\"de-DE\",\"potentialAction\":[{\"@type\":\"ReadAction\",\"target\":[\"https:\\\/\\\/www.dutchpedelectours.com\\\/de\\\/cycletouring\\\/mieten-ohne-route\\\/\"]}]},{\"@type\":\"ImageObject\",\"inLanguage\":\"de-DE\",\"@id\":\"https:\\\/\\\/www.dutchpedelectours.com\\\/de\\\/cycletouring\\\/mieten-ohne-route\\\/#primaryimage\",\"url\":\"https:\\\/\\\/www.tripadvisor.de\\\/img\\\/cdsi\\\/img2\\\/branding\\\/150_logo-11900-2.png\",\"contentUrl\":\"https:\\\/\\\/www.tripadvisor.de\\\/img\\\/cdsi\\\/img2\\\/branding\\\/150_logo-11900-2.png\"},{\"@type\":\"BreadcrumbList\",\"@id\":\"https:\\\/\\\/www.dutchpedelectours.com\\\/de\\\/cycletouring\\\/mieten-ohne-route\\\/#breadcrumb\",\"itemListElement\":[{\"@type\":\"ListItem\",\"position\":1,\"name\":\"Home\",\"item\":\"https:\\\/\\\/www.dutchpedelectours.com\\\/de\\\/\"},{\"@type\":\"ListItem\",\"position\":2,\"name\":\"Eine trip buchen\",\"item\":\"https:\\\/\\\/www.dutchpedelectours.com\\\/de\\\/cycletouring\\\/\"},{\"@type\":\"ListItem\",\"position\":3,\"name\":\"Mieten ohne Route\"}]},{\"@type\":\"WebSite\",\"@id\":\"https:\\\/\\\/www.dutchpedelectours.com\\\/de\\\/#website\",\"url\":\"https:\\\/\\\/www.dutchpedelectours.com\\\/de\\\/\",\"name\":\"Dutch Pedelec Tours\",\"description\":\"Pedelec rental in IJmuiden and Haarlem, E-bike fietsverhuur in omgeving van IJmuiden, Elektrofahrradverleih in IJmuiden und Haarlem\",\"publisher\":{\"@id\":\"https:\\\/\\\/www.dutchpedelectours.com\\\/de\\\/#organization\"},\"potentialAction\":[{\"@type\":\"SearchAction\",\"target\":{\"@type\":\"EntryPoint\",\"urlTemplate\":\"https:\\\/\\\/www.dutchpedelectours.com\\\/de\\\/?s={search_term_string}\"},\"query-input\":{\"@type\":\"PropertyValueSpecification\",\"valueRequired\":true,\"valueName\":\"search_term_string\"}}],\"inLanguage\":\"de-DE\"},{\"@type\":[\"Organization\",\"Place\",\"TravelAgency\"],\"@id\":\"https:\\\/\\\/www.dutchpedelectours.com\\\/de\\\/#organization\",\"name\":\"Dutch Pedelec Tours\",\"url\":\"https:\\\/\\\/www.dutchpedelectours.com\\\/de\\\/\",\"logo\":{\"@id\":\"https:\\\/\\\/www.dutchpedelectours.com\\\/de\\\/cycletouring\\\/mieten-ohne-route\\\/#local-main-organization-logo\"},\"image\":{\"@id\":\"https:\\\/\\\/www.dutchpedelectours.com\\\/de\\\/cycletouring\\\/mieten-ohne-route\\\/#local-main-organization-logo\"},\"sameAs\":[\"https:\\\/\\\/www.facebook.com\\\/dutchpedelec\",\"https:\\\/\\\/x.com\\\/dutchpedelec\",\"https:\\\/\\\/www.instagram.com\\\/dutchpedelec\\\/\",\"https:\\\/\\\/www.pinterest.com\\\/dutchpedelec\\\/\"],\"address\":{\"@id\":\"https:\\\/\\\/www.dutchpedelectours.com\\\/de\\\/cycletouring\\\/mieten-ohne-route\\\/#local-main-place-address\"},\"geo\":{\"@type\":\"GeoCoordinates\",\"latitude\":\"52.473070\",\"longitude\":\"4.674476\"},\"telephone\":[\"+31 (0)621591870\"],\"openingHoursSpecification\":[{\"@type\":\"OpeningHoursSpecification\",\"dayOfWeek\":[\"Monday\",\"Tuesday\",\"Wednesday\",\"Thursday\",\"Friday\",\"Saturday\",\"Sunday\"],\"opens\":\"09:00\",\"closes\":\"18:00\"}],\"email\":\"info@dutchpedelectours.com\",\"areaServed\":\"the Netherlands\",\"vatID\":\"NL001509724B26\",\"priceRange\":\"$$\",\"currenciesAccepted\":\"Euros\",\"paymentAccepted\":\"cash, creditcard, debetcard\"},{\"@type\":\"PostalAddress\",\"@id\":\"https:\\\/\\\/www.dutchpedelectours.com\\\/de\\\/cycletouring\\\/mieten-ohne-route\\\/#local-main-place-address\",\"streetAddress\":\"Flevoland 11\",\"addressLocality\":\"Beverwijk\",\"postalCode\":\"1948RH\",\"addressRegion\":\"Noord-Holland\",\"addressCountry\":\"NL\"},{\"@type\":\"ImageObject\",\"inLanguage\":\"de-DE\",\"@id\":\"https:\\\/\\\/www.dutchpedelectours.com\\\/de\\\/cycletouring\\\/mieten-ohne-route\\\/#local-main-organization-logo\",\"url\":\"https:\\\/\\\/www.dutchpedelectours.com\\\/wp-content\\\/uploads\\\/2015\\\/03\\\/DPT-FACEBOOK-WIT.jpg\",\"contentUrl\":\"https:\\\/\\\/www.dutchpedelectours.com\\\/wp-content\\\/uploads\\\/2015\\\/03\\\/DPT-FACEBOOK-WIT.jpg\",\"width\":180,\"height\":180,\"caption\":\"Dutch Pedelec Tours\"}]}<\/script>\n<meta name=\"geo.placename\" content=\"Beverwijk\" \/>\n<meta name=\"geo.position\" content=\"52.473070;4.674476\" \/>\n<meta name=\"geo.region\" content=\"Niederlande\" \/>\n<!-- \/ Yoast SEO Premium plugin. -->","yoast_head_json":{"title":"Mieten ohne Route - Dutch Pedelec Tours","robots":{"index":"index","follow":"follow","max-snippet":"max-snippet:-1","max-image-preview":"max-image-preview:large","max-video-preview":"max-video-preview:-1"},"canonical":"https:\/\/www.dutchpedelectours.com\/de\/cycletouring\/mieten-ohne-route\/","og_locale":"de_DE","og_type":"article","og_title":"Mieten ohne Route","og_description":"M\u00f6chten Sie ein Elektrofahrrad mieten und Sie lieber selbst mit einem E-Bike die Umgebung von IJmuiden oder Haarlem\u00a0erkunden, auf eigeneRead more &#x25BA;","og_url":"https:\/\/www.dutchpedelectours.com\/de\/cycletouring\/mieten-ohne-route\/","og_site_name":"Dutch Pedelec Tours","article_publisher":"https:\/\/www.facebook.com\/dutchpedelec","article_modified_time":"2015-09-14T19:44:57+00:00","og_image":[{"url":"https:\/\/www.tripadvisor.de\/img\/cdsi\/img2\/branding\/150_logo-11900-2.png","type":"","width":"","height":""}],"twitter_card":"summary_large_image","twitter_site":"@dutchpedelec","twitter_misc":{"Gesch\u00e4tzte Lesezeit":"1 minute"},"schema":{"@context":"https:\/\/schema.org","@graph":[{"@type":"WebPage","@id":"https:\/\/www.dutchpedelectours.com\/de\/cycletouring\/mieten-ohne-route\/","url":"https:\/\/www.dutchpedelectours.com\/de\/cycletouring\/mieten-ohne-route\/","name":"Mieten ohne Route - Dutch Pedelec Tours","isPartOf":{"@id":"https:\/\/www.dutchpedelectours.com\/de\/#website"},"primaryImageOfPage":{"@id":"https:\/\/www.dutchpedelectours.com\/de\/cycletouring\/mieten-ohne-route\/#primaryimage"},"image":{"@id":"https:\/\/www.dutchpedelectours.com\/de\/cycletouring\/mieten-ohne-route\/#primaryimage"},"thumbnailUrl":"https:\/\/www.tripadvisor.de\/img\/cdsi\/img2\/branding\/150_logo-11900-2.png","datePublished":"2015-01-06T19:12:40+00:00","dateModified":"2015-09-14T19:44:57+00:00","breadcrumb":{"@id":"https:\/\/www.dutchpedelectours.com\/de\/cycletouring\/mieten-ohne-route\/#breadcrumb"},"inLanguage":"de-DE","potentialAction":[{"@type":"ReadAction","target":["https:\/\/www.dutchpedelectours.com\/de\/cycletouring\/mieten-ohne-route\/"]}]},{"@type":"ImageObject","inLanguage":"de-DE","@id":"https:\/\/www.dutchpedelectours.com\/de\/cycletouring\/mieten-ohne-route\/#primaryimage","url":"https:\/\/www.tripadvisor.de\/img\/cdsi\/img2\/branding\/150_logo-11900-2.png","contentUrl":"https:\/\/www.tripadvisor.de\/img\/cdsi\/img2\/branding\/150_logo-11900-2.png"},{"@type":"BreadcrumbList","@id":"https:\/\/www.dutchpedelectours.com\/de\/cycletouring\/mieten-ohne-route\/#breadcrumb","itemListElement":[{"@type":"ListItem","position":1,"name":"Home","item":"https:\/\/www.dutchpedelectours.com\/de\/"},{"@type":"ListItem","position":2,"name":"Eine trip buchen","item":"https:\/\/www.dutchpedelectours.com\/de\/cycletouring\/"},{"@type":"ListItem","position":3,"name":"Mieten ohne Route"}]},{"@type":"WebSite","@id":"https:\/\/www.dutchpedelectours.com\/de\/#website","url":"https:\/\/www.dutchpedelectours.com\/de\/","name":"Dutch Pedelec Tours","description":"Pedelec rental in IJmuiden and Haarlem, E-bike fietsverhuur in omgeving van IJmuiden, Elektrofahrradverleih in IJmuiden und Haarlem","publisher":{"@id":"https:\/\/www.dutchpedelectours.com\/de\/#organization"},"potentialAction":[{"@type":"SearchAction","target":{"@type":"EntryPoint","urlTemplate":"https:\/\/www.dutchpedelectours.com\/de\/?s={search_term_string}"},"query-input":{"@type":"PropertyValueSpecification","valueRequired":true,"valueName":"search_term_string"}}],"inLanguage":"de-DE"},{"@type":["Organization","Place","TravelAgency"],"@id":"https:\/\/www.dutchpedelectours.com\/de\/#organization","name":"Dutch Pedelec Tours","url":"https:\/\/www.dutchpedelectours.com\/de\/","logo":{"@id":"https:\/\/www.dutchpedelectours.com\/de\/cycletouring\/mieten-ohne-route\/#local-main-organization-logo"},"image":{"@id":"https:\/\/www.dutchpedelectours.com\/de\/cycletouring\/mieten-ohne-route\/#local-main-organization-logo"},"sameAs":["https:\/\/www.facebook.com\/dutchpedelec","https:\/\/x.com\/dutchpedelec","https:\/\/www.instagram.com\/dutchpedelec\/","https:\/\/www.pinterest.com\/dutchpedelec\/"],"address":{"@id":"https:\/\/www.dutchpedelectours.com\/de\/cycletouring\/mieten-ohne-route\/#local-main-place-address"},"geo":{"@type":"GeoCoordinates","latitude":"52.473070","longitude":"4.674476"},"telephone":["+31 (0)621591870"],"openingHoursSpecification":[{"@type":"OpeningHoursSpecification","dayOfWeek":["Monday","Tuesday","Wednesday","Thursday","Friday","Saturday","Sunday"],"opens":"09:00","closes":"18:00"}],"email":"info@dutchpedelectours.com","areaServed":"the Netherlands","vatID":"NL001509724B26","priceRange":"$$","currenciesAccepted":"Euros","paymentAccepted":"cash, creditcard, debetcard"},{"@type":"PostalAddress","@id":"https:\/\/www.dutchpedelectours.com\/de\/cycletouring\/mieten-ohne-route\/#local-main-place-address","streetAddress":"Flevoland 11","addressLocality":"Beverwijk","postalCode":"1948RH","addressRegion":"Noord-Holland","addressCountry":"NL"},{"@type":"ImageObject","inLanguage":"de-DE","@id":"https:\/\/www.dutchpedelectours.com\/de\/cycletouring\/mieten-ohne-route\/#local-main-organization-logo","url":"https:\/\/www.dutchpedelectours.com\/wp-content\/uploads\/2015\/03\/DPT-FACEBOOK-WIT.jpg","contentUrl":"https:\/\/www.dutchpedelectours.com\/wp-content\/uploads\/2015\/03\/DPT-FACEBOOK-WIT.jpg","width":180,"height":180,"caption":"Dutch Pedelec Tours"}]},"geo.placename":"Beverwijk","geo.position":{"lat":"52.473070","long":"4.674476"},"geo.region":"Niederlande"},"_links":{"self":[{"href":"https:\/\/www.dutchpedelectours.com\/de\/wp-json\/wp\/v2\/pages\/3780","targetHints":{"allow":["GET"]}}],"collection":[{"href":"https:\/\/www.dutchpedelectours.com\/de\/wp-json\/wp\/v2\/pages"}],"about":[{"href":"https:\/\/www.dutchpedelectours.com\/de\/wp-json\/wp\/v2\/types\/page"}],"author":[{"embeddable":true,"href":"https:\/\/www.dutchpedelectours.com\/de\/wp-json\/wp\/v2\/users\/3"}],"replies":[{"embeddable":true,"href":"https:\/\/www.dutchpedelectours.com\/de\/wp-json\/wp\/v2\/comments?post=3780"}],"version-history":[{"count":0,"href":"https:\/\/www.dutchpedelectours.com\/de\/wp-json\/wp\/v2\/pages\/3780\/revisions"}],"up":[{"embeddable":true,"href":"https:\/\/www.dutchpedelectours.com\/de\/wp-json\/wp\/v2\/pages\/3561"}],"wp:attachment":[{"href":"https:\/\/www.dutchpedelectours.com\/de\/wp-json\/wp\/v2\/media?parent=3780"}],"curies":[{"name":"wp","href":"https:\/\/api.w.org\/{rel}","templated":true}]}}