{"id":3797,"date":"2015-01-06T19:27:20","date_gmt":"2015-01-06T19:27:20","guid":{"rendered":"https:\/\/www.dutchpedelectours.com\/?page_id=3797"},"modified":"2017-11-07T21:20:22","modified_gmt":"2017-11-07T21:20:22","slug":"tour-fur-alle-die-geschichten-mogen","status":"publish","type":"page","link":"https:\/\/www.dutchpedelectours.com\/de\/cycletouring\/tour-fur-alle-die-geschichten-mogen\/","title":{"rendered":"Tour f\u00fcr alle die Geschichten m\u00f6gen"},"content":{"rendered":"<div id=\"TA_selfserveprop659\" class=\"TA_selfserveprop\">\n<p><a href=\"https:\/\/www.dutchpedelectours.com\/wp-content\/uploads\/2013\/03\/Beeld_Hansje_Brinker_Spaarndam.jpg\"><img fetchpriority=\"high\" decoding=\"async\" class=\"alignleft\" src=\"https:\/\/www.dutchpedelectours.com\/wp-content\/uploads\/2013\/03\/Beeld_Hansje_Brinker_Spaarndam-300x222.jpg\" alt=\"Tour f\u00fcr alle die Geschichten m\u00f6gen\" width=\"300\" height=\"222\"><\/a>Das Erholungsgebiet Spaarnwoude befindet sich zwischen dem Hafen von Amsterdam, Haarlem und IJmond. Ganz in der N\u00e4he liegt auch das malerische Dorf Spaarndam, dessen Anf\u00e4nge ins 13. Jahrhundert zur\u00fcckreichen, als man hier eine Kammerschleuse in den Damm eingelassen hat, die die Spaarne vom IJ trennt.Unterwegs begegnen wir auch Hansje Brinker, dem Jungen, der die Niederlande vor einer Flutkatastrophe gerettet haben soll, indem er mit seinem Finger ein Loch im Deich abgedichtet hatte. Im Jahr 1950 wurde dem mythischen Helden ein wohlverdientes Denkmal gesetzt. Dieses kann man bis heute auf der Woeder-Schleuse in Spaarndam besichtigen. Aber auch zu majest\u00e4tischen Landsitzen wie <span style=\"color: #ff6600;\"><a style=\"color: #ff6600;\" title=\"Park Beeckestijn\" href=\"https:\/\/www.dutchpedelectours.com\/de\/park-beeckestijn\/\">Beeckestijn<\/a>,<\/span> Waterland und <span style=\"color: #ff6600;\"><a style=\"color: #ff6600;\" title=\"Landgut Velserbeek\" href=\"https:\/\/www.dutchpedelectours.com\/de\/velserbeek\/\">Velserbeek<\/a><\/span> f\u00fchrt diese Radtour, und auf dem R\u00fcckweg besuchen wir die Windm\u00fchle <span style=\"color: #ff6600;\"><a style=\"color: #ff6600;\" title=\"Windm\u00fchle Der Sandhase\" href=\"https:\/\/www.dutchpedelectours.com\/de\/windmuhle-der-sandhase\/\">Zandhaas<\/a><\/span> (\u201aSandhase\u2018), die bis heute in betrieb ist.<\/p>\n<p><a title=\"Eine trip buchen\" href=\"https:\/\/www.dutchpedelectours.com\/de\/cycletouring\/\"><img decoding=\"async\" class=\"alignnone wp-image-3990 size-full lazyload\" data-src=\"https:\/\/www.dutchpedelectours.com\/wp-content\/uploads\/2015\/01\/navi_buchen_hover.png\" alt=\"navi_buchen_hover\" width=\"109\" height=\"30\" src=\"data:image\/svg+xml;base64,PHN2ZyB3aWR0aD0iMSIgaGVpZ2h0PSIxIiB4bWxucz0iaHR0cDovL3d3dy53My5vcmcvMjAwMC9zdmciPjwvc3ZnPg==\" style=\"--smush-placeholder-width: 109px; --smush-placeholder-aspect-ratio: 109\/30;\"><\/a><\/p>\n<ul id=\"TUmfCNA9z\" class=\"TA_links b6ZmFz\">\n<li id=\"XOCSYSx1uhFX\" class=\"vf7sNb0\">reviews of <a href=\"https:\/\/www.tripadvisor.com\/Attraction_Review-g188596-d4573292-Reviews-Dutch_Pedelec_Tours-Ijmuiden_North_Holland_Province.html\" target=\"_blank\" rel=\"noopener\">Dutch Pedelec Tours<\/a> in IJmuiden<\/li>\n<\/ul>\n<\/div>\n<p><iframe data-src=\"https:\/\/www.google.nl\/maps\/ms?hl=nl&amp;msid=202457936388051168685.0004f9438f5d6c393daac&amp;msa=0&amp;ie=UTF8&amp;t=h&amp;ll=52.43593,4.626714&amp;spn=0.053043,0.119606&amp;output=embed\" width=\"425\" height=\"350\" frameborder=\"0\" marginwidth=\"0\" marginheight=\"0\" scrolling=\"no\" src=\"data:image\/svg+xml;base64,PHN2ZyB3aWR0aD0iMSIgaGVpZ2h0PSIxIiB4bWxucz0iaHR0cDovL3d3dy53My5vcmcvMjAwMC9zdmciPjwvc3ZnPg==\" class=\"lazyload\" data-load-mode=\"1\"><\/iframe><br \/>\n<small><a style=\"color: #0000ff; text-align: left;\" href=\"https:\/\/www.google.nl\/maps\/ms?hl=nl&amp;msid=202457936388051168685.0004f9438f5d6c393daac&amp;msa=0&amp;ie=UTF8&amp;t=h&amp;ll=52.43593,4.626714&amp;spn=0.053043,0.119606&amp;source=embed\">Story lovers tour<\/a> Sehen Sie Karte auf einer gr\u00f6\u00dferen Skala <\/small><\/p>\n","protected":false},"excerpt":{"rendered":"<p>Das Erholungsgebiet Spaarnwoude befindet sich zwischen dem Hafen von Amsterdam, Haarlem und IJmond. Ganz in der N\u00e4he liegt auch das<\/p>\n<div class=\"read-button read_more_btn_text\"><a class=\"read_more\" href=\"https:\/\/www.dutchpedelectours.com\/de\/cycletouring\/tour-fur-alle-die-geschichten-mogen\/\">Read more<span class=\"arrow_readm\"> &#x25BA;<\/span><\/a><\/div>\n","protected":false},"author":3,"featured_media":0,"parent":3561,"menu_order":0,"comment_status":"closed","ping_status":"open","template":"","meta":{"footnotes":""},"class_list":["post-3797","page","type-page","status-publish","hentry"],"yoast_head":"<!-- This site is optimized with the Yoast SEO Premium plugin v27.4 (Yoast SEO v27.4) - https:\/\/yoast.com\/product\/yoast-seo-premium-wordpress\/ -->\n<title>Tour f\u00fcr alle die Geschichten m\u00f6gen - Dutch Pedelec Tours<\/title>\n<meta name=\"robots\" content=\"index, follow, max-snippet:-1, max-image-preview:large, max-video-preview:-1\" \/>\n<link rel=\"canonical\" href=\"https:\/\/www.dutchpedelectours.com\/de\/cycletouring\/tour-fur-alle-die-geschichten-mogen\/\" \/>\n<meta property=\"og:locale\" content=\"de_DE\" \/>\n<meta property=\"og:type\" content=\"article\" \/>\n<meta property=\"og:title\" content=\"Tour f\u00fcr alle die Geschichten m\u00f6gen\" \/>\n<meta property=\"og:description\" content=\"Das Erholungsgebiet Spaarnwoude befindet sich zwischen dem Hafen von Amsterdam, Haarlem und IJmond. Ganz in der N\u00e4he liegt auch dasRead more &#x25BA;\" \/>\n<meta property=\"og:url\" content=\"https:\/\/www.dutchpedelectours.com\/de\/cycletouring\/tour-fur-alle-die-geschichten-mogen\/\" \/>\n<meta property=\"og:site_name\" content=\"Dutch Pedelec Tours\" \/>\n<meta property=\"article:publisher\" content=\"https:\/\/www.facebook.com\/dutchpedelec\" \/>\n<meta property=\"article:modified_time\" content=\"2017-11-07T21:20:22+00:00\" \/>\n<meta property=\"og:image\" content=\"https:\/\/www.dutchpedelectours.com\/wp-content\/uploads\/2013\/03\/Beeld_Hansje_Brinker_Spaarndam-300x222.jpg\" \/>\n<meta name=\"twitter:card\" content=\"summary_large_image\" \/>\n<meta name=\"twitter:site\" content=\"@dutchpedelec\" \/>\n<meta name=\"twitter:label1\" content=\"Gesch\u00e4tzte Lesezeit\" \/>\n\t<meta name=\"twitter:data1\" content=\"1 minute\" \/>\n<script type=\"application\/ld+json\" class=\"yoast-schema-graph\">{\"@context\":\"https:\\\/\\\/schema.org\",\"@graph\":[{\"@type\":\"WebPage\",\"@id\":\"https:\\\/\\\/www.dutchpedelectours.com\\\/de\\\/cycletouring\\\/tour-fur-alle-die-geschichten-mogen\\\/\",\"url\":\"https:\\\/\\\/www.dutchpedelectours.com\\\/de\\\/cycletouring\\\/tour-fur-alle-die-geschichten-mogen\\\/\",\"name\":\"Tour f\u00fcr alle die Geschichten m\u00f6gen - Dutch Pedelec Tours\",\"isPartOf\":{\"@id\":\"https:\\\/\\\/www.dutchpedelectours.com\\\/de\\\/#website\"},\"primaryImageOfPage\":{\"@id\":\"https:\\\/\\\/www.dutchpedelectours.com\\\/de\\\/cycletouring\\\/tour-fur-alle-die-geschichten-mogen\\\/#primaryimage\"},\"image\":{\"@id\":\"https:\\\/\\\/www.dutchpedelectours.com\\\/de\\\/cycletouring\\\/tour-fur-alle-die-geschichten-mogen\\\/#primaryimage\"},\"thumbnailUrl\":\"https:\\\/\\\/www.dutchpedelectours.com\\\/wp-content\\\/uploads\\\/2013\\\/03\\\/Beeld_Hansje_Brinker_Spaarndam-300x222.jpg\",\"datePublished\":\"2015-01-06T19:27:20+00:00\",\"dateModified\":\"2017-11-07T21:20:22+00:00\",\"breadcrumb\":{\"@id\":\"https:\\\/\\\/www.dutchpedelectours.com\\\/de\\\/cycletouring\\\/tour-fur-alle-die-geschichten-mogen\\\/#breadcrumb\"},\"inLanguage\":\"de-DE\",\"potentialAction\":[{\"@type\":\"ReadAction\",\"target\":[\"https:\\\/\\\/www.dutchpedelectours.com\\\/de\\\/cycletouring\\\/tour-fur-alle-die-geschichten-mogen\\\/\"]}]},{\"@type\":\"ImageObject\",\"inLanguage\":\"de-DE\",\"@id\":\"https:\\\/\\\/www.dutchpedelectours.com\\\/de\\\/cycletouring\\\/tour-fur-alle-die-geschichten-mogen\\\/#primaryimage\",\"url\":\"https:\\\/\\\/www.dutchpedelectours.com\\\/wp-content\\\/uploads\\\/2013\\\/03\\\/Beeld_Hansje_Brinker_Spaarndam-300x222.jpg\",\"contentUrl\":\"https:\\\/\\\/www.dutchpedelectours.com\\\/wp-content\\\/uploads\\\/2013\\\/03\\\/Beeld_Hansje_Brinker_Spaarndam-300x222.jpg\"},{\"@type\":\"BreadcrumbList\",\"@id\":\"https:\\\/\\\/www.dutchpedelectours.com\\\/de\\\/cycletouring\\\/tour-fur-alle-die-geschichten-mogen\\\/#breadcrumb\",\"itemListElement\":[{\"@type\":\"ListItem\",\"position\":1,\"name\":\"Home\",\"item\":\"https:\\\/\\\/www.dutchpedelectours.com\\\/de\\\/\"},{\"@type\":\"ListItem\",\"position\":2,\"name\":\"Eine trip buchen\",\"item\":\"https:\\\/\\\/www.dutchpedelectours.com\\\/de\\\/cycletouring\\\/\"},{\"@type\":\"ListItem\",\"position\":3,\"name\":\"Tour f\u00fcr alle die Geschichten m\u00f6gen\"}]},{\"@type\":\"WebSite\",\"@id\":\"https:\\\/\\\/www.dutchpedelectours.com\\\/de\\\/#website\",\"url\":\"https:\\\/\\\/www.dutchpedelectours.com\\\/de\\\/\",\"name\":\"Dutch Pedelec Tours\",\"description\":\"Pedelec rental in IJmuiden and Haarlem, E-bike fietsverhuur in omgeving van IJmuiden, Elektrofahrradverleih in IJmuiden und Haarlem\",\"publisher\":{\"@id\":\"https:\\\/\\\/www.dutchpedelectours.com\\\/de\\\/#organization\"},\"potentialAction\":[{\"@type\":\"SearchAction\",\"target\":{\"@type\":\"EntryPoint\",\"urlTemplate\":\"https:\\\/\\\/www.dutchpedelectours.com\\\/de\\\/?s={search_term_string}\"},\"query-input\":{\"@type\":\"PropertyValueSpecification\",\"valueRequired\":true,\"valueName\":\"search_term_string\"}}],\"inLanguage\":\"de-DE\"},{\"@type\":[\"Organization\",\"Place\",\"TravelAgency\"],\"@id\":\"https:\\\/\\\/www.dutchpedelectours.com\\\/de\\\/#organization\",\"name\":\"Dutch Pedelec Tours\",\"url\":\"https:\\\/\\\/www.dutchpedelectours.com\\\/de\\\/\",\"logo\":{\"@id\":\"https:\\\/\\\/www.dutchpedelectours.com\\\/de\\\/cycletouring\\\/tour-fur-alle-die-geschichten-mogen\\\/#local-main-organization-logo\"},\"image\":{\"@id\":\"https:\\\/\\\/www.dutchpedelectours.com\\\/de\\\/cycletouring\\\/tour-fur-alle-die-geschichten-mogen\\\/#local-main-organization-logo\"},\"sameAs\":[\"https:\\\/\\\/www.facebook.com\\\/dutchpedelec\",\"https:\\\/\\\/x.com\\\/dutchpedelec\",\"https:\\\/\\\/www.instagram.com\\\/dutchpedelec\\\/\",\"https:\\\/\\\/www.pinterest.com\\\/dutchpedelec\\\/\"],\"address\":{\"@id\":\"https:\\\/\\\/www.dutchpedelectours.com\\\/de\\\/cycletouring\\\/tour-fur-alle-die-geschichten-mogen\\\/#local-main-place-address\"},\"geo\":{\"@type\":\"GeoCoordinates\",\"latitude\":\"52.473070\",\"longitude\":\"4.674476\"},\"telephone\":[\"+31 (0)621591870\"],\"openingHoursSpecification\":[{\"@type\":\"OpeningHoursSpecification\",\"dayOfWeek\":[\"Monday\",\"Tuesday\",\"Wednesday\",\"Thursday\",\"Friday\",\"Saturday\",\"Sunday\"],\"opens\":\"09:00\",\"closes\":\"18:00\"}],\"email\":\"info@dutchpedelectours.com\",\"areaServed\":\"the Netherlands\",\"vatID\":\"NL001509724B26\",\"priceRange\":\"$$\",\"currenciesAccepted\":\"Euros\",\"paymentAccepted\":\"cash, creditcard, debetcard\"},{\"@type\":\"PostalAddress\",\"@id\":\"https:\\\/\\\/www.dutchpedelectours.com\\\/de\\\/cycletouring\\\/tour-fur-alle-die-geschichten-mogen\\\/#local-main-place-address\",\"streetAddress\":\"Flevoland 11\",\"addressLocality\":\"Beverwijk\",\"postalCode\":\"1948RH\",\"addressRegion\":\"Noord-Holland\",\"addressCountry\":\"NL\"},{\"@type\":\"ImageObject\",\"inLanguage\":\"de-DE\",\"@id\":\"https:\\\/\\\/www.dutchpedelectours.com\\\/de\\\/cycletouring\\\/tour-fur-alle-die-geschichten-mogen\\\/#local-main-organization-logo\",\"url\":\"https:\\\/\\\/www.dutchpedelectours.com\\\/wp-content\\\/uploads\\\/2015\\\/03\\\/DPT-FACEBOOK-WIT.jpg\",\"contentUrl\":\"https:\\\/\\\/www.dutchpedelectours.com\\\/wp-content\\\/uploads\\\/2015\\\/03\\\/DPT-FACEBOOK-WIT.jpg\",\"width\":180,\"height\":180,\"caption\":\"Dutch Pedelec Tours\"}]}<\/script>\n<meta name=\"geo.placename\" content=\"Beverwijk\" \/>\n<meta name=\"geo.position\" content=\"52.473070;4.674476\" \/>\n<meta name=\"geo.region\" content=\"Niederlande\" \/>\n<!-- \/ Yoast SEO Premium plugin. -->","yoast_head_json":{"title":"Tour f\u00fcr alle die Geschichten m\u00f6gen - Dutch Pedelec Tours","robots":{"index":"index","follow":"follow","max-snippet":"max-snippet:-1","max-image-preview":"max-image-preview:large","max-video-preview":"max-video-preview:-1"},"canonical":"https:\/\/www.dutchpedelectours.com\/de\/cycletouring\/tour-fur-alle-die-geschichten-mogen\/","og_locale":"de_DE","og_type":"article","og_title":"Tour f\u00fcr alle die Geschichten m\u00f6gen","og_description":"Das Erholungsgebiet Spaarnwoude befindet sich zwischen dem Hafen von Amsterdam, Haarlem und IJmond. Ganz in der N\u00e4he liegt auch dasRead more &#x25BA;","og_url":"https:\/\/www.dutchpedelectours.com\/de\/cycletouring\/tour-fur-alle-die-geschichten-mogen\/","og_site_name":"Dutch Pedelec Tours","article_publisher":"https:\/\/www.facebook.com\/dutchpedelec","article_modified_time":"2017-11-07T21:20:22+00:00","og_image":[{"url":"https:\/\/www.dutchpedelectours.com\/wp-content\/uploads\/2013\/03\/Beeld_Hansje_Brinker_Spaarndam-300x222.jpg","type":"","width":"","height":""}],"twitter_card":"summary_large_image","twitter_site":"@dutchpedelec","twitter_misc":{"Gesch\u00e4tzte Lesezeit":"1 minute"},"schema":{"@context":"https:\/\/schema.org","@graph":[{"@type":"WebPage","@id":"https:\/\/www.dutchpedelectours.com\/de\/cycletouring\/tour-fur-alle-die-geschichten-mogen\/","url":"https:\/\/www.dutchpedelectours.com\/de\/cycletouring\/tour-fur-alle-die-geschichten-mogen\/","name":"Tour f\u00fcr alle die Geschichten m\u00f6gen - Dutch Pedelec Tours","isPartOf":{"@id":"https:\/\/www.dutchpedelectours.com\/de\/#website"},"primaryImageOfPage":{"@id":"https:\/\/www.dutchpedelectours.com\/de\/cycletouring\/tour-fur-alle-die-geschichten-mogen\/#primaryimage"},"image":{"@id":"https:\/\/www.dutchpedelectours.com\/de\/cycletouring\/tour-fur-alle-die-geschichten-mogen\/#primaryimage"},"thumbnailUrl":"https:\/\/www.dutchpedelectours.com\/wp-content\/uploads\/2013\/03\/Beeld_Hansje_Brinker_Spaarndam-300x222.jpg","datePublished":"2015-01-06T19:27:20+00:00","dateModified":"2017-11-07T21:20:22+00:00","breadcrumb":{"@id":"https:\/\/www.dutchpedelectours.com\/de\/cycletouring\/tour-fur-alle-die-geschichten-mogen\/#breadcrumb"},"inLanguage":"de-DE","potentialAction":[{"@type":"ReadAction","target":["https:\/\/www.dutchpedelectours.com\/de\/cycletouring\/tour-fur-alle-die-geschichten-mogen\/"]}]},{"@type":"ImageObject","inLanguage":"de-DE","@id":"https:\/\/www.dutchpedelectours.com\/de\/cycletouring\/tour-fur-alle-die-geschichten-mogen\/#primaryimage","url":"https:\/\/www.dutchpedelectours.com\/wp-content\/uploads\/2013\/03\/Beeld_Hansje_Brinker_Spaarndam-300x222.jpg","contentUrl":"https:\/\/www.dutchpedelectours.com\/wp-content\/uploads\/2013\/03\/Beeld_Hansje_Brinker_Spaarndam-300x222.jpg"},{"@type":"BreadcrumbList","@id":"https:\/\/www.dutchpedelectours.com\/de\/cycletouring\/tour-fur-alle-die-geschichten-mogen\/#breadcrumb","itemListElement":[{"@type":"ListItem","position":1,"name":"Home","item":"https:\/\/www.dutchpedelectours.com\/de\/"},{"@type":"ListItem","position":2,"name":"Eine trip buchen","item":"https:\/\/www.dutchpedelectours.com\/de\/cycletouring\/"},{"@type":"ListItem","position":3,"name":"Tour f\u00fcr alle die Geschichten m\u00f6gen"}]},{"@type":"WebSite","@id":"https:\/\/www.dutchpedelectours.com\/de\/#website","url":"https:\/\/www.dutchpedelectours.com\/de\/","name":"Dutch Pedelec Tours","description":"Pedelec rental in IJmuiden and Haarlem, E-bike fietsverhuur in omgeving van IJmuiden, Elektrofahrradverleih in IJmuiden und Haarlem","publisher":{"@id":"https:\/\/www.dutchpedelectours.com\/de\/#organization"},"potentialAction":[{"@type":"SearchAction","target":{"@type":"EntryPoint","urlTemplate":"https:\/\/www.dutchpedelectours.com\/de\/?s={search_term_string}"},"query-input":{"@type":"PropertyValueSpecification","valueRequired":true,"valueName":"search_term_string"}}],"inLanguage":"de-DE"},{"@type":["Organization","Place","TravelAgency"],"@id":"https:\/\/www.dutchpedelectours.com\/de\/#organization","name":"Dutch Pedelec Tours","url":"https:\/\/www.dutchpedelectours.com\/de\/","logo":{"@id":"https:\/\/www.dutchpedelectours.com\/de\/cycletouring\/tour-fur-alle-die-geschichten-mogen\/#local-main-organization-logo"},"image":{"@id":"https:\/\/www.dutchpedelectours.com\/de\/cycletouring\/tour-fur-alle-die-geschichten-mogen\/#local-main-organization-logo"},"sameAs":["https:\/\/www.facebook.com\/dutchpedelec","https:\/\/x.com\/dutchpedelec","https:\/\/www.instagram.com\/dutchpedelec\/","https:\/\/www.pinterest.com\/dutchpedelec\/"],"address":{"@id":"https:\/\/www.dutchpedelectours.com\/de\/cycletouring\/tour-fur-alle-die-geschichten-mogen\/#local-main-place-address"},"geo":{"@type":"GeoCoordinates","latitude":"52.473070","longitude":"4.674476"},"telephone":["+31 (0)621591870"],"openingHoursSpecification":[{"@type":"OpeningHoursSpecification","dayOfWeek":["Monday","Tuesday","Wednesday","Thursday","Friday","Saturday","Sunday"],"opens":"09:00","closes":"18:00"}],"email":"info@dutchpedelectours.com","areaServed":"the Netherlands","vatID":"NL001509724B26","priceRange":"$$","currenciesAccepted":"Euros","paymentAccepted":"cash, creditcard, debetcard"},{"@type":"PostalAddress","@id":"https:\/\/www.dutchpedelectours.com\/de\/cycletouring\/tour-fur-alle-die-geschichten-mogen\/#local-main-place-address","streetAddress":"Flevoland 11","addressLocality":"Beverwijk","postalCode":"1948RH","addressRegion":"Noord-Holland","addressCountry":"NL"},{"@type":"ImageObject","inLanguage":"de-DE","@id":"https:\/\/www.dutchpedelectours.com\/de\/cycletouring\/tour-fur-alle-die-geschichten-mogen\/#local-main-organization-logo","url":"https:\/\/www.dutchpedelectours.com\/wp-content\/uploads\/2015\/03\/DPT-FACEBOOK-WIT.jpg","contentUrl":"https:\/\/www.dutchpedelectours.com\/wp-content\/uploads\/2015\/03\/DPT-FACEBOOK-WIT.jpg","width":180,"height":180,"caption":"Dutch Pedelec Tours"}]},"geo.placename":"Beverwijk","geo.position":{"lat":"52.473070","long":"4.674476"},"geo.region":"Niederlande"},"_links":{"self":[{"href":"https:\/\/www.dutchpedelectours.com\/de\/wp-json\/wp\/v2\/pages\/3797","targetHints":{"allow":["GET"]}}],"collection":[{"href":"https:\/\/www.dutchpedelectours.com\/de\/wp-json\/wp\/v2\/pages"}],"about":[{"href":"https:\/\/www.dutchpedelectours.com\/de\/wp-json\/wp\/v2\/types\/page"}],"author":[{"embeddable":true,"href":"https:\/\/www.dutchpedelectours.com\/de\/wp-json\/wp\/v2\/users\/3"}],"replies":[{"embeddable":true,"href":"https:\/\/www.dutchpedelectours.com\/de\/wp-json\/wp\/v2\/comments?post=3797"}],"version-history":[{"count":0,"href":"https:\/\/www.dutchpedelectours.com\/de\/wp-json\/wp\/v2\/pages\/3797\/revisions"}],"up":[{"embeddable":true,"href":"https:\/\/www.dutchpedelectours.com\/de\/wp-json\/wp\/v2\/pages\/3561"}],"wp:attachment":[{"href":"https:\/\/www.dutchpedelectours.com\/de\/wp-json\/wp\/v2\/media?parent=3797"}],"curies":[{"name":"wp","href":"https:\/\/api.w.org\/{rel}","templated":true}]}}