{"id":3824,"date":"2015-01-06T20:40:18","date_gmt":"2015-01-06T20:40:18","guid":{"rendered":"https:\/\/www.dutchpedelectours.com\/?page_id=3824"},"modified":"2017-02-14T12:55:51","modified_gmt":"2017-02-14T12:55:51","slug":"nationalpark-zuid-kennemerland","status":"publish","type":"page","link":"https:\/\/www.dutchpedelectours.com\/de\/nationalpark-zuid-kennemerland\/","title":{"rendered":"Nationalpark Zuid-Kennemerland"},"content":{"rendered":"<h2>Naturschutzgebiet Nationalpark<\/h2>\n<p><a href=\"https:\/\/www.dutchpedelectours.com\/wp-content\/uploads\/2015\/01\/Wisentkoeien_met_kalf.jpg\"><img fetchpriority=\"high\" decoding=\"async\" class=\"alignnone wp-image-6198 size-large\" src=\"https:\/\/www.dutchpedelectours.com\/wp-content\/uploads\/2015\/01\/Wisentkoeien_met_kalf-1024x454.jpg\" alt=\"Wisentkoeien_met_kalf\" width=\"590\" height=\"262\" srcset=\"https:\/\/www.dutchpedelectours.com\/wp-content\/uploads\/2015\/01\/Wisentkoeien_met_kalf-1024x454.jpg 1024w, https:\/\/www.dutchpedelectours.com\/wp-content\/uploads\/2015\/01\/Wisentkoeien_met_kalf-600x266.jpg 600w, https:\/\/www.dutchpedelectours.com\/wp-content\/uploads\/2015\/01\/Wisentkoeien_met_kalf-300x133.jpg 300w, https:\/\/www.dutchpedelectours.com\/wp-content\/uploads\/2015\/01\/Wisentkoeien_met_kalf-250x111.jpg 250w\" sizes=\"(max-width: 590px) 100vw, 590px\" \/><\/a><\/p>\n<p>Nationalpark Zuid-Kennemerland liegt zwischen Haarlem und Zandvoort,&nbsp; 40 Minuten von Amsterdam.<br \/>\nDieses 3800 ha. gro\u00dfe, weitl\u00e4ufige D\u00fcnengebiet wird von Vielen besucht.&nbsp; Man kann wandern, Rad fahren, reiten und schwimmen.<\/p>\n<p>Der Nationalpark Zuid-Kennemerland bietet junge kalkreichen D\u00fcnen und breite Str\u00e4nde. Weiter&nbsp; vom Nordsee entfernt , in den sogenannten Innend\u00fcnen,&nbsp; gibt es wundersch\u00f6ne W\u00e4lder, viele kulturhistorische St\u00e4tten wie Landg\u00fcter, eine typische offene Meeresd\u00f6rferlandschaft und auch Bunker, gebaut im&nbsp; Zweiten Weltkrieg.<\/p>\n<p>Durch die Verschiedenheit in Bodenart, H\u00f6he, Klima und Grundwasserstand wachsen im Nationalpark Zuid-Kennemerland ganz unterschiedliche&nbsp; Pflanzen und leben hier verschiedene Tiere (u.a.. Wisenten !). Sand, Regen und Wind verst\u00e4rken diese Dynamik noch.<\/p>\n<h2>Besuchen Sie den&nbsp;<span style=\"color: #ff6600;\">Nationalpark<\/span> Zuid-Kennemerland<\/h2>\n<p>Der Park bietet hunderte Kilometer Spazier-, Rad- und Reitwege. F\u00fcr diejenigen, die ihre Route selber bestimmen oder die einfach einer festen Strecke folgen wollen, gibt es Wanderungen durch den Wald, in offenen D\u00fcnen und entlang sch\u00f6ner D\u00fcnenseen oder einfach am Strand entlang, eventuell auch mit GPS.<\/p>\n<p>Liebhaber von Kulturgeschichte kommen im Landgut Duin &amp; Kruidberg, Koningshof, Buitenplaats Elswout oder Caprere mit jeweils ganz eigener Atmosph\u00e4re voll und ganz auf ihre Kosten. Dort werden unterschiedlichste Aktivit\u00e4ten, wie M\u00e4rkte, Konzerte, Theatervorstellungen, Festivals und Workshops, veranstaltet.<\/p>\n<p><a href=\"https:\/\/www.dutchpedelectours.com\/wp-content\/uploads\/2015\/03\/Duinen_in_Nationaal_Park_Zuid-Kennemerland.jpg\"><img decoding=\"async\" class=\"alignnone size-full wp-image-6187 lazyload\" data-src=\"https:\/\/www.dutchpedelectours.com\/wp-content\/uploads\/2015\/03\/Duinen_in_Nationaal_Park_Zuid-Kennemerland.jpg\" alt=\"Duinen_in_Nationaal_Park_Zuid-Kennemerland\" width=\"1024\" height=\"768\" data-srcset=\"https:\/\/www.dutchpedelectours.com\/wp-content\/uploads\/2015\/03\/Duinen_in_Nationaal_Park_Zuid-Kennemerland.jpg 1024w, https:\/\/www.dutchpedelectours.com\/wp-content\/uploads\/2015\/03\/Duinen_in_Nationaal_Park_Zuid-Kennemerland-600x450.jpg 600w, https:\/\/www.dutchpedelectours.com\/wp-content\/uploads\/2015\/03\/Duinen_in_Nationaal_Park_Zuid-Kennemerland-300x225.jpg 300w, https:\/\/www.dutchpedelectours.com\/wp-content\/uploads\/2015\/03\/Duinen_in_Nationaal_Park_Zuid-Kennemerland-250x188.jpg 250w\" data-sizes=\"(max-width: 1024px) 100vw, 1024px\" src=\"data:image\/svg+xml;base64,PHN2ZyB3aWR0aD0iMSIgaGVpZ2h0PSIxIiB4bWxucz0iaHR0cDovL3d3dy53My5vcmcvMjAwMC9zdmciPjwvc3ZnPg==\" style=\"--smush-placeholder-width: 1024px; --smush-placeholder-aspect-ratio: 1024\/768;\" \/><\/a><\/p>\n<h1>Radfahren im Nationalpark<\/h1>\n<p>Kurze und lange Routen f\u00fchren Sie durch eine abwechslungsreiche Wald- und D\u00fcnenlandschaft. und Die H\u00f6henunterschiede sorgen f\u00fcr eine besondere Herausforderung. Nachdem Sie sich mit dem Fahrrad aber eine D\u00fcne hinaufgequ\u00e4lt haben, werden Sie oft mit einer wunderbaren Aussicht belohnt! Unterwegs gibt es einige M\u00f6glichkeiten, um kurz zu verschnaufen. Zum Beispiel an einem der Landg\u00fcter, am Duincaf\u00e9 im Besucherzentrum oder an einem der vielen Picknicktische am Wegesrand.<\/p>\n<h2><strong>Herzlich wilkommen im Besucherzentrum De Kennemerduinen!<\/strong><\/h2>\n<p>Informationen, Hilfe bei der Planung eines Ausflugs oder eine Umgebungskarte erhalten Sie im Besucherzentrum De Kennemerduinen. Im nahegelegenen Duincaf\u00e9 werden leckerer Kaffee, Br\u00f6tchen, Snacks und Pfannkuchen serviert.<br \/>\nDas Besucherzentrum organisiert das ganze Jahr \u00fcber verschiedene Veranstaltungen f\u00fcr Jung und Alt!<\/p>\n<p>Der Einritt ist frei, Sie bezahlen nur Parkgeb\u00fchr f\u00fcr das Auto.<br \/>\nSie k\u00f6nnten hier unter anderem&nbsp; eine&nbsp; deutschsprachige Exkursion&nbsp; buchen, von einem&nbsp; Naturf\u00fchrer begleitet (bitte&nbsp; drei Wochen im voraus) .<\/p>\n<ul>\n<li>Adresse:&nbsp; Zeeweg 12 , Overveen, beim Parkplatz &#8216;Koevlak&#8217;.<\/li>\n<li>Ge\u00f6ffnet: Dienstag bis zum Sonntag&nbsp; von 10.00 bis 17.00 Uhr.<\/li>\n<li>Montag: nur in den holl\u00e4ndischen Schulferien<\/li>\n<li>T: +31 (0)235411123<\/li>\n<li>E: info@np-zuidkennemerland.nl<\/li>\n<\/ul>\n<p><span style=\"text-decoration: underline;\"><a href=\"https:\/\/www.np-zuidkennemerland.nl\/297\/de\" target=\"_blank\">Lesen Sie mehr<\/a><\/span><\/p>\n<p>&nbsp;<\/p>\n","protected":false},"excerpt":{"rendered":"<p>Naturschutzgebiet Nationalpark Nationalpark Zuid-Kennemerland liegt zwischen Haarlem und Zandvoort,&nbsp; 40 Minuten von Amsterdam. Dieses 3800 ha. gro\u00dfe, weitl\u00e4ufige D\u00fcnengebiet wird<\/p>\n<div class=\"read-button read_more_btn_text\"><a class=\"read_more\" href=\"https:\/\/www.dutchpedelectours.com\/de\/nationalpark-zuid-kennemerland\/\">Read more<span class=\"arrow_readm\"> &#x25BA;<\/span><\/a><\/div>\n","protected":false},"author":3,"featured_media":0,"parent":0,"menu_order":0,"comment_status":"open","ping_status":"open","template":"","meta":{"footnotes":""},"class_list":["post-3824","page","type-page","status-publish","hentry"],"yoast_head":"<!-- This site is optimized with the Yoast SEO Premium plugin v27.4 (Yoast SEO v27.4) - https:\/\/yoast.com\/product\/yoast-seo-premium-wordpress\/ -->\n<title>nationalpark zuid-kennemerland - Dutch Pedelec Tours<\/title>\n<meta name=\"description\" content=\"nationalpark zuid-kennemerland liegt zwischen Haarlem und Zandvoort, 40 Minuten von Amsterdam. Mieten Sie ein Pedelec um das Park zu entdecken.\" \/>\n<meta name=\"robots\" content=\"index, follow, max-snippet:-1, max-image-preview:large, max-video-preview:-1\" \/>\n<link rel=\"canonical\" href=\"https:\/\/www.dutchpedelectours.com\/de\/nationalpark-zuid-kennemerland\/\" \/>\n<meta property=\"og:locale\" content=\"de_DE\" \/>\n<meta property=\"og:type\" content=\"article\" \/>\n<meta property=\"og:title\" content=\"Nationalpark Zuid-Kennemerland\" \/>\n<meta property=\"og:description\" content=\"nationalpark zuid-kennemerland liegt zwischen Haarlem und Zandvoort, 40 Minuten von Amsterdam. Mieten Sie ein Pedelec um das Park zu entdecken.\" \/>\n<meta property=\"og:url\" content=\"https:\/\/www.dutchpedelectours.com\/de\/nationalpark-zuid-kennemerland\/\" \/>\n<meta property=\"og:site_name\" content=\"Dutch Pedelec Tours\" \/>\n<meta property=\"article:publisher\" content=\"https:\/\/www.facebook.com\/dutchpedelec\" \/>\n<meta property=\"article:modified_time\" content=\"2017-02-14T12:55:51+00:00\" \/>\n<meta property=\"og:image\" content=\"https:\/\/www.dutchpedelectours.com\/wp-content\/uploads\/2015\/01\/Wisentkoeien_met_kalf-1024x454.jpg\" \/>\n<meta name=\"twitter:card\" content=\"summary_large_image\" \/>\n<meta name=\"twitter:site\" content=\"@dutchpedelec\" \/>\n<meta name=\"twitter:label1\" content=\"Gesch\u00e4tzte Lesezeit\" \/>\n\t<meta name=\"twitter:data1\" content=\"2 minutes\" \/>\n<script type=\"application\/ld+json\" class=\"yoast-schema-graph\">{\"@context\":\"https:\\\/\\\/schema.org\",\"@graph\":[{\"@type\":\"WebPage\",\"@id\":\"https:\\\/\\\/www.dutchpedelectours.com\\\/de\\\/nationalpark-zuid-kennemerland\\\/\",\"url\":\"https:\\\/\\\/www.dutchpedelectours.com\\\/de\\\/nationalpark-zuid-kennemerland\\\/\",\"name\":\"nationalpark zuid-kennemerland - Dutch Pedelec Tours\",\"isPartOf\":{\"@id\":\"https:\\\/\\\/www.dutchpedelectours.com\\\/de\\\/#website\"},\"primaryImageOfPage\":{\"@id\":\"https:\\\/\\\/www.dutchpedelectours.com\\\/de\\\/nationalpark-zuid-kennemerland\\\/#primaryimage\"},\"image\":{\"@id\":\"https:\\\/\\\/www.dutchpedelectours.com\\\/de\\\/nationalpark-zuid-kennemerland\\\/#primaryimage\"},\"thumbnailUrl\":\"https:\\\/\\\/www.dutchpedelectours.com\\\/wp-content\\\/uploads\\\/2015\\\/01\\\/Wisentkoeien_met_kalf-1024x454.jpg\",\"datePublished\":\"2015-01-06T20:40:18+00:00\",\"dateModified\":\"2017-02-14T12:55:51+00:00\",\"description\":\"nationalpark zuid-kennemerland liegt zwischen Haarlem und Zandvoort, 40 Minuten von Amsterdam. Mieten Sie ein Pedelec um das Park zu entdecken.\",\"breadcrumb\":{\"@id\":\"https:\\\/\\\/www.dutchpedelectours.com\\\/de\\\/nationalpark-zuid-kennemerland\\\/#breadcrumb\"},\"inLanguage\":\"de-DE\",\"potentialAction\":[{\"@type\":\"ReadAction\",\"target\":[\"https:\\\/\\\/www.dutchpedelectours.com\\\/de\\\/nationalpark-zuid-kennemerland\\\/\"]}]},{\"@type\":\"ImageObject\",\"inLanguage\":\"de-DE\",\"@id\":\"https:\\\/\\\/www.dutchpedelectours.com\\\/de\\\/nationalpark-zuid-kennemerland\\\/#primaryimage\",\"url\":\"https:\\\/\\\/www.dutchpedelectours.com\\\/wp-content\\\/uploads\\\/2015\\\/01\\\/Wisentkoeien_met_kalf-1024x454.jpg\",\"contentUrl\":\"https:\\\/\\\/www.dutchpedelectours.com\\\/wp-content\\\/uploads\\\/2015\\\/01\\\/Wisentkoeien_met_kalf-1024x454.jpg\"},{\"@type\":\"BreadcrumbList\",\"@id\":\"https:\\\/\\\/www.dutchpedelectours.com\\\/de\\\/nationalpark-zuid-kennemerland\\\/#breadcrumb\",\"itemListElement\":[{\"@type\":\"ListItem\",\"position\":1,\"name\":\"Home\",\"item\":\"https:\\\/\\\/www.dutchpedelectours.com\\\/de\\\/\"},{\"@type\":\"ListItem\",\"position\":2,\"name\":\"Nationalpark Zuid-Kennemerland\"}]},{\"@type\":\"WebSite\",\"@id\":\"https:\\\/\\\/www.dutchpedelectours.com\\\/de\\\/#website\",\"url\":\"https:\\\/\\\/www.dutchpedelectours.com\\\/de\\\/\",\"name\":\"Dutch Pedelec Tours\",\"description\":\"Pedelec rental in IJmuiden and Haarlem, E-bike fietsverhuur in omgeving van IJmuiden, Elektrofahrradverleih in IJmuiden und Haarlem\",\"publisher\":{\"@id\":\"https:\\\/\\\/www.dutchpedelectours.com\\\/de\\\/#organization\"},\"potentialAction\":[{\"@type\":\"SearchAction\",\"target\":{\"@type\":\"EntryPoint\",\"urlTemplate\":\"https:\\\/\\\/www.dutchpedelectours.com\\\/de\\\/?s={search_term_string}\"},\"query-input\":{\"@type\":\"PropertyValueSpecification\",\"valueRequired\":true,\"valueName\":\"search_term_string\"}}],\"inLanguage\":\"de-DE\"},{\"@type\":[\"Organization\",\"Place\",\"TravelAgency\"],\"@id\":\"https:\\\/\\\/www.dutchpedelectours.com\\\/de\\\/#organization\",\"name\":\"Dutch Pedelec Tours\",\"url\":\"https:\\\/\\\/www.dutchpedelectours.com\\\/de\\\/\",\"logo\":{\"@id\":\"https:\\\/\\\/www.dutchpedelectours.com\\\/de\\\/nationalpark-zuid-kennemerland\\\/#local-main-organization-logo\"},\"image\":{\"@id\":\"https:\\\/\\\/www.dutchpedelectours.com\\\/de\\\/nationalpark-zuid-kennemerland\\\/#local-main-organization-logo\"},\"sameAs\":[\"https:\\\/\\\/www.facebook.com\\\/dutchpedelec\",\"https:\\\/\\\/x.com\\\/dutchpedelec\",\"https:\\\/\\\/www.instagram.com\\\/dutchpedelec\\\/\",\"https:\\\/\\\/www.pinterest.com\\\/dutchpedelec\\\/\"],\"address\":{\"@id\":\"https:\\\/\\\/www.dutchpedelectours.com\\\/de\\\/nationalpark-zuid-kennemerland\\\/#local-main-place-address\"},\"geo\":{\"@type\":\"GeoCoordinates\",\"latitude\":\"52.473070\",\"longitude\":\"4.674476\"},\"telephone\":[\"+31 (0)621591870\"],\"openingHoursSpecification\":[{\"@type\":\"OpeningHoursSpecification\",\"dayOfWeek\":[\"Monday\",\"Tuesday\",\"Wednesday\",\"Thursday\",\"Friday\",\"Saturday\",\"Sunday\"],\"opens\":\"09:00\",\"closes\":\"18:00\"}],\"email\":\"info@dutchpedelectours.com\",\"areaServed\":\"the Netherlands\",\"vatID\":\"NL001509724B26\",\"priceRange\":\"$$\",\"currenciesAccepted\":\"Euros\",\"paymentAccepted\":\"cash, creditcard, debetcard\"},{\"@type\":\"PostalAddress\",\"@id\":\"https:\\\/\\\/www.dutchpedelectours.com\\\/de\\\/nationalpark-zuid-kennemerland\\\/#local-main-place-address\",\"streetAddress\":\"Flevoland 11\",\"addressLocality\":\"Beverwijk\",\"postalCode\":\"1948RH\",\"addressRegion\":\"Noord-Holland\",\"addressCountry\":\"NL\"},{\"@type\":\"ImageObject\",\"inLanguage\":\"de-DE\",\"@id\":\"https:\\\/\\\/www.dutchpedelectours.com\\\/de\\\/nationalpark-zuid-kennemerland\\\/#local-main-organization-logo\",\"url\":\"https:\\\/\\\/www.dutchpedelectours.com\\\/wp-content\\\/uploads\\\/2015\\\/03\\\/DPT-FACEBOOK-WIT.jpg\",\"contentUrl\":\"https:\\\/\\\/www.dutchpedelectours.com\\\/wp-content\\\/uploads\\\/2015\\\/03\\\/DPT-FACEBOOK-WIT.jpg\",\"width\":180,\"height\":180,\"caption\":\"Dutch Pedelec Tours\"}]}<\/script>\n<meta name=\"geo.placename\" content=\"Beverwijk\" \/>\n<meta name=\"geo.position\" content=\"52.473070;4.674476\" \/>\n<meta name=\"geo.region\" content=\"Niederlande\" \/>\n<!-- \/ Yoast SEO Premium plugin. -->","yoast_head_json":{"title":"nationalpark zuid-kennemerland - Dutch Pedelec Tours","description":"nationalpark zuid-kennemerland liegt zwischen Haarlem und Zandvoort, 40 Minuten von Amsterdam. Mieten Sie ein Pedelec um das Park zu entdecken.","robots":{"index":"index","follow":"follow","max-snippet":"max-snippet:-1","max-image-preview":"max-image-preview:large","max-video-preview":"max-video-preview:-1"},"canonical":"https:\/\/www.dutchpedelectours.com\/de\/nationalpark-zuid-kennemerland\/","og_locale":"de_DE","og_type":"article","og_title":"Nationalpark Zuid-Kennemerland","og_description":"nationalpark zuid-kennemerland liegt zwischen Haarlem und Zandvoort, 40 Minuten von Amsterdam. Mieten Sie ein Pedelec um das Park zu entdecken.","og_url":"https:\/\/www.dutchpedelectours.com\/de\/nationalpark-zuid-kennemerland\/","og_site_name":"Dutch Pedelec Tours","article_publisher":"https:\/\/www.facebook.com\/dutchpedelec","article_modified_time":"2017-02-14T12:55:51+00:00","og_image":[{"url":"https:\/\/www.dutchpedelectours.com\/wp-content\/uploads\/2015\/01\/Wisentkoeien_met_kalf-1024x454.jpg","type":"","width":"","height":""}],"twitter_card":"summary_large_image","twitter_site":"@dutchpedelec","twitter_misc":{"Gesch\u00e4tzte Lesezeit":"2 minutes"},"schema":{"@context":"https:\/\/schema.org","@graph":[{"@type":"WebPage","@id":"https:\/\/www.dutchpedelectours.com\/de\/nationalpark-zuid-kennemerland\/","url":"https:\/\/www.dutchpedelectours.com\/de\/nationalpark-zuid-kennemerland\/","name":"nationalpark zuid-kennemerland - Dutch Pedelec Tours","isPartOf":{"@id":"https:\/\/www.dutchpedelectours.com\/de\/#website"},"primaryImageOfPage":{"@id":"https:\/\/www.dutchpedelectours.com\/de\/nationalpark-zuid-kennemerland\/#primaryimage"},"image":{"@id":"https:\/\/www.dutchpedelectours.com\/de\/nationalpark-zuid-kennemerland\/#primaryimage"},"thumbnailUrl":"https:\/\/www.dutchpedelectours.com\/wp-content\/uploads\/2015\/01\/Wisentkoeien_met_kalf-1024x454.jpg","datePublished":"2015-01-06T20:40:18+00:00","dateModified":"2017-02-14T12:55:51+00:00","description":"nationalpark zuid-kennemerland liegt zwischen Haarlem und Zandvoort, 40 Minuten von Amsterdam. Mieten Sie ein Pedelec um das Park zu entdecken.","breadcrumb":{"@id":"https:\/\/www.dutchpedelectours.com\/de\/nationalpark-zuid-kennemerland\/#breadcrumb"},"inLanguage":"de-DE","potentialAction":[{"@type":"ReadAction","target":["https:\/\/www.dutchpedelectours.com\/de\/nationalpark-zuid-kennemerland\/"]}]},{"@type":"ImageObject","inLanguage":"de-DE","@id":"https:\/\/www.dutchpedelectours.com\/de\/nationalpark-zuid-kennemerland\/#primaryimage","url":"https:\/\/www.dutchpedelectours.com\/wp-content\/uploads\/2015\/01\/Wisentkoeien_met_kalf-1024x454.jpg","contentUrl":"https:\/\/www.dutchpedelectours.com\/wp-content\/uploads\/2015\/01\/Wisentkoeien_met_kalf-1024x454.jpg"},{"@type":"BreadcrumbList","@id":"https:\/\/www.dutchpedelectours.com\/de\/nationalpark-zuid-kennemerland\/#breadcrumb","itemListElement":[{"@type":"ListItem","position":1,"name":"Home","item":"https:\/\/www.dutchpedelectours.com\/de\/"},{"@type":"ListItem","position":2,"name":"Nationalpark Zuid-Kennemerland"}]},{"@type":"WebSite","@id":"https:\/\/www.dutchpedelectours.com\/de\/#website","url":"https:\/\/www.dutchpedelectours.com\/de\/","name":"Dutch Pedelec Tours","description":"Pedelec rental in IJmuiden and Haarlem, E-bike fietsverhuur in omgeving van IJmuiden, Elektrofahrradverleih in IJmuiden und Haarlem","publisher":{"@id":"https:\/\/www.dutchpedelectours.com\/de\/#organization"},"potentialAction":[{"@type":"SearchAction","target":{"@type":"EntryPoint","urlTemplate":"https:\/\/www.dutchpedelectours.com\/de\/?s={search_term_string}"},"query-input":{"@type":"PropertyValueSpecification","valueRequired":true,"valueName":"search_term_string"}}],"inLanguage":"de-DE"},{"@type":["Organization","Place","TravelAgency"],"@id":"https:\/\/www.dutchpedelectours.com\/de\/#organization","name":"Dutch Pedelec Tours","url":"https:\/\/www.dutchpedelectours.com\/de\/","logo":{"@id":"https:\/\/www.dutchpedelectours.com\/de\/nationalpark-zuid-kennemerland\/#local-main-organization-logo"},"image":{"@id":"https:\/\/www.dutchpedelectours.com\/de\/nationalpark-zuid-kennemerland\/#local-main-organization-logo"},"sameAs":["https:\/\/www.facebook.com\/dutchpedelec","https:\/\/x.com\/dutchpedelec","https:\/\/www.instagram.com\/dutchpedelec\/","https:\/\/www.pinterest.com\/dutchpedelec\/"],"address":{"@id":"https:\/\/www.dutchpedelectours.com\/de\/nationalpark-zuid-kennemerland\/#local-main-place-address"},"geo":{"@type":"GeoCoordinates","latitude":"52.473070","longitude":"4.674476"},"telephone":["+31 (0)621591870"],"openingHoursSpecification":[{"@type":"OpeningHoursSpecification","dayOfWeek":["Monday","Tuesday","Wednesday","Thursday","Friday","Saturday","Sunday"],"opens":"09:00","closes":"18:00"}],"email":"info@dutchpedelectours.com","areaServed":"the Netherlands","vatID":"NL001509724B26","priceRange":"$$","currenciesAccepted":"Euros","paymentAccepted":"cash, creditcard, debetcard"},{"@type":"PostalAddress","@id":"https:\/\/www.dutchpedelectours.com\/de\/nationalpark-zuid-kennemerland\/#local-main-place-address","streetAddress":"Flevoland 11","addressLocality":"Beverwijk","postalCode":"1948RH","addressRegion":"Noord-Holland","addressCountry":"NL"},{"@type":"ImageObject","inLanguage":"de-DE","@id":"https:\/\/www.dutchpedelectours.com\/de\/nationalpark-zuid-kennemerland\/#local-main-organization-logo","url":"https:\/\/www.dutchpedelectours.com\/wp-content\/uploads\/2015\/03\/DPT-FACEBOOK-WIT.jpg","contentUrl":"https:\/\/www.dutchpedelectours.com\/wp-content\/uploads\/2015\/03\/DPT-FACEBOOK-WIT.jpg","width":180,"height":180,"caption":"Dutch Pedelec Tours"}]},"geo.placename":"Beverwijk","geo.position":{"lat":"52.473070","long":"4.674476"},"geo.region":"Niederlande"},"_links":{"self":[{"href":"https:\/\/www.dutchpedelectours.com\/de\/wp-json\/wp\/v2\/pages\/3824","targetHints":{"allow":["GET"]}}],"collection":[{"href":"https:\/\/www.dutchpedelectours.com\/de\/wp-json\/wp\/v2\/pages"}],"about":[{"href":"https:\/\/www.dutchpedelectours.com\/de\/wp-json\/wp\/v2\/types\/page"}],"author":[{"embeddable":true,"href":"https:\/\/www.dutchpedelectours.com\/de\/wp-json\/wp\/v2\/users\/3"}],"replies":[{"embeddable":true,"href":"https:\/\/www.dutchpedelectours.com\/de\/wp-json\/wp\/v2\/comments?post=3824"}],"version-history":[{"count":0,"href":"https:\/\/www.dutchpedelectours.com\/de\/wp-json\/wp\/v2\/pages\/3824\/revisions"}],"wp:attachment":[{"href":"https:\/\/www.dutchpedelectours.com\/de\/wp-json\/wp\/v2\/media?parent=3824"}],"curies":[{"name":"wp","href":"https:\/\/api.w.org\/{rel}","templated":true}]}}