{"id":3879,"date":"2015-01-06T21:53:07","date_gmt":"2015-01-06T21:53:07","guid":{"rendered":"https:\/\/www.dutchpedelectours.com\/?page_id=3879"},"modified":"2015-08-25T18:25:43","modified_gmt":"2015-08-25T18:25:43","slug":"cornelis-vreeswijk-fahrrad-route","status":"publish","type":"page","link":"https:\/\/www.dutchpedelectours.com\/de\/cycletouring\/cornelis-vreeswijk-fahrrad-route\/","title":{"rendered":"Cornelis Vreeswijk Fahrrad route"},"content":{"rendered":"<p><a href=\"https:\/\/www.dutchpedelectours.com\/wp-content\/uploads\/2014\/06\/BeeldCornelis.png\"><img decoding=\"async\" class=\"alignnone wp-image-2021 size-full lazyload\" data-src=\"https:\/\/www.dutchpedelectours.com\/wp-content\/uploads\/2014\/06\/BeeldCornelis.png\" alt=\"Cornelis Vreeswijk Fahrrad route\" width=\"211\" height=\"211\" data-srcset=\"https:\/\/www.dutchpedelectours.com\/wp-content\/uploads\/2014\/06\/BeeldCornelis.png 211w, https:\/\/www.dutchpedelectours.com\/wp-content\/uploads\/2014\/06\/BeeldCornelis-100x100.png 100w, https:\/\/www.dutchpedelectours.com\/wp-content\/uploads\/2014\/06\/BeeldCornelis-150x150.png 150w\" data-sizes=\"(max-width: 211px) 100vw, 211px\" src=\"data:image\/svg+xml;base64,PHN2ZyB3aWR0aD0iMSIgaGVpZ2h0PSIxIiB4bWxucz0iaHR0cDovL3d3dy53My5vcmcvMjAwMC9zdmciPjwvc3ZnPg==\" style=\"--smush-placeholder-width: 211px; --smush-placeholder-aspect-ratio: 211\/211;\" \/><\/a><b>Cornelis Vreeswijk<\/b> (* 8. August 1937 in IJmuiden, Niederlande; \u2020 12. November 1987 in Stockholm) war ein niederl\u00e4ndisch-schwedischer Liedermacher, Komponist und Dichter.<\/p>\n<p>In 1949, zog er nach Schweden w\u00e4hrend noch in seinem Teenager Jahre, zu einer der einflussreichsten K\u00fcnstler des 20. Jahrhunderts zu werden.<\/p>\n<p>Kritiker bescheinigen ihm, dass es ihm gelungen sei, seine Eindr\u00fccke von franz\u00f6sischen Chansons und amerikanischem Blues mit schwedischer Liedtradition und literarischen Impulsen von Autoren wie Gunnar Ekel\u00f6f und Aksel Sandemose zu einem gro\u00dfen \u0152uvre aus Liedern und Weisen zu verschmelzen. Sp\u00e4ter nahm er auch Eindr\u00fccke aus der Samba-Musik auf. Typisch f\u00fcr Vreeswijks Lieder sind wie bei Carl Michael Bellman und Evert Taube, auf die er sich als Liedermacher mitunter bezieht (<i>Fredmans Epistel<\/i>) wiederkehrende Figuren wie \u201eAnn-Katrin\u201c, \u201eFredrik \u00c5kare\u201c, \u201ePolaren P\u00e4r\u201c etc., ein Mitgef\u00fchl mit den sozial Schwachen, Pazifismus, Gesellschaftsver\u00e4nderung und in der Form eine Mischung aus Umgangssprache und Hochsprache.<\/p>\n<p>Dem breiten Publikum war er vor allem durch seine \u00dcbersetzungen einiger amerikanischer Lieder bekannt. Diese Arbeit soll er mit der Zeit als l\u00e4stig empfunden haben. Er hat auch Gedichtb\u00e4nde herausgegeben und in einigen Filmen mitgespielt.<\/p>\n<p>Vreeswijk bekam 1987 den Troubadour-Preis der \u201eNils-Ferlin-Gesellschaft\u201c.<\/p>\n<p>Vreeswijk wird heute zu den gro\u00dfen schwedischen Liedermachern gez\u00e4hlt. Die schwedische Staatsb\u00fcrgerschaft hat er nie angenommen. Der Journalist Oscar Hedlund hat eine Biografie geschrieben, in der unter anderem die Figur der Ann-Katrin, die als Drogenopfer endete, auftritt.<\/p>\n<p>Die Gesellschaft Cornelis Vreeswijk ist eine Organisation von Fans Cornelis Vreeswijk, die darauf abzielt, den Speicher dieses niederl\u00e4ndischen K\u00fcnstlers in seinem Heimatstaat lebendig zu halten.<\/p>\n<h2>Cornelis Vreeswijk Fahrrad route<\/h2>\n<p><a href=\"https:\/\/www.dutchpedelectours.com\/wp-content\/uploads\/2014\/11\/cornelis-vreeswijk.jpg\"><img fetchpriority=\"high\" decoding=\"async\" class=\"alignnone wp-image-2765 \" src=\"https:\/\/www.dutchpedelectours.com\/wp-content\/uploads\/2014\/11\/cornelis-vreeswijk-300x213.jpg\" alt=\"\" width=\"415\" height=\"295\" srcset=\"https:\/\/www.dutchpedelectours.com\/wp-content\/uploads\/2014\/11\/cornelis-vreeswijk-300x213.jpg 300w, https:\/\/www.dutchpedelectours.com\/wp-content\/uploads\/2014\/11\/cornelis-vreeswijk-250x177.jpg 250w, https:\/\/www.dutchpedelectours.com\/wp-content\/uploads\/2014\/11\/cornelis-vreeswijk.jpg 580w\" sizes=\"(max-width: 415px) 100vw, 415px\" \/><\/a><br \/>\nThe Cornelis Vreeswijk Fahrrad route wurde in 2010 gegr\u00fcndet. In 2014 erhielt der Fahrradweg eine gro\u00dfe \u00c4nderung. Einige Elemente wurden dem Ausflug hinzugef\u00fcgt und es gab etwas geringe \u00c4nderungen. Der Aufnahmenpunkt f\u00fcr pedelecs in IJmuiden ist jetzt der Anfangspunkt des Ausflugs. So, wenn Sie ein pedelec mieten m\u00f6chten, k\u00f6nnen Sie Ihren Ausflug hier beginnen.Wenn Sie Ihr eigenes Fahrrad holen, das ist selbstverst\u00e4ndlich kein Problem . Sie k\u00f6nnen Ihren Ausflug auch hier beginnen.<\/p>\n<p>Der Weg kann mit einer Reise durch unser nationales parc erweitert werden So kombinieren Sie das Gedr\u00e4nge und die hastige Gesch\u00e4ftigkeit der Stadt mit der Ruhe der Natur.<\/p>\n<p>The Cornelis Vreeswijk fahrrad route wird ein wenig l\u00e4nger, aber mit unseren pedelecs ist das kein Problem. Sie beginnen und beenden Ihren Ausflug beim Kop van de Haven. Sie k\u00f6nnen den urspr\u00fcnglichen Ausflug tun, oder Sie k\u00f6nnen ihn mit dem Naturausflug ausdehnen.<\/p>\n<p>Der blaue Weg nimmt Sie entlang den Zust\u00e4nden Beeckestijn, Velserbeek und die alte dorf Velsen.<\/p>\n<p>Gesamtweg ist dann ungef\u00e4hr 30 Kilometer.<\/p>\n<p>Sie k\u00f6nnen ein Pedelec mieten f\u00fcr \u20ac 25,- pro Tag oder \u20ac 60,- pro weekend<\/p>\n<p>Zu mehr Information \u00fcber die Gesellschaft <span style=\"color: #ff6600;\"><a style=\"color: #ff6600;\" href=\"https:\/\/www.cornelisvreeswijk.nl\/\" target=\"_blank\">genootschap.<\/a><\/span><\/p>\n<p><a title=\"Eine trip buchen\" href=\"https:\/\/www.dutchpedelectours.com\/de\/cycletouring\/\"><img decoding=\"async\" class=\"alignnone wp-image-3990 size-full lazyload\" data-src=\"https:\/\/www.dutchpedelectours.com\/wp-content\/uploads\/2015\/01\/navi_buchen_hover.png\" alt=\"navi_buchen_hover\" width=\"109\" height=\"30\" src=\"data:image\/svg+xml;base64,PHN2ZyB3aWR0aD0iMSIgaGVpZ2h0PSIxIiB4bWxucz0iaHR0cDovL3d3dy53My5vcmcvMjAwMC9zdmciPjwvc3ZnPg==\" style=\"--smush-placeholder-width: 109px; --smush-placeholder-aspect-ratio: 109\/30;\" \/><\/a><\/p>\n<p><iframe data-src=\"https:\/\/maps.google.nl\/maps\/ms?msid=202457936388051168685.0004fcbab095026c61387&amp;msa=0&amp;ie=UTF8&amp;t=m&amp;ll=52.452296,4.60619&amp;spn=0.047966,0.132093&amp;output=embed\" width=\"425\" height=\"350\" frameborder=\"0\" marginwidth=\"0\" marginheight=\"0\" scrolling=\"no\" src=\"data:image\/svg+xml;base64,PHN2ZyB3aWR0aD0iMSIgaGVpZ2h0PSIxIiB4bWxucz0iaHR0cDovL3d3dy53My5vcmcvMjAwMC9zdmciPjwvc3ZnPg==\" class=\"lazyload\" data-load-mode=\"1\"><\/iframe><\/p>\n<p><small><a style=\"color: #0000ff; text-align: left;\" href=\"https:\/\/maps.google.nl\/maps\/ms?msid=202457936388051168685.0004fcbab095026c61387&amp;msa=0&amp;ie=UTF8&amp;t=m&amp;ll=52.452296,4.60619&amp;spn=0.047966,0.132093&amp;source=embed\">Cornelis Vreeswijkroute en nationaal park Zuid-Kennemerland<\/a> Stellen Sie auf einer gr\u00f6\u00dferen Karte dar<br \/>\n<\/small><\/p>\n","protected":false},"excerpt":{"rendered":"<p>Cornelis Vreeswijk (* 8. August 1937 in IJmuiden, Niederlande; \u2020 12. November 1987 in Stockholm) war ein niederl\u00e4ndisch-schwedischer Liedermacher, Komponist<\/p>\n<div class=\"read-button read_more_btn_text\"><a class=\"read_more\" href=\"https:\/\/www.dutchpedelectours.com\/de\/cycletouring\/cornelis-vreeswijk-fahrrad-route\/\">Read more<span class=\"arrow_readm\"> &#x25BA;<\/span><\/a><\/div>\n","protected":false},"author":3,"featured_media":0,"parent":3561,"menu_order":0,"comment_status":"open","ping_status":"open","template":"","meta":{"footnotes":""},"class_list":["post-3879","page","type-page","status-publish","hentry"],"yoast_head":"<!-- This site is optimized with the Yoast SEO Premium plugin v27.4 (Yoast SEO v27.4) - https:\/\/yoast.com\/product\/yoast-seo-premium-wordpress\/ -->\n<title>Cornelis Vreeswijk Fahrrad route - Dutch Pedelec Tours<\/title>\n<meta name=\"robots\" content=\"index, follow, max-snippet:-1, max-image-preview:large, max-video-preview:-1\" \/>\n<link rel=\"canonical\" href=\"https:\/\/www.dutchpedelectours.com\/de\/cycletouring\/cornelis-vreeswijk-fahrrad-route\/\" \/>\n<meta property=\"og:locale\" content=\"de_DE\" \/>\n<meta property=\"og:type\" content=\"article\" \/>\n<meta property=\"og:title\" content=\"Cornelis Vreeswijk Fahrrad route\" \/>\n<meta property=\"og:description\" content=\"Cornelis Vreeswijk (* 8. August 1937 in IJmuiden, Niederlande; \u2020 12. November 1987 in Stockholm) war ein niederl\u00e4ndisch-schwedischer Liedermacher, KomponistRead more &#x25BA;\" \/>\n<meta property=\"og:url\" content=\"https:\/\/www.dutchpedelectours.com\/de\/cycletouring\/cornelis-vreeswijk-fahrrad-route\/\" \/>\n<meta property=\"og:site_name\" content=\"Dutch Pedelec Tours\" \/>\n<meta property=\"article:publisher\" content=\"https:\/\/www.facebook.com\/dutchpedelec\" \/>\n<meta property=\"article:modified_time\" content=\"2015-08-25T18:25:43+00:00\" \/>\n<meta property=\"og:image\" content=\"https:\/\/www.dutchpedelectours.com\/wp-content\/uploads\/2014\/06\/BeeldCornelis.png\" \/>\n<meta name=\"twitter:card\" content=\"summary_large_image\" \/>\n<meta name=\"twitter:site\" content=\"@dutchpedelec\" \/>\n<meta name=\"twitter:label1\" content=\"Gesch\u00e4tzte Lesezeit\" \/>\n\t<meta name=\"twitter:data1\" content=\"2 minutes\" \/>\n<script type=\"application\/ld+json\" class=\"yoast-schema-graph\">{\"@context\":\"https:\\\/\\\/schema.org\",\"@graph\":[{\"@type\":\"WebPage\",\"@id\":\"https:\\\/\\\/www.dutchpedelectours.com\\\/de\\\/cycletouring\\\/cornelis-vreeswijk-fahrrad-route\\\/\",\"url\":\"https:\\\/\\\/www.dutchpedelectours.com\\\/de\\\/cycletouring\\\/cornelis-vreeswijk-fahrrad-route\\\/\",\"name\":\"Cornelis Vreeswijk Fahrrad route - Dutch Pedelec Tours\",\"isPartOf\":{\"@id\":\"https:\\\/\\\/www.dutchpedelectours.com\\\/de\\\/#website\"},\"primaryImageOfPage\":{\"@id\":\"https:\\\/\\\/www.dutchpedelectours.com\\\/de\\\/cycletouring\\\/cornelis-vreeswijk-fahrrad-route\\\/#primaryimage\"},\"image\":{\"@id\":\"https:\\\/\\\/www.dutchpedelectours.com\\\/de\\\/cycletouring\\\/cornelis-vreeswijk-fahrrad-route\\\/#primaryimage\"},\"thumbnailUrl\":\"https:\\\/\\\/www.dutchpedelectours.com\\\/wp-content\\\/uploads\\\/2014\\\/06\\\/BeeldCornelis.png\",\"datePublished\":\"2015-01-06T21:53:07+00:00\",\"dateModified\":\"2015-08-25T18:25:43+00:00\",\"breadcrumb\":{\"@id\":\"https:\\\/\\\/www.dutchpedelectours.com\\\/de\\\/cycletouring\\\/cornelis-vreeswijk-fahrrad-route\\\/#breadcrumb\"},\"inLanguage\":\"de-DE\",\"potentialAction\":[{\"@type\":\"ReadAction\",\"target\":[\"https:\\\/\\\/www.dutchpedelectours.com\\\/de\\\/cycletouring\\\/cornelis-vreeswijk-fahrrad-route\\\/\"]}]},{\"@type\":\"ImageObject\",\"inLanguage\":\"de-DE\",\"@id\":\"https:\\\/\\\/www.dutchpedelectours.com\\\/de\\\/cycletouring\\\/cornelis-vreeswijk-fahrrad-route\\\/#primaryimage\",\"url\":\"https:\\\/\\\/www.dutchpedelectours.com\\\/wp-content\\\/uploads\\\/2014\\\/06\\\/BeeldCornelis.png\",\"contentUrl\":\"https:\\\/\\\/www.dutchpedelectours.com\\\/wp-content\\\/uploads\\\/2014\\\/06\\\/BeeldCornelis.png\"},{\"@type\":\"BreadcrumbList\",\"@id\":\"https:\\\/\\\/www.dutchpedelectours.com\\\/de\\\/cycletouring\\\/cornelis-vreeswijk-fahrrad-route\\\/#breadcrumb\",\"itemListElement\":[{\"@type\":\"ListItem\",\"position\":1,\"name\":\"Home\",\"item\":\"https:\\\/\\\/www.dutchpedelectours.com\\\/de\\\/\"},{\"@type\":\"ListItem\",\"position\":2,\"name\":\"Eine trip buchen\",\"item\":\"https:\\\/\\\/www.dutchpedelectours.com\\\/de\\\/cycletouring\\\/\"},{\"@type\":\"ListItem\",\"position\":3,\"name\":\"Cornelis Vreeswijk Fahrrad route\"}]},{\"@type\":\"WebSite\",\"@id\":\"https:\\\/\\\/www.dutchpedelectours.com\\\/de\\\/#website\",\"url\":\"https:\\\/\\\/www.dutchpedelectours.com\\\/de\\\/\",\"name\":\"Dutch Pedelec Tours\",\"description\":\"Pedelec rental in IJmuiden and Haarlem, E-bike fietsverhuur in omgeving van IJmuiden, Elektrofahrradverleih in IJmuiden und Haarlem\",\"publisher\":{\"@id\":\"https:\\\/\\\/www.dutchpedelectours.com\\\/de\\\/#organization\"},\"potentialAction\":[{\"@type\":\"SearchAction\",\"target\":{\"@type\":\"EntryPoint\",\"urlTemplate\":\"https:\\\/\\\/www.dutchpedelectours.com\\\/de\\\/?s={search_term_string}\"},\"query-input\":{\"@type\":\"PropertyValueSpecification\",\"valueRequired\":true,\"valueName\":\"search_term_string\"}}],\"inLanguage\":\"de-DE\"},{\"@type\":[\"Organization\",\"Place\",\"TravelAgency\"],\"@id\":\"https:\\\/\\\/www.dutchpedelectours.com\\\/de\\\/#organization\",\"name\":\"Dutch Pedelec Tours\",\"url\":\"https:\\\/\\\/www.dutchpedelectours.com\\\/de\\\/\",\"logo\":{\"@id\":\"https:\\\/\\\/www.dutchpedelectours.com\\\/de\\\/cycletouring\\\/cornelis-vreeswijk-fahrrad-route\\\/#local-main-organization-logo\"},\"image\":{\"@id\":\"https:\\\/\\\/www.dutchpedelectours.com\\\/de\\\/cycletouring\\\/cornelis-vreeswijk-fahrrad-route\\\/#local-main-organization-logo\"},\"sameAs\":[\"https:\\\/\\\/www.facebook.com\\\/dutchpedelec\",\"https:\\\/\\\/x.com\\\/dutchpedelec\",\"https:\\\/\\\/www.instagram.com\\\/dutchpedelec\\\/\",\"https:\\\/\\\/www.pinterest.com\\\/dutchpedelec\\\/\"],\"address\":{\"@id\":\"https:\\\/\\\/www.dutchpedelectours.com\\\/de\\\/cycletouring\\\/cornelis-vreeswijk-fahrrad-route\\\/#local-main-place-address\"},\"geo\":{\"@type\":\"GeoCoordinates\",\"latitude\":\"52.473070\",\"longitude\":\"4.674476\"},\"telephone\":[\"+31 (0)621591870\"],\"openingHoursSpecification\":[{\"@type\":\"OpeningHoursSpecification\",\"dayOfWeek\":[\"Monday\",\"Tuesday\",\"Wednesday\",\"Thursday\",\"Friday\",\"Saturday\",\"Sunday\"],\"opens\":\"09:00\",\"closes\":\"18:00\"}],\"email\":\"info@dutchpedelectours.com\",\"areaServed\":\"the Netherlands\",\"vatID\":\"NL001509724B26\",\"priceRange\":\"$$\",\"currenciesAccepted\":\"Euros\",\"paymentAccepted\":\"cash, creditcard, debetcard\"},{\"@type\":\"PostalAddress\",\"@id\":\"https:\\\/\\\/www.dutchpedelectours.com\\\/de\\\/cycletouring\\\/cornelis-vreeswijk-fahrrad-route\\\/#local-main-place-address\",\"streetAddress\":\"Flevoland 11\",\"addressLocality\":\"Beverwijk\",\"postalCode\":\"1948RH\",\"addressRegion\":\"Noord-Holland\",\"addressCountry\":\"NL\"},{\"@type\":\"ImageObject\",\"inLanguage\":\"de-DE\",\"@id\":\"https:\\\/\\\/www.dutchpedelectours.com\\\/de\\\/cycletouring\\\/cornelis-vreeswijk-fahrrad-route\\\/#local-main-organization-logo\",\"url\":\"https:\\\/\\\/www.dutchpedelectours.com\\\/wp-content\\\/uploads\\\/2015\\\/03\\\/DPT-FACEBOOK-WIT.jpg\",\"contentUrl\":\"https:\\\/\\\/www.dutchpedelectours.com\\\/wp-content\\\/uploads\\\/2015\\\/03\\\/DPT-FACEBOOK-WIT.jpg\",\"width\":180,\"height\":180,\"caption\":\"Dutch Pedelec Tours\"}]}<\/script>\n<meta name=\"geo.placename\" content=\"Beverwijk\" \/>\n<meta name=\"geo.position\" content=\"52.473070;4.674476\" \/>\n<meta name=\"geo.region\" content=\"Niederlande\" \/>\n<!-- \/ Yoast SEO Premium plugin. -->","yoast_head_json":{"title":"Cornelis Vreeswijk Fahrrad route - Dutch Pedelec Tours","robots":{"index":"index","follow":"follow","max-snippet":"max-snippet:-1","max-image-preview":"max-image-preview:large","max-video-preview":"max-video-preview:-1"},"canonical":"https:\/\/www.dutchpedelectours.com\/de\/cycletouring\/cornelis-vreeswijk-fahrrad-route\/","og_locale":"de_DE","og_type":"article","og_title":"Cornelis Vreeswijk Fahrrad route","og_description":"Cornelis Vreeswijk (* 8. August 1937 in IJmuiden, Niederlande; \u2020 12. November 1987 in Stockholm) war ein niederl\u00e4ndisch-schwedischer Liedermacher, KomponistRead more &#x25BA;","og_url":"https:\/\/www.dutchpedelectours.com\/de\/cycletouring\/cornelis-vreeswijk-fahrrad-route\/","og_site_name":"Dutch Pedelec Tours","article_publisher":"https:\/\/www.facebook.com\/dutchpedelec","article_modified_time":"2015-08-25T18:25:43+00:00","og_image":[{"url":"https:\/\/www.dutchpedelectours.com\/wp-content\/uploads\/2014\/06\/BeeldCornelis.png","type":"","width":"","height":""}],"twitter_card":"summary_large_image","twitter_site":"@dutchpedelec","twitter_misc":{"Gesch\u00e4tzte Lesezeit":"2 minutes"},"schema":{"@context":"https:\/\/schema.org","@graph":[{"@type":"WebPage","@id":"https:\/\/www.dutchpedelectours.com\/de\/cycletouring\/cornelis-vreeswijk-fahrrad-route\/","url":"https:\/\/www.dutchpedelectours.com\/de\/cycletouring\/cornelis-vreeswijk-fahrrad-route\/","name":"Cornelis Vreeswijk Fahrrad route - Dutch Pedelec Tours","isPartOf":{"@id":"https:\/\/www.dutchpedelectours.com\/de\/#website"},"primaryImageOfPage":{"@id":"https:\/\/www.dutchpedelectours.com\/de\/cycletouring\/cornelis-vreeswijk-fahrrad-route\/#primaryimage"},"image":{"@id":"https:\/\/www.dutchpedelectours.com\/de\/cycletouring\/cornelis-vreeswijk-fahrrad-route\/#primaryimage"},"thumbnailUrl":"https:\/\/www.dutchpedelectours.com\/wp-content\/uploads\/2014\/06\/BeeldCornelis.png","datePublished":"2015-01-06T21:53:07+00:00","dateModified":"2015-08-25T18:25:43+00:00","breadcrumb":{"@id":"https:\/\/www.dutchpedelectours.com\/de\/cycletouring\/cornelis-vreeswijk-fahrrad-route\/#breadcrumb"},"inLanguage":"de-DE","potentialAction":[{"@type":"ReadAction","target":["https:\/\/www.dutchpedelectours.com\/de\/cycletouring\/cornelis-vreeswijk-fahrrad-route\/"]}]},{"@type":"ImageObject","inLanguage":"de-DE","@id":"https:\/\/www.dutchpedelectours.com\/de\/cycletouring\/cornelis-vreeswijk-fahrrad-route\/#primaryimage","url":"https:\/\/www.dutchpedelectours.com\/wp-content\/uploads\/2014\/06\/BeeldCornelis.png","contentUrl":"https:\/\/www.dutchpedelectours.com\/wp-content\/uploads\/2014\/06\/BeeldCornelis.png"},{"@type":"BreadcrumbList","@id":"https:\/\/www.dutchpedelectours.com\/de\/cycletouring\/cornelis-vreeswijk-fahrrad-route\/#breadcrumb","itemListElement":[{"@type":"ListItem","position":1,"name":"Home","item":"https:\/\/www.dutchpedelectours.com\/de\/"},{"@type":"ListItem","position":2,"name":"Eine trip buchen","item":"https:\/\/www.dutchpedelectours.com\/de\/cycletouring\/"},{"@type":"ListItem","position":3,"name":"Cornelis Vreeswijk Fahrrad route"}]},{"@type":"WebSite","@id":"https:\/\/www.dutchpedelectours.com\/de\/#website","url":"https:\/\/www.dutchpedelectours.com\/de\/","name":"Dutch Pedelec Tours","description":"Pedelec rental in IJmuiden and Haarlem, E-bike fietsverhuur in omgeving van IJmuiden, Elektrofahrradverleih in IJmuiden und Haarlem","publisher":{"@id":"https:\/\/www.dutchpedelectours.com\/de\/#organization"},"potentialAction":[{"@type":"SearchAction","target":{"@type":"EntryPoint","urlTemplate":"https:\/\/www.dutchpedelectours.com\/de\/?s={search_term_string}"},"query-input":{"@type":"PropertyValueSpecification","valueRequired":true,"valueName":"search_term_string"}}],"inLanguage":"de-DE"},{"@type":["Organization","Place","TravelAgency"],"@id":"https:\/\/www.dutchpedelectours.com\/de\/#organization","name":"Dutch Pedelec Tours","url":"https:\/\/www.dutchpedelectours.com\/de\/","logo":{"@id":"https:\/\/www.dutchpedelectours.com\/de\/cycletouring\/cornelis-vreeswijk-fahrrad-route\/#local-main-organization-logo"},"image":{"@id":"https:\/\/www.dutchpedelectours.com\/de\/cycletouring\/cornelis-vreeswijk-fahrrad-route\/#local-main-organization-logo"},"sameAs":["https:\/\/www.facebook.com\/dutchpedelec","https:\/\/x.com\/dutchpedelec","https:\/\/www.instagram.com\/dutchpedelec\/","https:\/\/www.pinterest.com\/dutchpedelec\/"],"address":{"@id":"https:\/\/www.dutchpedelectours.com\/de\/cycletouring\/cornelis-vreeswijk-fahrrad-route\/#local-main-place-address"},"geo":{"@type":"GeoCoordinates","latitude":"52.473070","longitude":"4.674476"},"telephone":["+31 (0)621591870"],"openingHoursSpecification":[{"@type":"OpeningHoursSpecification","dayOfWeek":["Monday","Tuesday","Wednesday","Thursday","Friday","Saturday","Sunday"],"opens":"09:00","closes":"18:00"}],"email":"info@dutchpedelectours.com","areaServed":"the Netherlands","vatID":"NL001509724B26","priceRange":"$$","currenciesAccepted":"Euros","paymentAccepted":"cash, creditcard, debetcard"},{"@type":"PostalAddress","@id":"https:\/\/www.dutchpedelectours.com\/de\/cycletouring\/cornelis-vreeswijk-fahrrad-route\/#local-main-place-address","streetAddress":"Flevoland 11","addressLocality":"Beverwijk","postalCode":"1948RH","addressRegion":"Noord-Holland","addressCountry":"NL"},{"@type":"ImageObject","inLanguage":"de-DE","@id":"https:\/\/www.dutchpedelectours.com\/de\/cycletouring\/cornelis-vreeswijk-fahrrad-route\/#local-main-organization-logo","url":"https:\/\/www.dutchpedelectours.com\/wp-content\/uploads\/2015\/03\/DPT-FACEBOOK-WIT.jpg","contentUrl":"https:\/\/www.dutchpedelectours.com\/wp-content\/uploads\/2015\/03\/DPT-FACEBOOK-WIT.jpg","width":180,"height":180,"caption":"Dutch Pedelec Tours"}]},"geo.placename":"Beverwijk","geo.position":{"lat":"52.473070","long":"4.674476"},"geo.region":"Niederlande"},"_links":{"self":[{"href":"https:\/\/www.dutchpedelectours.com\/de\/wp-json\/wp\/v2\/pages\/3879","targetHints":{"allow":["GET"]}}],"collection":[{"href":"https:\/\/www.dutchpedelectours.com\/de\/wp-json\/wp\/v2\/pages"}],"about":[{"href":"https:\/\/www.dutchpedelectours.com\/de\/wp-json\/wp\/v2\/types\/page"}],"author":[{"embeddable":true,"href":"https:\/\/www.dutchpedelectours.com\/de\/wp-json\/wp\/v2\/users\/3"}],"replies":[{"embeddable":true,"href":"https:\/\/www.dutchpedelectours.com\/de\/wp-json\/wp\/v2\/comments?post=3879"}],"version-history":[{"count":0,"href":"https:\/\/www.dutchpedelectours.com\/de\/wp-json\/wp\/v2\/pages\/3879\/revisions"}],"up":[{"embeddable":true,"href":"https:\/\/www.dutchpedelectours.com\/de\/wp-json\/wp\/v2\/pages\/3561"}],"wp:attachment":[{"href":"https:\/\/www.dutchpedelectours.com\/de\/wp-json\/wp\/v2\/media?parent=3879"}],"curies":[{"name":"wp","href":"https:\/\/api.w.org\/{rel}","templated":true}]}}