{"id":4097,"date":"2015-01-09T15:19:42","date_gmt":"2015-01-09T15:19:42","guid":{"rendered":"https:\/\/www.dutchpedelectours.com\/?page_id=4097"},"modified":"2015-01-09T15:25:19","modified_gmt":"2015-01-09T15:25:19","slug":"marquette-hotel-heemskerk","status":"publish","type":"page","link":"https:\/\/www.dutchpedelectours.com\/de\/marquette-hotel-heemskerk\/","title":{"rendered":"Das NH Heemskerk Marquette auf einen Blick"},"content":{"rendered":"<div class=\"row description\">\n<p><a href=\"https:\/\/www.dutchpedelectours.com\/wp-content\/uploads\/2015\/01\/nh-marquette-tuin.jpg\"><img fetchpriority=\"high\" decoding=\"async\" class=\"  alignnone wp-image-4083\" src=\"https:\/\/www.dutchpedelectours.com\/wp-content\/uploads\/2015\/01\/nh-marquette-tuin-300x121.jpg\" alt=\"marquette hotel heemskerk\" width=\"531\" height=\"214\" srcset=\"https:\/\/www.dutchpedelectours.com\/wp-content\/uploads\/2015\/01\/nh-marquette-tuin-300x121.jpg 300w, https:\/\/www.dutchpedelectours.com\/wp-content\/uploads\/2015\/01\/nh-marquette-tuin-600x241.jpg 600w, https:\/\/www.dutchpedelectours.com\/wp-content\/uploads\/2015\/01\/nh-marquette-tuin.jpg 870w, https:\/\/www.dutchpedelectours.com\/wp-content\/uploads\/2015\/01\/nh-marquette-tuin-250x101.jpg 250w\" sizes=\"(max-width: 531px) 100vw, 531px\" \/><\/a><br \/>\nDas <strong>Marquette hotel Heemskerk<\/strong> ist Teil eines beachtlichen Anwesens mit einem Schloss aus dem 13. Jahrhundert. Es befindet sich in traumhafter Lage mit weitl\u00e4ufigen Anlagen. Zum Strand sind es nur ein paar Minuten mit dem Fahrrad. Das nahegelegene Dorf ist zu Fu\u00df erreichbar und auch nach Amsterdam, Alkmaar und Haarlem ist es nur eine kurze Fahrt.<\/p>\n<ul>\n<li>10-min\u00fctige Fahrt zum Wochenend-Bazar in Beverwijk<\/li>\n<li>Nur etwa eine halbe Stunde zu den ber\u00fchmten Gartenanlagen Keukenhof<\/li>\n<li>Ein paar Minuten mit dem Fahrrad zum Strand<\/li>\n<\/ul>\n<p>65 Zimmer und eine fabelhafte Suite Wir bieten Dreibettzimmer und Zimmer mit Verbindungst\u00fcr\u00a0\u2013 und vor allem eine wundersch\u00f6ne Aussicht auf den Wald.<br \/>\n<a href=\"https:\/\/www.dutchpedelectours.com\/wp-content\/uploads\/2015\/01\/nh-marquette-hotel.jpg\"><img decoding=\"async\" class=\"wp-image-4090 alignnone lazyload\" data-src=\"https:\/\/www.dutchpedelectours.com\/wp-content\/uploads\/2015\/01\/nh-marquette-hotel-300x121.jpg\" alt=\"nh-marquette-hotel\" width=\"528\" height=\"213\" data-srcset=\"https:\/\/www.dutchpedelectours.com\/wp-content\/uploads\/2015\/01\/nh-marquette-hotel-300x121.jpg 300w, https:\/\/www.dutchpedelectours.com\/wp-content\/uploads\/2015\/01\/nh-marquette-hotel-600x241.jpg 600w, https:\/\/www.dutchpedelectours.com\/wp-content\/uploads\/2015\/01\/nh-marquette-hotel.jpg 870w, https:\/\/www.dutchpedelectours.com\/wp-content\/uploads\/2015\/01\/nh-marquette-hotel-250x101.jpg 250w\" data-sizes=\"(max-width: 528px) 100vw, 528px\" src=\"data:image\/svg+xml;base64,PHN2ZyB3aWR0aD0iMSIgaGVpZ2h0PSIxIiB4bWxucz0iaHR0cDovL3d3dy53My5vcmcvMjAwMC9zdmciPjwvc3ZnPg==\" style=\"--smush-placeholder-width: 528px; --smush-placeholder-aspect-ratio: 528\/213;\" \/><\/a><\/p>\n<ul>\n<li>Zimmer, die in den letzten drei Jahren renoviert und mit neuen Matratzen ausgestattet wurden<\/li>\n<li>Mehrere Zimmer mit Blick auf den See<\/li>\n<li>Die Junior Suite bietet Bademantel und Hausschuhe<\/li>\n<\/ul>\n<p>Im Schloss befinden sich unser Restaurant und die Veranstaltungsr\u00e4ume. Zum Hotel geh\u00f6ren auch eine gem\u00fctliche Bar mit Sitzgelegenheiten im Freien und ein Tennisplatz gleich neben dem Geb\u00e4ude.<\/p>\n<ul>\n<li>Fahrradvermietung gegen eine kleine Geb\u00fchr<\/li>\n<li>H\u00fcbsche Bar auf der Terrasse<\/li>\n<li>Eleganter Speisesaal<\/li>\n<\/ul>\n<\/div>\n<div class=\"row location\">\u00a0Sehen Sie mehr auf Ihren <span style=\"color: #ff6600;\"><a style=\"color: #ff6600;\" href=\"https:\/\/www.nh-hotels.de\/hotel\/nh-heemskerk-marquette\" target=\"_blank\">seite<\/a><\/span><\/div>\n","protected":false},"excerpt":{"rendered":"<p>Das Marquette hotel Heemskerk ist Teil eines beachtlichen Anwesens mit einem Schloss aus dem 13. Jahrhundert. Es befindet sich in<\/p>\n<div class=\"read-button read_more_btn_text\"><a class=\"read_more\" href=\"https:\/\/www.dutchpedelectours.com\/de\/marquette-hotel-heemskerk\/\">Read more<span class=\"arrow_readm\"> &#x25BA;<\/span><\/a><\/div>\n","protected":false},"author":3,"featured_media":0,"parent":0,"menu_order":0,"comment_status":"closed","ping_status":"open","template":"","meta":{"footnotes":""},"class_list":["post-4097","page","type-page","status-publish","hentry"],"yoast_head":"<!-- This site is optimized with the Yoast SEO Premium plugin v27.5 (Yoast SEO v27.5) - https:\/\/yoast.com\/product\/yoast-seo-premium-wordpress\/ -->\n<title>marquette hotel heemskerk - Dutch Pedelec Tours<\/title>\n<meta name=\"description\" content=\"Das marquette hotel heemskerk auf einen Blick. Das NH Heemskerk Marquette ist Teil eines beachtlichen Anwesens mit einem Schloss aus dem 13. Jahrhundert.\" \/>\n<meta name=\"robots\" content=\"index, follow, max-snippet:-1, max-image-preview:large, max-video-preview:-1\" \/>\n<link rel=\"canonical\" href=\"https:\/\/www.dutchpedelectours.com\/de\/marquette-hotel-heemskerk\/\" \/>\n<meta property=\"og:locale\" content=\"de_DE\" \/>\n<meta property=\"og:type\" content=\"article\" \/>\n<meta property=\"og:title\" content=\"Das NH Heemskerk Marquette auf einen Blick\" \/>\n<meta property=\"og:description\" content=\"Das marquette hotel heemskerk auf einen Blick. Das NH Heemskerk Marquette ist Teil eines beachtlichen Anwesens mit einem Schloss aus dem 13. Jahrhundert.\" \/>\n<meta property=\"og:url\" content=\"https:\/\/www.dutchpedelectours.com\/de\/marquette-hotel-heemskerk\/\" \/>\n<meta property=\"og:site_name\" content=\"Dutch Pedelec Tours\" \/>\n<meta property=\"article:publisher\" content=\"https:\/\/www.facebook.com\/dutchpedelec\" \/>\n<meta property=\"article:modified_time\" content=\"2015-01-09T15:25:19+00:00\" \/>\n<meta property=\"og:image\" content=\"https:\/\/www.dutchpedelectours.com\/wp-content\/uploads\/2015\/01\/nh-marquette-tuin-300x121.jpg\" \/>\n<meta name=\"twitter:card\" content=\"summary_large_image\" \/>\n<meta name=\"twitter:site\" content=\"@dutchpedelec\" \/>\n<meta name=\"twitter:label1\" content=\"Gesch\u00e4tzte Lesezeit\" \/>\n\t<meta name=\"twitter:data1\" content=\"1 minute\" \/>\n<script type=\"application\/ld+json\" class=\"yoast-schema-graph\">{\"@context\":\"https:\\\/\\\/schema.org\",\"@graph\":[{\"@type\":\"WebPage\",\"@id\":\"https:\\\/\\\/www.dutchpedelectours.com\\\/de\\\/marquette-hotel-heemskerk\\\/\",\"url\":\"https:\\\/\\\/www.dutchpedelectours.com\\\/de\\\/marquette-hotel-heemskerk\\\/\",\"name\":\"marquette hotel heemskerk - Dutch Pedelec Tours\",\"isPartOf\":{\"@id\":\"https:\\\/\\\/www.dutchpedelectours.com\\\/de\\\/#website\"},\"primaryImageOfPage\":{\"@id\":\"https:\\\/\\\/www.dutchpedelectours.com\\\/de\\\/marquette-hotel-heemskerk\\\/#primaryimage\"},\"image\":{\"@id\":\"https:\\\/\\\/www.dutchpedelectours.com\\\/de\\\/marquette-hotel-heemskerk\\\/#primaryimage\"},\"thumbnailUrl\":\"https:\\\/\\\/www.dutchpedelectours.com\\\/wp-content\\\/uploads\\\/2015\\\/01\\\/nh-marquette-tuin-300x121.jpg\",\"datePublished\":\"2015-01-09T15:19:42+00:00\",\"dateModified\":\"2015-01-09T15:25:19+00:00\",\"description\":\"Das marquette hotel heemskerk auf einen Blick. Das NH Heemskerk Marquette ist Teil eines beachtlichen Anwesens mit einem Schloss aus dem 13. Jahrhundert.\",\"breadcrumb\":{\"@id\":\"https:\\\/\\\/www.dutchpedelectours.com\\\/de\\\/marquette-hotel-heemskerk\\\/#breadcrumb\"},\"inLanguage\":\"de-DE\",\"potentialAction\":[{\"@type\":\"ReadAction\",\"target\":[\"https:\\\/\\\/www.dutchpedelectours.com\\\/de\\\/marquette-hotel-heemskerk\\\/\"]}]},{\"@type\":\"ImageObject\",\"inLanguage\":\"de-DE\",\"@id\":\"https:\\\/\\\/www.dutchpedelectours.com\\\/de\\\/marquette-hotel-heemskerk\\\/#primaryimage\",\"url\":\"https:\\\/\\\/www.dutchpedelectours.com\\\/wp-content\\\/uploads\\\/2015\\\/01\\\/nh-marquette-tuin-300x121.jpg\",\"contentUrl\":\"https:\\\/\\\/www.dutchpedelectours.com\\\/wp-content\\\/uploads\\\/2015\\\/01\\\/nh-marquette-tuin-300x121.jpg\"},{\"@type\":\"BreadcrumbList\",\"@id\":\"https:\\\/\\\/www.dutchpedelectours.com\\\/de\\\/marquette-hotel-heemskerk\\\/#breadcrumb\",\"itemListElement\":[{\"@type\":\"ListItem\",\"position\":1,\"name\":\"Home\",\"item\":\"https:\\\/\\\/www.dutchpedelectours.com\\\/de\\\/\"},{\"@type\":\"ListItem\",\"position\":2,\"name\":\"Das NH Heemskerk Marquette auf einen Blick\"}]},{\"@type\":\"WebSite\",\"@id\":\"https:\\\/\\\/www.dutchpedelectours.com\\\/de\\\/#website\",\"url\":\"https:\\\/\\\/www.dutchpedelectours.com\\\/de\\\/\",\"name\":\"Dutch Pedelec Tours\",\"description\":\"Pedelec rental in IJmuiden and Haarlem, E-bike fietsverhuur in omgeving van IJmuiden, Elektrofahrradverleih in IJmuiden und Haarlem\",\"publisher\":{\"@id\":\"https:\\\/\\\/www.dutchpedelectours.com\\\/de\\\/#organization\"},\"potentialAction\":[{\"@type\":\"SearchAction\",\"target\":{\"@type\":\"EntryPoint\",\"urlTemplate\":\"https:\\\/\\\/www.dutchpedelectours.com\\\/de\\\/?s={search_term_string}\"},\"query-input\":{\"@type\":\"PropertyValueSpecification\",\"valueRequired\":true,\"valueName\":\"search_term_string\"}}],\"inLanguage\":\"de-DE\"},{\"@type\":[\"Organization\",\"Place\",\"TravelAgency\"],\"@id\":\"https:\\\/\\\/www.dutchpedelectours.com\\\/de\\\/#organization\",\"name\":\"Dutch Pedelec Tours\",\"url\":\"https:\\\/\\\/www.dutchpedelectours.com\\\/de\\\/\",\"logo\":{\"@id\":\"https:\\\/\\\/www.dutchpedelectours.com\\\/de\\\/marquette-hotel-heemskerk\\\/#local-main-organization-logo\"},\"image\":{\"@id\":\"https:\\\/\\\/www.dutchpedelectours.com\\\/de\\\/marquette-hotel-heemskerk\\\/#local-main-organization-logo\"},\"sameAs\":[\"https:\\\/\\\/www.facebook.com\\\/dutchpedelec\",\"https:\\\/\\\/x.com\\\/dutchpedelec\",\"https:\\\/\\\/www.instagram.com\\\/dutchpedelec\\\/\",\"https:\\\/\\\/www.pinterest.com\\\/dutchpedelec\\\/\"],\"address\":{\"@id\":\"https:\\\/\\\/www.dutchpedelectours.com\\\/de\\\/marquette-hotel-heemskerk\\\/#local-main-place-address\"},\"geo\":{\"@type\":\"GeoCoordinates\",\"latitude\":\"52.473070\",\"longitude\":\"4.674476\"},\"telephone\":[\"+31 (0)621591870\"],\"openingHoursSpecification\":[{\"@type\":\"OpeningHoursSpecification\",\"dayOfWeek\":[\"Monday\",\"Tuesday\",\"Wednesday\",\"Thursday\",\"Friday\",\"Saturday\",\"Sunday\"],\"opens\":\"09:00\",\"closes\":\"18:00\"}],\"email\":\"info@dutchpedelectours.com\",\"areaServed\":\"the Netherlands\",\"vatID\":\"NL001509724B26\",\"priceRange\":\"$$\",\"currenciesAccepted\":\"Euros\",\"paymentAccepted\":\"cash, creditcard, debetcard\"},{\"@type\":\"PostalAddress\",\"@id\":\"https:\\\/\\\/www.dutchpedelectours.com\\\/de\\\/marquette-hotel-heemskerk\\\/#local-main-place-address\",\"streetAddress\":\"Flevoland 11\",\"addressLocality\":\"Beverwijk\",\"postalCode\":\"1948RH\",\"addressRegion\":\"Noord-Holland\",\"addressCountry\":\"NL\"},{\"@type\":\"ImageObject\",\"inLanguage\":\"de-DE\",\"@id\":\"https:\\\/\\\/www.dutchpedelectours.com\\\/de\\\/marquette-hotel-heemskerk\\\/#local-main-organization-logo\",\"url\":\"https:\\\/\\\/www.dutchpedelectours.com\\\/wp-content\\\/uploads\\\/2015\\\/03\\\/DPT-FACEBOOK-WIT.jpg\",\"contentUrl\":\"https:\\\/\\\/www.dutchpedelectours.com\\\/wp-content\\\/uploads\\\/2015\\\/03\\\/DPT-FACEBOOK-WIT.jpg\",\"width\":180,\"height\":180,\"caption\":\"Dutch Pedelec Tours\"}]}<\/script>\n<meta name=\"geo.placename\" content=\"Beverwijk\" \/>\n<meta name=\"geo.position\" content=\"52.473070;4.674476\" \/>\n<meta name=\"geo.region\" content=\"Niederlande\" \/>\n<!-- \/ Yoast SEO Premium plugin. -->","yoast_head_json":{"title":"marquette hotel heemskerk - Dutch Pedelec Tours","description":"Das marquette hotel heemskerk auf einen Blick. Das NH Heemskerk Marquette ist Teil eines beachtlichen Anwesens mit einem Schloss aus dem 13. Jahrhundert.","robots":{"index":"index","follow":"follow","max-snippet":"max-snippet:-1","max-image-preview":"max-image-preview:large","max-video-preview":"max-video-preview:-1"},"canonical":"https:\/\/www.dutchpedelectours.com\/de\/marquette-hotel-heemskerk\/","og_locale":"de_DE","og_type":"article","og_title":"Das NH Heemskerk Marquette auf einen Blick","og_description":"Das marquette hotel heemskerk auf einen Blick. Das NH Heemskerk Marquette ist Teil eines beachtlichen Anwesens mit einem Schloss aus dem 13. Jahrhundert.","og_url":"https:\/\/www.dutchpedelectours.com\/de\/marquette-hotel-heemskerk\/","og_site_name":"Dutch Pedelec Tours","article_publisher":"https:\/\/www.facebook.com\/dutchpedelec","article_modified_time":"2015-01-09T15:25:19+00:00","og_image":[{"url":"https:\/\/www.dutchpedelectours.com\/wp-content\/uploads\/2015\/01\/nh-marquette-tuin-300x121.jpg","type":"","width":"","height":""}],"twitter_card":"summary_large_image","twitter_site":"@dutchpedelec","twitter_misc":{"Gesch\u00e4tzte Lesezeit":"1 minute"},"schema":{"@context":"https:\/\/schema.org","@graph":[{"@type":"WebPage","@id":"https:\/\/www.dutchpedelectours.com\/de\/marquette-hotel-heemskerk\/","url":"https:\/\/www.dutchpedelectours.com\/de\/marquette-hotel-heemskerk\/","name":"marquette hotel heemskerk - Dutch Pedelec Tours","isPartOf":{"@id":"https:\/\/www.dutchpedelectours.com\/de\/#website"},"primaryImageOfPage":{"@id":"https:\/\/www.dutchpedelectours.com\/de\/marquette-hotel-heemskerk\/#primaryimage"},"image":{"@id":"https:\/\/www.dutchpedelectours.com\/de\/marquette-hotel-heemskerk\/#primaryimage"},"thumbnailUrl":"https:\/\/www.dutchpedelectours.com\/wp-content\/uploads\/2015\/01\/nh-marquette-tuin-300x121.jpg","datePublished":"2015-01-09T15:19:42+00:00","dateModified":"2015-01-09T15:25:19+00:00","description":"Das marquette hotel heemskerk auf einen Blick. Das NH Heemskerk Marquette ist Teil eines beachtlichen Anwesens mit einem Schloss aus dem 13. Jahrhundert.","breadcrumb":{"@id":"https:\/\/www.dutchpedelectours.com\/de\/marquette-hotel-heemskerk\/#breadcrumb"},"inLanguage":"de-DE","potentialAction":[{"@type":"ReadAction","target":["https:\/\/www.dutchpedelectours.com\/de\/marquette-hotel-heemskerk\/"]}]},{"@type":"ImageObject","inLanguage":"de-DE","@id":"https:\/\/www.dutchpedelectours.com\/de\/marquette-hotel-heemskerk\/#primaryimage","url":"https:\/\/www.dutchpedelectours.com\/wp-content\/uploads\/2015\/01\/nh-marquette-tuin-300x121.jpg","contentUrl":"https:\/\/www.dutchpedelectours.com\/wp-content\/uploads\/2015\/01\/nh-marquette-tuin-300x121.jpg"},{"@type":"BreadcrumbList","@id":"https:\/\/www.dutchpedelectours.com\/de\/marquette-hotel-heemskerk\/#breadcrumb","itemListElement":[{"@type":"ListItem","position":1,"name":"Home","item":"https:\/\/www.dutchpedelectours.com\/de\/"},{"@type":"ListItem","position":2,"name":"Das NH Heemskerk Marquette auf einen Blick"}]},{"@type":"WebSite","@id":"https:\/\/www.dutchpedelectours.com\/de\/#website","url":"https:\/\/www.dutchpedelectours.com\/de\/","name":"Dutch Pedelec Tours","description":"Pedelec rental in IJmuiden and Haarlem, E-bike fietsverhuur in omgeving van IJmuiden, Elektrofahrradverleih in IJmuiden und Haarlem","publisher":{"@id":"https:\/\/www.dutchpedelectours.com\/de\/#organization"},"potentialAction":[{"@type":"SearchAction","target":{"@type":"EntryPoint","urlTemplate":"https:\/\/www.dutchpedelectours.com\/de\/?s={search_term_string}"},"query-input":{"@type":"PropertyValueSpecification","valueRequired":true,"valueName":"search_term_string"}}],"inLanguage":"de-DE"},{"@type":["Organization","Place","TravelAgency"],"@id":"https:\/\/www.dutchpedelectours.com\/de\/#organization","name":"Dutch Pedelec Tours","url":"https:\/\/www.dutchpedelectours.com\/de\/","logo":{"@id":"https:\/\/www.dutchpedelectours.com\/de\/marquette-hotel-heemskerk\/#local-main-organization-logo"},"image":{"@id":"https:\/\/www.dutchpedelectours.com\/de\/marquette-hotel-heemskerk\/#local-main-organization-logo"},"sameAs":["https:\/\/www.facebook.com\/dutchpedelec","https:\/\/x.com\/dutchpedelec","https:\/\/www.instagram.com\/dutchpedelec\/","https:\/\/www.pinterest.com\/dutchpedelec\/"],"address":{"@id":"https:\/\/www.dutchpedelectours.com\/de\/marquette-hotel-heemskerk\/#local-main-place-address"},"geo":{"@type":"GeoCoordinates","latitude":"52.473070","longitude":"4.674476"},"telephone":["+31 (0)621591870"],"openingHoursSpecification":[{"@type":"OpeningHoursSpecification","dayOfWeek":["Monday","Tuesday","Wednesday","Thursday","Friday","Saturday","Sunday"],"opens":"09:00","closes":"18:00"}],"email":"info@dutchpedelectours.com","areaServed":"the Netherlands","vatID":"NL001509724B26","priceRange":"$$","currenciesAccepted":"Euros","paymentAccepted":"cash, creditcard, debetcard"},{"@type":"PostalAddress","@id":"https:\/\/www.dutchpedelectours.com\/de\/marquette-hotel-heemskerk\/#local-main-place-address","streetAddress":"Flevoland 11","addressLocality":"Beverwijk","postalCode":"1948RH","addressRegion":"Noord-Holland","addressCountry":"NL"},{"@type":"ImageObject","inLanguage":"de-DE","@id":"https:\/\/www.dutchpedelectours.com\/de\/marquette-hotel-heemskerk\/#local-main-organization-logo","url":"https:\/\/www.dutchpedelectours.com\/wp-content\/uploads\/2015\/03\/DPT-FACEBOOK-WIT.jpg","contentUrl":"https:\/\/www.dutchpedelectours.com\/wp-content\/uploads\/2015\/03\/DPT-FACEBOOK-WIT.jpg","width":180,"height":180,"caption":"Dutch Pedelec Tours"}]},"geo.placename":"Beverwijk","geo.position":{"lat":"52.473070","long":"4.674476"},"geo.region":"Niederlande"},"_links":{"self":[{"href":"https:\/\/www.dutchpedelectours.com\/de\/wp-json\/wp\/v2\/pages\/4097","targetHints":{"allow":["GET"]}}],"collection":[{"href":"https:\/\/www.dutchpedelectours.com\/de\/wp-json\/wp\/v2\/pages"}],"about":[{"href":"https:\/\/www.dutchpedelectours.com\/de\/wp-json\/wp\/v2\/types\/page"}],"author":[{"embeddable":true,"href":"https:\/\/www.dutchpedelectours.com\/de\/wp-json\/wp\/v2\/users\/3"}],"replies":[{"embeddable":true,"href":"https:\/\/www.dutchpedelectours.com\/de\/wp-json\/wp\/v2\/comments?post=4097"}],"version-history":[{"count":0,"href":"https:\/\/www.dutchpedelectours.com\/de\/wp-json\/wp\/v2\/pages\/4097\/revisions"}],"wp:attachment":[{"href":"https:\/\/www.dutchpedelectours.com\/de\/wp-json\/wp\/v2\/media?parent=4097"}],"curies":[{"name":"wp","href":"https:\/\/api.w.org\/{rel}","templated":true}]}}