{"id":7664,"date":"2020-03-14T13:38:29","date_gmt":"2020-03-14T13:38:29","guid":{"rendered":"https:\/\/www.dutchpedelectours.com\/?page_id=7664"},"modified":"2023-02-17T16:58:26","modified_gmt":"2023-02-17T15:58:26","slug":"durch-die-region-zaan-mit-dem-fahrrad","status":"publish","type":"page","link":"https:\/\/www.dutchpedelectours.com\/de\/durch-die-region-zaan-mit-dem-fahrrad\/","title":{"rendered":"Durch die Region Zaan radeln und segeln"},"content":{"rendered":"\n<figure class=\"wp-block-image size-large\"><img fetchpriority=\"high\" decoding=\"async\" width=\"1024\" height=\"427\" src=\"https:\/\/www.dutchpedelectours.com\/wp-content\/uploads\/2020\/03\/zaanse-schans-2-1024x427.jpg\" alt=\"Zaan mit dem Fahrrad\" class=\"wp-image-7625\" srcset=\"https:\/\/www.dutchpedelectours.com\/wp-content\/uploads\/2020\/03\/zaanse-schans-2-1024x427.jpg 1024w, https:\/\/www.dutchpedelectours.com\/wp-content\/uploads\/2020\/03\/zaanse-schans-2-600x250.jpg 600w, https:\/\/www.dutchpedelectours.com\/wp-content\/uploads\/2020\/03\/zaanse-schans-2-300x125.jpg 300w, https:\/\/www.dutchpedelectours.com\/wp-content\/uploads\/2020\/03\/zaanse-schans-2-768x320.jpg 768w, https:\/\/www.dutchpedelectours.com\/wp-content\/uploads\/2020\/03\/zaanse-schans-2-1536x640.jpg 1536w, https:\/\/www.dutchpedelectours.com\/wp-content\/uploads\/2020\/03\/zaanse-schans-2-250x104.jpg 250w, https:\/\/www.dutchpedelectours.com\/wp-content\/uploads\/2020\/03\/zaanse-schans-2.jpg 1920w\" sizes=\"(max-width: 1024px) 100vw, 1024px\" \/><\/figure>\n\n\n\n<p>Sie werden den sch\u00f6nen und authentischen Teil der Region Zaan mit dem Fahrrad und dem Boot entdecken, w\u00e4hrend Sie durch die Region Zaan radeln und segeln. Zuerst radeln Sie am Ufer des Alkmaardermeers entlang \u00fcber einen Teil der sogenannten F\u00e4hrstrecke. Sie radeln durch poldere Landschaften und kleine D\u00f6rfer und \u00fcberqueren unterwegs gelegentlich einen kleinen Kanal mit einer F\u00e4hre, die Sie in einigen F\u00e4llen auch selbst bedienen m\u00fcssen.<\/p>\n\n\n\n<h2 class=\"wp-block-heading\" id=\"h-radfahren-und-bootfahren\">Radfahren und Bootfahren<\/h2>\n\n\n\n<p>Nach der Radtour gibt es eine Mittagspause, nach der Sie auf ein Boot umsteigen, um den Fluss Zaan hinunter zum weltber\u00fchmten Zaanse Schans zu segeln. Sie segeln durch das industrielle Erbe und vorbei an den vielen M\u00fchlen, die hier noch stehen. Nat\u00fcrlich halten wir an einer M\u00fchle, die noch in Betrieb ist, um zu erfahren, wie dies funktioniert. Es ist auch Zeit, die Zaanse Schans selbst zu besuchen. Danach segeln wir \u00fcber das Alkmaardermeer zur\u00fcck nach Uitgeest.<\/p>\n\n\n\n<figure class=\"wp-block-image size-large\"><img decoding=\"async\" width=\"595\" height=\"335\" data-src=\"https:\/\/www.dutchpedelectours.com\/wp-content\/uploads\/2020\/03\/pontjesroute.jpg\" alt=\"Zaan mit dem Fahrrad\" class=\"wp-image-7650 lazyload\" data-srcset=\"https:\/\/www.dutchpedelectours.com\/wp-content\/uploads\/2020\/03\/pontjesroute.jpg 595w, https:\/\/www.dutchpedelectours.com\/wp-content\/uploads\/2020\/03\/pontjesroute-300x169.jpg 300w, https:\/\/www.dutchpedelectours.com\/wp-content\/uploads\/2020\/03\/pontjesroute-250x141.jpg 250w\" data-sizes=\"(max-width: 595px) 100vw, 595px\" src=\"data:image\/svg+xml;base64,PHN2ZyB3aWR0aD0iMSIgaGVpZ2h0PSIxIiB4bWxucz0iaHR0cDovL3d3dy53My5vcmcvMjAwMC9zdmciPjwvc3ZnPg==\" style=\"--smush-placeholder-width: 595px; --smush-placeholder-aspect-ratio: 595\/335;\" \/><\/figure>\n\n\n\n<p>Der Ausflug wird ab dem 1. April angeboten. Die Reservierung f\u00fcr diese Reise ist obligatorisch und wird nur bei extremen Wetterbedingungen storniert. Bei Regen bieten wir einen alternativen Transport f\u00fcr die Fahrr\u00e4der an.<\/p>\n\n\n\n<p><strong>Dieser Tagesausflug <\/strong>Zaan mit dem Fahrrad <strong>kann f\u00fcr einen Gesamtbetrag von \u20ac 90, &#8211; pro Person gebucht werden.<\/strong><\/p>\n\n\n\n<div class=\"wp-block-button\"><a class=\"wp-block-button__link has-luminous-vivid-orange-background-color has-background wp-element-button\" href=\"https:\/\/www.dutchpedelectours.com\/de\/buchen-sie-eine-tour-zaanse-schans\/\">Buchen Sie diese Tour<\/a><\/div>\n\n\n\n<p>Durch die Region Zaan radeln und segeln kann von Gruppen von 6 bis 12 Personen gebucht werden. Manchmal k\u00f6nnen Sie einer anderen Gruppe beitreten. Rufen Sie uns an, falls Sie nur mit 1 oder 2 Personen zusammen sind.<\/p>\n\n\n\n<p>Wir werden diese Tour am Bahnhof von Uitgeest beginnen.<\/p>\n\n\n\n<h2 class=\"wp-block-heading\" id=\"h-zaan-mit-dem-fahrrad\">Zaan mit dem Fahrrad<\/h2>\n\n\n\n<p>Wir treffen Sie am Bahnhof und bringen Sie zum Ausgangspunkt, wo die Pedelecs auf Sie warten. Nach einer k\u00f6stlichen Tasse Kaffee oder Tee und einem Keks beginnen Sie den ersten Teil des Programms. Sie k\u00f6nnen diese Radtour mit Hilfe unserer Streckenkarten v\u00f6llig unabh\u00e4ngig durchf\u00fchren. Wenn Sie einen Leitfaden w\u00fcnschen, lassen Sie es uns bitte wissen.<\/p>\n\n\n\n<p>Nach der Radtour Zaan mit dem Fahrrad k\u00f6nnen Sie ein k\u00f6stliches Mittagessen genie\u00dfen. Danach beginnen wir das Nachmittagsprogramm mit der Schaluppe.<br>Die Bootsfahrt endet in Uitgeest, wo wir begonnen haben und wo es auch die M\u00f6glichkeit gibt, den Tag mit einem Getr\u00e4nk und einem Snack zu beenden (nicht im Preis inbegriffen).<\/p>\n\n\n\n<p>Am Ende des Tages werden Sie zur\u00fcck zum Bahnhof gebracht.<\/p>\n\n\n\n<div class=\"wp-block-button\"><a class=\"wp-block-button__link has-luminous-vivid-orange-background-color has-background wp-element-button\" href=\"https:\/\/www.dutchpedelectours.com\/de\/buchen-sie-eine-tour-zaanse-schans\/\">Buchen Sie diese Tour<\/a><\/div>\n\n\n\n<h2 class=\"wp-block-heading\" id=\"h-harte-schaluppe\">Harte Schaluppe<\/h2>\n\n\n\n<figure class=\"wp-block-image size-large\"><img decoding=\"async\" width=\"750\" height=\"500\" data-src=\"https:\/\/www.dutchpedelectours.com\/wp-content\/uploads\/2020\/03\/sloep-2.jpg\" alt=\"Zaan mit dem Fahrrad\" class=\"wp-image-7631 lazyload\" data-srcset=\"https:\/\/www.dutchpedelectours.com\/wp-content\/uploads\/2020\/03\/sloep-2.jpg 750w, https:\/\/www.dutchpedelectours.com\/wp-content\/uploads\/2020\/03\/sloep-2-600x400.jpg 600w, https:\/\/www.dutchpedelectours.com\/wp-content\/uploads\/2020\/03\/sloep-2-300x200.jpg 300w, https:\/\/www.dutchpedelectours.com\/wp-content\/uploads\/2020\/03\/sloep-2-250x167.jpg 250w\" data-sizes=\"(max-width: 750px) 100vw, 750px\" src=\"data:image\/svg+xml;base64,PHN2ZyB3aWR0aD0iMSIgaGVpZ2h0PSIxIiB4bWxucz0iaHR0cDovL3d3dy53My5vcmcvMjAwMC9zdmciPjwvc3ZnPg==\" style=\"--smush-placeholder-width: 750px; --smush-placeholder-aspect-ratio: 750\/500;\" \/><\/figure>\n\n\n\n<p>Die Reederei Uitgeest segelt mit der Explorer 950 von Bobsloepen, einer soliden und trendigen Mega-Schaluppe. Oder, wie De Telegraaf schrieb: eine No-Nonsense-Schaluppe, die sich durch Reinheit auszeichnet. Der Look leitet sich von einem authentischen Rettungsboot ab, das so schlank und robust ist, aber all den Luxus und die Bequemlichkeit bietet. Denken Sie an Heizkissen und eine komfortable Toilette. Und gut ausgestattet: Von unseren eigenen Regenanz\u00fcgen bis zur Sonnenbrille sind wir auf alles vorbereitet. Pro Schaluppe ist Platz f\u00fcr eine Gruppe von 12 Personen. Hast du eine gr\u00f6\u00dfere Gruppe? Dann werden wir mehr Boote arrangieren!<\/p>\n\n\n\n<h2 class=\"wp-block-heading\" id=\"h-die-region-zaan\">Die Region Zaan<\/h2>\n\n\n\n<figure class=\"wp-block-image size-large\"><img decoding=\"async\" width=\"750\" height=\"500\" data-src=\"https:\/\/www.dutchpedelectours.com\/wp-content\/uploads\/2020\/03\/img_01_750x450.jpg\" alt=\"\" class=\"wp-image-7643 lazyload\" data-srcset=\"https:\/\/www.dutchpedelectours.com\/wp-content\/uploads\/2020\/03\/img_01_750x450.jpg 750w, https:\/\/www.dutchpedelectours.com\/wp-content\/uploads\/2020\/03\/img_01_750x450-600x400.jpg 600w, https:\/\/www.dutchpedelectours.com\/wp-content\/uploads\/2020\/03\/img_01_750x450-300x200.jpg 300w, https:\/\/www.dutchpedelectours.com\/wp-content\/uploads\/2020\/03\/img_01_750x450-250x167.jpg 250w\" data-sizes=\"(max-width: 750px) 100vw, 750px\" src=\"data:image\/svg+xml;base64,PHN2ZyB3aWR0aD0iMSIgaGVpZ2h0PSIxIiB4bWxucz0iaHR0cDovL3d3dy53My5vcmcvMjAwMC9zdmciPjwvc3ZnPg==\" style=\"--smush-placeholder-width: 750px; --smush-placeholder-aspect-ratio: 750\/500;\" \/><\/figure>\n\n\n\n<p>So nah an Amsterdam und Sie befinden sich sofort in einer v\u00f6llig anderen Welt! Das h\u00f6ren wir oft von unseren G\u00e4sten. Es ist auch kaum zu glauben, dass es mitten in der Randstad immer noch ein so sch\u00f6nes Naturschutzgebiet gibt. Das Alkmaarder- und Uitgeestermeer bildet ein ausgedehntes Seegebiet mit einzigartigen Flecken und umgeben von Wiesen und authentischen D\u00f6rfern. Es scheint, als ob die Zeit stehen geblieben ist. Wellenloses Wasser, ein Flug von G\u00e4nsen, gewundenen Deichen und im Hintergrund die M\u00fchlen, die Festungen und die Kircht\u00fcrme. Dies ist Nordholland von seiner besten Seite. Und das Sch\u00f6ne ist: Wir m\u00fcssen keiner festgelegten Route folgen, wir k\u00f6nnen in beide Richtungen gehen.<\/p>\n\n\n\n<p>Zum Beispiel nach De Woude, einer Insel mit dem Naturschutzgebiet Staatbosbeheer. Es ist eines der f\u00fcnf reichsten Wiesenvogelgebiete in den Niederlanden. Im Sommer k\u00f6nnen wir f\u00fcr eine Erfrischung auf der Terrasse am Wasser festmachen, im Winter k\u00f6nnen wir uns im charakteristischen Restaurant aufw\u00e4rmen.<\/p>\n\n\n\n<h2 class=\"wp-block-heading\" id=\"h-routen-zum-kulturellen-erbe\">Routen zum kulturellen Erbe<\/h2>\n\n\n\n<p>Wenn Sie kein Naturliebhaber sind, k\u00f6nnen wir auch Kurs auf De Zaanstreek nehmen. Von den Seen segeln wir direkt auf den Zaan, vorbei an traditionellen Lagerh\u00e4usern zum Zaanse Schans. Dies ist ein beispielloses St\u00fcck Kultur und das \u00e4lteste industrielle Erbe.<br>\n&nbsp; In De Rijp, einst bekannt f\u00fcr seine Heringsfischerei und Walf\u00e4nger, finden Sie noch mehr Geschichte. Goldene Zeiten haben die sch\u00f6nsten Rath\u00e4user, Lagerh\u00e4user und Kirchen verlassen. Und es gibt mehr als den Wohlstand vergangener Zeiten, denn \u00fcberall sind noch Spuren der Wassergeschichte dieses besonderen Dorfes zu sehen.<\/p>\n\n\n\n<h2 class=\"wp-block-heading\" id=\"h-pakete-oder-ein-massgeschneidertes-programm\">Pakete oder ein ma\u00dfgeschneidertes Programm<\/h2>\n\n\n\n<figure class=\"wp-block-image size-large\"><img decoding=\"async\" width=\"750\" height=\"500\" data-src=\"https:\/\/www.dutchpedelectours.com\/wp-content\/uploads\/2020\/03\/img_02_750x500.jpg\" alt=\"\" class=\"wp-image-7637 lazyload\" data-srcset=\"https:\/\/www.dutchpedelectours.com\/wp-content\/uploads\/2020\/03\/img_02_750x500.jpg 750w, https:\/\/www.dutchpedelectours.com\/wp-content\/uploads\/2020\/03\/img_02_750x500-600x400.jpg 600w, https:\/\/www.dutchpedelectours.com\/wp-content\/uploads\/2020\/03\/img_02_750x500-300x200.jpg 300w, https:\/\/www.dutchpedelectours.com\/wp-content\/uploads\/2020\/03\/img_02_750x500-250x167.jpg 250w\" data-sizes=\"(max-width: 750px) 100vw, 750px\" src=\"data:image\/svg+xml;base64,PHN2ZyB3aWR0aD0iMSIgaGVpZ2h0PSIxIiB4bWxucz0iaHR0cDovL3d3dy53My5vcmcvMjAwMC9zdmciPjwvc3ZnPg==\" style=\"--smush-placeholder-width: 750px; --smush-placeholder-aspect-ratio: 750\/500;\" \/><\/figure>\n\n\n\n<p>Die Grundlage f\u00fcr dieses Radfahren und Segeln durch die Zaan-Region ist Radfahren und Segeln. Auf dem Fahrrad erleben Sie die wundersch\u00f6ne Umgebung, die kleinen D\u00f6rfer und k\u00f6nnen die F\u00e4hre selbst bedienen, um auf die andere Seite des Wassers zu gelangen. Mit dem Boot erleben Sie die Sch\u00f6nheit des kulturellen Erbes.<br>\nWir arbeiten aber nicht nur mit festen Vereinbarungen. Wir lieben es, mit Ihnen zusammen zu denken und ein ma\u00dfgeschneidertes Programm f\u00fcr Sie zu erstellen. Nat\u00fcrlich machen wir das basierend auf Ihren W\u00fcnschen und Ihrem Budget. Dies kann eine vollst\u00e4ndig arrangierte Reise mit Musik und einem Koch oder einem Grill an Bord sein, aber auch nur eine Stunde Segeln mit einem Picknick auf einer Insel auf dem Weg. Unser Boot bietet Platz f\u00fcr 12 Personen. Wenn Sie jedoch mehr haben, arrangieren wir zus\u00e4tzliche Boote.<\/p>\n\n\n\n<p>Beobachten Sie den Sonnenaufgang oder -untergang? Wir haben die Zeit \u2026 Auch ein Nachtausflug ist m\u00f6glich. Gerne organisieren wir auch Ausfl\u00fcge, Teambuilding-Aktivit\u00e4ten oder Wassersport f\u00fcr Sie. Fr\u00fcher haben unsere G\u00e4ste einen M\u00fcllerkurs besucht oder gelernt, Aale zu fangen und zu rauchen.<br>Kurzum: Alles ist m\u00f6glich!<\/p>\n\n\n\n<p><\/p>\n\n\n\n<div class=\"wp-block-button\"><a class=\"wp-block-button__link has-luminous-vivid-orange-background-color has-background wp-element-button\" href=\"https:\/\/www.dutchpedelectours.com\/de\/buchen-sie-eine-tour-zaanse-schans\/\">Buchen Sie diese Tour<\/a><\/div>\n","protected":false},"excerpt":{"rendered":"<p>Sie werden den sch\u00f6nen und authentischen Teil der Region Zaan mit dem Fahrrad und dem Boot entdecken, w\u00e4hrend Sie durch<\/p>\n<div class=\"read-button read_more_btn_text\"><a class=\"read_more\" href=\"https:\/\/www.dutchpedelectours.com\/de\/durch-die-region-zaan-mit-dem-fahrrad\/\">Read more<span class=\"arrow_readm\"> &#x25BA;<\/span><\/a><\/div>\n","protected":false},"author":3,"featured_media":0,"parent":0,"menu_order":0,"comment_status":"closed","ping_status":"closed","template":"","meta":{"footnotes":""},"class_list":["post-7664","page","type-page","status-publish","hentry"],"yoast_head":"<!-- This site is optimized with the Yoast SEO Premium plugin v27.5 (Yoast SEO v27.5) - https:\/\/yoast.com\/product\/yoast-seo-premium-wordpress\/ -->\n<title>Durch die Region Zaan radeln und segeln - Dutch Pedelec Tours<\/title>\n<meta name=\"description\" content=\"Radfahren und Segeln durch das kulturelle Erbe der Zaan Region mit Besuch der Zaanse Schans f\u00fcr Gruppen.\" \/>\n<meta name=\"robots\" content=\"index, follow, max-snippet:-1, max-image-preview:large, max-video-preview:-1\" \/>\n<link rel=\"canonical\" href=\"https:\/\/www.dutchpedelectours.com\/de\/durch-die-region-zaan-mit-dem-fahrrad\/\" \/>\n<meta property=\"og:locale\" content=\"de_DE\" \/>\n<meta property=\"og:type\" content=\"article\" \/>\n<meta property=\"og:title\" content=\"Durch die Region Zaan radeln und segeln\" \/>\n<meta property=\"og:description\" content=\"Radfahren und Segeln durch das kulturelle Erbe der Zaan Region mit Besuch der Zaanse Schans f\u00fcr Gruppen.\" \/>\n<meta property=\"og:url\" content=\"https:\/\/www.dutchpedelectours.com\/de\/durch-die-region-zaan-mit-dem-fahrrad\/\" \/>\n<meta property=\"og:site_name\" content=\"Dutch Pedelec Tours\" \/>\n<meta property=\"article:publisher\" content=\"https:\/\/www.facebook.com\/dutchpedelec\" \/>\n<meta property=\"article:modified_time\" content=\"2023-02-17T15:58:26+00:00\" \/>\n<meta property=\"og:image\" content=\"https:\/\/www.dutchpedelectours.com\/wp-content\/uploads\/2020\/03\/zaanse-schans-2-1024x427.jpg\" \/>\n<meta name=\"twitter:card\" content=\"summary_large_image\" \/>\n<meta name=\"twitter:site\" content=\"@dutchpedelec\" \/>\n<meta name=\"twitter:label1\" content=\"Gesch\u00e4tzte Lesezeit\" \/>\n\t<meta name=\"twitter:data1\" content=\"5 minutes\" \/>\n<script type=\"application\/ld+json\" class=\"yoast-schema-graph\">{\"@context\":\"https:\\\/\\\/schema.org\",\"@graph\":[{\"@type\":\"WebPage\",\"@id\":\"https:\\\/\\\/www.dutchpedelectours.com\\\/de\\\/durch-die-region-zaan-mit-dem-fahrrad\\\/\",\"url\":\"https:\\\/\\\/www.dutchpedelectours.com\\\/de\\\/durch-die-region-zaan-mit-dem-fahrrad\\\/\",\"name\":\"Durch die Region Zaan radeln und segeln - Dutch Pedelec Tours\",\"isPartOf\":{\"@id\":\"https:\\\/\\\/www.dutchpedelectours.com\\\/de\\\/#website\"},\"primaryImageOfPage\":{\"@id\":\"https:\\\/\\\/www.dutchpedelectours.com\\\/de\\\/durch-die-region-zaan-mit-dem-fahrrad\\\/#primaryimage\"},\"image\":{\"@id\":\"https:\\\/\\\/www.dutchpedelectours.com\\\/de\\\/durch-die-region-zaan-mit-dem-fahrrad\\\/#primaryimage\"},\"thumbnailUrl\":\"https:\\\/\\\/www.dutchpedelectours.com\\\/wp-content\\\/uploads\\\/2020\\\/03\\\/zaanse-schans-2-1024x427.jpg\",\"datePublished\":\"2020-03-14T13:38:29+00:00\",\"dateModified\":\"2023-02-17T15:58:26+00:00\",\"description\":\"Radfahren und Segeln durch das kulturelle Erbe der Zaan Region mit Besuch der Zaanse Schans f\u00fcr Gruppen.\",\"breadcrumb\":{\"@id\":\"https:\\\/\\\/www.dutchpedelectours.com\\\/de\\\/durch-die-region-zaan-mit-dem-fahrrad\\\/#breadcrumb\"},\"inLanguage\":\"de-DE\",\"potentialAction\":[{\"@type\":\"ReadAction\",\"target\":[\"https:\\\/\\\/www.dutchpedelectours.com\\\/de\\\/durch-die-region-zaan-mit-dem-fahrrad\\\/\"]}]},{\"@type\":\"ImageObject\",\"inLanguage\":\"de-DE\",\"@id\":\"https:\\\/\\\/www.dutchpedelectours.com\\\/de\\\/durch-die-region-zaan-mit-dem-fahrrad\\\/#primaryimage\",\"url\":\"https:\\\/\\\/www.dutchpedelectours.com\\\/wp-content\\\/uploads\\\/2020\\\/03\\\/zaanse-schans-2-1024x427.jpg\",\"contentUrl\":\"https:\\\/\\\/www.dutchpedelectours.com\\\/wp-content\\\/uploads\\\/2020\\\/03\\\/zaanse-schans-2-1024x427.jpg\"},{\"@type\":\"BreadcrumbList\",\"@id\":\"https:\\\/\\\/www.dutchpedelectours.com\\\/de\\\/durch-die-region-zaan-mit-dem-fahrrad\\\/#breadcrumb\",\"itemListElement\":[{\"@type\":\"ListItem\",\"position\":1,\"name\":\"Home\",\"item\":\"https:\\\/\\\/www.dutchpedelectours.com\\\/de\\\/\"},{\"@type\":\"ListItem\",\"position\":2,\"name\":\"Durch die Region Zaan radeln und segeln\"}]},{\"@type\":\"WebSite\",\"@id\":\"https:\\\/\\\/www.dutchpedelectours.com\\\/de\\\/#website\",\"url\":\"https:\\\/\\\/www.dutchpedelectours.com\\\/de\\\/\",\"name\":\"Dutch Pedelec Tours\",\"description\":\"Pedelec rental in IJmuiden and Haarlem, E-bike fietsverhuur in omgeving van IJmuiden, Elektrofahrradverleih in IJmuiden und Haarlem\",\"publisher\":{\"@id\":\"https:\\\/\\\/www.dutchpedelectours.com\\\/de\\\/#organization\"},\"potentialAction\":[{\"@type\":\"SearchAction\",\"target\":{\"@type\":\"EntryPoint\",\"urlTemplate\":\"https:\\\/\\\/www.dutchpedelectours.com\\\/de\\\/?s={search_term_string}\"},\"query-input\":{\"@type\":\"PropertyValueSpecification\",\"valueRequired\":true,\"valueName\":\"search_term_string\"}}],\"inLanguage\":\"de-DE\"},{\"@type\":[\"Organization\",\"Place\",\"TravelAgency\"],\"@id\":\"https:\\\/\\\/www.dutchpedelectours.com\\\/de\\\/#organization\",\"name\":\"Dutch Pedelec Tours\",\"url\":\"https:\\\/\\\/www.dutchpedelectours.com\\\/de\\\/\",\"logo\":{\"@id\":\"https:\\\/\\\/www.dutchpedelectours.com\\\/de\\\/durch-die-region-zaan-mit-dem-fahrrad\\\/#local-main-organization-logo\"},\"image\":{\"@id\":\"https:\\\/\\\/www.dutchpedelectours.com\\\/de\\\/durch-die-region-zaan-mit-dem-fahrrad\\\/#local-main-organization-logo\"},\"sameAs\":[\"https:\\\/\\\/www.facebook.com\\\/dutchpedelec\",\"https:\\\/\\\/x.com\\\/dutchpedelec\",\"https:\\\/\\\/www.instagram.com\\\/dutchpedelec\\\/\",\"https:\\\/\\\/www.pinterest.com\\\/dutchpedelec\\\/\"],\"address\":{\"@id\":\"https:\\\/\\\/www.dutchpedelectours.com\\\/de\\\/durch-die-region-zaan-mit-dem-fahrrad\\\/#local-main-place-address\"},\"geo\":{\"@type\":\"GeoCoordinates\",\"latitude\":\"52.473070\",\"longitude\":\"4.674476\"},\"telephone\":[\"+31 (0)621591870\"],\"openingHoursSpecification\":[{\"@type\":\"OpeningHoursSpecification\",\"dayOfWeek\":[\"Monday\",\"Tuesday\",\"Wednesday\",\"Thursday\",\"Friday\",\"Saturday\",\"Sunday\"],\"opens\":\"09:00\",\"closes\":\"18:00\"}],\"email\":\"info@dutchpedelectours.com\",\"areaServed\":\"the Netherlands\",\"vatID\":\"NL001509724B26\",\"priceRange\":\"$$\",\"currenciesAccepted\":\"Euros\",\"paymentAccepted\":\"cash, creditcard, debetcard\"},{\"@type\":\"PostalAddress\",\"@id\":\"https:\\\/\\\/www.dutchpedelectours.com\\\/de\\\/durch-die-region-zaan-mit-dem-fahrrad\\\/#local-main-place-address\",\"streetAddress\":\"Flevoland 11\",\"addressLocality\":\"Beverwijk\",\"postalCode\":\"1948RH\",\"addressRegion\":\"Noord-Holland\",\"addressCountry\":\"NL\"},{\"@type\":\"ImageObject\",\"inLanguage\":\"de-DE\",\"@id\":\"https:\\\/\\\/www.dutchpedelectours.com\\\/de\\\/durch-die-region-zaan-mit-dem-fahrrad\\\/#local-main-organization-logo\",\"url\":\"https:\\\/\\\/www.dutchpedelectours.com\\\/wp-content\\\/uploads\\\/2015\\\/03\\\/DPT-FACEBOOK-WIT.jpg\",\"contentUrl\":\"https:\\\/\\\/www.dutchpedelectours.com\\\/wp-content\\\/uploads\\\/2015\\\/03\\\/DPT-FACEBOOK-WIT.jpg\",\"width\":180,\"height\":180,\"caption\":\"Dutch Pedelec Tours\"}]}<\/script>\n<meta name=\"geo.placename\" content=\"Beverwijk\" \/>\n<meta name=\"geo.position\" content=\"52.473070;4.674476\" \/>\n<meta name=\"geo.region\" content=\"Niederlande\" \/>\n<!-- \/ Yoast SEO Premium plugin. -->","yoast_head_json":{"title":"Durch die Region Zaan radeln und segeln - Dutch Pedelec Tours","description":"Radfahren und Segeln durch das kulturelle Erbe der Zaan Region mit Besuch der Zaanse Schans f\u00fcr Gruppen.","robots":{"index":"index","follow":"follow","max-snippet":"max-snippet:-1","max-image-preview":"max-image-preview:large","max-video-preview":"max-video-preview:-1"},"canonical":"https:\/\/www.dutchpedelectours.com\/de\/durch-die-region-zaan-mit-dem-fahrrad\/","og_locale":"de_DE","og_type":"article","og_title":"Durch die Region Zaan radeln und segeln","og_description":"Radfahren und Segeln durch das kulturelle Erbe der Zaan Region mit Besuch der Zaanse Schans f\u00fcr Gruppen.","og_url":"https:\/\/www.dutchpedelectours.com\/de\/durch-die-region-zaan-mit-dem-fahrrad\/","og_site_name":"Dutch Pedelec Tours","article_publisher":"https:\/\/www.facebook.com\/dutchpedelec","article_modified_time":"2023-02-17T15:58:26+00:00","og_image":[{"url":"https:\/\/www.dutchpedelectours.com\/wp-content\/uploads\/2020\/03\/zaanse-schans-2-1024x427.jpg","type":"","width":"","height":""}],"twitter_card":"summary_large_image","twitter_site":"@dutchpedelec","twitter_misc":{"Gesch\u00e4tzte Lesezeit":"5 minutes"},"schema":{"@context":"https:\/\/schema.org","@graph":[{"@type":"WebPage","@id":"https:\/\/www.dutchpedelectours.com\/de\/durch-die-region-zaan-mit-dem-fahrrad\/","url":"https:\/\/www.dutchpedelectours.com\/de\/durch-die-region-zaan-mit-dem-fahrrad\/","name":"Durch die Region Zaan radeln und segeln - Dutch Pedelec Tours","isPartOf":{"@id":"https:\/\/www.dutchpedelectours.com\/de\/#website"},"primaryImageOfPage":{"@id":"https:\/\/www.dutchpedelectours.com\/de\/durch-die-region-zaan-mit-dem-fahrrad\/#primaryimage"},"image":{"@id":"https:\/\/www.dutchpedelectours.com\/de\/durch-die-region-zaan-mit-dem-fahrrad\/#primaryimage"},"thumbnailUrl":"https:\/\/www.dutchpedelectours.com\/wp-content\/uploads\/2020\/03\/zaanse-schans-2-1024x427.jpg","datePublished":"2020-03-14T13:38:29+00:00","dateModified":"2023-02-17T15:58:26+00:00","description":"Radfahren und Segeln durch das kulturelle Erbe der Zaan Region mit Besuch der Zaanse Schans f\u00fcr Gruppen.","breadcrumb":{"@id":"https:\/\/www.dutchpedelectours.com\/de\/durch-die-region-zaan-mit-dem-fahrrad\/#breadcrumb"},"inLanguage":"de-DE","potentialAction":[{"@type":"ReadAction","target":["https:\/\/www.dutchpedelectours.com\/de\/durch-die-region-zaan-mit-dem-fahrrad\/"]}]},{"@type":"ImageObject","inLanguage":"de-DE","@id":"https:\/\/www.dutchpedelectours.com\/de\/durch-die-region-zaan-mit-dem-fahrrad\/#primaryimage","url":"https:\/\/www.dutchpedelectours.com\/wp-content\/uploads\/2020\/03\/zaanse-schans-2-1024x427.jpg","contentUrl":"https:\/\/www.dutchpedelectours.com\/wp-content\/uploads\/2020\/03\/zaanse-schans-2-1024x427.jpg"},{"@type":"BreadcrumbList","@id":"https:\/\/www.dutchpedelectours.com\/de\/durch-die-region-zaan-mit-dem-fahrrad\/#breadcrumb","itemListElement":[{"@type":"ListItem","position":1,"name":"Home","item":"https:\/\/www.dutchpedelectours.com\/de\/"},{"@type":"ListItem","position":2,"name":"Durch die Region Zaan radeln und segeln"}]},{"@type":"WebSite","@id":"https:\/\/www.dutchpedelectours.com\/de\/#website","url":"https:\/\/www.dutchpedelectours.com\/de\/","name":"Dutch Pedelec Tours","description":"Pedelec rental in IJmuiden and Haarlem, E-bike fietsverhuur in omgeving van IJmuiden, Elektrofahrradverleih in IJmuiden und Haarlem","publisher":{"@id":"https:\/\/www.dutchpedelectours.com\/de\/#organization"},"potentialAction":[{"@type":"SearchAction","target":{"@type":"EntryPoint","urlTemplate":"https:\/\/www.dutchpedelectours.com\/de\/?s={search_term_string}"},"query-input":{"@type":"PropertyValueSpecification","valueRequired":true,"valueName":"search_term_string"}}],"inLanguage":"de-DE"},{"@type":["Organization","Place","TravelAgency"],"@id":"https:\/\/www.dutchpedelectours.com\/de\/#organization","name":"Dutch Pedelec Tours","url":"https:\/\/www.dutchpedelectours.com\/de\/","logo":{"@id":"https:\/\/www.dutchpedelectours.com\/de\/durch-die-region-zaan-mit-dem-fahrrad\/#local-main-organization-logo"},"image":{"@id":"https:\/\/www.dutchpedelectours.com\/de\/durch-die-region-zaan-mit-dem-fahrrad\/#local-main-organization-logo"},"sameAs":["https:\/\/www.facebook.com\/dutchpedelec","https:\/\/x.com\/dutchpedelec","https:\/\/www.instagram.com\/dutchpedelec\/","https:\/\/www.pinterest.com\/dutchpedelec\/"],"address":{"@id":"https:\/\/www.dutchpedelectours.com\/de\/durch-die-region-zaan-mit-dem-fahrrad\/#local-main-place-address"},"geo":{"@type":"GeoCoordinates","latitude":"52.473070","longitude":"4.674476"},"telephone":["+31 (0)621591870"],"openingHoursSpecification":[{"@type":"OpeningHoursSpecification","dayOfWeek":["Monday","Tuesday","Wednesday","Thursday","Friday","Saturday","Sunday"],"opens":"09:00","closes":"18:00"}],"email":"info@dutchpedelectours.com","areaServed":"the Netherlands","vatID":"NL001509724B26","priceRange":"$$","currenciesAccepted":"Euros","paymentAccepted":"cash, creditcard, debetcard"},{"@type":"PostalAddress","@id":"https:\/\/www.dutchpedelectours.com\/de\/durch-die-region-zaan-mit-dem-fahrrad\/#local-main-place-address","streetAddress":"Flevoland 11","addressLocality":"Beverwijk","postalCode":"1948RH","addressRegion":"Noord-Holland","addressCountry":"NL"},{"@type":"ImageObject","inLanguage":"de-DE","@id":"https:\/\/www.dutchpedelectours.com\/de\/durch-die-region-zaan-mit-dem-fahrrad\/#local-main-organization-logo","url":"https:\/\/www.dutchpedelectours.com\/wp-content\/uploads\/2015\/03\/DPT-FACEBOOK-WIT.jpg","contentUrl":"https:\/\/www.dutchpedelectours.com\/wp-content\/uploads\/2015\/03\/DPT-FACEBOOK-WIT.jpg","width":180,"height":180,"caption":"Dutch Pedelec Tours"}]},"geo.placename":"Beverwijk","geo.position":{"lat":"52.473070","long":"4.674476"},"geo.region":"Niederlande"},"_links":{"self":[{"href":"https:\/\/www.dutchpedelectours.com\/de\/wp-json\/wp\/v2\/pages\/7664","targetHints":{"allow":["GET"]}}],"collection":[{"href":"https:\/\/www.dutchpedelectours.com\/de\/wp-json\/wp\/v2\/pages"}],"about":[{"href":"https:\/\/www.dutchpedelectours.com\/de\/wp-json\/wp\/v2\/types\/page"}],"author":[{"embeddable":true,"href":"https:\/\/www.dutchpedelectours.com\/de\/wp-json\/wp\/v2\/users\/3"}],"replies":[{"embeddable":true,"href":"https:\/\/www.dutchpedelectours.com\/de\/wp-json\/wp\/v2\/comments?post=7664"}],"version-history":[{"count":0,"href":"https:\/\/www.dutchpedelectours.com\/de\/wp-json\/wp\/v2\/pages\/7664\/revisions"}],"wp:attachment":[{"href":"https:\/\/www.dutchpedelectours.com\/de\/wp-json\/wp\/v2\/media?parent=7664"}],"curies":[{"name":"wp","href":"https:\/\/api.w.org\/{rel}","templated":true}]}}