{"id":3546,"date":"2015-01-06T12:17:37","date_gmt":"2015-01-06T12:17:37","guid":{"rendered":"https:\/\/www.dutchpedelectours.com\/?page_id=3546"},"modified":"2019-07-27T11:39:54","modified_gmt":"2019-07-27T11:39:54","slug":"wijk-aan-zee","status":"publish","type":"page","link":"https:\/\/www.dutchpedelectours.com\/es\/wijk-aan-zee\/","title":{"rendered":"Wijk aan Zee"},"content":{"rendered":"<p><a href=\"https:\/\/www.dutchpedelectours.com\/wp-content\/uploads\/2014\/09\/WAZ_800x200.jpg\"><img fetchpriority=\"high\" decoding=\"async\" class=\"alignnone size-full wp-image-5053\" src=\"https:\/\/www.dutchpedelectours.com\/wp-content\/uploads\/2014\/09\/WAZ_800x200.jpg\" alt=\"WAZ_800x200\" width=\"800\" height=\"200\" srcset=\"https:\/\/www.dutchpedelectours.com\/wp-content\/uploads\/2014\/09\/WAZ_800x200.jpg 800w, https:\/\/www.dutchpedelectours.com\/wp-content\/uploads\/2014\/09\/WAZ_800x200-600x150.jpg 600w, https:\/\/www.dutchpedelectours.com\/wp-content\/uploads\/2014\/09\/WAZ_800x200-300x75.jpg 300w, https:\/\/www.dutchpedelectours.com\/wp-content\/uploads\/2014\/09\/WAZ_800x200-250x63.jpg 250w\" sizes=\"(max-width: 800px) 100vw, 800px\" \/><\/a><\/p>\n<p>Wijk aan zee es el pueblo sociable de la costa del mar del Norte cerca de Beverwijk e IJmuiden. Desde este pueblo, es ideal realizar un recorrido en bicicleta por Kennemerduinen o hacia Egmond \/ Alkmaar. Debido a su ubicaci\u00f3n junto al mar, Wijk aan Zee se ha convertido en un destino popular entre los turistas. Aunque esto se refleja en la econom\u00eda de la aldea (que consiste en gran medida en bares y hoteles), Wijk aan Zee contin\u00faa funcionando m\u00e1s o menos tradicionalmente. Se mantiene un sentido de comunidad que es dif\u00edcil de encontrar en otros pueblos costeros y que se manifiesta a trav\u00e9s de una vida p\u00fablica vibrante y un fuerte potencial de organizaci\u00f3n. Si desea alquilar una bicicleta en Wijk aan Zee, cont\u00e1ctenos y le entregaremos el Bicicletas en su hotel o apartamento. Preg\u00fantenos por las rutas especiales que est\u00e1n disponibles o consulte este alquiler de ebike Wijk aan Zee sobre el alquiler de pedelec en Wijk aan Zee.<\/p>\n","protected":false},"excerpt":{"rendered":"<p>Wijk aan zee es el pueblo sociable de la costa del mar del Norte cerca de Beverwijk e IJmuiden. Desde<\/p>\n<div class=\"read-button read_more_btn_text\"><a class=\"read_more\" href=\"https:\/\/www.dutchpedelectours.com\/es\/wijk-aan-zee\/\">Read more<span class=\"arrow_readm\"> &#x25BA;<\/span><\/a><\/div>\n","protected":false},"author":3,"featured_media":0,"parent":0,"menu_order":0,"comment_status":"closed","ping_status":"open","template":"","meta":{"footnotes":""},"class_list":["post-3546","page","type-page","status-publish","hentry"],"yoast_head":"<!-- This site is optimized with the Yoast SEO Premium plugin v27.2 (Yoast SEO v27.3) - https:\/\/yoast.com\/product\/yoast-seo-premium-wordpress\/ -->\n<title>ebike rental wijk aan zee - Dutch Pedelec Tours<\/title>\n<meta name=\"description\" content=\"ebike rental wijk aan zee rom this village it is ideal to take a bicycle tour through the Kennemerduinen or to Egmond\/Alkmaar.\" \/>\n<meta name=\"robots\" content=\"index, follow, max-snippet:-1, max-image-preview:large, max-video-preview:-1\" \/>\n<link rel=\"canonical\" href=\"https:\/\/www.dutchpedelectours.com\/es\/wijk-aan-zee\/\" \/>\n<meta property=\"og:locale\" content=\"es_ES\" \/>\n<meta property=\"og:type\" content=\"article\" \/>\n<meta property=\"og:title\" content=\"Wijk aan Zee\" \/>\n<meta property=\"og:description\" content=\"ebike rental wijk aan zee rom this village it is ideal to take a bicycle tour through the Kennemerduinen or to Egmond\/Alkmaar.\" \/>\n<meta property=\"og:url\" content=\"https:\/\/www.dutchpedelectours.com\/es\/wijk-aan-zee\/\" \/>\n<meta property=\"article:publisher\" content=\"https:\/\/www.facebook.com\/dutchpedelec\" \/>\n<meta property=\"article:modified_time\" content=\"2019-07-27T11:39:54+00:00\" \/>\n<meta property=\"og:image\" content=\"https:\/\/www.dutchpedelectours.com\/wp-content\/uploads\/2014\/09\/WAZ_800x200.jpg\" \/>\n<meta name=\"twitter:card\" content=\"summary_large_image\" \/>\n<meta name=\"twitter:site\" content=\"@dutchpedelec\" \/>\n<meta name=\"twitter:label1\" content=\"Tiempo de lectura\" \/>\n\t<meta name=\"twitter:data1\" content=\"1 minute\" \/>\n<script type=\"application\/ld+json\" class=\"yoast-schema-graph\">{\"@context\":\"https:\\\/\\\/schema.org\",\"@graph\":[{\"@type\":\"WebPage\",\"@id\":\"https:\\\/\\\/www.dutchpedelectours.com\\\/es\\\/wijk-aan-zee\\\/\",\"url\":\"https:\\\/\\\/www.dutchpedelectours.com\\\/es\\\/wijk-aan-zee\\\/\",\"name\":\"ebike rental wijk aan zee - Dutch Pedelec Tours\",\"isPartOf\":{\"@id\":\"https:\\\/\\\/www.dutchpedelectours.com\\\/es\\\/#website\"},\"primaryImageOfPage\":{\"@id\":\"https:\\\/\\\/www.dutchpedelectours.com\\\/es\\\/wijk-aan-zee\\\/#primaryimage\"},\"image\":{\"@id\":\"https:\\\/\\\/www.dutchpedelectours.com\\\/es\\\/wijk-aan-zee\\\/#primaryimage\"},\"thumbnailUrl\":\"https:\\\/\\\/www.dutchpedelectours.com\\\/wp-content\\\/uploads\\\/2014\\\/09\\\/WAZ_800x200.jpg\",\"datePublished\":\"2015-01-06T12:17:37+00:00\",\"dateModified\":\"2019-07-27T11:39:54+00:00\",\"description\":\"ebike rental wijk aan zee rom this village it is ideal to take a bicycle tour through the Kennemerduinen or to Egmond\\\/Alkmaar.\",\"breadcrumb\":{\"@id\":\"https:\\\/\\\/www.dutchpedelectours.com\\\/es\\\/wijk-aan-zee\\\/#breadcrumb\"},\"inLanguage\":\"es-ES\",\"potentialAction\":[{\"@type\":\"ReadAction\",\"target\":[\"https:\\\/\\\/www.dutchpedelectours.com\\\/es\\\/wijk-aan-zee\\\/\"]}]},{\"@type\":\"ImageObject\",\"inLanguage\":\"es-ES\",\"@id\":\"https:\\\/\\\/www.dutchpedelectours.com\\\/es\\\/wijk-aan-zee\\\/#primaryimage\",\"url\":\"https:\\\/\\\/www.dutchpedelectours.com\\\/wp-content\\\/uploads\\\/2014\\\/09\\\/WAZ_800x200.jpg\",\"contentUrl\":\"https:\\\/\\\/www.dutchpedelectours.com\\\/wp-content\\\/uploads\\\/2014\\\/09\\\/WAZ_800x200.jpg\"},{\"@type\":\"BreadcrumbList\",\"@id\":\"https:\\\/\\\/www.dutchpedelectours.com\\\/es\\\/wijk-aan-zee\\\/#breadcrumb\",\"itemListElement\":[{\"@type\":\"ListItem\",\"position\":1,\"name\":\"Home\",\"item\":\"https:\\\/\\\/www.dutchpedelectours.com\\\/es\\\/\"},{\"@type\":\"ListItem\",\"position\":2,\"name\":\"Wijk aan Zee\"}]},{\"@type\":\"WebSite\",\"@id\":\"https:\\\/\\\/www.dutchpedelectours.com\\\/es\\\/#website\",\"url\":\"https:\\\/\\\/www.dutchpedelectours.com\\\/es\\\/\",\"name\":\"\",\"description\":\"E-bike rental in the Netherlands\",\"publisher\":{\"@id\":\"https:\\\/\\\/www.dutchpedelectours.com\\\/es\\\/#organization\"},\"potentialAction\":[{\"@type\":\"SearchAction\",\"target\":{\"@type\":\"EntryPoint\",\"urlTemplate\":\"https:\\\/\\\/www.dutchpedelectours.com\\\/es\\\/?s={search_term_string}\"},\"query-input\":{\"@type\":\"PropertyValueSpecification\",\"valueRequired\":true,\"valueName\":\"search_term_string\"}}],\"inLanguage\":\"es-ES\"},{\"@type\":[\"Organization\",\"Place\",\"TravelAgency\"],\"@id\":\"https:\\\/\\\/www.dutchpedelectours.com\\\/es\\\/#organization\",\"name\":\"Dutch Pedelec Tours\",\"url\":\"https:\\\/\\\/www.dutchpedelectours.com\\\/es\\\/\",\"logo\":{\"@id\":\"https:\\\/\\\/www.dutchpedelectours.com\\\/es\\\/wijk-aan-zee\\\/#local-main-organization-logo\"},\"image\":{\"@id\":\"https:\\\/\\\/www.dutchpedelectours.com\\\/es\\\/wijk-aan-zee\\\/#local-main-organization-logo\"},\"sameAs\":[\"https:\\\/\\\/www.facebook.com\\\/dutchpedelec\",\"https:\\\/\\\/x.com\\\/dutchpedelec\",\"https:\\\/\\\/www.instagram.com\\\/dutchpedelec\\\/\",\"https:\\\/\\\/www.pinterest.com\\\/dutchpedelec\\\/\"],\"address\":{\"@id\":\"https:\\\/\\\/www.dutchpedelectours.com\\\/es\\\/wijk-aan-zee\\\/#local-main-place-address\"},\"geo\":{\"@type\":\"GeoCoordinates\",\"latitude\":\"52.473070\",\"longitude\":\"4.674476\"},\"telephone\":[\"+31 (0)621591870\"],\"openingHoursSpecification\":[{\"@type\":\"OpeningHoursSpecification\",\"dayOfWeek\":[\"Monday\",\"Tuesday\",\"Wednesday\",\"Thursday\",\"Friday\",\"Saturday\",\"Sunday\"],\"opens\":\"09:00\",\"closes\":\"18:00\"}],\"email\":\"info@dutchpedelectours.com\",\"areaServed\":\"the Netherlands\",\"vatID\":\"NL001509724B26\",\"priceRange\":\"$$\",\"currenciesAccepted\":\"Euros\",\"paymentAccepted\":\"cash, creditcard, debetcard\"},{\"@type\":\"PostalAddress\",\"@id\":\"https:\\\/\\\/www.dutchpedelectours.com\\\/es\\\/wijk-aan-zee\\\/#local-main-place-address\",\"streetAddress\":\"Flevoland 11\",\"addressLocality\":\"Beverwijk\",\"postalCode\":\"1948RH\",\"addressRegion\":\"Noord-Holland\",\"addressCountry\":\"NL\"},{\"@type\":\"ImageObject\",\"inLanguage\":\"es-ES\",\"@id\":\"https:\\\/\\\/www.dutchpedelectours.com\\\/es\\\/wijk-aan-zee\\\/#local-main-organization-logo\",\"url\":\"https:\\\/\\\/www.dutchpedelectours.com\\\/wp-content\\\/uploads\\\/2015\\\/03\\\/DPT-FACEBOOK-WIT.jpg\",\"contentUrl\":\"https:\\\/\\\/www.dutchpedelectours.com\\\/wp-content\\\/uploads\\\/2015\\\/03\\\/DPT-FACEBOOK-WIT.jpg\",\"width\":180,\"height\":180,\"caption\":\"Dutch Pedelec Tours\"}]}<\/script>\n<meta name=\"geo.placename\" content=\"Beverwijk\" \/>\n<meta name=\"geo.position\" content=\"52.473070;4.674476\" \/>\n<meta name=\"geo.region\" content=\"Holanda\" \/>\n<!-- \/ Yoast SEO Premium plugin. -->","yoast_head_json":{"title":"ebike rental wijk aan zee - Dutch Pedelec Tours","description":"ebike rental wijk aan zee rom this village it is ideal to take a bicycle tour through the Kennemerduinen or to Egmond\/Alkmaar.","robots":{"index":"index","follow":"follow","max-snippet":"max-snippet:-1","max-image-preview":"max-image-preview:large","max-video-preview":"max-video-preview:-1"},"canonical":"https:\/\/www.dutchpedelectours.com\/es\/wijk-aan-zee\/","og_locale":"es_ES","og_type":"article","og_title":"Wijk aan Zee","og_description":"ebike rental wijk aan zee rom this village it is ideal to take a bicycle tour through the Kennemerduinen or to Egmond\/Alkmaar.","og_url":"https:\/\/www.dutchpedelectours.com\/es\/wijk-aan-zee\/","article_publisher":"https:\/\/www.facebook.com\/dutchpedelec","article_modified_time":"2019-07-27T11:39:54+00:00","og_image":[{"url":"https:\/\/www.dutchpedelectours.com\/wp-content\/uploads\/2014\/09\/WAZ_800x200.jpg","type":"","width":"","height":""}],"twitter_card":"summary_large_image","twitter_site":"@dutchpedelec","twitter_misc":{"Tiempo de lectura":"1 minute"},"schema":{"@context":"https:\/\/schema.org","@graph":[{"@type":"WebPage","@id":"https:\/\/www.dutchpedelectours.com\/es\/wijk-aan-zee\/","url":"https:\/\/www.dutchpedelectours.com\/es\/wijk-aan-zee\/","name":"ebike rental wijk aan zee - Dutch Pedelec Tours","isPartOf":{"@id":"https:\/\/www.dutchpedelectours.com\/es\/#website"},"primaryImageOfPage":{"@id":"https:\/\/www.dutchpedelectours.com\/es\/wijk-aan-zee\/#primaryimage"},"image":{"@id":"https:\/\/www.dutchpedelectours.com\/es\/wijk-aan-zee\/#primaryimage"},"thumbnailUrl":"https:\/\/www.dutchpedelectours.com\/wp-content\/uploads\/2014\/09\/WAZ_800x200.jpg","datePublished":"2015-01-06T12:17:37+00:00","dateModified":"2019-07-27T11:39:54+00:00","description":"ebike rental wijk aan zee rom this village it is ideal to take a bicycle tour through the Kennemerduinen or to Egmond\/Alkmaar.","breadcrumb":{"@id":"https:\/\/www.dutchpedelectours.com\/es\/wijk-aan-zee\/#breadcrumb"},"inLanguage":"es-ES","potentialAction":[{"@type":"ReadAction","target":["https:\/\/www.dutchpedelectours.com\/es\/wijk-aan-zee\/"]}]},{"@type":"ImageObject","inLanguage":"es-ES","@id":"https:\/\/www.dutchpedelectours.com\/es\/wijk-aan-zee\/#primaryimage","url":"https:\/\/www.dutchpedelectours.com\/wp-content\/uploads\/2014\/09\/WAZ_800x200.jpg","contentUrl":"https:\/\/www.dutchpedelectours.com\/wp-content\/uploads\/2014\/09\/WAZ_800x200.jpg"},{"@type":"BreadcrumbList","@id":"https:\/\/www.dutchpedelectours.com\/es\/wijk-aan-zee\/#breadcrumb","itemListElement":[{"@type":"ListItem","position":1,"name":"Home","item":"https:\/\/www.dutchpedelectours.com\/es\/"},{"@type":"ListItem","position":2,"name":"Wijk aan Zee"}]},{"@type":"WebSite","@id":"https:\/\/www.dutchpedelectours.com\/es\/#website","url":"https:\/\/www.dutchpedelectours.com\/es\/","name":"","description":"E-bike rental in the Netherlands","publisher":{"@id":"https:\/\/www.dutchpedelectours.com\/es\/#organization"},"potentialAction":[{"@type":"SearchAction","target":{"@type":"EntryPoint","urlTemplate":"https:\/\/www.dutchpedelectours.com\/es\/?s={search_term_string}"},"query-input":{"@type":"PropertyValueSpecification","valueRequired":true,"valueName":"search_term_string"}}],"inLanguage":"es-ES"},{"@type":["Organization","Place","TravelAgency"],"@id":"https:\/\/www.dutchpedelectours.com\/es\/#organization","name":"Dutch Pedelec Tours","url":"https:\/\/www.dutchpedelectours.com\/es\/","logo":{"@id":"https:\/\/www.dutchpedelectours.com\/es\/wijk-aan-zee\/#local-main-organization-logo"},"image":{"@id":"https:\/\/www.dutchpedelectours.com\/es\/wijk-aan-zee\/#local-main-organization-logo"},"sameAs":["https:\/\/www.facebook.com\/dutchpedelec","https:\/\/x.com\/dutchpedelec","https:\/\/www.instagram.com\/dutchpedelec\/","https:\/\/www.pinterest.com\/dutchpedelec\/"],"address":{"@id":"https:\/\/www.dutchpedelectours.com\/es\/wijk-aan-zee\/#local-main-place-address"},"geo":{"@type":"GeoCoordinates","latitude":"52.473070","longitude":"4.674476"},"telephone":["+31 (0)621591870"],"openingHoursSpecification":[{"@type":"OpeningHoursSpecification","dayOfWeek":["Monday","Tuesday","Wednesday","Thursday","Friday","Saturday","Sunday"],"opens":"09:00","closes":"18:00"}],"email":"info@dutchpedelectours.com","areaServed":"the Netherlands","vatID":"NL001509724B26","priceRange":"$$","currenciesAccepted":"Euros","paymentAccepted":"cash, creditcard, debetcard"},{"@type":"PostalAddress","@id":"https:\/\/www.dutchpedelectours.com\/es\/wijk-aan-zee\/#local-main-place-address","streetAddress":"Flevoland 11","addressLocality":"Beverwijk","postalCode":"1948RH","addressRegion":"Noord-Holland","addressCountry":"NL"},{"@type":"ImageObject","inLanguage":"es-ES","@id":"https:\/\/www.dutchpedelectours.com\/es\/wijk-aan-zee\/#local-main-organization-logo","url":"https:\/\/www.dutchpedelectours.com\/wp-content\/uploads\/2015\/03\/DPT-FACEBOOK-WIT.jpg","contentUrl":"https:\/\/www.dutchpedelectours.com\/wp-content\/uploads\/2015\/03\/DPT-FACEBOOK-WIT.jpg","width":180,"height":180,"caption":"Dutch Pedelec Tours"}]},"geo.placename":"Beverwijk","geo.position":{"lat":"52.473070","long":"4.674476"},"geo.region":"Holanda"},"_links":{"self":[{"href":"https:\/\/www.dutchpedelectours.com\/es\/wp-json\/wp\/v2\/pages\/3546","targetHints":{"allow":["GET"]}}],"collection":[{"href":"https:\/\/www.dutchpedelectours.com\/es\/wp-json\/wp\/v2\/pages"}],"about":[{"href":"https:\/\/www.dutchpedelectours.com\/es\/wp-json\/wp\/v2\/types\/page"}],"author":[{"embeddable":true,"href":"https:\/\/www.dutchpedelectours.com\/es\/wp-json\/wp\/v2\/users\/3"}],"replies":[{"embeddable":true,"href":"https:\/\/www.dutchpedelectours.com\/es\/wp-json\/wp\/v2\/comments?post=3546"}],"version-history":[{"count":0,"href":"https:\/\/www.dutchpedelectours.com\/es\/wp-json\/wp\/v2\/pages\/3546\/revisions"}],"wp:attachment":[{"href":"https:\/\/www.dutchpedelectours.com\/es\/wp-json\/wp\/v2\/media?parent=3546"}],"curies":[{"name":"wp","href":"https:\/\/api.w.org\/{rel}","templated":true}]}}