{"id":3869,"date":"2015-01-06T21:25:08","date_gmt":"2015-01-06T21:25:08","guid":{"rendered":"https:\/\/www.dutchpedelectours.com\/?page_id=3869"},"modified":"2015-01-06T21:25:08","modified_gmt":"2015-01-06T21:25:08","slug":"la-bicicleta-viaja-de-haarlem","status":"publish","type":"page","link":"https:\/\/www.dutchpedelectours.com\/es\/cycletouring\/la-bicicleta-viaja-de-haarlem\/","title":{"rendered":"La bicicleta viaja de Haarlem"},"content":{"rendered":"<p><strong>Haarlem, una ciudad hospitalaria con un coraz\u00f3n hist\u00f3rico<\/strong>. Haarlem es un municipio y una ciudad de los Pa\u00edses Bajos, capital de la provincia de Holanda Septentrional, se ubica al r\u00edo Spaarne, cerca la desembocadura del r\u00edo Spaarne al Noordzeekanaal, distante a tan solo 20 km al oeste de la capital nacional \u00c1msterdam. En 1658 los holandeses dieron, en honor a este municipio, el nombre de Nieuw Haarlem (&#8216;Nueva Haarlem&#8217;) a la localidad de Manhattan, Nueva York. Luego, en 1664, cuando los brit\u00e1nicos tomaron el control de la colonia holandesa la bautizaron con su nombre definitivo: New York (Nueva York). La ciudad es famosa por sus muchos hofjes: asilos construidos alrededor de patios. Estos eran principalmente hospicios de fundaci\u00f3n privada para ancianas solteras. Hoy en d\u00eda quedan 19 hofjes en Haarlem; muchos abiertos al p\u00fablico los fines de semana. Muchos hofjes siguen perteneciendo a las fundaciones originales, y a\u00fan se usan para mujeres solteras ancianas. <a href=\"https:\/\/www.dutchpedelectours.com\/wp-content\/uploads\/2013\/10\/300px-Grote-Kerk-Haarlem.jpg\"><img fetchpriority=\"high\" decoding=\"async\" class=\"size-full wp-image-2209 alignnone\" src=\"https:\/\/www.dutchpedelectours.com\/wp-content\/uploads\/2013\/10\/300px-Grote-Kerk-Haarlem.jpg\" alt=\"300px-Grote-Kerk-Haarlem\" width=\"300\" height=\"228\" \/><\/a> <iframe data-src=\"\/\/www.youtube.com\/embed\/NrYAGP5I214\" width=\"560\" height=\"315\" frameborder=\"0\" allowfullscreen=\"allowfullscreen\" src=\"data:image\/svg+xml;base64,PHN2ZyB3aWR0aD0iMSIgaGVpZ2h0PSIxIiB4bWxucz0iaHR0cDovL3d3dy53My5vcmcvMjAwMC9zdmciPjwvc3ZnPg==\" class=\"lazyload\" data-load-mode=\"1\"><\/iframe><\/p>\n<p>\u00e9ntrenos en <a title=\"Contact\" href=\"https:\/\/www.dutchpedelectours.com\/contact\/\">contacto<\/a> con para descubrir m\u00e1s!.<\/p>\n","protected":false},"excerpt":{"rendered":"<p>Haarlem, una ciudad hospitalaria con un coraz\u00f3n hist\u00f3rico. Haarlem es un municipio y una ciudad de los Pa\u00edses Bajos, capital<\/p>\n<div class=\"read-button read_more_btn_text\"><a class=\"read_more\" href=\"https:\/\/www.dutchpedelectours.com\/es\/cycletouring\/la-bicicleta-viaja-de-haarlem\/\">Read more<span class=\"arrow_readm\"> &#x25BA;<\/span><\/a><\/div>\n","protected":false},"author":3,"featured_media":0,"parent":3565,"menu_order":0,"comment_status":"open","ping_status":"open","template":"","meta":{"footnotes":""},"class_list":["post-3869","page","type-page","status-publish","hentry"],"yoast_head":"<!-- This site is optimized with the Yoast SEO Premium plugin v27.4 (Yoast SEO v27.4) - https:\/\/yoast.com\/product\/yoast-seo-premium-wordpress\/ -->\n<title>La bicicleta viaja de Haarlem -<\/title>\n<meta name=\"robots\" content=\"index, follow, max-snippet:-1, max-image-preview:large, max-video-preview:-1\" \/>\n<link rel=\"canonical\" href=\"https:\/\/www.dutchpedelectours.com\/es\/cycletouring\/la-bicicleta-viaja-de-haarlem\/\" \/>\n<meta property=\"og:locale\" content=\"es_ES\" \/>\n<meta property=\"og:type\" content=\"article\" \/>\n<meta property=\"og:title\" content=\"La bicicleta viaja de Haarlem\" \/>\n<meta property=\"og:description\" content=\"Haarlem, una ciudad hospitalaria con un coraz\u00f3n hist\u00f3rico. Haarlem es un municipio y una ciudad de los Pa\u00edses Bajos, capitalRead more &#x25BA;\" \/>\n<meta property=\"og:url\" content=\"https:\/\/www.dutchpedelectours.com\/es\/cycletouring\/la-bicicleta-viaja-de-haarlem\/\" \/>\n<meta property=\"article:publisher\" content=\"https:\/\/www.facebook.com\/dutchpedelec\" \/>\n<meta property=\"og:image\" content=\"https:\/\/www.dutchpedelectours.com\/wp-content\/uploads\/2013\/10\/300px-Grote-Kerk-Haarlem.jpg\" \/>\n<meta name=\"twitter:card\" content=\"summary_large_image\" \/>\n<meta name=\"twitter:site\" content=\"@dutchpedelec\" \/>\n<meta name=\"twitter:label1\" content=\"Tiempo de lectura\" \/>\n\t<meta name=\"twitter:data1\" content=\"1 minute\" \/>\n<script type=\"application\/ld+json\" class=\"yoast-schema-graph\">{\"@context\":\"https:\\\/\\\/schema.org\",\"@graph\":[{\"@type\":\"WebPage\",\"@id\":\"https:\\\/\\\/www.dutchpedelectours.com\\\/es\\\/cycletouring\\\/la-bicicleta-viaja-de-haarlem\\\/\",\"url\":\"https:\\\/\\\/www.dutchpedelectours.com\\\/es\\\/cycletouring\\\/la-bicicleta-viaja-de-haarlem\\\/\",\"name\":\"La bicicleta viaja de Haarlem -\",\"isPartOf\":{\"@id\":\"https:\\\/\\\/www.dutchpedelectours.com\\\/es\\\/#website\"},\"primaryImageOfPage\":{\"@id\":\"https:\\\/\\\/www.dutchpedelectours.com\\\/es\\\/cycletouring\\\/la-bicicleta-viaja-de-haarlem\\\/#primaryimage\"},\"image\":{\"@id\":\"https:\\\/\\\/www.dutchpedelectours.com\\\/es\\\/cycletouring\\\/la-bicicleta-viaja-de-haarlem\\\/#primaryimage\"},\"thumbnailUrl\":\"https:\\\/\\\/www.dutchpedelectours.com\\\/wp-content\\\/uploads\\\/2013\\\/10\\\/300px-Grote-Kerk-Haarlem.jpg\",\"datePublished\":\"2015-01-06T21:25:08+00:00\",\"breadcrumb\":{\"@id\":\"https:\\\/\\\/www.dutchpedelectours.com\\\/es\\\/cycletouring\\\/la-bicicleta-viaja-de-haarlem\\\/#breadcrumb\"},\"inLanguage\":\"es-ES\",\"potentialAction\":[{\"@type\":\"ReadAction\",\"target\":[\"https:\\\/\\\/www.dutchpedelectours.com\\\/es\\\/cycletouring\\\/la-bicicleta-viaja-de-haarlem\\\/\"]}]},{\"@type\":\"ImageObject\",\"inLanguage\":\"es-ES\",\"@id\":\"https:\\\/\\\/www.dutchpedelectours.com\\\/es\\\/cycletouring\\\/la-bicicleta-viaja-de-haarlem\\\/#primaryimage\",\"url\":\"https:\\\/\\\/www.dutchpedelectours.com\\\/wp-content\\\/uploads\\\/2013\\\/10\\\/300px-Grote-Kerk-Haarlem.jpg\",\"contentUrl\":\"https:\\\/\\\/www.dutchpedelectours.com\\\/wp-content\\\/uploads\\\/2013\\\/10\\\/300px-Grote-Kerk-Haarlem.jpg\"},{\"@type\":\"BreadcrumbList\",\"@id\":\"https:\\\/\\\/www.dutchpedelectours.com\\\/es\\\/cycletouring\\\/la-bicicleta-viaja-de-haarlem\\\/#breadcrumb\",\"itemListElement\":[{\"@type\":\"ListItem\",\"position\":1,\"name\":\"Home\",\"item\":\"https:\\\/\\\/www.dutchpedelectours.com\\\/es\\\/\"},{\"@type\":\"ListItem\",\"position\":2,\"name\":\"Reserve un viaje\",\"item\":\"https:\\\/\\\/www.dutchpedelectours.com\\\/es\\\/cycletouring\\\/\"},{\"@type\":\"ListItem\",\"position\":3,\"name\":\"La bicicleta viaja de Haarlem\"}]},{\"@type\":\"WebSite\",\"@id\":\"https:\\\/\\\/www.dutchpedelectours.com\\\/es\\\/#website\",\"url\":\"https:\\\/\\\/www.dutchpedelectours.com\\\/es\\\/\",\"name\":\"\",\"description\":\"E-bike rental in the Netherlands\",\"publisher\":{\"@id\":\"https:\\\/\\\/www.dutchpedelectours.com\\\/es\\\/#organization\"},\"potentialAction\":[{\"@type\":\"SearchAction\",\"target\":{\"@type\":\"EntryPoint\",\"urlTemplate\":\"https:\\\/\\\/www.dutchpedelectours.com\\\/es\\\/?s={search_term_string}\"},\"query-input\":{\"@type\":\"PropertyValueSpecification\",\"valueRequired\":true,\"valueName\":\"search_term_string\"}}],\"inLanguage\":\"es-ES\"},{\"@type\":[\"Organization\",\"Place\",\"TravelAgency\"],\"@id\":\"https:\\\/\\\/www.dutchpedelectours.com\\\/es\\\/#organization\",\"name\":\"Dutch Pedelec Tours\",\"url\":\"https:\\\/\\\/www.dutchpedelectours.com\\\/es\\\/\",\"logo\":{\"@id\":\"https:\\\/\\\/www.dutchpedelectours.com\\\/es\\\/cycletouring\\\/la-bicicleta-viaja-de-haarlem\\\/#local-main-organization-logo\"},\"image\":{\"@id\":\"https:\\\/\\\/www.dutchpedelectours.com\\\/es\\\/cycletouring\\\/la-bicicleta-viaja-de-haarlem\\\/#local-main-organization-logo\"},\"sameAs\":[\"https:\\\/\\\/www.facebook.com\\\/dutchpedelec\",\"https:\\\/\\\/x.com\\\/dutchpedelec\",\"https:\\\/\\\/www.instagram.com\\\/dutchpedelec\\\/\",\"https:\\\/\\\/www.pinterest.com\\\/dutchpedelec\\\/\"],\"address\":{\"@id\":\"https:\\\/\\\/www.dutchpedelectours.com\\\/es\\\/cycletouring\\\/la-bicicleta-viaja-de-haarlem\\\/#local-main-place-address\"},\"geo\":{\"@type\":\"GeoCoordinates\",\"latitude\":\"52.473070\",\"longitude\":\"4.674476\"},\"telephone\":[\"+31 (0)621591870\"],\"openingHoursSpecification\":[{\"@type\":\"OpeningHoursSpecification\",\"dayOfWeek\":[\"Monday\",\"Tuesday\",\"Wednesday\",\"Thursday\",\"Friday\",\"Saturday\",\"Sunday\"],\"opens\":\"09:00\",\"closes\":\"18:00\"}],\"email\":\"info@dutchpedelectours.com\",\"areaServed\":\"the Netherlands\",\"vatID\":\"NL001509724B26\",\"priceRange\":\"$$\",\"currenciesAccepted\":\"Euros\",\"paymentAccepted\":\"cash, creditcard, debetcard\"},{\"@type\":\"PostalAddress\",\"@id\":\"https:\\\/\\\/www.dutchpedelectours.com\\\/es\\\/cycletouring\\\/la-bicicleta-viaja-de-haarlem\\\/#local-main-place-address\",\"streetAddress\":\"Flevoland 11\",\"addressLocality\":\"Beverwijk\",\"postalCode\":\"1948RH\",\"addressRegion\":\"Noord-Holland\",\"addressCountry\":\"NL\"},{\"@type\":\"ImageObject\",\"inLanguage\":\"es-ES\",\"@id\":\"https:\\\/\\\/www.dutchpedelectours.com\\\/es\\\/cycletouring\\\/la-bicicleta-viaja-de-haarlem\\\/#local-main-organization-logo\",\"url\":\"https:\\\/\\\/www.dutchpedelectours.com\\\/wp-content\\\/uploads\\\/2015\\\/03\\\/DPT-FACEBOOK-WIT.jpg\",\"contentUrl\":\"https:\\\/\\\/www.dutchpedelectours.com\\\/wp-content\\\/uploads\\\/2015\\\/03\\\/DPT-FACEBOOK-WIT.jpg\",\"width\":180,\"height\":180,\"caption\":\"Dutch Pedelec Tours\"}]}<\/script>\n<meta name=\"geo.placename\" content=\"Beverwijk\" \/>\n<meta name=\"geo.position\" content=\"52.473070;4.674476\" \/>\n<meta name=\"geo.region\" content=\"Holanda\" \/>\n<!-- \/ Yoast SEO Premium plugin. -->","yoast_head_json":{"title":"La bicicleta viaja de Haarlem -","robots":{"index":"index","follow":"follow","max-snippet":"max-snippet:-1","max-image-preview":"max-image-preview:large","max-video-preview":"max-video-preview:-1"},"canonical":"https:\/\/www.dutchpedelectours.com\/es\/cycletouring\/la-bicicleta-viaja-de-haarlem\/","og_locale":"es_ES","og_type":"article","og_title":"La bicicleta viaja de Haarlem","og_description":"Haarlem, una ciudad hospitalaria con un coraz\u00f3n hist\u00f3rico. Haarlem es un municipio y una ciudad de los Pa\u00edses Bajos, capitalRead more &#x25BA;","og_url":"https:\/\/www.dutchpedelectours.com\/es\/cycletouring\/la-bicicleta-viaja-de-haarlem\/","article_publisher":"https:\/\/www.facebook.com\/dutchpedelec","og_image":[{"url":"https:\/\/www.dutchpedelectours.com\/wp-content\/uploads\/2013\/10\/300px-Grote-Kerk-Haarlem.jpg","type":"","width":"","height":""}],"twitter_card":"summary_large_image","twitter_site":"@dutchpedelec","twitter_misc":{"Tiempo de lectura":"1 minute"},"schema":{"@context":"https:\/\/schema.org","@graph":[{"@type":"WebPage","@id":"https:\/\/www.dutchpedelectours.com\/es\/cycletouring\/la-bicicleta-viaja-de-haarlem\/","url":"https:\/\/www.dutchpedelectours.com\/es\/cycletouring\/la-bicicleta-viaja-de-haarlem\/","name":"La bicicleta viaja de Haarlem -","isPartOf":{"@id":"https:\/\/www.dutchpedelectours.com\/es\/#website"},"primaryImageOfPage":{"@id":"https:\/\/www.dutchpedelectours.com\/es\/cycletouring\/la-bicicleta-viaja-de-haarlem\/#primaryimage"},"image":{"@id":"https:\/\/www.dutchpedelectours.com\/es\/cycletouring\/la-bicicleta-viaja-de-haarlem\/#primaryimage"},"thumbnailUrl":"https:\/\/www.dutchpedelectours.com\/wp-content\/uploads\/2013\/10\/300px-Grote-Kerk-Haarlem.jpg","datePublished":"2015-01-06T21:25:08+00:00","breadcrumb":{"@id":"https:\/\/www.dutchpedelectours.com\/es\/cycletouring\/la-bicicleta-viaja-de-haarlem\/#breadcrumb"},"inLanguage":"es-ES","potentialAction":[{"@type":"ReadAction","target":["https:\/\/www.dutchpedelectours.com\/es\/cycletouring\/la-bicicleta-viaja-de-haarlem\/"]}]},{"@type":"ImageObject","inLanguage":"es-ES","@id":"https:\/\/www.dutchpedelectours.com\/es\/cycletouring\/la-bicicleta-viaja-de-haarlem\/#primaryimage","url":"https:\/\/www.dutchpedelectours.com\/wp-content\/uploads\/2013\/10\/300px-Grote-Kerk-Haarlem.jpg","contentUrl":"https:\/\/www.dutchpedelectours.com\/wp-content\/uploads\/2013\/10\/300px-Grote-Kerk-Haarlem.jpg"},{"@type":"BreadcrumbList","@id":"https:\/\/www.dutchpedelectours.com\/es\/cycletouring\/la-bicicleta-viaja-de-haarlem\/#breadcrumb","itemListElement":[{"@type":"ListItem","position":1,"name":"Home","item":"https:\/\/www.dutchpedelectours.com\/es\/"},{"@type":"ListItem","position":2,"name":"Reserve un viaje","item":"https:\/\/www.dutchpedelectours.com\/es\/cycletouring\/"},{"@type":"ListItem","position":3,"name":"La bicicleta viaja de Haarlem"}]},{"@type":"WebSite","@id":"https:\/\/www.dutchpedelectours.com\/es\/#website","url":"https:\/\/www.dutchpedelectours.com\/es\/","name":"","description":"E-bike rental in the Netherlands","publisher":{"@id":"https:\/\/www.dutchpedelectours.com\/es\/#organization"},"potentialAction":[{"@type":"SearchAction","target":{"@type":"EntryPoint","urlTemplate":"https:\/\/www.dutchpedelectours.com\/es\/?s={search_term_string}"},"query-input":{"@type":"PropertyValueSpecification","valueRequired":true,"valueName":"search_term_string"}}],"inLanguage":"es-ES"},{"@type":["Organization","Place","TravelAgency"],"@id":"https:\/\/www.dutchpedelectours.com\/es\/#organization","name":"Dutch Pedelec Tours","url":"https:\/\/www.dutchpedelectours.com\/es\/","logo":{"@id":"https:\/\/www.dutchpedelectours.com\/es\/cycletouring\/la-bicicleta-viaja-de-haarlem\/#local-main-organization-logo"},"image":{"@id":"https:\/\/www.dutchpedelectours.com\/es\/cycletouring\/la-bicicleta-viaja-de-haarlem\/#local-main-organization-logo"},"sameAs":["https:\/\/www.facebook.com\/dutchpedelec","https:\/\/x.com\/dutchpedelec","https:\/\/www.instagram.com\/dutchpedelec\/","https:\/\/www.pinterest.com\/dutchpedelec\/"],"address":{"@id":"https:\/\/www.dutchpedelectours.com\/es\/cycletouring\/la-bicicleta-viaja-de-haarlem\/#local-main-place-address"},"geo":{"@type":"GeoCoordinates","latitude":"52.473070","longitude":"4.674476"},"telephone":["+31 (0)621591870"],"openingHoursSpecification":[{"@type":"OpeningHoursSpecification","dayOfWeek":["Monday","Tuesday","Wednesday","Thursday","Friday","Saturday","Sunday"],"opens":"09:00","closes":"18:00"}],"email":"info@dutchpedelectours.com","areaServed":"the Netherlands","vatID":"NL001509724B26","priceRange":"$$","currenciesAccepted":"Euros","paymentAccepted":"cash, creditcard, debetcard"},{"@type":"PostalAddress","@id":"https:\/\/www.dutchpedelectours.com\/es\/cycletouring\/la-bicicleta-viaja-de-haarlem\/#local-main-place-address","streetAddress":"Flevoland 11","addressLocality":"Beverwijk","postalCode":"1948RH","addressRegion":"Noord-Holland","addressCountry":"NL"},{"@type":"ImageObject","inLanguage":"es-ES","@id":"https:\/\/www.dutchpedelectours.com\/es\/cycletouring\/la-bicicleta-viaja-de-haarlem\/#local-main-organization-logo","url":"https:\/\/www.dutchpedelectours.com\/wp-content\/uploads\/2015\/03\/DPT-FACEBOOK-WIT.jpg","contentUrl":"https:\/\/www.dutchpedelectours.com\/wp-content\/uploads\/2015\/03\/DPT-FACEBOOK-WIT.jpg","width":180,"height":180,"caption":"Dutch Pedelec Tours"}]},"geo.placename":"Beverwijk","geo.position":{"lat":"52.473070","long":"4.674476"},"geo.region":"Holanda"},"_links":{"self":[{"href":"https:\/\/www.dutchpedelectours.com\/es\/wp-json\/wp\/v2\/pages\/3869","targetHints":{"allow":["GET"]}}],"collection":[{"href":"https:\/\/www.dutchpedelectours.com\/es\/wp-json\/wp\/v2\/pages"}],"about":[{"href":"https:\/\/www.dutchpedelectours.com\/es\/wp-json\/wp\/v2\/types\/page"}],"author":[{"embeddable":true,"href":"https:\/\/www.dutchpedelectours.com\/es\/wp-json\/wp\/v2\/users\/3"}],"replies":[{"embeddable":true,"href":"https:\/\/www.dutchpedelectours.com\/es\/wp-json\/wp\/v2\/comments?post=3869"}],"version-history":[{"count":0,"href":"https:\/\/www.dutchpedelectours.com\/es\/wp-json\/wp\/v2\/pages\/3869\/revisions"}],"up":[{"embeddable":true,"href":"https:\/\/www.dutchpedelectours.com\/es\/wp-json\/wp\/v2\/pages\/3565"}],"wp:attachment":[{"href":"https:\/\/www.dutchpedelectours.com\/es\/wp-json\/wp\/v2\/media?parent=3869"}],"curies":[{"name":"wp","href":"https:\/\/api.w.org\/{rel}","templated":true}]}}