{"id":6412,"date":"2017-01-25T14:13:57","date_gmt":"2017-01-25T14:13:57","guid":{"rendered":"https:\/\/www.dutchpedelectours.com\/?page_id=6412\/"},"modified":"2017-01-25T14:13:57","modified_gmt":"2017-01-25T14:13:57","slug":"tour-en-bici-desde-haarlem","status":"publish","type":"page","link":"https:\/\/www.dutchpedelectours.com\/es\/cycletouring\/tour-en-bici-desde-haarlem\/","title":{"rendered":"Tour en bici desde Haarlem"},"content":{"rendered":"<div id=\"attachment_6211\" style=\"width: 490px\" class=\"wp-caption alignnone\"><a href=\"https:\/\/www.dutchpedelectours.com\/wp-content\/uploads\/2014\/02\/Fotolia_75961008_M-e1450612941386.jpg\"><img fetchpriority=\"high\" decoding=\"async\" aria-describedby=\"caption-attachment-6211\" class=\"wp-image-6211 size-full\" src=\"https:\/\/www.dutchpedelectours.com\/wp-content\/uploads\/2014\/02\/Fotolia_75961008_M-e1450612941386.jpg\" alt=\"Tour en bici por los campos de tulipanes y dunas\" width=\"480\" height=\"304\"><\/a><p id=\"caption-attachment-6211\" class=\"wp-caption-text\">Purple and pink hyacinth flowers in front of three windmills in the Bulb Region in Holland.<\/p><\/div>\n<h1>Tour en bici desde Haarlem por los campos de tulipanes y dunas<\/h1>\n<h2>4 razones para reservar tu tour en bici campo de tulipanes Haarlem con Verita\u2019s Visit<\/h2>\n<p>&#8211; Un tour superrelajado gracias a la bici el\u00e9ctrica<br \/>\n&#8211; Pasando multiples pueblos de flores, las dunas y campos de flores<br \/>\n&#8211; Las mejores escenas tip\u00edcas de Holanda en un tour de bici.<br \/>\n&#8211; Posibilidad de ver el mar. La ruta en bici est\u00e1 completamente adaptable a tus deseos.<\/p>\n<p><strong>Sigue leyendo en espa\u00f1ol<\/strong><br \/>\nEl tour en bici campos de tulipanes \u2013 Haarlem es un tour superrelajado porque lo hacemos en una bici el\u00e9ctrica. As\u00ed llegamos sin problemas en los pueblos florales de la region de los flores bulbos de Holanda y podemos disfrutas las panoramas y escenas t\u00edpicas de Holanda como las vacas blancas y negras en praderas verdes , los molinos cerca de los canales y por supuesto los campos de flores primaverales. El paisaje de la ruta es maravilloso. Al lado de una buen cantidad de campos perfumados de jacintos y multicoloridos campos de tulipanes, el tour en bici Haarlem \u2013 campos de tulipanes pasa por bosque y dunas.&nbsp; La ruta en bici no est\u00e1 fija, asi que mientras estamos pedaleando podemos eligir por una visita a la playa o un caf\u00e9 con vista a los campos de tulipanes o una visita a uno de los festivales florales que se celebran este \u00e9poca. Nuestro destino final ser\u00e1 el Keukenhof, jard\u00edn de tulipanes, jacintos y otros flores bulbos.<br \/>\n&nbsp;<\/p>\n<p><a href=\"https:\/\/www.pinterest.com\/dutchpedelec\/tulip-tours-and-more\/\" target=\"_blank\"><img decoding=\"async\" class=\"wp-image-1664 size-full lazyload\" data-src=\"https:\/\/www.dutchpedelectours.com\/wp-content\/uploads\/2014\/02\/Schermafbeelding-2014-04-21-om-15.28.20.png\" alt=\"overzicht tulpenroute tour\" width=\"239\" height=\"246\" src=\"data:image\/svg+xml;base64,PHN2ZyB3aWR0aD0iMSIgaGVpZ2h0PSIxIiB4bWxucz0iaHR0cDovL3d3dy53My5vcmcvMjAwMC9zdmciPjwvc3ZnPg==\" style=\"--smush-placeholder-width: 239px; --smush-placeholder-aspect-ratio: 239\/246;\"><\/a><\/p>\n<p>overview tulip tour<\/p>\n<div id=\"TA_cdsratingsonlynarrow862\" class=\"TA_cdsratingsonlynarrow\">\n<ul id=\"Lvn7arg8QcHe\" class=\"TA_links j1iBTsE4Q\">\n<li id=\"YEGxFW4ugl1l\" class=\"gjwh4UGf\"><a href=\"https:\/\/www.tripadvisor.co.uk\/\" target=\"_blank\"><img decoding=\"async\" data-src=\"https:\/\/www.tripadvisor.co.uk\/img\/cdsi\/img2\/branding\/tripadvisor_logo_transp_340x80-18034-2.png\" alt=\"TripAdvisor\" src=\"data:image\/svg+xml;base64,PHN2ZyB3aWR0aD0iMSIgaGVpZ2h0PSIxIiB4bWxucz0iaHR0cDovL3d3dy53My5vcmcvMjAwMC9zdmciPjwvc3ZnPg==\" class=\"lazyload\"><\/a><\/li>\n<\/ul>\n<\/div>\n<p><script src=\"https:\/\/www.jscache.com\/wejs?wtype=cdsratingsonlynarrow&amp;uniq=862&amp;locationId=4573292&amp;lang=en_UK&amp;border=true&amp;display_version=2\"><\/script><\/p>\n<p><iframe data-src=\"https:\/\/www.google.nl\/maps\/ms?msa=0&amp;msid=202457936388051168685.0004f8ce739d8b7293260&amp;hl=nl&amp;ie=UTF8&amp;t=m&amp;ll=52.336742,4.561244&amp;spn=0.196762,0.136068&amp;output=embed\" marginwidth=\"0\" marginheight=\"0\" scrolling=\"no\" data-mce-fragment=\"1\" width=\"425\" height=\"350\" frameborder=\"0\" src=\"data:image\/svg+xml;base64,PHN2ZyB3aWR0aD0iMSIgaGVpZ2h0PSIxIiB4bWxucz0iaHR0cDovL3d3dy53My5vcmcvMjAwMC9zdmciPjwvc3ZnPg==\" class=\"lazyload\" data-load-mode=\"1\"><\/iframe><\/p>\n<p><small>Show&nbsp;<a style=\"color: #0000ff; text-align: left;\" href=\"https:\/\/www.google.nl\/maps\/ms?msa=0&amp;msid=202457936388051168685.0004f8ce739d8b7293260&amp;hl=nl&amp;ie=UTF8&amp;t=m&amp;ll=52.336742,4.561244&amp;spn=0.196762,0.136068&amp;source=embed\">Tulip bike tour<\/a>&nbsp;on a larger scale. <\/small><\/p>\n","protected":false},"excerpt":{"rendered":"<p>Tour en bici desde Haarlem por los campos de tulipanes y dunas 4 razones para reservar tu tour en bici<\/p>\n<div class=\"read-button read_more_btn_text\"><a class=\"read_more\" href=\"https:\/\/www.dutchpedelectours.com\/es\/cycletouring\/tour-en-bici-desde-haarlem\/\">Read more<span class=\"arrow_readm\"> &#x25BA;<\/span><\/a><\/div>\n","protected":false},"author":3,"featured_media":0,"parent":3565,"menu_order":0,"comment_status":"closed","ping_status":"open","template":"","meta":{"footnotes":""},"class_list":["post-6412","page","type-page","status-publish","hentry"],"yoast_head":"<!-- This site is optimized with the Yoast SEO Premium plugin v27.4 (Yoast SEO v27.4) - https:\/\/yoast.com\/product\/yoast-seo-premium-wordpress\/ -->\n<title>Tour en bici por los campos de tulipanes y dunas - Dutch Pedelec Tours<\/title>\n<meta name=\"description\" content=\"El tour en bici por los campos de tulipanes y dunas \u2013 Haarlem es un tour superrelajado porque lo hacemos en una bici el\u00e9ctrica\" \/>\n<meta name=\"robots\" content=\"index, follow, max-snippet:-1, max-image-preview:large, max-video-preview:-1\" \/>\n<link rel=\"canonical\" href=\"https:\/\/www.dutchpedelectours.com\/es\/cycletouring\/tour-en-bici-desde-haarlem\/\" \/>\n<meta property=\"og:locale\" content=\"es_ES\" \/>\n<meta property=\"og:type\" content=\"article\" \/>\n<meta property=\"og:title\" content=\"Tour en bici desde Haarlem\" \/>\n<meta property=\"og:description\" content=\"El tour en bici por los campos de tulipanes y dunas \u2013 Haarlem es un tour superrelajado porque lo hacemos en una bici el\u00e9ctrica\" \/>\n<meta property=\"og:url\" content=\"https:\/\/www.dutchpedelectours.com\/es\/cycletouring\/tour-en-bici-desde-haarlem\/\" \/>\n<meta property=\"article:publisher\" content=\"https:\/\/www.facebook.com\/dutchpedelec\" \/>\n<meta property=\"og:image\" content=\"https:\/\/www.dutchpedelectours.com\/wp-content\/uploads\/2014\/02\/Fotolia_75961008_M-e1450612941386.jpg\" \/>\n<meta name=\"twitter:card\" content=\"summary_large_image\" \/>\n<meta name=\"twitter:site\" content=\"@dutchpedelec\" \/>\n<meta name=\"twitter:label1\" content=\"Tiempo de lectura\" \/>\n\t<meta name=\"twitter:data1\" content=\"1 minute\" \/>\n<script type=\"application\/ld+json\" class=\"yoast-schema-graph\">{\"@context\":\"https:\\\/\\\/schema.org\",\"@graph\":[{\"@type\":\"WebPage\",\"@id\":\"https:\\\/\\\/www.dutchpedelectours.com\\\/es\\\/cycletouring\\\/tour-en-bici-desde-haarlem\\\/\",\"url\":\"https:\\\/\\\/www.dutchpedelectours.com\\\/es\\\/cycletouring\\\/tour-en-bici-desde-haarlem\\\/\",\"name\":\"Tour en bici por los campos de tulipanes y dunas - Dutch Pedelec Tours\",\"isPartOf\":{\"@id\":\"https:\\\/\\\/www.dutchpedelectours.com\\\/es\\\/#website\"},\"primaryImageOfPage\":{\"@id\":\"https:\\\/\\\/www.dutchpedelectours.com\\\/es\\\/cycletouring\\\/tour-en-bici-desde-haarlem\\\/#primaryimage\"},\"image\":{\"@id\":\"https:\\\/\\\/www.dutchpedelectours.com\\\/es\\\/cycletouring\\\/tour-en-bici-desde-haarlem\\\/#primaryimage\"},\"thumbnailUrl\":\"https:\\\/\\\/www.dutchpedelectours.com\\\/wp-content\\\/uploads\\\/2014\\\/02\\\/Fotolia_75961008_M-e1450612941386.jpg\",\"datePublished\":\"2017-01-25T14:13:57+00:00\",\"description\":\"El tour en bici por los campos de tulipanes y dunas \u2013 Haarlem es un tour superrelajado porque lo hacemos en una bici el\u00e9ctrica\",\"breadcrumb\":{\"@id\":\"https:\\\/\\\/www.dutchpedelectours.com\\\/es\\\/cycletouring\\\/tour-en-bici-desde-haarlem\\\/#breadcrumb\"},\"inLanguage\":\"es-ES\",\"potentialAction\":[{\"@type\":\"ReadAction\",\"target\":[\"https:\\\/\\\/www.dutchpedelectours.com\\\/es\\\/cycletouring\\\/tour-en-bici-desde-haarlem\\\/\"]}]},{\"@type\":\"ImageObject\",\"inLanguage\":\"es-ES\",\"@id\":\"https:\\\/\\\/www.dutchpedelectours.com\\\/es\\\/cycletouring\\\/tour-en-bici-desde-haarlem\\\/#primaryimage\",\"url\":\"https:\\\/\\\/www.dutchpedelectours.com\\\/wp-content\\\/uploads\\\/2014\\\/02\\\/Fotolia_75961008_M-e1450612941386.jpg\",\"contentUrl\":\"https:\\\/\\\/www.dutchpedelectours.com\\\/wp-content\\\/uploads\\\/2014\\\/02\\\/Fotolia_75961008_M-e1450612941386.jpg\"},{\"@type\":\"BreadcrumbList\",\"@id\":\"https:\\\/\\\/www.dutchpedelectours.com\\\/es\\\/cycletouring\\\/tour-en-bici-desde-haarlem\\\/#breadcrumb\",\"itemListElement\":[{\"@type\":\"ListItem\",\"position\":1,\"name\":\"Home\",\"item\":\"https:\\\/\\\/www.dutchpedelectours.com\\\/es\\\/\"},{\"@type\":\"ListItem\",\"position\":2,\"name\":\"Reserve un viaje\",\"item\":\"https:\\\/\\\/www.dutchpedelectours.com\\\/es\\\/cycletouring\\\/\"},{\"@type\":\"ListItem\",\"position\":3,\"name\":\"Tour en bici desde Haarlem\"}]},{\"@type\":\"WebSite\",\"@id\":\"https:\\\/\\\/www.dutchpedelectours.com\\\/es\\\/#website\",\"url\":\"https:\\\/\\\/www.dutchpedelectours.com\\\/es\\\/\",\"name\":\"\",\"description\":\"E-bike rental in the Netherlands\",\"publisher\":{\"@id\":\"https:\\\/\\\/www.dutchpedelectours.com\\\/es\\\/#organization\"},\"potentialAction\":[{\"@type\":\"SearchAction\",\"target\":{\"@type\":\"EntryPoint\",\"urlTemplate\":\"https:\\\/\\\/www.dutchpedelectours.com\\\/es\\\/?s={search_term_string}\"},\"query-input\":{\"@type\":\"PropertyValueSpecification\",\"valueRequired\":true,\"valueName\":\"search_term_string\"}}],\"inLanguage\":\"es-ES\"},{\"@type\":[\"Organization\",\"Place\",\"TravelAgency\"],\"@id\":\"https:\\\/\\\/www.dutchpedelectours.com\\\/es\\\/#organization\",\"name\":\"Dutch Pedelec Tours\",\"url\":\"https:\\\/\\\/www.dutchpedelectours.com\\\/es\\\/\",\"logo\":{\"@id\":\"https:\\\/\\\/www.dutchpedelectours.com\\\/es\\\/cycletouring\\\/tour-en-bici-desde-haarlem\\\/#local-main-organization-logo\"},\"image\":{\"@id\":\"https:\\\/\\\/www.dutchpedelectours.com\\\/es\\\/cycletouring\\\/tour-en-bici-desde-haarlem\\\/#local-main-organization-logo\"},\"sameAs\":[\"https:\\\/\\\/www.facebook.com\\\/dutchpedelec\",\"https:\\\/\\\/x.com\\\/dutchpedelec\",\"https:\\\/\\\/www.instagram.com\\\/dutchpedelec\\\/\",\"https:\\\/\\\/www.pinterest.com\\\/dutchpedelec\\\/\"],\"address\":{\"@id\":\"https:\\\/\\\/www.dutchpedelectours.com\\\/es\\\/cycletouring\\\/tour-en-bici-desde-haarlem\\\/#local-main-place-address\"},\"geo\":{\"@type\":\"GeoCoordinates\",\"latitude\":\"52.473070\",\"longitude\":\"4.674476\"},\"telephone\":[\"+31 (0)621591870\"],\"openingHoursSpecification\":[{\"@type\":\"OpeningHoursSpecification\",\"dayOfWeek\":[\"Monday\",\"Tuesday\",\"Wednesday\",\"Thursday\",\"Friday\",\"Saturday\",\"Sunday\"],\"opens\":\"09:00\",\"closes\":\"18:00\"}],\"email\":\"info@dutchpedelectours.com\",\"areaServed\":\"the Netherlands\",\"vatID\":\"NL001509724B26\",\"priceRange\":\"$$\",\"currenciesAccepted\":\"Euros\",\"paymentAccepted\":\"cash, creditcard, debetcard\"},{\"@type\":\"PostalAddress\",\"@id\":\"https:\\\/\\\/www.dutchpedelectours.com\\\/es\\\/cycletouring\\\/tour-en-bici-desde-haarlem\\\/#local-main-place-address\",\"streetAddress\":\"Flevoland 11\",\"addressLocality\":\"Beverwijk\",\"postalCode\":\"1948RH\",\"addressRegion\":\"Noord-Holland\",\"addressCountry\":\"NL\"},{\"@type\":\"ImageObject\",\"inLanguage\":\"es-ES\",\"@id\":\"https:\\\/\\\/www.dutchpedelectours.com\\\/es\\\/cycletouring\\\/tour-en-bici-desde-haarlem\\\/#local-main-organization-logo\",\"url\":\"https:\\\/\\\/www.dutchpedelectours.com\\\/wp-content\\\/uploads\\\/2015\\\/03\\\/DPT-FACEBOOK-WIT.jpg\",\"contentUrl\":\"https:\\\/\\\/www.dutchpedelectours.com\\\/wp-content\\\/uploads\\\/2015\\\/03\\\/DPT-FACEBOOK-WIT.jpg\",\"width\":180,\"height\":180,\"caption\":\"Dutch Pedelec Tours\"}]}<\/script>\n<meta name=\"geo.placename\" content=\"Beverwijk\" \/>\n<meta name=\"geo.position\" content=\"52.473070;4.674476\" \/>\n<meta name=\"geo.region\" content=\"Holanda\" \/>\n<!-- \/ Yoast SEO Premium plugin. -->","yoast_head_json":{"title":"Tour en bici por los campos de tulipanes y dunas - Dutch Pedelec Tours","description":"El tour en bici por los campos de tulipanes y dunas \u2013 Haarlem es un tour superrelajado porque lo hacemos en una bici el\u00e9ctrica","robots":{"index":"index","follow":"follow","max-snippet":"max-snippet:-1","max-image-preview":"max-image-preview:large","max-video-preview":"max-video-preview:-1"},"canonical":"https:\/\/www.dutchpedelectours.com\/es\/cycletouring\/tour-en-bici-desde-haarlem\/","og_locale":"es_ES","og_type":"article","og_title":"Tour en bici desde Haarlem","og_description":"El tour en bici por los campos de tulipanes y dunas \u2013 Haarlem es un tour superrelajado porque lo hacemos en una bici el\u00e9ctrica","og_url":"https:\/\/www.dutchpedelectours.com\/es\/cycletouring\/tour-en-bici-desde-haarlem\/","article_publisher":"https:\/\/www.facebook.com\/dutchpedelec","og_image":[{"url":"https:\/\/www.dutchpedelectours.com\/wp-content\/uploads\/2014\/02\/Fotolia_75961008_M-e1450612941386.jpg","type":"","width":"","height":""}],"twitter_card":"summary_large_image","twitter_site":"@dutchpedelec","twitter_misc":{"Tiempo de lectura":"1 minute"},"schema":{"@context":"https:\/\/schema.org","@graph":[{"@type":"WebPage","@id":"https:\/\/www.dutchpedelectours.com\/es\/cycletouring\/tour-en-bici-desde-haarlem\/","url":"https:\/\/www.dutchpedelectours.com\/es\/cycletouring\/tour-en-bici-desde-haarlem\/","name":"Tour en bici por los campos de tulipanes y dunas - Dutch Pedelec Tours","isPartOf":{"@id":"https:\/\/www.dutchpedelectours.com\/es\/#website"},"primaryImageOfPage":{"@id":"https:\/\/www.dutchpedelectours.com\/es\/cycletouring\/tour-en-bici-desde-haarlem\/#primaryimage"},"image":{"@id":"https:\/\/www.dutchpedelectours.com\/es\/cycletouring\/tour-en-bici-desde-haarlem\/#primaryimage"},"thumbnailUrl":"https:\/\/www.dutchpedelectours.com\/wp-content\/uploads\/2014\/02\/Fotolia_75961008_M-e1450612941386.jpg","datePublished":"2017-01-25T14:13:57+00:00","description":"El tour en bici por los campos de tulipanes y dunas \u2013 Haarlem es un tour superrelajado porque lo hacemos en una bici el\u00e9ctrica","breadcrumb":{"@id":"https:\/\/www.dutchpedelectours.com\/es\/cycletouring\/tour-en-bici-desde-haarlem\/#breadcrumb"},"inLanguage":"es-ES","potentialAction":[{"@type":"ReadAction","target":["https:\/\/www.dutchpedelectours.com\/es\/cycletouring\/tour-en-bici-desde-haarlem\/"]}]},{"@type":"ImageObject","inLanguage":"es-ES","@id":"https:\/\/www.dutchpedelectours.com\/es\/cycletouring\/tour-en-bici-desde-haarlem\/#primaryimage","url":"https:\/\/www.dutchpedelectours.com\/wp-content\/uploads\/2014\/02\/Fotolia_75961008_M-e1450612941386.jpg","contentUrl":"https:\/\/www.dutchpedelectours.com\/wp-content\/uploads\/2014\/02\/Fotolia_75961008_M-e1450612941386.jpg"},{"@type":"BreadcrumbList","@id":"https:\/\/www.dutchpedelectours.com\/es\/cycletouring\/tour-en-bici-desde-haarlem\/#breadcrumb","itemListElement":[{"@type":"ListItem","position":1,"name":"Home","item":"https:\/\/www.dutchpedelectours.com\/es\/"},{"@type":"ListItem","position":2,"name":"Reserve un viaje","item":"https:\/\/www.dutchpedelectours.com\/es\/cycletouring\/"},{"@type":"ListItem","position":3,"name":"Tour en bici desde Haarlem"}]},{"@type":"WebSite","@id":"https:\/\/www.dutchpedelectours.com\/es\/#website","url":"https:\/\/www.dutchpedelectours.com\/es\/","name":"","description":"E-bike rental in the Netherlands","publisher":{"@id":"https:\/\/www.dutchpedelectours.com\/es\/#organization"},"potentialAction":[{"@type":"SearchAction","target":{"@type":"EntryPoint","urlTemplate":"https:\/\/www.dutchpedelectours.com\/es\/?s={search_term_string}"},"query-input":{"@type":"PropertyValueSpecification","valueRequired":true,"valueName":"search_term_string"}}],"inLanguage":"es-ES"},{"@type":["Organization","Place","TravelAgency"],"@id":"https:\/\/www.dutchpedelectours.com\/es\/#organization","name":"Dutch Pedelec Tours","url":"https:\/\/www.dutchpedelectours.com\/es\/","logo":{"@id":"https:\/\/www.dutchpedelectours.com\/es\/cycletouring\/tour-en-bici-desde-haarlem\/#local-main-organization-logo"},"image":{"@id":"https:\/\/www.dutchpedelectours.com\/es\/cycletouring\/tour-en-bici-desde-haarlem\/#local-main-organization-logo"},"sameAs":["https:\/\/www.facebook.com\/dutchpedelec","https:\/\/x.com\/dutchpedelec","https:\/\/www.instagram.com\/dutchpedelec\/","https:\/\/www.pinterest.com\/dutchpedelec\/"],"address":{"@id":"https:\/\/www.dutchpedelectours.com\/es\/cycletouring\/tour-en-bici-desde-haarlem\/#local-main-place-address"},"geo":{"@type":"GeoCoordinates","latitude":"52.473070","longitude":"4.674476"},"telephone":["+31 (0)621591870"],"openingHoursSpecification":[{"@type":"OpeningHoursSpecification","dayOfWeek":["Monday","Tuesday","Wednesday","Thursday","Friday","Saturday","Sunday"],"opens":"09:00","closes":"18:00"}],"email":"info@dutchpedelectours.com","areaServed":"the Netherlands","vatID":"NL001509724B26","priceRange":"$$","currenciesAccepted":"Euros","paymentAccepted":"cash, creditcard, debetcard"},{"@type":"PostalAddress","@id":"https:\/\/www.dutchpedelectours.com\/es\/cycletouring\/tour-en-bici-desde-haarlem\/#local-main-place-address","streetAddress":"Flevoland 11","addressLocality":"Beverwijk","postalCode":"1948RH","addressRegion":"Noord-Holland","addressCountry":"NL"},{"@type":"ImageObject","inLanguage":"es-ES","@id":"https:\/\/www.dutchpedelectours.com\/es\/cycletouring\/tour-en-bici-desde-haarlem\/#local-main-organization-logo","url":"https:\/\/www.dutchpedelectours.com\/wp-content\/uploads\/2015\/03\/DPT-FACEBOOK-WIT.jpg","contentUrl":"https:\/\/www.dutchpedelectours.com\/wp-content\/uploads\/2015\/03\/DPT-FACEBOOK-WIT.jpg","width":180,"height":180,"caption":"Dutch Pedelec Tours"}]},"geo.placename":"Beverwijk","geo.position":{"lat":"52.473070","long":"4.674476"},"geo.region":"Holanda"},"_links":{"self":[{"href":"https:\/\/www.dutchpedelectours.com\/es\/wp-json\/wp\/v2\/pages\/6412","targetHints":{"allow":["GET"]}}],"collection":[{"href":"https:\/\/www.dutchpedelectours.com\/es\/wp-json\/wp\/v2\/pages"}],"about":[{"href":"https:\/\/www.dutchpedelectours.com\/es\/wp-json\/wp\/v2\/types\/page"}],"author":[{"embeddable":true,"href":"https:\/\/www.dutchpedelectours.com\/es\/wp-json\/wp\/v2\/users\/3"}],"replies":[{"embeddable":true,"href":"https:\/\/www.dutchpedelectours.com\/es\/wp-json\/wp\/v2\/comments?post=6412"}],"version-history":[{"count":0,"href":"https:\/\/www.dutchpedelectours.com\/es\/wp-json\/wp\/v2\/pages\/6412\/revisions"}],"up":[{"embeddable":true,"href":"https:\/\/www.dutchpedelectours.com\/es\/wp-json\/wp\/v2\/pages\/3565"}],"wp:attachment":[{"href":"https:\/\/www.dutchpedelectours.com\/es\/wp-json\/wp\/v2\/media?parent=6412"}],"curies":[{"name":"wp","href":"https:\/\/api.w.org\/{rel}","templated":true}]}}