{"id":4853,"date":"2015-03-13T22:24:03","date_gmt":"2015-03-13T22:24:03","guid":{"rendered":"https:\/\/www.dutchpedelectours.com\/?page_id=4853"},"modified":"2020-06-24T08:04:01","modified_gmt":"2020-06-24T06:04:01","slug":"plage-damsterdam","status":"publish","type":"page","link":"https:\/\/www.dutchpedelectours.com\/fr\/plage-damsterdam\/","title":{"rendered":"plage d&rsquo;Amsterdam"},"content":{"rendered":"<p><a href=\"https:\/\/www.dutchpedelectours.com\/wp-content\/uploads\/2015\/03\/Beacharea_800x200.jpg\"><img fetchpriority=\"high\" decoding=\"async\" class=\"alignnone wp-image-5065 size-full\" src=\"https:\/\/www.dutchpedelectours.com\/wp-content\/uploads\/2015\/03\/Beacharea_800x200.jpg\" alt=\"plage d'Amsterdam\" width=\"800\" height=\"200\"><\/a>Les nombreux quartiers d\u2019Amsterdam ont tous leur propre caract\u00e8re et offrent de nombreuses attractions pour tous ceux qui osent s\u2019aventurer en dehors du centre-ville! Apr\u00e8s avoir d\u00e9couvert les richesses de la ville, explorez la r\u00e9gion m\u00e9tropolitaine autour d\u2019Amsterdam. A moins d\u2019une demi-heure de la ville, vous trouverez des plages, des lacs, des dunes, des moulins \u00e0 vent et des kilom\u00e8tres de paysages verts.<\/p>\n<p>Prenez un certain temps et d\u00e9couvrez la zone de plage avec un pedelec<\/p>\n<h2>Plage <span style=\"color: #ff6600;\">d&rsquo;<\/span>Amsterdam<\/h2>\n<p>Que vous souhaitiez vous d\u00e9tendre, ou au contraire vous adonner \u00e0 une activit\u00e9 sportive, les plages de la r\u00e9gion d\u2019Amsterdam auront de quoi vous combler. En \u00e9t\u00e9, la plage de Bloemendaal aan Zee et sa grande \u00e9tendue de sable fin sont tout particuli\u00e8rement appr\u00e9ci\u00e9es des amateurs de bronzage.<\/p>\n<p>Vous y trouverez \u00e9galement de nombreux caf\u00e9s, restaurants et terrasses de plage o\u00f9 manger un morceau ou boire un verre tout en profitant du soleil et de la vue. La c\u00f4te nord-hollandaise est \u00e9galement populaire aupr\u00e8s des amateurs de sports nautiques et \u00e0 voile. Quant aux dunes, elles sont id\u00e9ales pour de longues balades \u00e0 pied ou en v\u00e9lo, tout en admirant la beaut\u00e9 du paysage.<\/p>\n<h2 class=\"lead\">Wind <span style=\"color: #ff6600;\">Water<\/span> Beach<\/h2>\n<div class=\"lead\"><\/div>\n<div class=\"lead\"><a href=\"https:\/\/www.dutchpedelectours.com\/wp-content\/uploads\/2015\/03\/WindWaterBeach-800x450.jpg\"><img decoding=\"async\" class=\"alignnone size-full wp-image-4860 lazyload\" data-src=\"https:\/\/www.dutchpedelectours.com\/wp-content\/uploads\/2015\/03\/WindWaterBeach-800x450.jpg\" alt=\"WindWaterBeach 800x450\" width=\"600\" height=\"338\" data-srcset=\"https:\/\/www.dutchpedelectours.com\/wp-content\/uploads\/2015\/03\/WindWaterBeach-800x450.jpg 600w, https:\/\/www.dutchpedelectours.com\/wp-content\/uploads\/2015\/03\/WindWaterBeach-800x450-300x169.jpg 300w, https:\/\/www.dutchpedelectours.com\/wp-content\/uploads\/2015\/03\/WindWaterBeach-800x450-250x141.jpg 250w\" data-sizes=\"(max-width: 600px) 100vw, 600px\" src=\"data:image\/svg+xml;base64,PHN2ZyB3aWR0aD0iMSIgaGVpZ2h0PSIxIiB4bWxucz0iaHR0cDovL3d3dy53My5vcmcvMjAwMC9zdmciPjwvc3ZnPg==\" style=\"--smush-placeholder-width: 600px; --smush-placeholder-aspect-ratio: 600\/338;\" \/><\/a><\/div>\n<p>Envie d\u2019une journ\u00e9e en plein air ? D\u00e9foulez-vous sur la plage ! Id\u00e9al pour une longue promenade, un plongeon dans la mer ou une activit\u00e9 de plage sportive. <span style=\"color: #ff6600;\"><a style=\"color: #ff6600;\" href=\"https:\/\/www.dutchpedelectours.com\/fr\/wind-water-beach\/\">En savoir plus<\/a><\/span><\/p>\n<p><iframe data-src=\"https:\/\/www.youtube.com\/embed\/Y9Qin4DdNmo\" width=\"560\" height=\"315\" frameborder=\"0\" allowfullscreen=\"allowfullscreen\" src=\"data:image\/svg+xml;base64,PHN2ZyB3aWR0aD0iMSIgaGVpZ2h0PSIxIiB4bWxucz0iaHR0cDovL3d3dy53My5vcmcvMjAwMC9zdmciPjwvc3ZnPg==\" class=\"lazyload\" data-load-mode=\"1\"><\/iframe><\/p>\n<h2>Dunes <span style=\"color: #ff6600;\">hollandaises<\/span><\/h2>\n<p>D\u00e9couvrez un domaine naturel vari\u00e9 d\u00e9bordant de dunes, de lacs de dunes, de bois et d&rsquo;animaux particuliers comme des cerfs et des faisans.<\/p>\n<div class=\"lead\">\n<p><iframe data-src=\"https:\/\/www.youtube.com\/embed\/9wdu3sdx_Bw\" width=\"560\" height=\"315\" frameborder=\"0\" allowfullscreen=\"allowfullscreen\" src=\"data:image\/svg+xml;base64,PHN2ZyB3aWR0aD0iMSIgaGVpZ2h0PSIxIiB4bWxucz0iaHR0cDovL3d3dy53My5vcmcvMjAwMC9zdmciPjwvc3ZnPg==\" class=\"lazyload\" data-load-mode=\"1\"><\/iframe><\/p>\n<h2>Se promener \u00e0 pied et \u00e0 <span style=\"color: #ff6600;\">v\u00e9lo \u00e9lectrique<\/span><\/h2>\n<p>Savez-vous ce que ces dunes ont de si particulier? On dirait une sorte de no man\u2019s land. Un morceau particulier de nature, d\u00e9tach\u00e9 de la mer et de la terre ferme. Les dunes sont tr\u00e8s \u00e9tendues et abritent des surprises en tous genres comme des bunkers militaires et de magnifiques points de vue. Et lorsque vous \u00eates au sommet de la dune, n&rsquo;oubliez pas que cette bande c\u00f4ti\u00e8re prot\u00e8ge les Pays-Bas contre la mer. La moiti\u00e9 de notre pays se situe en effet largement sous le niveau de la mer !<\/p>\n<\/div>\n<h2>l\u2019Amsterdam &amp; <span style=\"color: #ff6600;\">Region<\/span> Day Ticket<\/h2>\n<p>D\u00e9couvrez Amsterdam et ses alentours avec l\u2019Amsterdam &amp; Region Day Ticket \u2013 une carte de transport de 24 heures, valable dans les m\u00e9tros, trams et bus.<br \/>\nCarte de transports publics pour Amsterdam &amp; sa grande r\u00e9gion m\u00e9tropolitaine<\/p>\n<p>La r\u00e9gion d\u2019Amsterdam a tant \u00e0 offrir, plus encore que les nombreux sites touristiques de la ville. Le ticket de transport \u2018Amsterdam &amp; Region Day ticket\u2019 vous permet de d\u00e9couvrir les plages de Zandvoort, le march\u00e9 au fromage d\u2019Edam, le march\u00e9 des fleurs aux ench\u00e8res \u00e0 Aalsmeer et des villages traditionnels comme Volendam et le Zaanse Schans, tout cela avec une carte de transport de 24 heures. Lorsque vous achetez ce ticket, vous vous verrez \u00e9galement remettre<strong> <a href=\"https:\/\/www.iamsterdam.com\/fr\/visiter\/preparez-votre-sejour\/se-deplacer-\/transports-en-commun\/region-day-ticket\" target=\"_blank\" rel=\"noopener noreferrer\">un guide sur les transports publics pour la r\u00e9gion d\u2019Amsterdam<\/a><\/strong>&nbsp;rempli de conseils pratiques et de lieux \u00e0 visiter.<\/p>\n<h2>Haarlem<\/h2>\n<div id=\"attachment_6259\" style=\"width: 545px\" class=\"wp-caption alignnone\"><a href=\"https:\/\/www.dutchpedelectours.com\/wp-content\/uploads\/2015\/12\/Fotolia_90263170_XS.jpg\"><img decoding=\"async\" aria-describedby=\"caption-attachment-6259\" class=\"wp-image-6259 lazyload\" data-src=\"https:\/\/www.dutchpedelectours.com\/wp-content\/uploads\/2015\/12\/Fotolia_90263170_XS.jpg\" alt=\"Haarlem\" width=\"535\" height=\"301\" src=\"data:image\/svg+xml;base64,PHN2ZyB3aWR0aD0iMSIgaGVpZ2h0PSIxIiB4bWxucz0iaHR0cDovL3d3dy53My5vcmcvMjAwMC9zdmciPjwvc3ZnPg==\" style=\"--smush-placeholder-width: 535px; --smush-placeholder-aspect-ratio: 535\/301;\"><\/a><p id=\"caption-attachment-6259\" class=\"wp-caption-text\">Haarlem<\/p><\/div>\n<p>Une ville au riche pass\u00e9 culturel et \u00e0 seulement deux pas d\u2019Amsterdam. Il y a plus de 800 ans, des monuments historiques, comme l\u2019 \u2018Amsterdamse Poort\u2019 (Porte d\u2019Amsterdam) et l\u2019\u00e9glise \u2018Sint-Bavokerk\u2019, y \u00e9taient d\u00e9j\u00e0 construits. Ce n\u2019est donc pas \u00e9tonnant que de nombreux grands artistes du Si\u00e8cle d\u2019Or choisirent d\u2019immortaliser la beaut\u00e9 de la ville et de ses monuments.<\/p>\n<p>Frans Hals, l\u2019un des plus grands peintres n\u00e9erlandais, est mis \u00e0 l\u2019honneur dans le Mus\u00e9e Frans Hals(aux c\u00f4t\u00e9s d\u2019\u0153uvres de certains de ses confr\u00e8res). Mais Haarlem continue toujours d\u2019impressionner \u00e0 l\u2019heure actuelle. Vous pouvez par exemple y admirer la plus belle gare de style Art Nouveau du pays. Haarlem est \u00e9galement une ville chaleureuse et dynamique, comptant de nombreux magasins, caf\u00e9s et restaurants, tous plus sympas les uns que les autres.<\/p>\n<h2>Prix &amp; lieux de vente<\/h2>\n<p>L\u2019Amsterdam &amp; Region Day Ticket co\u00fbte 13,50\u20ac. Cette carte est disponible \u00e0 la vente dans<a href=\"https:\/\/www.iamsterdam.com\/fr\/visiter\/preparez-votre-sejour\/bureaux-dinformations-touristiques\"> les Centres d\u2019Information Touristiques <\/a>d\u2019Amsterdam, dans certains h\u00f4tels et campings, et aux guichets des compagnies de transport participantes, dont :<\/p>\n<ul>\n<li><a href=\"https:\/\/www.iamsterdam.com\/fr\/visiter\/preparez-votre-sejour\/bureaux-dinformations-touristiques\">Les Centres d\u2019Information Touristiques<\/a><\/li>\n<li>GVB Tickets &amp; Info: Gare Centrale d\u2019Amsterdam (Stationsplein), Gare Bijlmer ArenA , Gare Lelylaan &amp; Gare Zuid<\/li>\n<\/ul>\n<ul>\n<li>EBS Tickets &amp; Info: Gare Centrale d\u2019Amsterdam (du c\u00f4t\u00e9 de la rivi\u00e8re IJ), place des trams \u00e0 Purmerend, gare des bus \u00e0 Edam, Gare Centrale de Hoorn<\/li>\n<\/ul>\n<ul>\n<li>Connexxion Tickets &amp; Info: A\u00e9roport Schiphol d\u2019Amsterdam (Schiphol Plaza)<\/li>\n<\/ul>\n<hr>\n<p><strong>Offre sp\u00e9ciale: Partez explorer la r\u00e9gion<\/strong>:&nbsp;En achetant la<a href=\"https:\/\/www.iamsterdam.com\/fr\/visiter\/la-carte-i-amsterdam-city-card\"> I amsterdam City Card,<\/a> vous pouvez d\u00e9sormais ajouter le titre de transport <strong>Amsterdam &amp; Region Day Ticket <\/strong>\u00e0 votre achat, au prix avantageux de 10\u20ac.<\/p>\n<h2>Utiliser l\u2019Amsterdam &amp; Region Day Ticket<\/h2>\n<p>L\u2019Amsterdam &amp; Region Day Ticket est valable pendant 24 heures sur tous les itin\u00e9raires list\u00e9s dans <strong><a href=\"https:\/\/www.iamsterdam.com\/media\/pdf\/getting-around\/amsterdam-and-region-day-card-map-2015.pdf?la=fr\">le guide des transports publics<\/a><\/strong>&nbsp;(PDF). Il est facile d\u2019utiliser votre Amsterdam &amp; Region Day Ticket:<\/p>\n<ul>\n<li>Les tickets sont valables pendant 24 heures. Votre ticket est activ\u00e9 \u00e0 partir du premier moment o\u00f9 vous vous enregistrez dans un tram, bus ou m\u00e9tro.<\/li>\n<\/ul>\n<ul>\n<li>Vous devez vous enregistrer et \u2018d\u00e9senregistrer\u2019 avec votre carte chaque fois que vous montez dans l\u2019un de ces v\u00e9hicules et que vous en descendez.<\/li>\n<\/ul>\n<ul>\n<li>Les tickets sont valables sur toutes les lignes de m\u00e9tro, tram et bus des compagnies GVB, Connexxion et EBS, dont les bus de nuit.<\/li>\n<\/ul>\n<ul>\n<li>Les tickets NE sont PAS valables dans les trains NS, sur les lignes de bus d\u2019ARRIVA.<\/li>\n<\/ul>\n<ul>\n<li>Si vous avez d\u2019autres questions ou si votre ticket s\u2019av\u00e8re d\u00e9fectueux, vous pouvez vous rendre dans l\u2019un des lieux de vente indiqu\u00e9s ci-dessus.<\/li>\n<\/ul>\n","protected":false},"excerpt":{"rendered":"<p>Les nombreux quartiers d\u2019Amsterdam ont tous leur propre caract\u00e8re et offrent de nombreuses attractions pour tous ceux qui osent s\u2019aventurer<\/p>\n<div class=\"read-button read_more_btn_text\"><a class=\"read_more\" href=\"https:\/\/www.dutchpedelectours.com\/fr\/plage-damsterdam\/\">Read more<span class=\"arrow_readm\"> &#x25BA;<\/span><\/a><\/div>\n","protected":false},"author":3,"featured_media":0,"parent":0,"menu_order":0,"comment_status":"closed","ping_status":"open","template":"","meta":{"footnotes":""},"class_list":["post-4853","page","type-page","status-publish","hentry"],"yoast_head":"<!-- This site is optimized with the Yoast SEO Premium plugin v27.6 (Yoast SEO v27.6) - https:\/\/yoast.com\/product\/yoast-seo-premium-wordpress\/ -->\n<title>plage d&#039;Amsterdam - Dutch Pedelec Tours<\/title>\n<meta name=\"description\" content=\"plage d&#039;Amsterdam Louez un v\u00e9lo \u00e9lectrique pour d\u00e9couvrir la r\u00e9gion de plage d&#039;Amsterdam et le parc national Zuid-Kennemerland en Hollandais\" \/>\n<meta name=\"robots\" content=\"index, follow, max-snippet:-1, max-image-preview:large, max-video-preview:-1\" \/>\n<link rel=\"canonical\" href=\"https:\/\/www.dutchpedelectours.com\/fr\/plage-damsterdam\/\" \/>\n<meta property=\"og:locale\" content=\"fr_FR\" \/>\n<meta property=\"og:type\" content=\"article\" \/>\n<meta property=\"og:title\" content=\"plage d&#039;Amsterdam\" \/>\n<meta property=\"og:description\" content=\"plage d&#039;Amsterdam Louez un v\u00e9lo \u00e9lectrique pour d\u00e9couvrir la r\u00e9gion de plage d&#039;Amsterdam et le parc national Zuid-Kennemerland en Hollandais\" \/>\n<meta property=\"og:url\" content=\"https:\/\/www.dutchpedelectours.com\/fr\/plage-damsterdam\/\" \/>\n<meta property=\"article:publisher\" content=\"https:\/\/www.facebook.com\/dutchpedelec\" \/>\n<meta property=\"article:modified_time\" content=\"2020-06-24T06:04:01+00:00\" \/>\n<meta property=\"og:image\" content=\"https:\/\/www.dutchpedelectours.com\/wp-content\/uploads\/2015\/03\/Beacharea_800x200.jpg\" \/>\n<meta name=\"twitter:card\" content=\"summary_large_image\" \/>\n<meta name=\"twitter:site\" content=\"@dutchpedelec\" \/>\n<meta name=\"twitter:label1\" content=\"Dur\u00e9e de lecture estim\u00e9e\" \/>\n\t<meta name=\"twitter:data1\" content=\"5 minutes\" \/>\n<script type=\"application\/ld+json\" class=\"yoast-schema-graph\">{\"@context\":\"https:\\\/\\\/schema.org\",\"@graph\":[{\"@type\":\"WebPage\",\"@id\":\"https:\\\/\\\/www.dutchpedelectours.com\\\/fr\\\/plage-damsterdam\\\/\",\"url\":\"https:\\\/\\\/www.dutchpedelectours.com\\\/fr\\\/plage-damsterdam\\\/\",\"name\":\"plage d'Amsterdam - Dutch Pedelec Tours\",\"isPartOf\":{\"@id\":\"https:\\\/\\\/www.dutchpedelectours.com\\\/fr\\\/#website\"},\"primaryImageOfPage\":{\"@id\":\"https:\\\/\\\/www.dutchpedelectours.com\\\/fr\\\/plage-damsterdam\\\/#primaryimage\"},\"image\":{\"@id\":\"https:\\\/\\\/www.dutchpedelectours.com\\\/fr\\\/plage-damsterdam\\\/#primaryimage\"},\"thumbnailUrl\":\"https:\\\/\\\/www.dutchpedelectours.com\\\/wp-content\\\/uploads\\\/2015\\\/03\\\/Beacharea_800x200.jpg\",\"datePublished\":\"2015-03-13T22:24:03+00:00\",\"dateModified\":\"2020-06-24T06:04:01+00:00\",\"description\":\"plage d'Amsterdam Louez un v\u00e9lo \u00e9lectrique pour d\u00e9couvrir la r\u00e9gion de plage d'Amsterdam et le parc national Zuid-Kennemerland en Hollandais\",\"breadcrumb\":{\"@id\":\"https:\\\/\\\/www.dutchpedelectours.com\\\/fr\\\/plage-damsterdam\\\/#breadcrumb\"},\"inLanguage\":\"fr-FR\",\"potentialAction\":[{\"@type\":\"ReadAction\",\"target\":[\"https:\\\/\\\/www.dutchpedelectours.com\\\/fr\\\/plage-damsterdam\\\/\"]}]},{\"@type\":\"ImageObject\",\"inLanguage\":\"fr-FR\",\"@id\":\"https:\\\/\\\/www.dutchpedelectours.com\\\/fr\\\/plage-damsterdam\\\/#primaryimage\",\"url\":\"https:\\\/\\\/www.dutchpedelectours.com\\\/wp-content\\\/uploads\\\/2015\\\/03\\\/Beacharea_800x200.jpg\",\"contentUrl\":\"https:\\\/\\\/www.dutchpedelectours.com\\\/wp-content\\\/uploads\\\/2015\\\/03\\\/Beacharea_800x200.jpg\"},{\"@type\":\"BreadcrumbList\",\"@id\":\"https:\\\/\\\/www.dutchpedelectours.com\\\/fr\\\/plage-damsterdam\\\/#breadcrumb\",\"itemListElement\":[{\"@type\":\"ListItem\",\"position\":1,\"name\":\"Home\",\"item\":\"https:\\\/\\\/www.dutchpedelectours.com\\\/fr\\\/\"},{\"@type\":\"ListItem\",\"position\":2,\"name\":\"plage d&#8217;Amsterdam\"}]},{\"@type\":\"WebSite\",\"@id\":\"https:\\\/\\\/www.dutchpedelectours.com\\\/fr\\\/#website\",\"url\":\"https:\\\/\\\/www.dutchpedelectours.com\\\/fr\\\/\",\"name\":\"\",\"description\":\"E-bike rental in the Netherlands\",\"publisher\":{\"@id\":\"https:\\\/\\\/www.dutchpedelectours.com\\\/fr\\\/#organization\"},\"potentialAction\":[{\"@type\":\"SearchAction\",\"target\":{\"@type\":\"EntryPoint\",\"urlTemplate\":\"https:\\\/\\\/www.dutchpedelectours.com\\\/fr\\\/?s={search_term_string}\"},\"query-input\":{\"@type\":\"PropertyValueSpecification\",\"valueRequired\":true,\"valueName\":\"search_term_string\"}}],\"inLanguage\":\"fr-FR\"},{\"@type\":[\"Organization\",\"Place\",\"TravelAgency\"],\"@id\":\"https:\\\/\\\/www.dutchpedelectours.com\\\/fr\\\/#organization\",\"name\":\"Dutch Pedelec Tours\",\"url\":\"https:\\\/\\\/www.dutchpedelectours.com\\\/fr\\\/\",\"logo\":{\"@id\":\"https:\\\/\\\/www.dutchpedelectours.com\\\/fr\\\/plage-damsterdam\\\/#local-main-organization-logo\"},\"image\":{\"@id\":\"https:\\\/\\\/www.dutchpedelectours.com\\\/fr\\\/plage-damsterdam\\\/#local-main-organization-logo\"},\"sameAs\":[\"https:\\\/\\\/www.facebook.com\\\/dutchpedelec\",\"https:\\\/\\\/x.com\\\/dutchpedelec\",\"https:\\\/\\\/www.instagram.com\\\/dutchpedelec\\\/\",\"https:\\\/\\\/www.pinterest.com\\\/dutchpedelec\\\/\"],\"address\":{\"@id\":\"https:\\\/\\\/www.dutchpedelectours.com\\\/fr\\\/plage-damsterdam\\\/#local-main-place-address\"},\"geo\":{\"@type\":\"GeoCoordinates\",\"latitude\":\"52.473070\",\"longitude\":\"4.674476\"},\"telephone\":[\"+31 (0)621591870\"],\"openingHoursSpecification\":[{\"@type\":\"OpeningHoursSpecification\",\"dayOfWeek\":[\"Monday\",\"Tuesday\",\"Wednesday\",\"Thursday\",\"Friday\",\"Saturday\",\"Sunday\"],\"opens\":\"09:00\",\"closes\":\"18:00\"}],\"email\":\"info@dutchpedelectours.com\",\"areaServed\":\"the Netherlands\",\"vatID\":\"NL001509724B26\",\"priceRange\":\"$$\",\"currenciesAccepted\":\"Euros\",\"paymentAccepted\":\"cash, creditcard, debetcard\"},{\"@type\":\"PostalAddress\",\"@id\":\"https:\\\/\\\/www.dutchpedelectours.com\\\/fr\\\/plage-damsterdam\\\/#local-main-place-address\",\"streetAddress\":\"Flevoland 11\",\"addressLocality\":\"Beverwijk\",\"postalCode\":\"1948RH\",\"addressRegion\":\"Noord-Holland\",\"addressCountry\":\"NL\"},{\"@type\":\"ImageObject\",\"inLanguage\":\"fr-FR\",\"@id\":\"https:\\\/\\\/www.dutchpedelectours.com\\\/fr\\\/plage-damsterdam\\\/#local-main-organization-logo\",\"url\":\"https:\\\/\\\/www.dutchpedelectours.com\\\/wp-content\\\/uploads\\\/2015\\\/03\\\/DPT-FACEBOOK-WIT.jpg\",\"contentUrl\":\"https:\\\/\\\/www.dutchpedelectours.com\\\/wp-content\\\/uploads\\\/2015\\\/03\\\/DPT-FACEBOOK-WIT.jpg\",\"width\":180,\"height\":180,\"caption\":\"Dutch Pedelec Tours\"}]}<\/script>\n<meta name=\"geo.placename\" content=\"Beverwijk\" \/>\n<meta name=\"geo.position\" content=\"52.473070;4.674476\" \/>\n<meta name=\"geo.region\" content=\"Pays-Bas\" \/>\n<!-- \/ Yoast SEO Premium plugin. -->","yoast_head_json":{"title":"plage d'Amsterdam - Dutch Pedelec Tours","description":"plage d'Amsterdam Louez un v\u00e9lo \u00e9lectrique pour d\u00e9couvrir la r\u00e9gion de plage d'Amsterdam et le parc national Zuid-Kennemerland en Hollandais","robots":{"index":"index","follow":"follow","max-snippet":"max-snippet:-1","max-image-preview":"max-image-preview:large","max-video-preview":"max-video-preview:-1"},"canonical":"https:\/\/www.dutchpedelectours.com\/fr\/plage-damsterdam\/","og_locale":"fr_FR","og_type":"article","og_title":"plage d'Amsterdam","og_description":"plage d'Amsterdam Louez un v\u00e9lo \u00e9lectrique pour d\u00e9couvrir la r\u00e9gion de plage d'Amsterdam et le parc national Zuid-Kennemerland en Hollandais","og_url":"https:\/\/www.dutchpedelectours.com\/fr\/plage-damsterdam\/","article_publisher":"https:\/\/www.facebook.com\/dutchpedelec","article_modified_time":"2020-06-24T06:04:01+00:00","og_image":[{"url":"https:\/\/www.dutchpedelectours.com\/wp-content\/uploads\/2015\/03\/Beacharea_800x200.jpg","type":"","width":"","height":""}],"twitter_card":"summary_large_image","twitter_site":"@dutchpedelec","twitter_misc":{"Dur\u00e9e de lecture estim\u00e9e":"5 minutes"},"schema":{"@context":"https:\/\/schema.org","@graph":[{"@type":"WebPage","@id":"https:\/\/www.dutchpedelectours.com\/fr\/plage-damsterdam\/","url":"https:\/\/www.dutchpedelectours.com\/fr\/plage-damsterdam\/","name":"plage d'Amsterdam - Dutch Pedelec Tours","isPartOf":{"@id":"https:\/\/www.dutchpedelectours.com\/fr\/#website"},"primaryImageOfPage":{"@id":"https:\/\/www.dutchpedelectours.com\/fr\/plage-damsterdam\/#primaryimage"},"image":{"@id":"https:\/\/www.dutchpedelectours.com\/fr\/plage-damsterdam\/#primaryimage"},"thumbnailUrl":"https:\/\/www.dutchpedelectours.com\/wp-content\/uploads\/2015\/03\/Beacharea_800x200.jpg","datePublished":"2015-03-13T22:24:03+00:00","dateModified":"2020-06-24T06:04:01+00:00","description":"plage d'Amsterdam Louez un v\u00e9lo \u00e9lectrique pour d\u00e9couvrir la r\u00e9gion de plage d'Amsterdam et le parc national Zuid-Kennemerland en Hollandais","breadcrumb":{"@id":"https:\/\/www.dutchpedelectours.com\/fr\/plage-damsterdam\/#breadcrumb"},"inLanguage":"fr-FR","potentialAction":[{"@type":"ReadAction","target":["https:\/\/www.dutchpedelectours.com\/fr\/plage-damsterdam\/"]}]},{"@type":"ImageObject","inLanguage":"fr-FR","@id":"https:\/\/www.dutchpedelectours.com\/fr\/plage-damsterdam\/#primaryimage","url":"https:\/\/www.dutchpedelectours.com\/wp-content\/uploads\/2015\/03\/Beacharea_800x200.jpg","contentUrl":"https:\/\/www.dutchpedelectours.com\/wp-content\/uploads\/2015\/03\/Beacharea_800x200.jpg"},{"@type":"BreadcrumbList","@id":"https:\/\/www.dutchpedelectours.com\/fr\/plage-damsterdam\/#breadcrumb","itemListElement":[{"@type":"ListItem","position":1,"name":"Home","item":"https:\/\/www.dutchpedelectours.com\/fr\/"},{"@type":"ListItem","position":2,"name":"plage d&#8217;Amsterdam"}]},{"@type":"WebSite","@id":"https:\/\/www.dutchpedelectours.com\/fr\/#website","url":"https:\/\/www.dutchpedelectours.com\/fr\/","name":"","description":"E-bike rental in the Netherlands","publisher":{"@id":"https:\/\/www.dutchpedelectours.com\/fr\/#organization"},"potentialAction":[{"@type":"SearchAction","target":{"@type":"EntryPoint","urlTemplate":"https:\/\/www.dutchpedelectours.com\/fr\/?s={search_term_string}"},"query-input":{"@type":"PropertyValueSpecification","valueRequired":true,"valueName":"search_term_string"}}],"inLanguage":"fr-FR"},{"@type":["Organization","Place","TravelAgency"],"@id":"https:\/\/www.dutchpedelectours.com\/fr\/#organization","name":"Dutch Pedelec Tours","url":"https:\/\/www.dutchpedelectours.com\/fr\/","logo":{"@id":"https:\/\/www.dutchpedelectours.com\/fr\/plage-damsterdam\/#local-main-organization-logo"},"image":{"@id":"https:\/\/www.dutchpedelectours.com\/fr\/plage-damsterdam\/#local-main-organization-logo"},"sameAs":["https:\/\/www.facebook.com\/dutchpedelec","https:\/\/x.com\/dutchpedelec","https:\/\/www.instagram.com\/dutchpedelec\/","https:\/\/www.pinterest.com\/dutchpedelec\/"],"address":{"@id":"https:\/\/www.dutchpedelectours.com\/fr\/plage-damsterdam\/#local-main-place-address"},"geo":{"@type":"GeoCoordinates","latitude":"52.473070","longitude":"4.674476"},"telephone":["+31 (0)621591870"],"openingHoursSpecification":[{"@type":"OpeningHoursSpecification","dayOfWeek":["Monday","Tuesday","Wednesday","Thursday","Friday","Saturday","Sunday"],"opens":"09:00","closes":"18:00"}],"email":"info@dutchpedelectours.com","areaServed":"the Netherlands","vatID":"NL001509724B26","priceRange":"$$","currenciesAccepted":"Euros","paymentAccepted":"cash, creditcard, debetcard"},{"@type":"PostalAddress","@id":"https:\/\/www.dutchpedelectours.com\/fr\/plage-damsterdam\/#local-main-place-address","streetAddress":"Flevoland 11","addressLocality":"Beverwijk","postalCode":"1948RH","addressRegion":"Noord-Holland","addressCountry":"NL"},{"@type":"ImageObject","inLanguage":"fr-FR","@id":"https:\/\/www.dutchpedelectours.com\/fr\/plage-damsterdam\/#local-main-organization-logo","url":"https:\/\/www.dutchpedelectours.com\/wp-content\/uploads\/2015\/03\/DPT-FACEBOOK-WIT.jpg","contentUrl":"https:\/\/www.dutchpedelectours.com\/wp-content\/uploads\/2015\/03\/DPT-FACEBOOK-WIT.jpg","width":180,"height":180,"caption":"Dutch Pedelec Tours"}]},"geo.placename":"Beverwijk","geo.position":{"lat":"52.473070","long":"4.674476"},"geo.region":"Pays-Bas"},"_links":{"self":[{"href":"https:\/\/www.dutchpedelectours.com\/fr\/wp-json\/wp\/v2\/pages\/4853","targetHints":{"allow":["GET"]}}],"collection":[{"href":"https:\/\/www.dutchpedelectours.com\/fr\/wp-json\/wp\/v2\/pages"}],"about":[{"href":"https:\/\/www.dutchpedelectours.com\/fr\/wp-json\/wp\/v2\/types\/page"}],"author":[{"embeddable":true,"href":"https:\/\/www.dutchpedelectours.com\/fr\/wp-json\/wp\/v2\/users\/3"}],"replies":[{"embeddable":true,"href":"https:\/\/www.dutchpedelectours.com\/fr\/wp-json\/wp\/v2\/comments?post=4853"}],"version-history":[{"count":0,"href":"https:\/\/www.dutchpedelectours.com\/fr\/wp-json\/wp\/v2\/pages\/4853\/revisions"}],"wp:attachment":[{"href":"https:\/\/www.dutchpedelectours.com\/fr\/wp-json\/wp\/v2\/media?parent=4853"}],"curies":[{"name":"wp","href":"https:\/\/api.w.org\/{rel}","templated":true}]}}