{"id":5754,"date":"2015-09-21T09:44:05","date_gmt":"2015-09-21T09:44:05","guid":{"rendered":"https:\/\/www.dutchpedelectours.com\/?page_id=5754"},"modified":"2020-06-24T08:04:55","modified_gmt":"2020-06-24T06:04:55","slug":"wind-water-beach","status":"publish","type":"page","link":"https:\/\/www.dutchpedelectours.com\/fr\/wind-water-beach\/","title":{"rendered":"Wind-Water-Beach"},"content":{"rendered":"<p>Envie d\u2019une journ\u00e9e en plein air ? D\u00e9foulez-vous sur la plage ! Id\u00e9al pour une longue promenade, un plongeon dans la mer ou une activit\u00e9 de plage sportive.<\/p>\n<h2>Plage Noordpier<\/h2>\n<p>Les plages d\u2019IJmuiden font partie des plus belles plages de la Hollande du Nord. Elles sont propres et s\u00fbres comme l&rsquo;indique le drapeau bleu qui y flotte. La plage pr\u00e8s du Noordpier est surtout appr\u00e9ci\u00e9e des amateurs de sport de voile et d\u2019eau en raison du vent et du courant provoqu\u00e9s par le Noordpier. Sur la plage large et dure, on pratique pleinement le (kite)surf, le Blokart et le Kitebuggy. Ca vous tente ? Il existe plusieurs \u00e9coles o\u00f9 vous pouvez prendre des le\u00e7ons de cerf-volant, de kitesurf, de cano\u00eb ou d&rsquo;autres sports. Sans doute n\u2019arriverez-vous pas \u00e0 ma\u00eetriser le kitesurf en un jour mais le cerf-volant, tout le monde peut le faire.<\/p>\n<h2>Plage IJmuiderslag<\/h2>\n<p>Plage IJmuiderslag peut \u00eatre qualifi\u00e9e de calme avec un seul pavillon de plage et c\u2019est pour cette raison qu\u2019elle est tant appr\u00e9ci\u00e9e des promeneurs sportifs, des nordic walkers et des propri\u00e9taires de chiens car votre fid\u00e8le ami pourra s&rsquo;y \u00e9battre librement pendant toute l&rsquo;ann\u00e9e. Il y a aussi des zones r\u00e9serv\u00e9es aux kitesurfers. Avec un peu de vent, ces cerfs-volants color\u00e9s offrent souvent une belle image.<\/p>\n<h2>IJmuiden aan zee<\/h2>\n<p>IJmuiden aan zee a tout ce qu\u2019il faut pour profiter d\u2019une d\u00e9licieuse journ\u00e9e de calme. Une jolie plage, un agr\u00e9able boulevard avec de bons restaurants et des terrasses avec vue sur le port de plaisance. Les enfants en ont assez de pelleter le sable et de chercher des coquillages ? Ils peuvent alors d\u00e9penser leur exc\u00e8s d\u2019\u00e9nergie au parc \u00e0 trampoline. Avec de jeunes enfants, le Kennemermeer peu profond est agr\u00e9able pour la baignade. Et pour celui qui ose (uniquement les adultes), tentez la spectaculaire escalade de 22 m\u00e8tres de haut sous surveillance professionnelle. Ce sera immanquablement une journ\u00e9e passionnante.<\/p>\n<h2>Ports et \u00e9cluses<\/h2>\n<p>IJmuiden est la seule porte d\u2019acc\u00e8s vers le port d\u2019Amsterdam pour les grands navires de mer et les bateaux de croisi\u00e8re. Laissez-vous \u00e9blouir par les \u00e9normes navires, d\u00e9couvrez le fonctionnement des quatre \u00e9cluses et n\u2019oubliez pas de manger un hareng frais.<\/p>\n","protected":false},"excerpt":{"rendered":"<p>Envie d\u2019une journ\u00e9e en plein air ? D\u00e9foulez-vous sur la plage ! Id\u00e9al pour une longue promenade, un plongeon dans<\/p>\n<div class=\"read-button read_more_btn_text\"><a class=\"read_more\" href=\"https:\/\/www.dutchpedelectours.com\/fr\/wind-water-beach\/\">Read more<span class=\"arrow_readm\"> &#x25BA;<\/span><\/a><\/div>\n","protected":false},"author":3,"featured_media":0,"parent":0,"menu_order":0,"comment_status":"closed","ping_status":"closed","template":"","meta":{"footnotes":""},"class_list":["post-5754","page","type-page","status-publish","hentry"],"yoast_head":"<!-- This site is optimized with the Yoast SEO Premium plugin v27.6 (Yoast SEO v27.6) - https:\/\/yoast.com\/product\/yoast-seo-premium-wordpress\/ -->\n<title>Wind-Water-Beach -<\/title>\n<meta name=\"robots\" content=\"noindex, nofollow\" \/>\n<meta property=\"og:locale\" content=\"fr_FR\" \/>\n<meta property=\"og:type\" content=\"article\" \/>\n<meta property=\"og:title\" content=\"Wind-Water-Beach\" \/>\n<meta property=\"og:description\" content=\"Envie d\u2019une journ\u00e9e en plein air ? D\u00e9foulez-vous sur la plage ! Id\u00e9al pour une longue promenade, un plongeon dansRead more &#x25BA;\" \/>\n<meta property=\"og:url\" content=\"https:\/\/www.dutchpedelectours.com\/fr\/wind-water-beach\/\" \/>\n<meta property=\"article:publisher\" content=\"https:\/\/www.facebook.com\/dutchpedelec\" \/>\n<meta property=\"article:modified_time\" content=\"2020-06-24T06:04:55+00:00\" \/>\n<meta property=\"og:image\" content=\"https:\/\/www.dutchpedelectours.com\/wp-content\/uploads\/2015\/03\/DPT-FACEBOOK-WIT.jpg\" \/>\n\t<meta property=\"og:image:width\" content=\"180\" \/>\n\t<meta property=\"og:image:height\" content=\"180\" \/>\n\t<meta property=\"og:image:type\" content=\"image\/jpeg\" \/>\n<meta name=\"twitter:card\" content=\"summary_large_image\" \/>\n<meta name=\"twitter:site\" content=\"@dutchpedelec\" \/>\n<meta name=\"twitter:label1\" content=\"Dur\u00e9e de lecture estim\u00e9e\" \/>\n\t<meta name=\"twitter:data1\" content=\"2 minutes\" \/>\n<script type=\"application\/ld+json\" class=\"yoast-schema-graph\">{\"@context\":\"https:\\\/\\\/schema.org\",\"@graph\":[{\"@type\":\"WebPage\",\"@id\":\"https:\\\/\\\/www.dutchpedelectours.com\\\/fr\\\/wind-water-beach\\\/\",\"url\":\"https:\\\/\\\/www.dutchpedelectours.com\\\/fr\\\/wind-water-beach\\\/\",\"name\":\"Wind-Water-Beach -\",\"isPartOf\":{\"@id\":\"https:\\\/\\\/www.dutchpedelectours.com\\\/fr\\\/#website\"},\"datePublished\":\"2015-09-21T09:44:05+00:00\",\"dateModified\":\"2020-06-24T06:04:55+00:00\",\"breadcrumb\":{\"@id\":\"https:\\\/\\\/www.dutchpedelectours.com\\\/fr\\\/wind-water-beach\\\/#breadcrumb\"},\"inLanguage\":\"fr-FR\",\"potentialAction\":[{\"@type\":\"ReadAction\",\"target\":[\"https:\\\/\\\/www.dutchpedelectours.com\\\/fr\\\/wind-water-beach\\\/\"]}]},{\"@type\":\"BreadcrumbList\",\"@id\":\"https:\\\/\\\/www.dutchpedelectours.com\\\/fr\\\/wind-water-beach\\\/#breadcrumb\",\"itemListElement\":[{\"@type\":\"ListItem\",\"position\":1,\"name\":\"Home\",\"item\":\"https:\\\/\\\/www.dutchpedelectours.com\\\/fr\\\/\"},{\"@type\":\"ListItem\",\"position\":2,\"name\":\"Wind-Water-Beach\"}]},{\"@type\":\"WebSite\",\"@id\":\"https:\\\/\\\/www.dutchpedelectours.com\\\/fr\\\/#website\",\"url\":\"https:\\\/\\\/www.dutchpedelectours.com\\\/fr\\\/\",\"name\":\"\",\"description\":\"E-bike rental in the Netherlands\",\"publisher\":{\"@id\":\"https:\\\/\\\/www.dutchpedelectours.com\\\/fr\\\/#organization\"},\"potentialAction\":[{\"@type\":\"SearchAction\",\"target\":{\"@type\":\"EntryPoint\",\"urlTemplate\":\"https:\\\/\\\/www.dutchpedelectours.com\\\/fr\\\/?s={search_term_string}\"},\"query-input\":{\"@type\":\"PropertyValueSpecification\",\"valueRequired\":true,\"valueName\":\"search_term_string\"}}],\"inLanguage\":\"fr-FR\"},{\"@type\":[\"Organization\",\"Place\",\"TravelAgency\"],\"@id\":\"https:\\\/\\\/www.dutchpedelectours.com\\\/fr\\\/#organization\",\"name\":\"Dutch Pedelec Tours\",\"url\":\"https:\\\/\\\/www.dutchpedelectours.com\\\/fr\\\/\",\"logo\":{\"@id\":\"https:\\\/\\\/www.dutchpedelectours.com\\\/fr\\\/wind-water-beach\\\/#local-main-organization-logo\"},\"image\":{\"@id\":\"https:\\\/\\\/www.dutchpedelectours.com\\\/fr\\\/wind-water-beach\\\/#local-main-organization-logo\"},\"sameAs\":[\"https:\\\/\\\/www.facebook.com\\\/dutchpedelec\",\"https:\\\/\\\/x.com\\\/dutchpedelec\",\"https:\\\/\\\/www.instagram.com\\\/dutchpedelec\\\/\",\"https:\\\/\\\/www.pinterest.com\\\/dutchpedelec\\\/\"],\"address\":{\"@id\":\"https:\\\/\\\/www.dutchpedelectours.com\\\/fr\\\/wind-water-beach\\\/#local-main-place-address\"},\"geo\":{\"@type\":\"GeoCoordinates\",\"latitude\":\"52.473070\",\"longitude\":\"4.674476\"},\"telephone\":[\"+31 (0)621591870\"],\"openingHoursSpecification\":[{\"@type\":\"OpeningHoursSpecification\",\"dayOfWeek\":[\"Monday\",\"Tuesday\",\"Wednesday\",\"Thursday\",\"Friday\",\"Saturday\",\"Sunday\"],\"opens\":\"09:00\",\"closes\":\"18:00\"}],\"email\":\"info@dutchpedelectours.com\",\"areaServed\":\"the Netherlands\",\"vatID\":\"NL001509724B26\",\"priceRange\":\"$$\",\"currenciesAccepted\":\"Euros\",\"paymentAccepted\":\"cash, creditcard, debetcard\"},{\"@type\":\"PostalAddress\",\"@id\":\"https:\\\/\\\/www.dutchpedelectours.com\\\/fr\\\/wind-water-beach\\\/#local-main-place-address\",\"streetAddress\":\"Flevoland 11\",\"addressLocality\":\"Beverwijk\",\"postalCode\":\"1948RH\",\"addressRegion\":\"Noord-Holland\",\"addressCountry\":\"NL\"},{\"@type\":\"ImageObject\",\"inLanguage\":\"fr-FR\",\"@id\":\"https:\\\/\\\/www.dutchpedelectours.com\\\/fr\\\/wind-water-beach\\\/#local-main-organization-logo\",\"url\":\"https:\\\/\\\/www.dutchpedelectours.com\\\/wp-content\\\/uploads\\\/2015\\\/03\\\/DPT-FACEBOOK-WIT.jpg\",\"contentUrl\":\"https:\\\/\\\/www.dutchpedelectours.com\\\/wp-content\\\/uploads\\\/2015\\\/03\\\/DPT-FACEBOOK-WIT.jpg\",\"width\":180,\"height\":180,\"caption\":\"Dutch Pedelec Tours\"}]}<\/script>\n<meta name=\"geo.placename\" content=\"Beverwijk\" \/>\n<meta name=\"geo.position\" content=\"52.473070;4.674476\" \/>\n<meta name=\"geo.region\" content=\"Pays-Bas\" \/>\n<!-- \/ Yoast SEO Premium plugin. -->","yoast_head_json":{"title":"Wind-Water-Beach -","robots":{"index":"noindex","follow":"nofollow"},"og_locale":"fr_FR","og_type":"article","og_title":"Wind-Water-Beach","og_description":"Envie d\u2019une journ\u00e9e en plein air ? D\u00e9foulez-vous sur la plage ! Id\u00e9al pour une longue promenade, un plongeon dansRead more &#x25BA;","og_url":"https:\/\/www.dutchpedelectours.com\/fr\/wind-water-beach\/","article_publisher":"https:\/\/www.facebook.com\/dutchpedelec","article_modified_time":"2020-06-24T06:04:55+00:00","og_image":[{"width":180,"height":180,"url":"https:\/\/www.dutchpedelectours.com\/wp-content\/uploads\/2015\/03\/DPT-FACEBOOK-WIT.jpg","type":"image\/jpeg"}],"twitter_card":"summary_large_image","twitter_site":"@dutchpedelec","twitter_misc":{"Dur\u00e9e de lecture estim\u00e9e":"2 minutes"},"schema":{"@context":"https:\/\/schema.org","@graph":[{"@type":"WebPage","@id":"https:\/\/www.dutchpedelectours.com\/fr\/wind-water-beach\/","url":"https:\/\/www.dutchpedelectours.com\/fr\/wind-water-beach\/","name":"Wind-Water-Beach -","isPartOf":{"@id":"https:\/\/www.dutchpedelectours.com\/fr\/#website"},"datePublished":"2015-09-21T09:44:05+00:00","dateModified":"2020-06-24T06:04:55+00:00","breadcrumb":{"@id":"https:\/\/www.dutchpedelectours.com\/fr\/wind-water-beach\/#breadcrumb"},"inLanguage":"fr-FR","potentialAction":[{"@type":"ReadAction","target":["https:\/\/www.dutchpedelectours.com\/fr\/wind-water-beach\/"]}]},{"@type":"BreadcrumbList","@id":"https:\/\/www.dutchpedelectours.com\/fr\/wind-water-beach\/#breadcrumb","itemListElement":[{"@type":"ListItem","position":1,"name":"Home","item":"https:\/\/www.dutchpedelectours.com\/fr\/"},{"@type":"ListItem","position":2,"name":"Wind-Water-Beach"}]},{"@type":"WebSite","@id":"https:\/\/www.dutchpedelectours.com\/fr\/#website","url":"https:\/\/www.dutchpedelectours.com\/fr\/","name":"","description":"E-bike rental in the Netherlands","publisher":{"@id":"https:\/\/www.dutchpedelectours.com\/fr\/#organization"},"potentialAction":[{"@type":"SearchAction","target":{"@type":"EntryPoint","urlTemplate":"https:\/\/www.dutchpedelectours.com\/fr\/?s={search_term_string}"},"query-input":{"@type":"PropertyValueSpecification","valueRequired":true,"valueName":"search_term_string"}}],"inLanguage":"fr-FR"},{"@type":["Organization","Place","TravelAgency"],"@id":"https:\/\/www.dutchpedelectours.com\/fr\/#organization","name":"Dutch Pedelec Tours","url":"https:\/\/www.dutchpedelectours.com\/fr\/","logo":{"@id":"https:\/\/www.dutchpedelectours.com\/fr\/wind-water-beach\/#local-main-organization-logo"},"image":{"@id":"https:\/\/www.dutchpedelectours.com\/fr\/wind-water-beach\/#local-main-organization-logo"},"sameAs":["https:\/\/www.facebook.com\/dutchpedelec","https:\/\/x.com\/dutchpedelec","https:\/\/www.instagram.com\/dutchpedelec\/","https:\/\/www.pinterest.com\/dutchpedelec\/"],"address":{"@id":"https:\/\/www.dutchpedelectours.com\/fr\/wind-water-beach\/#local-main-place-address"},"geo":{"@type":"GeoCoordinates","latitude":"52.473070","longitude":"4.674476"},"telephone":["+31 (0)621591870"],"openingHoursSpecification":[{"@type":"OpeningHoursSpecification","dayOfWeek":["Monday","Tuesday","Wednesday","Thursday","Friday","Saturday","Sunday"],"opens":"09:00","closes":"18:00"}],"email":"info@dutchpedelectours.com","areaServed":"the Netherlands","vatID":"NL001509724B26","priceRange":"$$","currenciesAccepted":"Euros","paymentAccepted":"cash, creditcard, debetcard"},{"@type":"PostalAddress","@id":"https:\/\/www.dutchpedelectours.com\/fr\/wind-water-beach\/#local-main-place-address","streetAddress":"Flevoland 11","addressLocality":"Beverwijk","postalCode":"1948RH","addressRegion":"Noord-Holland","addressCountry":"NL"},{"@type":"ImageObject","inLanguage":"fr-FR","@id":"https:\/\/www.dutchpedelectours.com\/fr\/wind-water-beach\/#local-main-organization-logo","url":"https:\/\/www.dutchpedelectours.com\/wp-content\/uploads\/2015\/03\/DPT-FACEBOOK-WIT.jpg","contentUrl":"https:\/\/www.dutchpedelectours.com\/wp-content\/uploads\/2015\/03\/DPT-FACEBOOK-WIT.jpg","width":180,"height":180,"caption":"Dutch Pedelec Tours"}]},"geo.placename":"Beverwijk","geo.position":{"lat":"52.473070","long":"4.674476"},"geo.region":"Pays-Bas"},"_links":{"self":[{"href":"https:\/\/www.dutchpedelectours.com\/fr\/wp-json\/wp\/v2\/pages\/5754","targetHints":{"allow":["GET"]}}],"collection":[{"href":"https:\/\/www.dutchpedelectours.com\/fr\/wp-json\/wp\/v2\/pages"}],"about":[{"href":"https:\/\/www.dutchpedelectours.com\/fr\/wp-json\/wp\/v2\/types\/page"}],"author":[{"embeddable":true,"href":"https:\/\/www.dutchpedelectours.com\/fr\/wp-json\/wp\/v2\/users\/3"}],"replies":[{"embeddable":true,"href":"https:\/\/www.dutchpedelectours.com\/fr\/wp-json\/wp\/v2\/comments?post=5754"}],"version-history":[{"count":0,"href":"https:\/\/www.dutchpedelectours.com\/fr\/wp-json\/wp\/v2\/pages\/5754\/revisions"}],"wp:attachment":[{"href":"https:\/\/www.dutchpedelectours.com\/fr\/wp-json\/wp\/v2\/media?parent=5754"}],"curies":[{"name":"wp","href":"https:\/\/api.w.org\/{rel}","templated":true}]}}