{"id":7071,"date":"2019-05-16T19:09:38","date_gmt":"2019-05-16T19:09:38","guid":{"rendered":"https:\/\/www.dutchpedelectours.com\/?page_id=7071"},"modified":"2020-06-24T08:02:57","modified_gmt":"2020-06-24T06:02:57","slug":"visiter-la-formule-1-avec-votre-velo","status":"publish","type":"page","link":"https:\/\/www.dutchpedelectours.com\/fr\/visiter-la-formule-1-avec-votre-velo\/","title":{"rendered":"En v\u00e9lo jusqu&rsquo;\u00e0 la Formule 1 \u00e0 Zandvoort"},"content":{"rendered":"\n<figure class=\"wp-block-image\"><img fetchpriority=\"high\" decoding=\"async\" width=\"1024\" height=\"576\" src=\"https:\/\/www.dutchpedelectours.com\/wp-content\/uploads\/2019\/05\/formule-1-max-1024x576.jpg\" alt=\"\" class=\"wp-image-7044\" srcset=\"https:\/\/www.dutchpedelectours.com\/wp-content\/uploads\/2019\/05\/formule-1-max-1024x576.jpg 1024w, https:\/\/www.dutchpedelectours.com\/wp-content\/uploads\/2019\/05\/formule-1-max-600x338.jpg 600w, https:\/\/www.dutchpedelectours.com\/wp-content\/uploads\/2019\/05\/formule-1-max-300x169.jpg 300w, https:\/\/www.dutchpedelectours.com\/wp-content\/uploads\/2019\/05\/formule-1-max-768x432.jpg 768w, https:\/\/www.dutchpedelectours.com\/wp-content\/uploads\/2019\/05\/formule-1-max-250x141.jpg 250w, https:\/\/www.dutchpedelectours.com\/wp-content\/uploads\/2019\/05\/formule-1-max.jpg 1280w\" sizes=\"(max-width: 1024px) 100vw, 1024px\" \/><\/figure>\n\n\n\n<p>Apr\u00e8s 35 ans, le cirque de Formule 1 revient \u00e0 Zandvoort. Apparemment, beaucoup d\u2019enthousiastes l\u2019attendaient depuis longtemps. Malheureusement, la date n&rsquo;est pas encore connue, mais il est certain qu&rsquo;elle aura lieu en mai. Mais quel est le meilleur moyen de visiter cet \u00e9v\u00e9nement?<br>Si vous souhaitez visiter la Formule 1 avec votre v\u00e9lo, vous pouvez louer un v\u00e9lo \u00e9lectrique chez nous.<\/p>\n\n\n\n<h2 class=\"wp-block-heading\">Souhaitez-vous visiter la Formule 1 \u00e0 v\u00e9lo?<\/h2>\n\n\n\n<p>Qui veut \u00eatre l\u00e0 en 2020, bien s\u00fbr, se pr\u00e9pare d\u00e9j\u00e0. O\u00f9 dois-je dormir et comment y aller? Les m\u00e9dias attachent d\u00e9j\u00e0 une grande importance au fait que Zandvoort sera bient\u00f4t difficile \u00e0 atteindre. Bien s\u00fbr, de nombreux pr\u00e9paratifs sont encore en cours et un autre sera ajust\u00e9, mais cela ne sera jamais suffisant. Pour cette raison, l&rsquo;organisation appelle d\u00e9j\u00e0 \u00e0 des transports en commun organis\u00e9s aussi bien que possible ou utilis\u00e9s \u00e0 v\u00e9lo. Il est \u00e9galement question de tickets combin\u00e9s pour les personnes utilisant les transports en commun ou le v\u00e9lo.<\/p>\n\n\n\n<p>Pourquoi ne vous facilitez-vous pas la t\u00e2che? Faites-le tout un week-end et offrez le transport le plus simple que vous puissiez imaginer, le v\u00e9lo. Et pas seulement un v\u00e9lo, mais aussi un v\u00e9lo \u00e9lectrique. Vous trouverez ici plus d&rsquo;informations sur nos v\u00e9los.<\/p>\n\n\n\n<figure class=\"wp-block-image\"><img decoding=\"async\" width=\"240\" height=\"154\" data-src=\"https:\/\/www.dutchpedelectours.com\/wp-content\/uploads\/2013\/03\/14023_542751882421779_1217789604_n.jpg\" alt=\"\" class=\"wp-image-3071 lazyload\" src=\"data:image\/svg+xml;base64,PHN2ZyB3aWR0aD0iMSIgaGVpZ2h0PSIxIiB4bWxucz0iaHR0cDovL3d3dy53My5vcmcvMjAwMC9zdmciPjwvc3ZnPg==\" style=\"--smush-placeholder-width: 240px; --smush-placeholder-aspect-ratio: 240\/154;\" \/><\/figure>\n\n\n\n<p>Vous ne pouvez probablement pas obtenir un h\u00f4tel ou une chambre d&rsquo;h\u00f4tes dans tout Zandvoort. Par cons\u00e9quent, il est conseill\u00e9 de chercher pendant un moment dans la r\u00e9gion. \u00c0 moins de 20 km de Zandvoort, il existe encore de nombreux lieux de s\u00e9jour. Pensez \u00e0 Haarlem, IJmuiden, Noordwijk ou Wijk aan Zee et tout le reste. De tous ces endroits, vous pouvez visiter la Formule 1 avec votre v\u00e9lo et atteindre Zandvoort confortablement en v\u00e9lo \u00e9lectrique.<\/p>\n\n\n\n<h2 class=\"wp-block-heading\">Package<\/h2>\n\n\n\n<p>Pour cet \u00e9v\u00e9nement, nous avons mis en place un package sp\u00e9cial.<br>\n&nbsp; Louez un v\u00e9lo \u00e9lectrique pendant 4 jours \u00e0 125 \u20ac par v\u00e9lo. Pour ce montant, les v\u00e9los seront \u00e9galement apport\u00e9s \u00e0 votre h\u00f4tel. O\u00f9 que vous dormiez, assoyez-vous le matin, d\u00e9tendez-vous sur votre v\u00e9lo et profitez imm\u00e9diatement de l\u2019environnement fantastique qui vous m\u00e8nera \u00e0 l\u2019hippodrome.<\/p>\n\n\n\n<figure class=\"wp-block-image\"><img decoding=\"async\" width=\"800\" height=\"200\" data-src=\"https:\/\/www.dutchpedelectours.com\/wp-content\/uploads\/2014\/10\/Fietsen-door-de-Kennemerduinen-800x200.jpg\" alt=\"visiter la Formule 1 avec votre v\u00e9lo\" class=\"wp-image-4644 lazyload\" data-srcset=\"https:\/\/www.dutchpedelectours.com\/wp-content\/uploads\/2014\/10\/Fietsen-door-de-Kennemerduinen-800x200.jpg 800w, https:\/\/www.dutchpedelectours.com\/wp-content\/uploads\/2014\/10\/Fietsen-door-de-Kennemerduinen-800x200-600x150.jpg 600w, https:\/\/www.dutchpedelectours.com\/wp-content\/uploads\/2014\/10\/Fietsen-door-de-Kennemerduinen-800x200-300x75.jpg 300w, https:\/\/www.dutchpedelectours.com\/wp-content\/uploads\/2014\/10\/Fietsen-door-de-Kennemerduinen-800x200-250x63.jpg 250w\" data-sizes=\"(max-width: 800px) 100vw, 800px\" src=\"data:image\/svg+xml;base64,PHN2ZyB3aWR0aD0iMSIgaGVpZ2h0PSIxIiB4bWxucz0iaHR0cDovL3d3dy53My5vcmcvMjAwMC9zdmciPjwvc3ZnPg==\" style=\"--smush-placeholder-width: 800px; --smush-placeholder-aspect-ratio: 800\/200;\" \/><\/figure>\n\n\n\n<h2 class=\"wp-block-heading\">O\u00f9 puis-je rester?<\/h2>\n\n\n\n<p>En plus de Zandvoort, il existe de nombreuses fa\u00e7ons de rester dans la r\u00e9gion. Vous avez probablement d\u00e9j\u00e0 trouv\u00e9 quelque chose, mais voici quelques conseils. Tous les lieux depuis lesquels vous pouvez facilement rejoindre Zandvoort en v\u00e9lo \u00e9lectrique. Et tous les endroits avec lesquels nous avons eu de bonnes exp\u00e9riences.<\/p>\n\n\n\n<p><a href=\"https:\/\/www.duindoorn.nl\">\ufeffCamping Duindoorn<\/a><\/p>\n\n\n\n<p><a href=\"https:\/\/www.hotelrauwaandekade.nl\">Hotel Rauw aan de Kade<\/a><\/p>\n\n\n\n<p><a href=\"https:\/\/www.augusta.nl\">Augusta<\/a><\/p>\n\n\n\n<p><a href=\"https:\/\/www.apollohotels.nl\/apollo-hotel-ijmuiden-seaport-beach\/\">Apollo hotel<\/a><\/p>\n\n\n\n<p><a href=\"https:\/\/www.duin-kruidberg.nl\/nl\">Duin &amp; Kruidberg<\/a><\/p>\n","protected":false},"excerpt":{"rendered":"<p>Apr\u00e8s 35 ans, le cirque de Formule 1 revient \u00e0 Zandvoort. Apparemment, beaucoup d\u2019enthousiastes l\u2019attendaient depuis longtemps. Malheureusement, la date<\/p>\n<div class=\"read-button read_more_btn_text\"><a class=\"read_more\" href=\"https:\/\/www.dutchpedelectours.com\/fr\/visiter-la-formule-1-avec-votre-velo\/\">Read more<span class=\"arrow_readm\"> &#x25BA;<\/span><\/a><\/div>\n","protected":false},"author":3,"featured_media":0,"parent":0,"menu_order":0,"comment_status":"closed","ping_status":"closed","template":"","meta":{"footnotes":""},"class_list":["post-7071","page","type-page","status-publish","hentry"],"yoast_head":"<!-- This site is optimized with the Yoast SEO Premium plugin v27.4 (Yoast SEO v27.4) - https:\/\/yoast.com\/product\/yoast-seo-premium-wordpress\/ -->\n<title>En v\u00e9lo jusqu&#039;\u00e0 la Formule 1 \u00e0 Zandvoort -<\/title>\n<meta name=\"description\" content=\"Souhaitez-vous visiter la Formule 1 avec votre v\u00e9lo? Puis empruntez un v\u00e9lo \u00e9lectrique. Nous apportons les v\u00e9los \u00e0 votre h\u00f4tel\" \/>\n<meta name=\"robots\" content=\"index, follow, max-snippet:-1, max-image-preview:large, max-video-preview:-1\" \/>\n<link rel=\"canonical\" href=\"https:\/\/www.dutchpedelectours.com\/fr\/visiter-la-formule-1-avec-votre-velo\/\" \/>\n<meta property=\"og:locale\" content=\"fr_FR\" \/>\n<meta property=\"og:type\" content=\"article\" \/>\n<meta property=\"og:title\" content=\"En v\u00e9lo jusqu&#039;\u00e0 la Formule 1 \u00e0 Zandvoort\" \/>\n<meta property=\"og:description\" content=\"Souhaitez-vous visiter la Formule 1 avec votre v\u00e9lo? Puis empruntez un v\u00e9lo \u00e9lectrique. Nous apportons les v\u00e9los \u00e0 votre h\u00f4tel\" \/>\n<meta property=\"og:url\" content=\"https:\/\/www.dutchpedelectours.com\/fr\/visiter-la-formule-1-avec-votre-velo\/\" \/>\n<meta property=\"article:publisher\" content=\"https:\/\/www.facebook.com\/dutchpedelec\" \/>\n<meta property=\"article:modified_time\" content=\"2020-06-24T06:02:57+00:00\" \/>\n<meta property=\"og:image\" content=\"https:\/\/www.dutchpedelectours.com\/wp-content\/uploads\/2019\/05\/formule-1-max-1024x576.jpg\" \/>\n<meta name=\"twitter:card\" content=\"summary_large_image\" \/>\n<meta name=\"twitter:site\" content=\"@dutchpedelec\" \/>\n<meta name=\"twitter:label1\" content=\"Dur\u00e9e de lecture estim\u00e9e\" \/>\n\t<meta name=\"twitter:data1\" content=\"2 minutes\" \/>\n<script type=\"application\/ld+json\" class=\"yoast-schema-graph\">{\"@context\":\"https:\\\/\\\/schema.org\",\"@graph\":[{\"@type\":\"WebPage\",\"@id\":\"https:\\\/\\\/www.dutchpedelectours.com\\\/fr\\\/visiter-la-formule-1-avec-votre-velo\\\/\",\"url\":\"https:\\\/\\\/www.dutchpedelectours.com\\\/fr\\\/visiter-la-formule-1-avec-votre-velo\\\/\",\"name\":\"En v\u00e9lo jusqu'\u00e0 la Formule 1 \u00e0 Zandvoort -\",\"isPartOf\":{\"@id\":\"https:\\\/\\\/www.dutchpedelectours.com\\\/fr\\\/#website\"},\"primaryImageOfPage\":{\"@id\":\"https:\\\/\\\/www.dutchpedelectours.com\\\/fr\\\/visiter-la-formule-1-avec-votre-velo\\\/#primaryimage\"},\"image\":{\"@id\":\"https:\\\/\\\/www.dutchpedelectours.com\\\/fr\\\/visiter-la-formule-1-avec-votre-velo\\\/#primaryimage\"},\"thumbnailUrl\":\"https:\\\/\\\/www.dutchpedelectours.com\\\/wp-content\\\/uploads\\\/2019\\\/05\\\/formule-1-max-1024x576.jpg\",\"datePublished\":\"2019-05-16T19:09:38+00:00\",\"dateModified\":\"2020-06-24T06:02:57+00:00\",\"description\":\"Souhaitez-vous visiter la Formule 1 avec votre v\u00e9lo? Puis empruntez un v\u00e9lo \u00e9lectrique. Nous apportons les v\u00e9los \u00e0 votre h\u00f4tel\",\"breadcrumb\":{\"@id\":\"https:\\\/\\\/www.dutchpedelectours.com\\\/fr\\\/visiter-la-formule-1-avec-votre-velo\\\/#breadcrumb\"},\"inLanguage\":\"fr-FR\",\"potentialAction\":[{\"@type\":\"ReadAction\",\"target\":[\"https:\\\/\\\/www.dutchpedelectours.com\\\/fr\\\/visiter-la-formule-1-avec-votre-velo\\\/\"]}]},{\"@type\":\"ImageObject\",\"inLanguage\":\"fr-FR\",\"@id\":\"https:\\\/\\\/www.dutchpedelectours.com\\\/fr\\\/visiter-la-formule-1-avec-votre-velo\\\/#primaryimage\",\"url\":\"https:\\\/\\\/www.dutchpedelectours.com\\\/wp-content\\\/uploads\\\/2019\\\/05\\\/formule-1-max-1024x576.jpg\",\"contentUrl\":\"https:\\\/\\\/www.dutchpedelectours.com\\\/wp-content\\\/uploads\\\/2019\\\/05\\\/formule-1-max-1024x576.jpg\"},{\"@type\":\"BreadcrumbList\",\"@id\":\"https:\\\/\\\/www.dutchpedelectours.com\\\/fr\\\/visiter-la-formule-1-avec-votre-velo\\\/#breadcrumb\",\"itemListElement\":[{\"@type\":\"ListItem\",\"position\":1,\"name\":\"Home\",\"item\":\"https:\\\/\\\/www.dutchpedelectours.com\\\/fr\\\/\"},{\"@type\":\"ListItem\",\"position\":2,\"name\":\"En v\u00e9lo jusqu&rsquo;\u00e0 la Formule 1 \u00e0 Zandvoort\"}]},{\"@type\":\"WebSite\",\"@id\":\"https:\\\/\\\/www.dutchpedelectours.com\\\/fr\\\/#website\",\"url\":\"https:\\\/\\\/www.dutchpedelectours.com\\\/fr\\\/\",\"name\":\"\",\"description\":\"E-bike rental in the Netherlands\",\"publisher\":{\"@id\":\"https:\\\/\\\/www.dutchpedelectours.com\\\/fr\\\/#organization\"},\"potentialAction\":[{\"@type\":\"SearchAction\",\"target\":{\"@type\":\"EntryPoint\",\"urlTemplate\":\"https:\\\/\\\/www.dutchpedelectours.com\\\/fr\\\/?s={search_term_string}\"},\"query-input\":{\"@type\":\"PropertyValueSpecification\",\"valueRequired\":true,\"valueName\":\"search_term_string\"}}],\"inLanguage\":\"fr-FR\"},{\"@type\":[\"Organization\",\"Place\",\"TravelAgency\"],\"@id\":\"https:\\\/\\\/www.dutchpedelectours.com\\\/fr\\\/#organization\",\"name\":\"Dutch Pedelec Tours\",\"url\":\"https:\\\/\\\/www.dutchpedelectours.com\\\/fr\\\/\",\"logo\":{\"@id\":\"https:\\\/\\\/www.dutchpedelectours.com\\\/fr\\\/visiter-la-formule-1-avec-votre-velo\\\/#local-main-organization-logo\"},\"image\":{\"@id\":\"https:\\\/\\\/www.dutchpedelectours.com\\\/fr\\\/visiter-la-formule-1-avec-votre-velo\\\/#local-main-organization-logo\"},\"sameAs\":[\"https:\\\/\\\/www.facebook.com\\\/dutchpedelec\",\"https:\\\/\\\/x.com\\\/dutchpedelec\",\"https:\\\/\\\/www.instagram.com\\\/dutchpedelec\\\/\",\"https:\\\/\\\/www.pinterest.com\\\/dutchpedelec\\\/\"],\"address\":{\"@id\":\"https:\\\/\\\/www.dutchpedelectours.com\\\/fr\\\/visiter-la-formule-1-avec-votre-velo\\\/#local-main-place-address\"},\"geo\":{\"@type\":\"GeoCoordinates\",\"latitude\":\"52.473070\",\"longitude\":\"4.674476\"},\"telephone\":[\"+31 (0)621591870\"],\"openingHoursSpecification\":[{\"@type\":\"OpeningHoursSpecification\",\"dayOfWeek\":[\"Monday\",\"Tuesday\",\"Wednesday\",\"Thursday\",\"Friday\",\"Saturday\",\"Sunday\"],\"opens\":\"09:00\",\"closes\":\"18:00\"}],\"email\":\"info@dutchpedelectours.com\",\"areaServed\":\"the Netherlands\",\"vatID\":\"NL001509724B26\",\"priceRange\":\"$$\",\"currenciesAccepted\":\"Euros\",\"paymentAccepted\":\"cash, creditcard, debetcard\"},{\"@type\":\"PostalAddress\",\"@id\":\"https:\\\/\\\/www.dutchpedelectours.com\\\/fr\\\/visiter-la-formule-1-avec-votre-velo\\\/#local-main-place-address\",\"streetAddress\":\"Flevoland 11\",\"addressLocality\":\"Beverwijk\",\"postalCode\":\"1948RH\",\"addressRegion\":\"Noord-Holland\",\"addressCountry\":\"NL\"},{\"@type\":\"ImageObject\",\"inLanguage\":\"fr-FR\",\"@id\":\"https:\\\/\\\/www.dutchpedelectours.com\\\/fr\\\/visiter-la-formule-1-avec-votre-velo\\\/#local-main-organization-logo\",\"url\":\"https:\\\/\\\/www.dutchpedelectours.com\\\/wp-content\\\/uploads\\\/2015\\\/03\\\/DPT-FACEBOOK-WIT.jpg\",\"contentUrl\":\"https:\\\/\\\/www.dutchpedelectours.com\\\/wp-content\\\/uploads\\\/2015\\\/03\\\/DPT-FACEBOOK-WIT.jpg\",\"width\":180,\"height\":180,\"caption\":\"Dutch Pedelec Tours\"}]}<\/script>\n<meta name=\"geo.placename\" content=\"Beverwijk\" \/>\n<meta name=\"geo.position\" content=\"52.473070;4.674476\" \/>\n<meta name=\"geo.region\" content=\"Pays-Bas\" \/>\n<!-- \/ Yoast SEO Premium plugin. -->","yoast_head_json":{"title":"En v\u00e9lo jusqu'\u00e0 la Formule 1 \u00e0 Zandvoort -","description":"Souhaitez-vous visiter la Formule 1 avec votre v\u00e9lo? Puis empruntez un v\u00e9lo \u00e9lectrique. Nous apportons les v\u00e9los \u00e0 votre h\u00f4tel","robots":{"index":"index","follow":"follow","max-snippet":"max-snippet:-1","max-image-preview":"max-image-preview:large","max-video-preview":"max-video-preview:-1"},"canonical":"https:\/\/www.dutchpedelectours.com\/fr\/visiter-la-formule-1-avec-votre-velo\/","og_locale":"fr_FR","og_type":"article","og_title":"En v\u00e9lo jusqu'\u00e0 la Formule 1 \u00e0 Zandvoort","og_description":"Souhaitez-vous visiter la Formule 1 avec votre v\u00e9lo? Puis empruntez un v\u00e9lo \u00e9lectrique. Nous apportons les v\u00e9los \u00e0 votre h\u00f4tel","og_url":"https:\/\/www.dutchpedelectours.com\/fr\/visiter-la-formule-1-avec-votre-velo\/","article_publisher":"https:\/\/www.facebook.com\/dutchpedelec","article_modified_time":"2020-06-24T06:02:57+00:00","og_image":[{"url":"https:\/\/www.dutchpedelectours.com\/wp-content\/uploads\/2019\/05\/formule-1-max-1024x576.jpg","type":"","width":"","height":""}],"twitter_card":"summary_large_image","twitter_site":"@dutchpedelec","twitter_misc":{"Dur\u00e9e de lecture estim\u00e9e":"2 minutes"},"schema":{"@context":"https:\/\/schema.org","@graph":[{"@type":"WebPage","@id":"https:\/\/www.dutchpedelectours.com\/fr\/visiter-la-formule-1-avec-votre-velo\/","url":"https:\/\/www.dutchpedelectours.com\/fr\/visiter-la-formule-1-avec-votre-velo\/","name":"En v\u00e9lo jusqu'\u00e0 la Formule 1 \u00e0 Zandvoort -","isPartOf":{"@id":"https:\/\/www.dutchpedelectours.com\/fr\/#website"},"primaryImageOfPage":{"@id":"https:\/\/www.dutchpedelectours.com\/fr\/visiter-la-formule-1-avec-votre-velo\/#primaryimage"},"image":{"@id":"https:\/\/www.dutchpedelectours.com\/fr\/visiter-la-formule-1-avec-votre-velo\/#primaryimage"},"thumbnailUrl":"https:\/\/www.dutchpedelectours.com\/wp-content\/uploads\/2019\/05\/formule-1-max-1024x576.jpg","datePublished":"2019-05-16T19:09:38+00:00","dateModified":"2020-06-24T06:02:57+00:00","description":"Souhaitez-vous visiter la Formule 1 avec votre v\u00e9lo? Puis empruntez un v\u00e9lo \u00e9lectrique. Nous apportons les v\u00e9los \u00e0 votre h\u00f4tel","breadcrumb":{"@id":"https:\/\/www.dutchpedelectours.com\/fr\/visiter-la-formule-1-avec-votre-velo\/#breadcrumb"},"inLanguage":"fr-FR","potentialAction":[{"@type":"ReadAction","target":["https:\/\/www.dutchpedelectours.com\/fr\/visiter-la-formule-1-avec-votre-velo\/"]}]},{"@type":"ImageObject","inLanguage":"fr-FR","@id":"https:\/\/www.dutchpedelectours.com\/fr\/visiter-la-formule-1-avec-votre-velo\/#primaryimage","url":"https:\/\/www.dutchpedelectours.com\/wp-content\/uploads\/2019\/05\/formule-1-max-1024x576.jpg","contentUrl":"https:\/\/www.dutchpedelectours.com\/wp-content\/uploads\/2019\/05\/formule-1-max-1024x576.jpg"},{"@type":"BreadcrumbList","@id":"https:\/\/www.dutchpedelectours.com\/fr\/visiter-la-formule-1-avec-votre-velo\/#breadcrumb","itemListElement":[{"@type":"ListItem","position":1,"name":"Home","item":"https:\/\/www.dutchpedelectours.com\/fr\/"},{"@type":"ListItem","position":2,"name":"En v\u00e9lo jusqu&rsquo;\u00e0 la Formule 1 \u00e0 Zandvoort"}]},{"@type":"WebSite","@id":"https:\/\/www.dutchpedelectours.com\/fr\/#website","url":"https:\/\/www.dutchpedelectours.com\/fr\/","name":"","description":"E-bike rental in the Netherlands","publisher":{"@id":"https:\/\/www.dutchpedelectours.com\/fr\/#organization"},"potentialAction":[{"@type":"SearchAction","target":{"@type":"EntryPoint","urlTemplate":"https:\/\/www.dutchpedelectours.com\/fr\/?s={search_term_string}"},"query-input":{"@type":"PropertyValueSpecification","valueRequired":true,"valueName":"search_term_string"}}],"inLanguage":"fr-FR"},{"@type":["Organization","Place","TravelAgency"],"@id":"https:\/\/www.dutchpedelectours.com\/fr\/#organization","name":"Dutch Pedelec Tours","url":"https:\/\/www.dutchpedelectours.com\/fr\/","logo":{"@id":"https:\/\/www.dutchpedelectours.com\/fr\/visiter-la-formule-1-avec-votre-velo\/#local-main-organization-logo"},"image":{"@id":"https:\/\/www.dutchpedelectours.com\/fr\/visiter-la-formule-1-avec-votre-velo\/#local-main-organization-logo"},"sameAs":["https:\/\/www.facebook.com\/dutchpedelec","https:\/\/x.com\/dutchpedelec","https:\/\/www.instagram.com\/dutchpedelec\/","https:\/\/www.pinterest.com\/dutchpedelec\/"],"address":{"@id":"https:\/\/www.dutchpedelectours.com\/fr\/visiter-la-formule-1-avec-votre-velo\/#local-main-place-address"},"geo":{"@type":"GeoCoordinates","latitude":"52.473070","longitude":"4.674476"},"telephone":["+31 (0)621591870"],"openingHoursSpecification":[{"@type":"OpeningHoursSpecification","dayOfWeek":["Monday","Tuesday","Wednesday","Thursday","Friday","Saturday","Sunday"],"opens":"09:00","closes":"18:00"}],"email":"info@dutchpedelectours.com","areaServed":"the Netherlands","vatID":"NL001509724B26","priceRange":"$$","currenciesAccepted":"Euros","paymentAccepted":"cash, creditcard, debetcard"},{"@type":"PostalAddress","@id":"https:\/\/www.dutchpedelectours.com\/fr\/visiter-la-formule-1-avec-votre-velo\/#local-main-place-address","streetAddress":"Flevoland 11","addressLocality":"Beverwijk","postalCode":"1948RH","addressRegion":"Noord-Holland","addressCountry":"NL"},{"@type":"ImageObject","inLanguage":"fr-FR","@id":"https:\/\/www.dutchpedelectours.com\/fr\/visiter-la-formule-1-avec-votre-velo\/#local-main-organization-logo","url":"https:\/\/www.dutchpedelectours.com\/wp-content\/uploads\/2015\/03\/DPT-FACEBOOK-WIT.jpg","contentUrl":"https:\/\/www.dutchpedelectours.com\/wp-content\/uploads\/2015\/03\/DPT-FACEBOOK-WIT.jpg","width":180,"height":180,"caption":"Dutch Pedelec Tours"}]},"geo.placename":"Beverwijk","geo.position":{"lat":"52.473070","long":"4.674476"},"geo.region":"Pays-Bas"},"_links":{"self":[{"href":"https:\/\/www.dutchpedelectours.com\/fr\/wp-json\/wp\/v2\/pages\/7071","targetHints":{"allow":["GET"]}}],"collection":[{"href":"https:\/\/www.dutchpedelectours.com\/fr\/wp-json\/wp\/v2\/pages"}],"about":[{"href":"https:\/\/www.dutchpedelectours.com\/fr\/wp-json\/wp\/v2\/types\/page"}],"author":[{"embeddable":true,"href":"https:\/\/www.dutchpedelectours.com\/fr\/wp-json\/wp\/v2\/users\/3"}],"replies":[{"embeddable":true,"href":"https:\/\/www.dutchpedelectours.com\/fr\/wp-json\/wp\/v2\/comments?post=7071"}],"version-history":[{"count":0,"href":"https:\/\/www.dutchpedelectours.com\/fr\/wp-json\/wp\/v2\/pages\/7071\/revisions"}],"wp:attachment":[{"href":"https:\/\/www.dutchpedelectours.com\/fr\/wp-json\/wp\/v2\/media?parent=7071"}],"curies":[{"name":"wp","href":"https:\/\/api.w.org\/{rel}","templated":true}]}}