{"id":3852,"date":"2015-01-06T21:10:55","date_gmt":"2015-01-06T21:10:55","guid":{"rendered":"https:\/\/www.dutchpedelectours.com\/?page_id=3852"},"modified":"2015-03-19T16:41:46","modified_gmt":"2015-03-19T16:41:46","slug":"de-ruine-van-brederode","status":"publish","type":"page","link":"https:\/\/www.dutchpedelectours.com\/nl\/de-ruine-van-brederode\/","title":{"rendered":"De ruine van Brederode"},"content":{"rendered":"<p><a href=\"https:\/\/www.dutchpedelectours.com\/wp-content\/uploads\/2013\/03\/Ruinevanbrederode_800x200.jpg\"><img fetchpriority=\"high\" decoding=\"async\" class=\"alignnone size-full wp-image-4960\" src=\"https:\/\/www.dutchpedelectours.com\/wp-content\/uploads\/2013\/03\/Ruinevanbrederode_800x200.jpg\" alt=\"Ruinevanbrederode_800x200\" width=\"800\" height=\"200\" srcset=\"https:\/\/www.dutchpedelectours.com\/wp-content\/uploads\/2013\/03\/Ruinevanbrederode_800x200.jpg 800w, https:\/\/www.dutchpedelectours.com\/wp-content\/uploads\/2013\/03\/Ruinevanbrederode_800x200-600x150.jpg 600w, https:\/\/www.dutchpedelectours.com\/wp-content\/uploads\/2013\/03\/Ruinevanbrederode_800x200-300x75.jpg 300w, https:\/\/www.dutchpedelectours.com\/wp-content\/uploads\/2013\/03\/Ruinevanbrederode_800x200-250x63.jpg 250w\" sizes=\"(max-width: 800px) 100vw, 800px\" \/><\/a><br \/>\nUit militair en handelsoogpunt lag het kasteel Brederode zeer strategisch. Het drassige veen waarmee het kasteel omgeven was, maakte de kans op onverwachte aanvallen aanzienlijk kleiner. Toch slaagden de Spaanse soldaten er in 1573 in om het kasteel te plunderen en in brand te steken en sinds die tijd is het een ru\u00efne. Bezoeken Vanaf 1 maart 2014 is de Ru\u00efne weer toegankelijk voor publiek. De toegang tot de Ru\u00efne wordt gevormd door smalle bruggetjes en is hierdoor niet geschikt voor rolstoelen.<\/p>\n<p><iframe data-src=\"https:\/\/mapsengine.google.com\/map\/embed?mid=zfkC0SoaTVDU.kXKzwB2n6oe0\" width=\"640\" height=\"480\" src=\"data:image\/svg+xml;base64,PHN2ZyB3aWR0aD0iMSIgaGVpZ2h0PSIxIiB4bWxucz0iaHR0cDovL3d3dy53My5vcmcvMjAwMC9zdmciPjwvc3ZnPg==\" class=\"lazyload\" data-load-mode=\"1\"><\/iframe><\/p>\n<p><strong>Locatie<\/strong><\/p>\n<div id=\"stcpDiv\">Ru\u00efne van Brederode<br \/>\nVelserenderlaan 2<br \/>\n2082 LA SANTPOORT-ZUID<strong>Contact<\/strong><\/p>\n<div id=\"stcpDiv\">Contact: <a href=\"mailto:info@heerlijkheid-brederode.nl\">info@heerlijkheid-brederode.nl<\/a><br \/>\nContact: 023 537 8763<br \/>\nwebsite: <a href=\"https:\/\/www.heerlijkheid-brederode.nl\">https:\/\/www.heerlijkheid-brederode.nl<\/a><\/div>\n<\/div>\n","protected":false},"excerpt":{"rendered":"<p>Uit militair en handelsoogpunt lag het kasteel Brederode zeer strategisch. Het drassige veen waarmee het kasteel omgeven was, maakte de<\/p>\n<div class=\"read-button read_more_btn_text\"><a class=\"read_more\" href=\"https:\/\/www.dutchpedelectours.com\/nl\/de-ruine-van-brederode\/\">Read more<span class=\"arrow_readm\"> &#x25BA;<\/span><\/a><\/div>\n","protected":false},"author":3,"featured_media":0,"parent":0,"menu_order":0,"comment_status":"open","ping_status":"open","template":"","meta":{"footnotes":""},"class_list":["post-3852","page","type-page","status-publish","hentry"],"yoast_head":"<!-- This site is optimized with the Yoast SEO Premium plugin v27.3 (Yoast SEO v27.3) - https:\/\/yoast.com\/product\/yoast-seo-premium-wordpress\/ -->\n<title>De ruine van Brederode - Dutch Pedelec Tours<\/title>\n<meta name=\"robots\" content=\"index, follow, max-snippet:-1, max-image-preview:large, max-video-preview:-1\" \/>\n<link rel=\"canonical\" href=\"https:\/\/www.dutchpedelectours.com\/nl\/de-ruine-van-brederode\/\" \/>\n<meta property=\"og:locale\" content=\"nl_NL\" \/>\n<meta property=\"og:type\" content=\"article\" \/>\n<meta property=\"og:title\" content=\"De ruine van Brederode\" \/>\n<meta property=\"og:description\" content=\"Uit militair en handelsoogpunt lag het kasteel Brederode zeer strategisch. Het drassige veen waarmee het kasteel omgeven was, maakte deRead more &#x25BA;\" \/>\n<meta property=\"og:url\" content=\"https:\/\/www.dutchpedelectours.com\/nl\/de-ruine-van-brederode\/\" \/>\n<meta property=\"og:site_name\" content=\"Dutch Pedelec Tours\" \/>\n<meta property=\"article:publisher\" content=\"https:\/\/www.facebook.com\/dutchpedelec\" \/>\n<meta property=\"article:modified_time\" content=\"2015-03-19T16:41:46+00:00\" \/>\n<meta property=\"og:image\" content=\"https:\/\/www.dutchpedelectours.com\/wp-content\/uploads\/2013\/03\/Ruinevanbrederode_800x200.jpg\" \/>\n<meta name=\"twitter:card\" content=\"summary_large_image\" \/>\n<meta name=\"twitter:site\" content=\"@dutchpedelec\" \/>\n<meta name=\"twitter:label1\" content=\"Geschatte leestijd\" \/>\n\t<meta name=\"twitter:data1\" content=\"1 minuut\" \/>\n<script type=\"application\/ld+json\" class=\"yoast-schema-graph\">{\"@context\":\"https:\\\/\\\/schema.org\",\"@graph\":[{\"@type\":\"WebPage\",\"@id\":\"https:\\\/\\\/www.dutchpedelectours.com\\\/nl\\\/de-ruine-van-brederode\\\/\",\"url\":\"https:\\\/\\\/www.dutchpedelectours.com\\\/nl\\\/de-ruine-van-brederode\\\/\",\"name\":\"De ruine van Brederode - Dutch Pedelec Tours\",\"isPartOf\":{\"@id\":\"https:\\\/\\\/www.dutchpedelectours.com\\\/nl\\\/#website\"},\"primaryImageOfPage\":{\"@id\":\"https:\\\/\\\/www.dutchpedelectours.com\\\/nl\\\/de-ruine-van-brederode\\\/#primaryimage\"},\"image\":{\"@id\":\"https:\\\/\\\/www.dutchpedelectours.com\\\/nl\\\/de-ruine-van-brederode\\\/#primaryimage\"},\"thumbnailUrl\":\"https:\\\/\\\/www.dutchpedelectours.com\\\/wp-content\\\/uploads\\\/2013\\\/03\\\/Ruinevanbrederode_800x200.jpg\",\"datePublished\":\"2015-01-06T21:10:55+00:00\",\"dateModified\":\"2015-03-19T16:41:46+00:00\",\"breadcrumb\":{\"@id\":\"https:\\\/\\\/www.dutchpedelectours.com\\\/nl\\\/de-ruine-van-brederode\\\/#breadcrumb\"},\"inLanguage\":\"nl-NL\",\"potentialAction\":[{\"@type\":\"ReadAction\",\"target\":[\"https:\\\/\\\/www.dutchpedelectours.com\\\/nl\\\/de-ruine-van-brederode\\\/\"]}]},{\"@type\":\"ImageObject\",\"inLanguage\":\"nl-NL\",\"@id\":\"https:\\\/\\\/www.dutchpedelectours.com\\\/nl\\\/de-ruine-van-brederode\\\/#primaryimage\",\"url\":\"https:\\\/\\\/www.dutchpedelectours.com\\\/wp-content\\\/uploads\\\/2013\\\/03\\\/Ruinevanbrederode_800x200.jpg\",\"contentUrl\":\"https:\\\/\\\/www.dutchpedelectours.com\\\/wp-content\\\/uploads\\\/2013\\\/03\\\/Ruinevanbrederode_800x200.jpg\"},{\"@type\":\"BreadcrumbList\",\"@id\":\"https:\\\/\\\/www.dutchpedelectours.com\\\/nl\\\/de-ruine-van-brederode\\\/#breadcrumb\",\"itemListElement\":[{\"@type\":\"ListItem\",\"position\":1,\"name\":\"Home\",\"item\":\"https:\\\/\\\/www.dutchpedelectours.com\\\/nl\\\/\"},{\"@type\":\"ListItem\",\"position\":2,\"name\":\"De ruine van Brederode\"}]},{\"@type\":\"WebSite\",\"@id\":\"https:\\\/\\\/www.dutchpedelectours.com\\\/nl\\\/#website\",\"url\":\"https:\\\/\\\/www.dutchpedelectours.com\\\/nl\\\/\",\"name\":\"Dutch Pedelec Tours\",\"description\":\"Pedelec rental in IJmuiden and Haarlem, E-bike fietsverhuur in omgeving van Wijk aan Zee, Elektrofahrradverleih in IJmuiden und Haarlem\",\"publisher\":{\"@id\":\"https:\\\/\\\/www.dutchpedelectours.com\\\/nl\\\/#organization\"},\"potentialAction\":[{\"@type\":\"SearchAction\",\"target\":{\"@type\":\"EntryPoint\",\"urlTemplate\":\"https:\\\/\\\/www.dutchpedelectours.com\\\/nl\\\/?s={search_term_string}\"},\"query-input\":{\"@type\":\"PropertyValueSpecification\",\"valueRequired\":true,\"valueName\":\"search_term_string\"}}],\"inLanguage\":\"nl-NL\"},{\"@type\":[\"Organization\",\"Place\",\"TravelAgency\"],\"@id\":\"https:\\\/\\\/www.dutchpedelectours.com\\\/nl\\\/#organization\",\"name\":\"Dutch Pedelec Tours\",\"url\":\"https:\\\/\\\/www.dutchpedelectours.com\\\/nl\\\/\",\"logo\":{\"@id\":\"https:\\\/\\\/www.dutchpedelectours.com\\\/nl\\\/de-ruine-van-brederode\\\/#local-main-organization-logo\"},\"image\":{\"@id\":\"https:\\\/\\\/www.dutchpedelectours.com\\\/nl\\\/de-ruine-van-brederode\\\/#local-main-organization-logo\"},\"sameAs\":[\"https:\\\/\\\/www.facebook.com\\\/dutchpedelec\",\"https:\\\/\\\/x.com\\\/dutchpedelec\",\"https:\\\/\\\/www.instagram.com\\\/dutchpedelec\\\/\",\"https:\\\/\\\/www.pinterest.com\\\/dutchpedelec\\\/\"],\"address\":{\"@id\":\"https:\\\/\\\/www.dutchpedelectours.com\\\/nl\\\/de-ruine-van-brederode\\\/#local-main-place-address\"},\"geo\":{\"@type\":\"GeoCoordinates\",\"latitude\":\"52.473070\",\"longitude\":\"4.674476\"},\"telephone\":[\"+31 (0)621591870\"],\"openingHoursSpecification\":[{\"@type\":\"OpeningHoursSpecification\",\"dayOfWeek\":[\"Monday\",\"Tuesday\",\"Wednesday\",\"Thursday\",\"Friday\",\"Saturday\",\"Sunday\"],\"opens\":\"09:00\",\"closes\":\"18:00\"}],\"email\":\"info@dutchpedelectours.com\",\"areaServed\":\"the Netherlands\",\"vatID\":\"NL001509724B26\",\"priceRange\":\"$$\",\"currenciesAccepted\":\"Euros\",\"paymentAccepted\":\"cash, creditcard, debetcard\"},{\"@type\":\"PostalAddress\",\"@id\":\"https:\\\/\\\/www.dutchpedelectours.com\\\/nl\\\/de-ruine-van-brederode\\\/#local-main-place-address\",\"streetAddress\":\"Flevoland 11\",\"addressLocality\":\"Beverwijk\",\"postalCode\":\"1948RH\",\"addressRegion\":\"Noord-Holland\",\"addressCountry\":\"NL\"},{\"@type\":\"ImageObject\",\"inLanguage\":\"nl-NL\",\"@id\":\"https:\\\/\\\/www.dutchpedelectours.com\\\/nl\\\/de-ruine-van-brederode\\\/#local-main-organization-logo\",\"url\":\"https:\\\/\\\/www.dutchpedelectours.com\\\/wp-content\\\/uploads\\\/2015\\\/03\\\/DPT-FACEBOOK-WIT.jpg\",\"contentUrl\":\"https:\\\/\\\/www.dutchpedelectours.com\\\/wp-content\\\/uploads\\\/2015\\\/03\\\/DPT-FACEBOOK-WIT.jpg\",\"width\":180,\"height\":180,\"caption\":\"Dutch Pedelec Tours\"}]}<\/script>\n<meta name=\"geo.placename\" content=\"Beverwijk\" \/>\n<meta name=\"geo.position\" content=\"52.473070;4.674476\" \/>\n<meta name=\"geo.region\" content=\"Nederland\" \/>\n<!-- \/ Yoast SEO Premium plugin. -->","yoast_head_json":{"title":"De ruine van Brederode - Dutch Pedelec Tours","robots":{"index":"index","follow":"follow","max-snippet":"max-snippet:-1","max-image-preview":"max-image-preview:large","max-video-preview":"max-video-preview:-1"},"canonical":"https:\/\/www.dutchpedelectours.com\/nl\/de-ruine-van-brederode\/","og_locale":"nl_NL","og_type":"article","og_title":"De ruine van Brederode","og_description":"Uit militair en handelsoogpunt lag het kasteel Brederode zeer strategisch. Het drassige veen waarmee het kasteel omgeven was, maakte deRead more &#x25BA;","og_url":"https:\/\/www.dutchpedelectours.com\/nl\/de-ruine-van-brederode\/","og_site_name":"Dutch Pedelec Tours","article_publisher":"https:\/\/www.facebook.com\/dutchpedelec","article_modified_time":"2015-03-19T16:41:46+00:00","og_image":[{"url":"https:\/\/www.dutchpedelectours.com\/wp-content\/uploads\/2013\/03\/Ruinevanbrederode_800x200.jpg","type":"","width":"","height":""}],"twitter_card":"summary_large_image","twitter_site":"@dutchpedelec","twitter_misc":{"Geschatte leestijd":"1 minuut"},"schema":{"@context":"https:\/\/schema.org","@graph":[{"@type":"WebPage","@id":"https:\/\/www.dutchpedelectours.com\/nl\/de-ruine-van-brederode\/","url":"https:\/\/www.dutchpedelectours.com\/nl\/de-ruine-van-brederode\/","name":"De ruine van Brederode - Dutch Pedelec Tours","isPartOf":{"@id":"https:\/\/www.dutchpedelectours.com\/nl\/#website"},"primaryImageOfPage":{"@id":"https:\/\/www.dutchpedelectours.com\/nl\/de-ruine-van-brederode\/#primaryimage"},"image":{"@id":"https:\/\/www.dutchpedelectours.com\/nl\/de-ruine-van-brederode\/#primaryimage"},"thumbnailUrl":"https:\/\/www.dutchpedelectours.com\/wp-content\/uploads\/2013\/03\/Ruinevanbrederode_800x200.jpg","datePublished":"2015-01-06T21:10:55+00:00","dateModified":"2015-03-19T16:41:46+00:00","breadcrumb":{"@id":"https:\/\/www.dutchpedelectours.com\/nl\/de-ruine-van-brederode\/#breadcrumb"},"inLanguage":"nl-NL","potentialAction":[{"@type":"ReadAction","target":["https:\/\/www.dutchpedelectours.com\/nl\/de-ruine-van-brederode\/"]}]},{"@type":"ImageObject","inLanguage":"nl-NL","@id":"https:\/\/www.dutchpedelectours.com\/nl\/de-ruine-van-brederode\/#primaryimage","url":"https:\/\/www.dutchpedelectours.com\/wp-content\/uploads\/2013\/03\/Ruinevanbrederode_800x200.jpg","contentUrl":"https:\/\/www.dutchpedelectours.com\/wp-content\/uploads\/2013\/03\/Ruinevanbrederode_800x200.jpg"},{"@type":"BreadcrumbList","@id":"https:\/\/www.dutchpedelectours.com\/nl\/de-ruine-van-brederode\/#breadcrumb","itemListElement":[{"@type":"ListItem","position":1,"name":"Home","item":"https:\/\/www.dutchpedelectours.com\/nl\/"},{"@type":"ListItem","position":2,"name":"De ruine van Brederode"}]},{"@type":"WebSite","@id":"https:\/\/www.dutchpedelectours.com\/nl\/#website","url":"https:\/\/www.dutchpedelectours.com\/nl\/","name":"Dutch Pedelec Tours","description":"Pedelec rental in IJmuiden and Haarlem, E-bike fietsverhuur in omgeving van Wijk aan Zee, Elektrofahrradverleih in IJmuiden und Haarlem","publisher":{"@id":"https:\/\/www.dutchpedelectours.com\/nl\/#organization"},"potentialAction":[{"@type":"SearchAction","target":{"@type":"EntryPoint","urlTemplate":"https:\/\/www.dutchpedelectours.com\/nl\/?s={search_term_string}"},"query-input":{"@type":"PropertyValueSpecification","valueRequired":true,"valueName":"search_term_string"}}],"inLanguage":"nl-NL"},{"@type":["Organization","Place","TravelAgency"],"@id":"https:\/\/www.dutchpedelectours.com\/nl\/#organization","name":"Dutch Pedelec Tours","url":"https:\/\/www.dutchpedelectours.com\/nl\/","logo":{"@id":"https:\/\/www.dutchpedelectours.com\/nl\/de-ruine-van-brederode\/#local-main-organization-logo"},"image":{"@id":"https:\/\/www.dutchpedelectours.com\/nl\/de-ruine-van-brederode\/#local-main-organization-logo"},"sameAs":["https:\/\/www.facebook.com\/dutchpedelec","https:\/\/x.com\/dutchpedelec","https:\/\/www.instagram.com\/dutchpedelec\/","https:\/\/www.pinterest.com\/dutchpedelec\/"],"address":{"@id":"https:\/\/www.dutchpedelectours.com\/nl\/de-ruine-van-brederode\/#local-main-place-address"},"geo":{"@type":"GeoCoordinates","latitude":"52.473070","longitude":"4.674476"},"telephone":["+31 (0)621591870"],"openingHoursSpecification":[{"@type":"OpeningHoursSpecification","dayOfWeek":["Monday","Tuesday","Wednesday","Thursday","Friday","Saturday","Sunday"],"opens":"09:00","closes":"18:00"}],"email":"info@dutchpedelectours.com","areaServed":"the Netherlands","vatID":"NL001509724B26","priceRange":"$$","currenciesAccepted":"Euros","paymentAccepted":"cash, creditcard, debetcard"},{"@type":"PostalAddress","@id":"https:\/\/www.dutchpedelectours.com\/nl\/de-ruine-van-brederode\/#local-main-place-address","streetAddress":"Flevoland 11","addressLocality":"Beverwijk","postalCode":"1948RH","addressRegion":"Noord-Holland","addressCountry":"NL"},{"@type":"ImageObject","inLanguage":"nl-NL","@id":"https:\/\/www.dutchpedelectours.com\/nl\/de-ruine-van-brederode\/#local-main-organization-logo","url":"https:\/\/www.dutchpedelectours.com\/wp-content\/uploads\/2015\/03\/DPT-FACEBOOK-WIT.jpg","contentUrl":"https:\/\/www.dutchpedelectours.com\/wp-content\/uploads\/2015\/03\/DPT-FACEBOOK-WIT.jpg","width":180,"height":180,"caption":"Dutch Pedelec Tours"}]},"geo.placename":"Beverwijk","geo.position":{"lat":"52.473070","long":"4.674476"},"geo.region":"Nederland"},"_links":{"self":[{"href":"https:\/\/www.dutchpedelectours.com\/nl\/wp-json\/wp\/v2\/pages\/3852","targetHints":{"allow":["GET"]}}],"collection":[{"href":"https:\/\/www.dutchpedelectours.com\/nl\/wp-json\/wp\/v2\/pages"}],"about":[{"href":"https:\/\/www.dutchpedelectours.com\/nl\/wp-json\/wp\/v2\/types\/page"}],"author":[{"embeddable":true,"href":"https:\/\/www.dutchpedelectours.com\/nl\/wp-json\/wp\/v2\/users\/3"}],"replies":[{"embeddable":true,"href":"https:\/\/www.dutchpedelectours.com\/nl\/wp-json\/wp\/v2\/comments?post=3852"}],"version-history":[{"count":0,"href":"https:\/\/www.dutchpedelectours.com\/nl\/wp-json\/wp\/v2\/pages\/3852\/revisions"}],"wp:attachment":[{"href":"https:\/\/www.dutchpedelectours.com\/nl\/wp-json\/wp\/v2\/media?parent=3852"}],"curies":[{"name":"wp","href":"https:\/\/api.w.org\/{rel}","templated":true}]}}